{"id":318,"date":"2024-12-13T13:26:57","date_gmt":"2024-12-13T12:26:57","guid":{"rendered":"https:\/\/cuc.carnet.hr\/2025\/?page_id=318"},"modified":"2026-01-23T14:00:16","modified_gmt":"2026-01-23T13:00:16","slug":"naslovna-2","status":"publish","type":"page","link":"https:\/\/cuc.carnet.hr\/2026\/","title":{"rendered":"Naslovna"},"content":{"rendered":"\t\t<div data-elementor-type=\"wp-page\" data-elementor-id=\"318\" class=\"elementor elementor-318\" data-elementor-post-type=\"page\">\n\t\t\t\t<div class=\"elementor-element elementor-element-2f904023 e-con-full e-flex e-con e-parent\" data-id=\"2f904023\" data-element_type=\"container\" data-settings=\"{&quot;background_background&quot;:&quot;classic&quot;}\">\n\t\t\t\t<div class=\"elementor-element elementor-element-2083fef8 elementor-widget elementor-widget-image\" data-id=\"2083fef8\" data-element_type=\"widget\" data-widget_type=\"image.default\">\n\t\t\t\t<div class=\"elementor-widget-container\">\n\t\t\t\t\t\t\t\t\t\t\t\t\t\t\t<img fetchpriority=\"high\" decoding=\"async\" width=\"800\" height=\"296\" src=\"https:\/\/cuc.carnet.hr\/2026\/wp-content\/uploads\/2026\/01\/CUC26_web_header_2.png\" class=\"attachment-large size-large wp-image-1226\" alt=\"\" srcset=\"https:\/\/cuc.carnet.hr\/2026\/wp-content\/uploads\/2026\/01\/CUC26_web_header_2.png 851w, https:\/\/cuc.carnet.hr\/2026\/wp-content\/uploads\/2026\/01\/CUC26_web_header_2-300x111.png 300w, https:\/\/cuc.carnet.hr\/2026\/wp-content\/uploads\/2026\/01\/CUC26_web_header_2-768x284.png 768w, https:\/\/cuc.carnet.hr\/2026\/wp-content\/uploads\/2026\/01\/CUC26_web_header_2-18x7.png 18w\" sizes=\"(max-width: 800px) 100vw, 800px\" \/>\t\t\t\t\t\t\t\t\t\t\t\t\t\t\t<\/div>\n\t\t\t\t<\/div>\n\t\t\t\t<div class=\"elementor-element elementor-element-78776f8 elementor-widget elementor-widget-spacer\" data-id=\"78776f8\" data-element_type=\"widget\" data-widget_type=\"spacer.default\">\n\t\t\t\t<div class=\"elementor-widget-container\">\n\t\t\t\t\t\t\t<div class=\"elementor-spacer\">\n\t\t\t<div class=\"elementor-spacer-inner\"><\/div>\n\t\t<\/div>\n\t\t\t\t\t\t<\/div>\n\t\t\t\t<\/div>\n\t\t\t\t<\/div>\n\t\t<div class=\"elementor-element elementor-element-29a33736 e-flex e-con-boxed e-con e-parent\" data-id=\"29a33736\" data-element_type=\"container\" data-settings=\"{&quot;background_background&quot;:&quot;classic&quot;}\">\n\t\t\t\t\t<div class=\"e-con-inner\">\n\t\t\t\t<div class=\"elementor-element elementor-element-a502760 elementor-widget elementor-widget-spacer\" data-id=\"a502760\" data-element_type=\"widget\" data-widget_type=\"spacer.default\">\n\t\t\t\t<div class=\"elementor-widget-container\">\n\t\t\t\t\t\t\t<div class=\"elementor-spacer\">\n\t\t\t<div class=\"elementor-spacer-inner\"><\/div>\n\t\t<\/div>\n\t\t\t\t\t\t<\/div>\n\t\t\t\t<\/div>\n\t\t\t\t<div class=\"elementor-element elementor-element-6edf762 elementor-widget elementor-widget-heading\" data-id=\"6edf762\" data-element_type=\"widget\" data-widget_type=\"heading.default\">\n\t\t\t\t<div class=\"elementor-widget-container\">\n\t\t\t\t\t<h2 class=\"elementor-heading-title elementor-size-default\">Novosti<\/h2>\t\t\t\t<\/div>\n\t\t\t\t<\/div>\n\t\t\t\t<div class=\"elementor-element elementor-element-ed872b1 elementor-widget elementor-widget-spacer\" data-id=\"ed872b1\" data-element_type=\"widget\" data-widget_type=\"spacer.default\">\n\t\t\t\t<div class=\"elementor-widget-container\">\n\t\t\t\t\t\t\t<div class=\"elementor-spacer\">\n\t\t\t<div class=\"elementor-spacer-inner\"><\/div>\n\t\t<\/div>\n\t\t\t\t\t\t<\/div>\n\t\t\t\t<\/div>\n\t\t\t\t<div class=\"elementor-element elementor-element-6637dd50 elementor-grid-3 elementor-grid-tablet-2 elementor-grid-mobile-1 elementor-posts--thumbnail-top elementor-card-shadow-yes elementor-posts__hover-gradient load-more-align-center elementor-widget elementor-widget-posts\" data-id=\"6637dd50\" data-element_type=\"widget\" data-settings=\"{&quot;pagination_type&quot;:&quot;load_more_on_click&quot;,&quot;cards_columns&quot;:&quot;3&quot;,&quot;cards_columns_tablet&quot;:&quot;2&quot;,&quot;cards_columns_mobile&quot;:&quot;1&quot;,&quot;cards_row_gap&quot;:{&quot;unit&quot;:&quot;px&quot;,&quot;size&quot;:35,&quot;sizes&quot;:[]},&quot;cards_row_gap_tablet&quot;:{&quot;unit&quot;:&quot;px&quot;,&quot;size&quot;:&quot;&quot;,&quot;sizes&quot;:[]},&quot;cards_row_gap_mobile&quot;:{&quot;unit&quot;:&quot;px&quot;,&quot;size&quot;:&quot;&quot;,&quot;sizes&quot;:[]},&quot;load_more_spinner&quot;:{&quot;value&quot;:&quot;fas fa-spinner&quot;,&quot;library&quot;:&quot;fa-solid&quot;}}\" data-widget_type=\"posts.cards\">\n\t\t\t\t<div class=\"elementor-widget-container\">\n\t\t\t\t\t\t\t<div class=\"elementor-posts-container elementor-posts elementor-posts--skin-cards elementor-grid\">\n\t\t\t\t<article class=\"elementor-post elementor-grid-item post-1469 post type-post status-publish format-standard has-post-thumbnail hentry category-novosti\">\n\t\t\t<div class=\"elementor-post__card\">\n\t\t\t\t<a class=\"elementor-post__thumbnail__link\" href=\"https:\/\/cuc.carnet.hr\/2026\/najbolji-utorak-u-godini-prijave-su-otvorene\/\" tabindex=\"-1\" ><div class=\"elementor-post__thumbnail\"><img decoding=\"async\" width=\"300\" height=\"169\" src=\"https:\/\/cuc.carnet.hr\/2026\/wp-content\/uploads\/2026\/03\/NAJBOLJI-UTORAK-U-GODINI-2-300x169.png\" class=\"attachment-medium size-medium wp-image-1474\" alt=\"\" srcset=\"https:\/\/cuc.carnet.hr\/2026\/wp-content\/uploads\/2026\/03\/NAJBOLJI-UTORAK-U-GODINI-2-300x169.png 300w, https:\/\/cuc.carnet.hr\/2026\/wp-content\/uploads\/2026\/03\/NAJBOLJI-UTORAK-U-GODINI-2-1024x576.png 1024w, https:\/\/cuc.carnet.hr\/2026\/wp-content\/uploads\/2026\/03\/NAJBOLJI-UTORAK-U-GODINI-2-768x432.png 768w, https:\/\/cuc.carnet.hr\/2026\/wp-content\/uploads\/2026\/03\/NAJBOLJI-UTORAK-U-GODINI-2-18x10.png 18w, https:\/\/cuc.carnet.hr\/2026\/wp-content\/uploads\/2026\/03\/NAJBOLJI-UTORAK-U-GODINI-2.png 1280w\" sizes=\"(max-width: 300px) 100vw, 300px\" \/><\/div><\/a>\n\t\t\t\t<div class=\"elementor-post__badge\">Novosti<\/div>\n\t\t\t\t<div class=\"elementor-post__text\">\n\t\t\t\t<h3 class=\"elementor-post__title\">\n\t\t\t<a href=\"https:\/\/cuc.carnet.hr\/2026\/najbolji-utorak-u-godini-prijave-su-otvorene\/\" >\n\t\t\t\tNajbolji utorak u godini &#8211; Prijave su otvorene\t\t\t<\/a>\n\t\t<\/h3>\n\t\t\t\t<div class=\"elementor-post__excerpt\">\n\t\t\t<p>Prijave za CARNET-ovu konferenciju za korisnike su\u00a0otvorene! Donosimo najva\u017enije informacije koje trebate znati prilikom prijave: SMJE\u0160TAJ Svi sudionici koji \u017eele<\/p>\n\t\t<\/div>\n\t\t\n\t\t<a class=\"elementor-post__read-more\" href=\"https:\/\/cuc.carnet.hr\/2026\/najbolji-utorak-u-godini-prijave-su-otvorene\/\" aria-label=\"Read more about Najbolji utorak u godini &#8211; Prijave su otvorene\" tabindex=\"-1\" >\n\t\t\tVi\u0161e \u00bb\t\t<\/a>\n\n\t\t\t\t<\/div>\n\t\t\t\t<div class=\"elementor-post__meta-data\">\n\t\t\t\t\t<span class=\"elementor-post-date\">\n\t\t\t31. o\u017eujka 2026.\t\t<\/span>\n\t\t\t\t<\/div>\n\t\t\t\t\t<\/div>\n\t\t<\/article>\n\t\t\t\t<article class=\"elementor-post elementor-grid-item post-1437 post type-post status-publish format-standard has-post-thumbnail hentry category-novosti\">\n\t\t\t<div class=\"elementor-post__card\">\n\t\t\t\t<a class=\"elementor-post__thumbnail__link\" href=\"https:\/\/cuc.carnet.hr\/2026\/objavljeni-su-rezultati-recenzija\/\" tabindex=\"-1\" ><div class=\"elementor-post__thumbnail\"><img decoding=\"async\" width=\"300\" height=\"251\" src=\"https:\/\/cuc.carnet.hr\/2026\/wp-content\/uploads\/2026\/03\/Copy-of-CUC25-web-header-Facebook-Cover-21-300x251.jpg\" class=\"attachment-medium size-medium wp-image-1438\" alt=\"\" srcset=\"https:\/\/cuc.carnet.hr\/2026\/wp-content\/uploads\/2026\/03\/Copy-of-CUC25-web-header-Facebook-Cover-21-300x251.jpg 300w, https:\/\/cuc.carnet.hr\/2026\/wp-content\/uploads\/2026\/03\/Copy-of-CUC25-web-header-Facebook-Cover-21-768x644.jpg 768w, https:\/\/cuc.carnet.hr\/2026\/wp-content\/uploads\/2026\/03\/Copy-of-CUC25-web-header-Facebook-Cover-21-14x12.jpg 14w, https:\/\/cuc.carnet.hr\/2026\/wp-content\/uploads\/2026\/03\/Copy-of-CUC25-web-header-Facebook-Cover-21.jpg 940w\" sizes=\"(max-width: 300px) 100vw, 300px\" \/><\/div><\/a>\n\t\t\t\t<div class=\"elementor-post__badge\">Novosti<\/div>\n\t\t\t\t<div class=\"elementor-post__text\">\n\t\t\t\t<h3 class=\"elementor-post__title\">\n\t\t\t<a href=\"https:\/\/cuc.carnet.hr\/2026\/objavljeni-su-rezultati-recenzija\/\" >\n\t\t\t\tObjavljeni su rezultati recenzija\t\t\t<\/a>\n\t\t<\/h3>\n\t\t\t\t<div class=\"elementor-post__excerpt\">\n\t\t\t<p>Rezultati recenzijskog postupka za CUC 2026 su objavljeni te su svim prijavljenim autoricama i autorima dostavljeni putem e-po\u0161te. Zahvaljujemo svim<\/p>\n\t\t<\/div>\n\t\t\n\t\t<a class=\"elementor-post__read-more\" href=\"https:\/\/cuc.carnet.hr\/2026\/objavljeni-su-rezultati-recenzija\/\" aria-label=\"Read more about Objavljeni su rezultati recenzija\" tabindex=\"-1\" >\n\t\t\tVi\u0161e \u00bb\t\t<\/a>\n\n\t\t\t\t<\/div>\n\t\t\t\t<div class=\"elementor-post__meta-data\">\n\t\t\t\t\t<span class=\"elementor-post-date\">\n\t\t\t21. o\u017eujka 2026.\t\t<\/span>\n\t\t\t\t<\/div>\n\t\t\t\t\t<\/div>\n\t\t<\/article>\n\t\t\t\t<article class=\"elementor-post elementor-grid-item post-1424 post type-post status-publish format-standard has-post-thumbnail hentry category-novosti\">\n\t\t\t<div class=\"elementor-post__card\">\n\t\t\t\t<a class=\"elementor-post__thumbnail__link\" href=\"https:\/\/cuc.carnet.hr\/2026\/radni-sastanak-programskog-odbora-cuc-2026\/\" tabindex=\"-1\" ><div class=\"elementor-post__thumbnail\"><img loading=\"lazy\" decoding=\"async\" width=\"300\" height=\"225\" src=\"https:\/\/cuc.carnet.hr\/2026\/wp-content\/uploads\/2026\/03\/WhatsApp-Image-2026-03-13-at-10.14.30-300x225.jpeg\" class=\"attachment-medium size-medium wp-image-1427\" alt=\"\" srcset=\"https:\/\/cuc.carnet.hr\/2026\/wp-content\/uploads\/2026\/03\/WhatsApp-Image-2026-03-13-at-10.14.30-300x225.jpeg 300w, https:\/\/cuc.carnet.hr\/2026\/wp-content\/uploads\/2026\/03\/WhatsApp-Image-2026-03-13-at-10.14.30-1024x768.jpeg 1024w, https:\/\/cuc.carnet.hr\/2026\/wp-content\/uploads\/2026\/03\/WhatsApp-Image-2026-03-13-at-10.14.30-768x576.jpeg 768w, https:\/\/cuc.carnet.hr\/2026\/wp-content\/uploads\/2026\/03\/WhatsApp-Image-2026-03-13-at-10.14.30-1536x1152.jpeg 1536w, https:\/\/cuc.carnet.hr\/2026\/wp-content\/uploads\/2026\/03\/WhatsApp-Image-2026-03-13-at-10.14.30-16x12.jpeg 16w, https:\/\/cuc.carnet.hr\/2026\/wp-content\/uploads\/2026\/03\/WhatsApp-Image-2026-03-13-at-10.14.30.jpeg 1600w\" sizes=\"(max-width: 300px) 100vw, 300px\" \/><\/div><\/a>\n\t\t\t\t<div class=\"elementor-post__badge\">Novosti<\/div>\n\t\t\t\t<div class=\"elementor-post__text\">\n\t\t\t\t<h3 class=\"elementor-post__title\">\n\t\t\t<a href=\"https:\/\/cuc.carnet.hr\/2026\/radni-sastanak-programskog-odbora-cuc-2026\/\" >\n\t\t\t\tRadni sastanak Programskog odbora CUC 2026\t\t\t<\/a>\n\t\t<\/h3>\n\t\t\t\t<div class=\"elementor-post__excerpt\">\n\t\t\t<p>Programski odbor CUC2026: AI bez iluzije odr\u017eao je radni sastanak posve\u0107en evaluaciji pristiglih radova i pripremi programa za nadolaze\u0107e izdanje<\/p>\n\t\t<\/div>\n\t\t\n\t\t<a class=\"elementor-post__read-more\" href=\"https:\/\/cuc.carnet.hr\/2026\/radni-sastanak-programskog-odbora-cuc-2026\/\" aria-label=\"Read more about Radni sastanak Programskog odbora CUC 2026\" tabindex=\"-1\" >\n\t\t\tVi\u0161e \u00bb\t\t<\/a>\n\n\t\t\t\t<\/div>\n\t\t\t\t<div class=\"elementor-post__meta-data\">\n\t\t\t\t\t<span class=\"elementor-post-date\">\n\t\t\t13. o\u017eujka 2026.\t\t<\/span>\n\t\t\t\t<\/div>\n\t\t\t\t\t<\/div>\n\t\t<\/article>\n\t\t\t\t<article class=\"elementor-post elementor-grid-item post-1413 post type-post status-publish format-standard has-post-thumbnail hentry category-novosti\">\n\t\t\t<div class=\"elementor-post__card\">\n\t\t\t\t<a class=\"elementor-post__thumbnail__link\" href=\"https:\/\/cuc.carnet.hr\/2026\/vidimo-se-u-rovinju\/\" tabindex=\"-1\" ><div class=\"elementor-post__thumbnail\"><img loading=\"lazy\" decoding=\"async\" width=\"300\" height=\"251\" src=\"https:\/\/cuc.carnet.hr\/2026\/wp-content\/uploads\/2026\/03\/Copy-of-CUC25-web-header-Facebook-Cover-19-300x251.jpg\" class=\"attachment-medium size-medium wp-image-1414\" alt=\"\" srcset=\"https:\/\/cuc.carnet.hr\/2026\/wp-content\/uploads\/2026\/03\/Copy-of-CUC25-web-header-Facebook-Cover-19-300x251.jpg 300w, https:\/\/cuc.carnet.hr\/2026\/wp-content\/uploads\/2026\/03\/Copy-of-CUC25-web-header-Facebook-Cover-19-768x644.jpg 768w, https:\/\/cuc.carnet.hr\/2026\/wp-content\/uploads\/2026\/03\/Copy-of-CUC25-web-header-Facebook-Cover-19-14x12.jpg 14w, https:\/\/cuc.carnet.hr\/2026\/wp-content\/uploads\/2026\/03\/Copy-of-CUC25-web-header-Facebook-Cover-19.jpg 940w\" sizes=\"(max-width: 300px) 100vw, 300px\" \/><\/div><\/a>\n\t\t\t\t<div class=\"elementor-post__badge\">Novosti<\/div>\n\t\t\t\t<div class=\"elementor-post__text\">\n\t\t\t\t<h3 class=\"elementor-post__title\">\n\t\t\t<a href=\"https:\/\/cuc.carnet.hr\/2026\/vidimo-se-u-rovinju\/\" >\n\t\t\t\tVidimo se u Rovinju!\t\t\t<\/a>\n\t\t<\/h3>\n\t\t\t\t<div class=\"elementor-post__excerpt\">\n\t\t\t<p>Znamo da ste ovu objavu \u010dekali najdu\u017ee. Lokacija CUC-a uvijek izazove najvi\u0161e pitanja, naga\u0111anja i poruka, zato nam je posebno<\/p>\n\t\t<\/div>\n\t\t\n\t\t<a class=\"elementor-post__read-more\" href=\"https:\/\/cuc.carnet.hr\/2026\/vidimo-se-u-rovinju\/\" aria-label=\"Read more about Vidimo se u Rovinju!\" tabindex=\"-1\" >\n\t\t\tVi\u0161e \u00bb\t\t<\/a>\n\n\t\t\t\t<\/div>\n\t\t\t\t<div class=\"elementor-post__meta-data\">\n\t\t\t\t\t<span class=\"elementor-post-date\">\n\t\t\t3. o\u017eujka 2026.\t\t<\/span>\n\t\t\t\t<\/div>\n\t\t\t\t\t<\/div>\n\t\t<\/article>\n\t\t\t\t<article class=\"elementor-post elementor-grid-item post-1406 post type-post status-publish format-standard has-post-thumbnail hentry category-novosti\">\n\t\t\t<div class=\"elementor-post__card\">\n\t\t\t\t<a class=\"elementor-post__thumbnail__link\" href=\"https:\/\/cuc.carnet.hr\/2026\/pristiglo-je-vise-od-200-radova\/\" tabindex=\"-1\" ><div class=\"elementor-post__thumbnail\"><img loading=\"lazy\" decoding=\"async\" width=\"300\" height=\"251\" src=\"https:\/\/cuc.carnet.hr\/2026\/wp-content\/uploads\/2026\/02\/Copy-of-CUC25-web-header-Facebook-Cover-17-300x251.jpg\" class=\"attachment-medium size-medium wp-image-1408\" alt=\"\" srcset=\"https:\/\/cuc.carnet.hr\/2026\/wp-content\/uploads\/2026\/02\/Copy-of-CUC25-web-header-Facebook-Cover-17-300x251.jpg 300w, https:\/\/cuc.carnet.hr\/2026\/wp-content\/uploads\/2026\/02\/Copy-of-CUC25-web-header-Facebook-Cover-17-768x644.jpg 768w, https:\/\/cuc.carnet.hr\/2026\/wp-content\/uploads\/2026\/02\/Copy-of-CUC25-web-header-Facebook-Cover-17-14x12.jpg 14w, https:\/\/cuc.carnet.hr\/2026\/wp-content\/uploads\/2026\/02\/Copy-of-CUC25-web-header-Facebook-Cover-17.jpg 940w\" sizes=\"(max-width: 300px) 100vw, 300px\" \/><\/div><\/a>\n\t\t\t\t<div class=\"elementor-post__badge\">Novosti<\/div>\n\t\t\t\t<div class=\"elementor-post__text\">\n\t\t\t\t<h3 class=\"elementor-post__title\">\n\t\t\t<a href=\"https:\/\/cuc.carnet.hr\/2026\/pristiglo-je-vise-od-200-radova\/\" >\n\t\t\t\tPristiglo je vi\u0161e od 200 radova\t\t\t<\/a>\n\t\t<\/h3>\n\t\t\t\t<div class=\"elementor-post__excerpt\">\n\t\t\t<p>Za ovogodi\u0161nji CUC 2026: AI bez iluzije, koji \u0107e se odr\u017eati od 15. do 17. travnja 2026., zaprimili smo vi\u0161e<\/p>\n\t\t<\/div>\n\t\t\n\t\t<a class=\"elementor-post__read-more\" href=\"https:\/\/cuc.carnet.hr\/2026\/pristiglo-je-vise-od-200-radova\/\" aria-label=\"Read more about Pristiglo je vi\u0161e od 200 radova\" tabindex=\"-1\" >\n\t\t\tVi\u0161e \u00bb\t\t<\/a>\n\n\t\t\t\t<\/div>\n\t\t\t\t<div class=\"elementor-post__meta-data\">\n\t\t\t\t\t<span class=\"elementor-post-date\">\n\t\t\t26. velja\u010de 2026.\t\t<\/span>\n\t\t\t\t<\/div>\n\t\t\t\t\t<\/div>\n\t\t<\/article>\n\t\t\t\t<article class=\"elementor-post elementor-grid-item post-1363 post type-post status-publish format-standard has-post-thumbnail hentry category-novosti\">\n\t\t\t<div class=\"elementor-post__card\">\n\t\t\t\t<a class=\"elementor-post__thumbnail__link\" href=\"https:\/\/cuc.carnet.hr\/2026\/objavljen-je-poziv-za-radove\/\" tabindex=\"-1\" ><div class=\"elementor-post__thumbnail\"><img loading=\"lazy\" decoding=\"async\" width=\"225\" height=\"300\" src=\"https:\/\/cuc.carnet.hr\/2026\/wp-content\/uploads\/2026\/01\/20250907_102408-1-225x300.jpg\" class=\"attachment-medium size-medium wp-image-1322\" alt=\"\" srcset=\"https:\/\/cuc.carnet.hr\/2026\/wp-content\/uploads\/2026\/01\/20250907_102408-1-225x300.jpg 225w, https:\/\/cuc.carnet.hr\/2026\/wp-content\/uploads\/2026\/01\/20250907_102408-1-768x1024.jpg 768w, https:\/\/cuc.carnet.hr\/2026\/wp-content\/uploads\/2026\/01\/20250907_102408-1-1152x1536.jpg 1152w, https:\/\/cuc.carnet.hr\/2026\/wp-content\/uploads\/2026\/01\/20250907_102408-1-1536x2048.jpg 1536w, https:\/\/cuc.carnet.hr\/2026\/wp-content\/uploads\/2026\/01\/20250907_102408-1-9x12.jpg 9w, https:\/\/cuc.carnet.hr\/2026\/wp-content\/uploads\/2026\/01\/20250907_102408-1.jpg 1920w\" sizes=\"(max-width: 225px) 100vw, 225px\" \/><\/div><\/a>\n\t\t\t\t<div class=\"elementor-post__badge\">Novosti<\/div>\n\t\t\t\t<div class=\"elementor-post__text\">\n\t\t\t\t<h3 class=\"elementor-post__title\">\n\t\t\t<a href=\"https:\/\/cuc.carnet.hr\/2026\/objavljen-je-poziv-za-radove\/\" >\n\t\t\t\tObjavljen je poziv za radove\t\t\t<\/a>\n\t\t<\/h3>\n\t\t\t\t<div class=\"elementor-post__excerpt\">\n\t\t\t<p>CUC 2026: AI bez iluzija \u2013 Umjesto da ignoriramo i kritiziramo ulogu AI tehnologije u na\u0161im \u017eivotima poku\u0161ajmo razotkriti i<\/p>\n\t\t<\/div>\n\t\t\n\t\t<a class=\"elementor-post__read-more\" href=\"https:\/\/cuc.carnet.hr\/2026\/objavljen-je-poziv-za-radove\/\" aria-label=\"Read more about Objavljen je poziv za radove\" tabindex=\"-1\" >\n\t\t\tVi\u0161e \u00bb\t\t<\/a>\n\n\t\t\t\t<\/div>\n\t\t\t\t<div class=\"elementor-post__meta-data\">\n\t\t\t\t\t<span class=\"elementor-post-date\">\n\t\t\t26. sije\u010dnja 2026.\t\t<\/span>\n\t\t\t\t<\/div>\n\t\t\t\t\t<\/div>\n\t\t<\/article>\n\t\t\t\t<\/div>\n\t\t\t\t\t<span class=\"e-load-more-spinner\">\n\t\t\t\t<svg aria-hidden=\"true\" class=\"e-font-icon-svg e-fas-spinner\" viewBox=\"0 0 512 512\" xmlns=\"http:\/\/www.w3.org\/2000\/svg\"><path d=\"M304 48c0 26.51-21.49 48-48 48s-48-21.49-48-48 21.49-48 48-48 48 21.49 48 48zm-48 368c-26.51 0-48 21.49-48 48s21.49 48 48 48 48-21.49 48-48-21.49-48-48-48zm208-208c-26.51 0-48 21.49-48 48s21.49 48 48 48 48-21.49 48-48-21.49-48-48-48zM96 256c0-26.51-21.49-48-48-48S0 229.49 0 256s21.49 48 48 48 48-21.49 48-48zm12.922 99.078c-26.51 0-48 21.49-48 48s21.49 48 48 48 48-21.49 48-48c0-26.509-21.491-48-48-48zm294.156 0c-26.51 0-48 21.49-48 48s21.49 48 48 48 48-21.49 48-48c0-26.509-21.49-48-48-48zM108.922 60.922c-26.51 0-48 21.49-48 48s21.49 48 48 48 48-21.49 48-48-21.491-48-48-48z\"><\/path><\/svg>\t\t\t<\/span>\n\t\t\n\t\t\t\t\t\t<\/div>\n\t\t\t\t<\/div>\n\t\t\t\t<div class=\"elementor-element elementor-element-752465fc elementor-widget elementor-widget-spacer\" data-id=\"752465fc\" data-element_type=\"widget\" data-widget_type=\"spacer.default\">\n\t\t\t\t<div class=\"elementor-widget-container\">\n\t\t\t\t\t\t\t<div class=\"elementor-spacer\">\n\t\t\t<div class=\"elementor-spacer-inner\"><\/div>\n\t\t<\/div>\n\t\t\t\t\t\t<\/div>\n\t\t\t\t<\/div>\n\t\t\t\t\t<\/div>\n\t\t\t\t<\/div>\n\t\t<div class=\"elementor-element elementor-element-de5c732 e-flex e-con-boxed e-con e-parent\" data-id=\"de5c732\" data-element_type=\"container\">\n\t\t\t\t\t<div class=\"e-con-inner\">\n\t\t\t\t<div class=\"elementor-element elementor-element-55e70ccb elementor-widget elementor-widget-spacer\" data-id=\"55e70ccb\" data-element_type=\"widget\" data-widget_type=\"spacer.default\">\n\t\t\t\t<div class=\"elementor-widget-container\">\n\t\t\t\t\t\t\t<div class=\"elementor-spacer\">\n\t\t\t<div class=\"elementor-spacer-inner\"><\/div>\n\t\t<\/div>\n\t\t\t\t\t\t<\/div>\n\t\t\t\t<\/div>\n\t\t\t\t\t<\/div>\n\t\t\t\t<\/div>\n\t\t<div class=\"elementor-element elementor-element-7d1e6018 e-flex e-con-boxed e-con e-parent\" data-id=\"7d1e6018\" data-element_type=\"container\">\n\t\t\t\t\t<div class=\"e-con-inner\">\n\t\t\t\t<div class=\"elementor-element elementor-element-7c5a9c7d elementor-shape-rounded elementor-grid-0 e-grid-align-center elementor-widget elementor-widget-social-icons\" data-id=\"7c5a9c7d\" data-element_type=\"widget\" data-widget_type=\"social-icons.default\">\n\t\t\t\t<div class=\"elementor-widget-container\">\n\t\t\t\t\t\t\t<div class=\"elementor-social-icons-wrapper elementor-grid\">\n\t\t\t\t\t\t\t<span class=\"elementor-grid-item\">\n\t\t\t\t\t<a class=\"elementor-icon elementor-social-icon elementor-social-icon-facebook elementor-repeater-item-9bad09d\" href=\"https:\/\/www.facebook.com\/CARNET.CUC\" target=\"_blank\">\n\t\t\t\t\t\t<span class=\"elementor-screen-only\">Facebook<\/span>\n\t\t\t\t\t\t<svg class=\"e-font-icon-svg e-fab-facebook\" viewBox=\"0 0 512 512\" xmlns=\"http:\/\/www.w3.org\/2000\/svg\"><path d=\"M504 256C504 119 393 8 256 8S8 119 8 256c0 123.78 90.69 226.38 209.25 245V327.69h-63V256h63v-54.64c0-62.15 37-96.48 93.67-96.48 27.14 0 55.52 4.84 55.52 4.84v61h-31.28c-30.8 0-40.41 19.12-40.41 38.73V256h68.78l-11 71.69h-57.78V501C413.31 482.38 504 379.78 504 256z\"><\/path><\/svg>\t\t\t\t\t<\/a>\n\t\t\t\t<\/span>\n\t\t\t\t\t\t\t<span class=\"elementor-grid-item\">\n\t\t\t\t\t<a class=\"elementor-icon elementor-social-icon elementor-social-icon-instagram elementor-repeater-item-c83811e\" href=\"http:\/\/instagram.com\/carnet.cuc\/\" target=\"_blank\">\n\t\t\t\t\t\t<span class=\"elementor-screen-only\">Instagram<\/span>\n\t\t\t\t\t\t<svg class=\"e-font-icon-svg e-fab-instagram\" viewBox=\"0 0 448 512\" xmlns=\"http:\/\/www.w3.org\/2000\/svg\"><path d=\"M224.1 141c-63.6 0-114.9 51.3-114.9 114.9s51.3 114.9 114.9 114.9S339 319.5 339 255.9 287.7 141 224.1 141zm0 189.6c-41.1 0-74.7-33.5-74.7-74.7s33.5-74.7 74.7-74.7 74.7 33.5 74.7 74.7-33.6 74.7-74.7 74.7zm146.4-194.3c0 14.9-12 26.8-26.8 26.8-14.9 0-26.8-12-26.8-26.8s12-26.8 26.8-26.8 26.8 12 26.8 26.8zm76.1 27.2c-1.7-35.9-9.9-67.7-36.2-93.9-26.2-26.2-58-34.4-93.9-36.2-37-2.1-147.9-2.1-184.9 0-35.8 1.7-67.6 9.9-93.9 36.1s-34.4 58-36.2 93.9c-2.1 37-2.1 147.9 0 184.9 1.7 35.9 9.9 67.7 36.2 93.9s58 34.4 93.9 36.2c37 2.1 147.9 2.1 184.9 0 35.9-1.7 67.7-9.9 93.9-36.2 26.2-26.2 34.4-58 36.2-93.9 2.1-37 2.1-147.8 0-184.8zM398.8 388c-7.8 19.6-22.9 34.7-42.6 42.6-29.5 11.7-99.5 9-132.1 9s-102.7 2.6-132.1-9c-19.6-7.8-34.7-22.9-42.6-42.6-11.7-29.5-9-99.5-9-132.1s-2.6-102.7 9-132.1c7.8-19.6 22.9-34.7 42.6-42.6 29.5-11.7 99.5-9 132.1-9s102.7-2.6 132.1 9c19.6 7.8 34.7 22.9 42.6 42.6 11.7 29.5 9 99.5 9 132.1s2.7 102.7-9 132.1z\"><\/path><\/svg>\t\t\t\t\t<\/a>\n\t\t\t\t<\/span>\n\t\t\t\t\t<\/div>\n\t\t\t\t\t\t<\/div>\n\t\t\t\t<\/div>\n\t\t\t\t<div class=\"elementor-element elementor-element-fce0841 elementor-widget elementor-widget-spacer\" data-id=\"fce0841\" data-element_type=\"widget\" data-widget_type=\"spacer.default\">\n\t\t\t\t<div class=\"elementor-widget-container\">\n\t\t\t\t\t\t\t<div class=\"elementor-spacer\">\n\t\t\t<div class=\"elementor-spacer-inner\"><\/div>\n\t\t<\/div>\n\t\t\t\t\t\t<\/div>\n\t\t\t\t<\/div>\n\t\t\t\t\t<\/div>\n\t\t\t\t<\/div>\n\t\t\t\t<\/div>\n\t\t","protected":false},"excerpt":{"rendered":"<p>Novosti Facebook Instagram<\/p>\n","protected":false},"author":1,"featured_media":493,"parent":0,"menu_order":0,"comment_status":"closed","ping_status":"closed","template":"elementor_header_footer","meta":{"footnotes":""},"class_list":["post-318","page","type-page","status-publish","has-post-thumbnail","hentry"],"_links":{"self":[{"href":"https:\/\/cuc.carnet.hr\/2026\/wp-json\/wp\/v2\/pages\/318","targetHints":{"allow":["GET"]}}],"collection":[{"href":"https:\/\/cuc.carnet.hr\/2026\/wp-json\/wp\/v2\/pages"}],"about":[{"href":"https:\/\/cuc.carnet.hr\/2026\/wp-json\/wp\/v2\/types\/page"}],"author":[{"embeddable":true,"href":"https:\/\/cuc.carnet.hr\/2026\/wp-json\/wp\/v2\/users\/1"}],"replies":[{"embeddable":true,"href":"https:\/\/cuc.carnet.hr\/2026\/wp-json\/wp\/v2\/comments?post=318"}],"version-history":[{"count":70,"href":"https:\/\/cuc.carnet.hr\/2026\/wp-json\/wp\/v2\/pages\/318\/revisions"}],"predecessor-version":[{"id":1229,"href":"https:\/\/cuc.carnet.hr\/2026\/wp-json\/wp\/v2\/pages\/318\/revisions\/1229"}],"wp:featuredmedia":[{"embeddable":true,"href":"https:\/\/cuc.carnet.hr\/2026\/wp-json\/wp\/v2\/media\/493"}],"wp:attachment":[{"href":"https:\/\/cuc.carnet.hr\/2026\/wp-json\/wp\/v2\/media?parent=318"}],"curies":[{"name":"wp","href":"https:\/\/api.w.org\/{rel}","templated":true}]}}