{"id":288,"date":"2024-12-13T13:26:56","date_gmt":"2024-12-13T12:26:56","guid":{"rendered":"https:\/\/cuc.carnet.hr\/2025\/?page_id=288"},"modified":"2026-04-07T09:07:05","modified_gmt":"2026-04-07T07:07:05","slug":"korisne-informacije","status":"publish","type":"page","link":"https:\/\/cuc.carnet.hr\/2026\/korisne-informacije\/","title":{"rendered":"Korisne informacije"},"content":{"rendered":"\t\t<div data-elementor-type=\"wp-page\" data-elementor-id=\"288\" class=\"elementor elementor-288\" data-elementor-post-type=\"page\">\n\t\t\t\t<div class=\"elementor-element elementor-element-6ea34710 e-flex e-con-boxed e-con e-parent\" data-id=\"6ea34710\" data-element_type=\"container\">\n\t\t\t\t\t<div class=\"e-con-inner\">\n\t\t\t\t<div class=\"elementor-element elementor-element-2f29039b elementor-widget elementor-widget-accordion\" data-id=\"2f29039b\" data-element_type=\"widget\" data-widget_type=\"accordion.default\">\n\t\t\t\t<div class=\"elementor-widget-container\">\n\t\t\t\t\t\t\t<div class=\"elementor-accordion\">\n\t\t\t\t\t\t\t<div class=\"elementor-accordion-item\">\n\t\t\t\t\t<div id=\"elementor-tab-title-7911\" class=\"elementor-tab-title\" data-tab=\"1\" role=\"button\" aria-controls=\"elementor-tab-content-7911\" aria-expanded=\"false\">\n\t\t\t\t\t\t\t\t\t\t\t\t\t<span class=\"elementor-accordion-icon elementor-accordion-icon-left\" aria-hidden=\"true\">\n\t\t\t\t\t\t\t\t\t\t\t\t\t\t\t<span class=\"elementor-accordion-icon-closed\"><svg class=\"e-font-icon-svg e-fas-plus\" viewBox=\"0 0 448 512\" xmlns=\"http:\/\/www.w3.org\/2000\/svg\"><path d=\"M416 208H272V64c0-17.67-14.33-32-32-32h-32c-17.67 0-32 14.33-32 32v144H32c-17.67 0-32 14.33-32 32v32c0 17.67 14.33 32 32 32h144v144c0 17.67 14.33 32 32 32h32c17.67 0 32-14.33 32-32V304h144c17.67 0 32-14.33 32-32v-32c0-17.67-14.33-32-32-32z\"><\/path><\/svg><\/span>\n\t\t\t\t\t\t\t\t<span class=\"elementor-accordion-icon-opened\"><svg class=\"e-font-icon-svg e-fas-minus\" viewBox=\"0 0 448 512\" xmlns=\"http:\/\/www.w3.org\/2000\/svg\"><path d=\"M416 208H32c-17.67 0-32 14.33-32 32v32c0 17.67 14.33 32 32 32h384c17.67 0 32-14.33 32-32v-32c0-17.67-14.33-32-32-32z\"><\/path><\/svg><\/span>\n\t\t\t\t\t\t\t\t\t\t\t\t\t\t<\/span>\n\t\t\t\t\t\t\t\t\t\t\t\t<a class=\"elementor-accordion-title\" tabindex=\"0\">Registracijski desk<\/a>\n\t\t\t\t\t<\/div>\n\t\t\t\t\t<div id=\"elementor-tab-content-7911\" class=\"elementor-tab-content elementor-clearfix\" data-tab=\"1\" role=\"region\" aria-labelledby=\"elementor-tab-title-7911\"><p>Registracija sudionika u hotelu Lone po\u010dinje ve\u0107 u utorak, 14. travnja u 17 sati i traje do 20 sati.<\/p>\n<p>Po dolasku u Amarin Resort sudionici koji su tamo smje\u0161teni mo\u0107i \u0107e se registrirati na registracijskom desku koji se nalazi na recepciji Resorta. Registracijski desk na toj lokaciji radit \u0107e samo u utorak 14. travnja izme\u0111u 16:00 i 19:00 sati.<\/p>\n<p>Drugi registracijski desk nalazi se u hotelu Lone na razini 2 (kod recepcije).<\/p>\n<p>Radno vrijeme registracijskog deska u hotelu Lone:<\/p>\n<ul>\n<li>utorak od 17:00 do 20:00<\/li>\n<li>srijeda od 9:00 do 18.00<\/li>\n<li>\u010detvrtak od 9:00 do 18:00<\/li>\n<li>petak od 9:00 do 11:00<\/li>\n<\/ul>\n<div>&nbsp;<\/div>\n<p><strong>Prilikom preuzimanja akreditacije na registracijskom desku, obavezno se potpisati na potpisnu listu.<\/strong><\/p><\/div>\n\t\t\t\t<\/div>\n\t\t\t\t\t\t\t<div class=\"elementor-accordion-item\">\n\t\t\t\t\t<div id=\"elementor-tab-title-7912\" class=\"elementor-tab-title\" data-tab=\"2\" role=\"button\" aria-controls=\"elementor-tab-content-7912\" aria-expanded=\"false\">\n\t\t\t\t\t\t\t\t\t\t\t\t\t<span class=\"elementor-accordion-icon elementor-accordion-icon-left\" aria-hidden=\"true\">\n\t\t\t\t\t\t\t\t\t\t\t\t\t\t\t<span class=\"elementor-accordion-icon-closed\"><svg class=\"e-font-icon-svg e-fas-plus\" viewBox=\"0 0 448 512\" xmlns=\"http:\/\/www.w3.org\/2000\/svg\"><path d=\"M416 208H272V64c0-17.67-14.33-32-32-32h-32c-17.67 0-32 14.33-32 32v144H32c-17.67 0-32 14.33-32 32v32c0 17.67 14.33 32 32 32h144v144c0 17.67 14.33 32 32 32h32c17.67 0 32-14.33 32-32V304h144c17.67 0 32-14.33 32-32v-32c0-17.67-14.33-32-32-32z\"><\/path><\/svg><\/span>\n\t\t\t\t\t\t\t\t<span class=\"elementor-accordion-icon-opened\"><svg class=\"e-font-icon-svg e-fas-minus\" viewBox=\"0 0 448 512\" xmlns=\"http:\/\/www.w3.org\/2000\/svg\"><path d=\"M416 208H32c-17.67 0-32 14.33-32 32v32c0 17.67 14.33 32 32 32h384c17.67 0 32-14.33 32-32v-32c0-17.67-14.33-32-32-32z\"><\/path><\/svg><\/span>\n\t\t\t\t\t\t\t\t\t\t\t\t\t\t<\/span>\n\t\t\t\t\t\t\t\t\t\t\t\t<a class=\"elementor-accordion-title\" tabindex=\"0\">Akreditacije<\/a>\n\t\t\t\t\t<\/div>\n\t\t\t\t\t<div id=\"elementor-tab-content-7912\" class=\"elementor-tab-content elementor-clearfix\" data-tab=\"2\" role=\"region\" aria-labelledby=\"elementor-tab-title-7912\"><p>Konferencijske akreditacije sadr\u017ee QR kod. QR kod se nalazi i u CUC mobilnoj aplikaciji te se u\u010ditava prilikom ulaska na sva doga\u0111anja tijekom konferencije. Kod ulaza u pojedinu dvoranu hostovi \u0107e o\u010ditavati QR kodove koji slu\u017ee za evidenciju prisustva na predavanju.\u00a0<\/p><p>Pristup svim konferencijskim doga\u0111anjima (predavanjima, radionicama, dru\u0161tvenim doga\u0111anjima), ve\u010derama te osvje\u017eenjima na stankama za kavu imaju isklju\u010divo akreditirani sudionici, dok \u0107e sudionici bez vidljive akreditacije biti zamoljeni od organizatora da istu predo\u010de.<\/p><p><strong>Ulazak u restorane mogu\u0107 je isklju\u010divo uz predo\u010denje akreditacije.<\/strong><\/p><\/div>\n\t\t\t\t<\/div>\n\t\t\t\t\t\t\t<div class=\"elementor-accordion-item\">\n\t\t\t\t\t<div id=\"elementor-tab-title-7913\" class=\"elementor-tab-title\" data-tab=\"3\" role=\"button\" aria-controls=\"elementor-tab-content-7913\" aria-expanded=\"false\">\n\t\t\t\t\t\t\t\t\t\t\t\t\t<span class=\"elementor-accordion-icon elementor-accordion-icon-left\" aria-hidden=\"true\">\n\t\t\t\t\t\t\t\t\t\t\t\t\t\t\t<span class=\"elementor-accordion-icon-closed\"><svg class=\"e-font-icon-svg e-fas-plus\" viewBox=\"0 0 448 512\" xmlns=\"http:\/\/www.w3.org\/2000\/svg\"><path d=\"M416 208H272V64c0-17.67-14.33-32-32-32h-32c-17.67 0-32 14.33-32 32v144H32c-17.67 0-32 14.33-32 32v32c0 17.67 14.33 32 32 32h144v144c0 17.67 14.33 32 32 32h32c17.67 0 32-14.33 32-32V304h144c17.67 0 32-14.33 32-32v-32c0-17.67-14.33-32-32-32z\"><\/path><\/svg><\/span>\n\t\t\t\t\t\t\t\t<span class=\"elementor-accordion-icon-opened\"><svg class=\"e-font-icon-svg e-fas-minus\" viewBox=\"0 0 448 512\" xmlns=\"http:\/\/www.w3.org\/2000\/svg\"><path d=\"M416 208H32c-17.67 0-32 14.33-32 32v32c0 17.67 14.33 32 32 32h384c17.67 0 32-14.33 32-32v-32c0-17.67-14.33-32-32-32z\"><\/path><\/svg><\/span>\n\t\t\t\t\t\t\t\t\t\t\t\t\t\t<\/span>\n\t\t\t\t\t\t\t\t\t\t\t\t<a class=\"elementor-accordion-title\" tabindex=\"0\">Prijave i odjave u hotelima<\/a>\n\t\t\t\t\t<\/div>\n\t\t\t\t\t<div id=\"elementor-tab-content-7913\" class=\"elementor-tab-content elementor-clearfix\" data-tab=\"3\" role=\"region\" aria-labelledby=\"elementor-tab-title-7913\"><p><strong>PRIJAVA (CHECK-IN)<\/strong><\/p><p>Prijava u hotel mogu\u0107a je od 15:00 sati na dan dolaska.\u00a0<\/p><p><strong>ODJAVA (CHECK-OUT)<\/strong><\/p><p>Molimo da se iz svojih soba odjavite na dan odlaska najkasnije do 11:00 sati. Kasnija odjava mo\u017ee rezultirati dodatnom naknadom. Na dan odjave mo\u017eete koristiti uslugu odlaganja prtljage na recepciji hotela.<\/p><p>Molimo da odjavu iz Resorta Amarin obavite najkasnije do 9:15 kako bi na vrijeme ukrcali prtljagu.\u00a0<\/p><\/div>\n\t\t\t\t<\/div>\n\t\t\t\t\t\t\t<div class=\"elementor-accordion-item\">\n\t\t\t\t\t<div id=\"elementor-tab-title-7914\" class=\"elementor-tab-title\" data-tab=\"4\" role=\"button\" aria-controls=\"elementor-tab-content-7914\" aria-expanded=\"false\">\n\t\t\t\t\t\t\t\t\t\t\t\t\t<span class=\"elementor-accordion-icon elementor-accordion-icon-left\" aria-hidden=\"true\">\n\t\t\t\t\t\t\t\t\t\t\t\t\t\t\t<span class=\"elementor-accordion-icon-closed\"><svg class=\"e-font-icon-svg e-fas-plus\" viewBox=\"0 0 448 512\" xmlns=\"http:\/\/www.w3.org\/2000\/svg\"><path d=\"M416 208H272V64c0-17.67-14.33-32-32-32h-32c-17.67 0-32 14.33-32 32v144H32c-17.67 0-32 14.33-32 32v32c0 17.67 14.33 32 32 32h144v144c0 17.67 14.33 32 32 32h32c17.67 0 32-14.33 32-32V304h144c17.67 0 32-14.33 32-32v-32c0-17.67-14.33-32-32-32z\"><\/path><\/svg><\/span>\n\t\t\t\t\t\t\t\t<span class=\"elementor-accordion-icon-opened\"><svg class=\"e-font-icon-svg e-fas-minus\" viewBox=\"0 0 448 512\" xmlns=\"http:\/\/www.w3.org\/2000\/svg\"><path d=\"M416 208H32c-17.67 0-32 14.33-32 32v32c0 17.67 14.33 32 32 32h384c17.67 0 32-14.33 32-32v-32c0-17.67-14.33-32-32-32z\"><\/path><\/svg><\/span>\n\t\t\t\t\t\t\t\t\t\t\t\t\t\t<\/span>\n\t\t\t\t\t\t\t\t\t\t\t\t<a class=\"elementor-accordion-title\" tabindex=\"0\">Lokalni prijevoz (Shuttle BUS)<\/a>\n\t\t\t\t\t<\/div>\n\t\t\t\t\t<div id=\"elementor-tab-content-7914\" class=\"elementor-tab-content elementor-clearfix\" data-tab=\"4\" role=\"region\" aria-labelledby=\"elementor-tab-title-7914\"><p><strong>Linija Resort Amarin \u2013 hotel Lone<\/strong><\/p><p><span style=\"font-weight: 400;\">Na relaciji Resort Amarin \u2013 hotel Lone vozit \u0107e shuttle autobusi.\u00a0<\/span><\/p><p><span style=\"font-weight: 400;\"> Raspored vo\u017enji:\u00a0<\/span><\/p><table class=\"ea-advanced-data-table ea-advanced-data-table-static ea-advanced-data-table-a4e9a78\" data-id=\"a4e9a78\"><tbody><tr><th><p>Resort Amarin &#8211; Hotel Lone<\/p><\/th><th><p>Hotel Lone &#8211; Resort Amarin<\/p><\/th><\/tr><tr><td><p>9:00<\/p><\/td><td><p>10:00<\/p><\/td><\/tr><tr><td><p>9:30<\/p><\/td><td><p>11:00<\/p><\/td><\/tr><tr><td><p>10:30<\/p><\/td><td><p>12:00<\/p><\/td><\/tr><tr><td><p>11:30<\/p><\/td><td><p>13:00<\/p><\/td><\/tr><tr><td><p>12:30<\/p><\/td><td><p>14:00<\/p><\/td><\/tr><tr><td><p>13:30<\/p><\/td><td><p>15:00<\/p><\/td><\/tr><tr><td><p>14:30<\/p><\/td><td><p>16:00<\/p><\/td><\/tr><tr><td><p>15:30<\/p><\/td><td><p>17:00<\/p><\/td><\/tr><tr><td><p>16:30<\/p><\/td><td><p>18:00<\/p><\/td><\/tr><tr><td><p>17:30<\/p><\/td><td><p>19:00<\/p><\/td><\/tr><tr><td><p>18:30<\/p><\/td><td><p>20:00<\/p><\/td><\/tr><tr><td><p>19:30<\/p><\/td><td><p>21:00<\/p><\/td><\/tr><tr><td><p>20:30<\/p><\/td><td><p>22:00<\/p><\/td><\/tr><tr><td><p>21:30<\/p><\/td><td><p>23:00<\/p><\/td><\/tr><tr><td><p>22:30<\/p><\/td><td><p>00:00<\/p><\/td><\/tr><tr><td><p>23:30<\/p><\/td><td><p>1:00<\/p><\/td><\/tr><tr><td><p>00:30<\/p><\/td><td><p>2:00<\/p><\/td><\/tr><tr><td><p>1:30<\/p><\/td><\/tr><\/tbody><\/table><\/div>\n\t\t\t\t<\/div>\n\t\t\t\t\t\t\t<div class=\"elementor-accordion-item\">\n\t\t\t\t\t<div id=\"elementor-tab-title-7915\" class=\"elementor-tab-title\" data-tab=\"5\" role=\"button\" aria-controls=\"elementor-tab-content-7915\" aria-expanded=\"false\">\n\t\t\t\t\t\t\t\t\t\t\t\t\t<span class=\"elementor-accordion-icon elementor-accordion-icon-left\" aria-hidden=\"true\">\n\t\t\t\t\t\t\t\t\t\t\t\t\t\t\t<span class=\"elementor-accordion-icon-closed\"><svg class=\"e-font-icon-svg e-fas-plus\" viewBox=\"0 0 448 512\" xmlns=\"http:\/\/www.w3.org\/2000\/svg\"><path d=\"M416 208H272V64c0-17.67-14.33-32-32-32h-32c-17.67 0-32 14.33-32 32v144H32c-17.67 0-32 14.33-32 32v32c0 17.67 14.33 32 32 32h144v144c0 17.67 14.33 32 32 32h32c17.67 0 32-14.33 32-32V304h144c17.67 0 32-14.33 32-32v-32c0-17.67-14.33-32-32-32z\"><\/path><\/svg><\/span>\n\t\t\t\t\t\t\t\t<span class=\"elementor-accordion-icon-opened\"><svg class=\"e-font-icon-svg e-fas-minus\" viewBox=\"0 0 448 512\" xmlns=\"http:\/\/www.w3.org\/2000\/svg\"><path d=\"M416 208H32c-17.67 0-32 14.33-32 32v32c0 17.67 14.33 32 32 32h384c17.67 0 32-14.33 32-32v-32c0-17.67-14.33-32-32-32z\"><\/path><\/svg><\/span>\n\t\t\t\t\t\t\t\t\t\t\t\t\t\t<\/span>\n\t\t\t\t\t\t\t\t\t\t\t\t<a class=\"elementor-accordion-title\" tabindex=\"0\">Prehrana na konferenciji<\/a>\n\t\t\t\t\t<\/div>\n\t\t\t\t\t<div id=\"elementor-tab-content-7915\" class=\"elementor-tab-content elementor-clearfix\" data-tab=\"5\" role=\"region\" aria-labelledby=\"elementor-tab-title-7915\"><p>Ru\u010dkovi nisu organizirani, ali su za vrijeme trajanja konferencije organizirane pauze za kavu za akreditirane sudionike, a konzumacija je mogu\u0107a isklju\u010divo uz akreditaciju koja se preuzima na registracijskom desku.<\/p>\n<p>U suradnji s Maistra grupacijom osigurani su posebni cjenici za odre\u0111ena pi\u0107a u hotelu Lone za vrijeme trajanja konferencije<\/p>\n<p><strong>VA\u017dNO:<\/strong><\/p>\n<p>Osobe na kotizacijama bez rezervacije smje\u0161taja&nbsp;<b>nemaju osigurane obroke<\/b>.<\/p>\n<p><span style=\"font-weight: 400;\">Osobe smje\u0161tene u hotelu Lone, doru\u010dak i ve\u010deru imaju u restoranu hotela Lone.<\/span><\/p>\n<p><span style=\"font-weight: 400;\">Osobe smje\u0161tene u hotelu Eden, doru\u010dak i ve\u010deru imaju u restoranu hotela Eden.<\/span><\/p>\n<p><span style=\"font-weight: 400;\">Osobe smje\u0161tene u apartmanima Resorta Amarin, doru\u010dak i ve\u010deru imaju u restoranu Resorta Amarin.<\/span><\/p>\n<p><span style=\"font-weight: 400;\">Za sve osobe koji su smje\u0161taj rezervirali kod registracije i smje\u0161teni su u Maistra hotelima ili resortu <\/span><b>prva usluga je ve\u010dera, a zadnja usluga doru\u010dak na dan odlaska<\/b><span style=\"font-weight: 400;\">.<\/span><\/p>\n<p><span style=\"font-family: var( --e-global-typography-text-font-family ), Sans-serif; font-size: var( --e-global-typography-text-font-size ); font-style: var( --e-global-typography-text-font-style ); letter-spacing: var( --e-global-typography-text-letter-spacing ); text-transform: var( --e-global-typography-text-text-transform );\">Ru\u010dak <\/span><b style=\"font-family: var( --e-global-typography-text-font-family ), Sans-serif; font-size: var( --e-global-typography-text-font-size ); font-style: var( --e-global-typography-text-font-style ); letter-spacing: var( --e-global-typography-text-letter-spacing ); text-transform: var( --e-global-typography-text-text-transform );\">nije osiguran<\/b><span style=\"font-family: var( --e-global-typography-text-font-family ), Sans-serif; font-size: var( --e-global-typography-text-font-size ); font-style: var( --e-global-typography-text-font-style ); letter-spacing: var( --e-global-typography-text-letter-spacing ); text-transform: var( --e-global-typography-text-text-transform );\"> za sudionike konferencije.<\/span><br><\/p>\n<p><strong style=\"font-family: var( --e-global-typography-text-font-family ), Sans-serif; font-size: var( --e-global-typography-text-font-size ); font-style: var( --e-global-typography-text-font-style ); letter-spacing: var( --e-global-typography-text-letter-spacing ); text-transform: var( --e-global-typography-text-text-transform );\">RASPORED:<\/strong><br><\/p>\n<p><strong>Utorak, 14. travnja<\/strong><\/p>\n<p>Ve\u010dera &#8211; 18:00 do 21:00<\/p>\n<p><strong>Srijeda, 15. travnja<\/strong><\/p>\n<p>Doru\u010dak &#8211; 7:00 do 11:00 (u hotelu Eden do 10:30)<br>Veliki odmor za kavu i zakusku &#8211; 13:15 do 14:15<br>Ve\u010dera &#8211; 18:00 do 21:00<\/p>\n<p><strong>\u010cetvrtak, 16. travnja<\/strong><\/p>\n<p>Doru\u010dak &#8211; 7:00 do 11:00 (u hotelu Eden do 10:30)<br>Veliki odmor za kavu i zakusku &#8211; 13:15 do 14:15<br>Ve\u010dera &#8211; 18:00 do 21:00<\/p>\n<p><strong>Petak, 17. travnja<\/strong><\/p>\n<p>Doru\u010dak &#8211; 7:00 do 11:00 (u hotelu Eden do 10:30)<\/p><\/div>\n\t\t\t\t<\/div>\n\t\t\t\t\t\t\t<div class=\"elementor-accordion-item\">\n\t\t\t\t\t<div id=\"elementor-tab-title-7916\" class=\"elementor-tab-title\" data-tab=\"6\" role=\"button\" aria-controls=\"elementor-tab-content-7916\" aria-expanded=\"false\">\n\t\t\t\t\t\t\t\t\t\t\t\t\t<span class=\"elementor-accordion-icon elementor-accordion-icon-left\" aria-hidden=\"true\">\n\t\t\t\t\t\t\t\t\t\t\t\t\t\t\t<span class=\"elementor-accordion-icon-closed\"><svg class=\"e-font-icon-svg e-fas-plus\" viewBox=\"0 0 448 512\" xmlns=\"http:\/\/www.w3.org\/2000\/svg\"><path d=\"M416 208H272V64c0-17.67-14.33-32-32-32h-32c-17.67 0-32 14.33-32 32v144H32c-17.67 0-32 14.33-32 32v32c0 17.67 14.33 32 32 32h144v144c0 17.67 14.33 32 32 32h32c17.67 0 32-14.33 32-32V304h144c17.67 0 32-14.33 32-32v-32c0-17.67-14.33-32-32-32z\"><\/path><\/svg><\/span>\n\t\t\t\t\t\t\t\t<span class=\"elementor-accordion-icon-opened\"><svg class=\"e-font-icon-svg e-fas-minus\" viewBox=\"0 0 448 512\" xmlns=\"http:\/\/www.w3.org\/2000\/svg\"><path d=\"M416 208H32c-17.67 0-32 14.33-32 32v32c0 17.67 14.33 32 32 32h384c17.67 0 32-14.33 32-32v-32c0-17.67-14.33-32-32-32z\"><\/path><\/svg><\/span>\n\t\t\t\t\t\t\t\t\t\t\t\t\t\t<\/span>\n\t\t\t\t\t\t\t\t\t\t\t\t<a class=\"elementor-accordion-title\" tabindex=\"0\">Autobusni prijevoz<\/a>\n\t\t\t\t\t<\/div>\n\t\t\t\t\t<div id=\"elementor-tab-content-7916\" class=\"elementor-tab-content elementor-clearfix\" data-tab=\"6\" role=\"region\" aria-labelledby=\"elementor-tab-title-7916\"><p>Autobusi za Rovinj polaze 14. travnja.<\/p>\n<p>Raspored polazaka prema Rovinju dostupan je na stranici <a href=\"https:\/\/cuc.carnet.hr\/2026\/prijevoz\/\">Prijevoz.&nbsp;<\/a><\/p>\n<p><strong>Povratak s konferencije je u petak, 17. travnja.<\/strong><\/p>\n<p>Polazak autobusa iz Resorta Amarin do hotela Lone u 9:30 sati.<\/p>\n<p>Molimo da odjavu iz Resorta Amarin obavite najkasnije do 9:15 kako bi na vrijeme ukrcali prtljagu.&nbsp;<\/p>\n<p>Sudionici smje\u0161teni u Resortu Amarin prtljagu ostavljaju u autobusu s kojim su do\u0161li u Rovinj.<\/p>\n<p>Sudionici smje\u0161teni u hotelu Lone, prtljagu ostavljaju na recepciji hotela Lone.<\/p>\n<p>Sudionici smje\u0161teni u hotelu Eden, prtljagu ostavljaju na recepciji hotela Eden.<\/p>\n<p><strong>Polazak autobusa iz Rovinja za sva odredi\u0161ta \u2013 &nbsp;14:30 s parkirali\u0161ta hotela Eden i Lone.<\/strong><\/p><\/div>\n\t\t\t\t<\/div>\n\t\t\t\t\t\t\t<div class=\"elementor-accordion-item\">\n\t\t\t\t\t<div id=\"elementor-tab-title-7917\" class=\"elementor-tab-title\" data-tab=\"7\" role=\"button\" aria-controls=\"elementor-tab-content-7917\" aria-expanded=\"false\">\n\t\t\t\t\t\t\t\t\t\t\t\t\t<span class=\"elementor-accordion-icon elementor-accordion-icon-left\" aria-hidden=\"true\">\n\t\t\t\t\t\t\t\t\t\t\t\t\t\t\t<span class=\"elementor-accordion-icon-closed\"><svg class=\"e-font-icon-svg e-fas-plus\" viewBox=\"0 0 448 512\" xmlns=\"http:\/\/www.w3.org\/2000\/svg\"><path d=\"M416 208H272V64c0-17.67-14.33-32-32-32h-32c-17.67 0-32 14.33-32 32v144H32c-17.67 0-32 14.33-32 32v32c0 17.67 14.33 32 32 32h144v144c0 17.67 14.33 32 32 32h32c17.67 0 32-14.33 32-32V304h144c17.67 0 32-14.33 32-32v-32c0-17.67-14.33-32-32-32z\"><\/path><\/svg><\/span>\n\t\t\t\t\t\t\t\t<span class=\"elementor-accordion-icon-opened\"><svg class=\"e-font-icon-svg e-fas-minus\" viewBox=\"0 0 448 512\" xmlns=\"http:\/\/www.w3.org\/2000\/svg\"><path d=\"M416 208H32c-17.67 0-32 14.33-32 32v32c0 17.67 14.33 32 32 32h384c17.67 0 32-14.33 32-32v-32c0-17.67-14.33-32-32-32z\"><\/path><\/svg><\/span>\n\t\t\t\t\t\t\t\t\t\t\t\t\t\t<\/span>\n\t\t\t\t\t\t\t\t\t\t\t\t<a class=\"elementor-accordion-title\" tabindex=\"0\">Parking<\/a>\n\t\t\t\t\t<\/div>\n\t\t\t\t\t<div id=\"elementor-tab-content-7917\" class=\"elementor-tab-content elementor-clearfix\" data-tab=\"7\" role=\"region\" aria-labelledby=\"elementor-tab-title-7917\"><p>Parking je besplatan za sve sudionike smje\u0161tene u Maistrinim hotelima i resortima.<\/p><p>Za sudionike koji nemaju smje\u0161taj, molimo koristiti parkinge u blizini hotela koji su dostupni za javnost.<\/p><\/div>\n\t\t\t\t<\/div>\n\t\t\t\t\t\t\t<div class=\"elementor-accordion-item\">\n\t\t\t\t\t<div id=\"elementor-tab-title-7918\" class=\"elementor-tab-title\" data-tab=\"8\" role=\"button\" aria-controls=\"elementor-tab-content-7918\" aria-expanded=\"false\">\n\t\t\t\t\t\t\t\t\t\t\t\t\t<span class=\"elementor-accordion-icon elementor-accordion-icon-left\" aria-hidden=\"true\">\n\t\t\t\t\t\t\t\t\t\t\t\t\t\t\t<span class=\"elementor-accordion-icon-closed\"><svg class=\"e-font-icon-svg e-fas-plus\" viewBox=\"0 0 448 512\" xmlns=\"http:\/\/www.w3.org\/2000\/svg\"><path d=\"M416 208H272V64c0-17.67-14.33-32-32-32h-32c-17.67 0-32 14.33-32 32v144H32c-17.67 0-32 14.33-32 32v32c0 17.67 14.33 32 32 32h144v144c0 17.67 14.33 32 32 32h32c17.67 0 32-14.33 32-32V304h144c17.67 0 32-14.33 32-32v-32c0-17.67-14.33-32-32-32z\"><\/path><\/svg><\/span>\n\t\t\t\t\t\t\t\t<span class=\"elementor-accordion-icon-opened\"><svg class=\"e-font-icon-svg e-fas-minus\" viewBox=\"0 0 448 512\" xmlns=\"http:\/\/www.w3.org\/2000\/svg\"><path d=\"M416 208H32c-17.67 0-32 14.33-32 32v32c0 17.67 14.33 32 32 32h384c17.67 0 32-14.33 32-32v-32c0-17.67-14.33-32-32-32z\"><\/path><\/svg><\/span>\n\t\t\t\t\t\t\t\t\t\t\t\t\t\t<\/span>\n\t\t\t\t\t\t\t\t\t\t\t\t<a class=\"elementor-accordion-title\" tabindex=\"0\">Potvrde <\/a>\n\t\t\t\t\t<\/div>\n\t\t\t\t\t<div id=\"elementor-tab-content-7918\" class=\"elementor-tab-content elementor-clearfix\" data-tab=\"8\" role=\"region\" aria-labelledby=\"elementor-tab-title-7918\"><p><strong>POTVRDE O SUDJELOVANJU<\/strong><\/p><p><span style=\"color: var( --e-global-color-text ); font-family: var( --e-global-typography-text-font-family ), Sans-serif; font-size: var( --e-global-typography-text-font-size ); font-style: var( --e-global-typography-text-font-style ); font-weight: var( --e-global-typography-text-font-weight ); letter-spacing: var( --e-global-typography-text-letter-spacing ); text-transform: var( --e-global-typography-text-text-transform ); text-align: var(--text-align); background-color: var( --e-global-color-c696dce );\">Potvrde o sudjelovanju \u0107e se dodjeljivati isklju\u010divo sudionicima koji sudjeluju na konferenciji u Rovinju u trajanju od tri dana (24 sata).<\/span><\/p><p><strong style=\"color: var( --e-global-color-text ); font-family: var( --e-global-typography-text-font-family ), Sans-serif; font-size: var( --e-global-typography-text-font-size ); font-style: var( --e-global-typography-text-font-style ); letter-spacing: var( --e-global-typography-text-letter-spacing ); text-transform: var( --e-global-typography-text-text-transform ); text-align: var(--text-align); background-color: var( --e-global-color-c696dce );\">Za samo online sudjelovanje ne\u0107e se izdavati potvrda.<\/strong><\/p><p>Prilikom preuzimanja akreditacije na registracijskom desku, obavezno se potpisati na potpisnu listu.<\/p><p>Potvrde \u0107e biti izdane u roku od 60 dana od zavr\u0161etka konferencije na e-adresu upisanu u prijavni obrazac. Ako u tom roku ne dobijete potvrde na svoje e-adrese, obavezno se javite na adresu <a href=\"mailto:cuc@carnet.hr\">cuc@carnet.hr<\/a>. Ako se ne javite, smatrat \u0107emo da ste dobili potvrdu o sudjelovanju, a naknadno izdavanje potvrda ne\u0107e biti mogu\u0107e.<\/p><p><strong>POTVRDE O DOPRINOSU KVALITETI KONFERENCIJE<\/strong><\/p><p>Svi autori radova dobit \u0107e potvrdu o doprinosu kvaliteti konferencije. Uvjeti za dobivanje potvrda za autore:<\/p><p>Prilikom preuzimanja akreditacije na registracijskom desku, obavezno se potpisati na potpisnu listu.<\/p><p>Potvrde \u0107e biti izdane u roku od 60 dana od zavr\u0161etka konferencije na e-adresu upisanu u prijavni obrazac. Ako u tom roku ne dobijete potvrde na svoje e-adrese, obavezno se javite na adresu <a href=\"mailto:cuc@carnet.hr\">cuc@carnet.hr<\/a>. Ako se ne javite, smatrat \u0107emo da ste dobili potvrdu, a naknadno izdavanje potvrda ne\u0107e biti mogu\u0107e.<\/p><\/div>\n\t\t\t\t<\/div>\n\t\t\t\t\t\t\t<div class=\"elementor-accordion-item\">\n\t\t\t\t\t<div id=\"elementor-tab-title-7919\" class=\"elementor-tab-title\" data-tab=\"9\" role=\"button\" aria-controls=\"elementor-tab-content-7919\" aria-expanded=\"false\">\n\t\t\t\t\t\t\t\t\t\t\t\t\t<span class=\"elementor-accordion-icon elementor-accordion-icon-left\" aria-hidden=\"true\">\n\t\t\t\t\t\t\t\t\t\t\t\t\t\t\t<span class=\"elementor-accordion-icon-closed\"><svg class=\"e-font-icon-svg e-fas-plus\" viewBox=\"0 0 448 512\" xmlns=\"http:\/\/www.w3.org\/2000\/svg\"><path d=\"M416 208H272V64c0-17.67-14.33-32-32-32h-32c-17.67 0-32 14.33-32 32v144H32c-17.67 0-32 14.33-32 32v32c0 17.67 14.33 32 32 32h144v144c0 17.67 14.33 32 32 32h32c17.67 0 32-14.33 32-32V304h144c17.67 0 32-14.33 32-32v-32c0-17.67-14.33-32-32-32z\"><\/path><\/svg><\/span>\n\t\t\t\t\t\t\t\t<span class=\"elementor-accordion-icon-opened\"><svg class=\"e-font-icon-svg e-fas-minus\" viewBox=\"0 0 448 512\" xmlns=\"http:\/\/www.w3.org\/2000\/svg\"><path d=\"M416 208H32c-17.67 0-32 14.33-32 32v32c0 17.67 14.33 32 32 32h384c17.67 0 32-14.33 32-32v-32c0-17.67-14.33-32-32-32z\"><\/path><\/svg><\/span>\n\t\t\t\t\t\t\t\t\t\t\t\t\t\t<\/span>\n\t\t\t\t\t\t\t\t\t\t\t\t<a class=\"elementor-accordion-title\" tabindex=\"0\">Sportske aktivnosti<\/a>\n\t\t\t\t\t<\/div>\n\t\t\t\t\t<div id=\"elementor-tab-content-7919\" class=\"elementor-tab-content elementor-clearfix\" data-tab=\"9\" role=\"region\" aria-labelledby=\"elementor-tab-title-7919\"><p><strong>Jutarnja joga <\/strong><\/p>\n<p><span style=\"font-family: var( --e-global-typography-text-font-family ), Sans-serif; font-size: var( --e-global-typography-text-font-size ); font-style: var( --e-global-typography-text-font-style ); letter-spacing: var( --e-global-typography-text-letter-spacing ); text-transform: var( --e-global-typography-text-text-transform );\">USKORO<\/span><\/p>\n<p><strong style=\"font-family: var( --e-global-typography-text-font-family ), Sans-serif; font-size: var( --e-global-typography-text-font-size ); font-style: var( --e-global-typography-text-font-style ); letter-spacing: var( --e-global-typography-text-letter-spacing ); text-transform: var( --e-global-typography-text-text-transform );\">Jutarnje tr\u010danje<\/strong><\/p>\n<p><span style=\"font-family: var( --e-global-typography-text-font-family ), Sans-serif; font-size: var( --e-global-typography-text-font-size ); font-style: var( --e-global-typography-text-font-style ); letter-spacing: var( --e-global-typography-text-letter-spacing ); text-transform: var( --e-global-typography-text-text-transform );\">USKORO<\/span><\/p><\/div>\n\t\t\t\t<\/div>\n\t\t\t\t\t\t\t\t<\/div>\n\t\t\t\t\t\t<\/div>\n\t\t\t\t<\/div>\n\t\t\t\t\t<\/div>\n\t\t\t\t<\/div>\n\t\t\t\t<\/div>\n\t\t","protected":false},"excerpt":{"rendered":"<p>Registracijski desk Registracija sudionika u hotelu Lone po\u010dinje ve\u0107 u utorak, 14. travnja u 17 sati i traje do 20 sati. Po dolasku u Amarin Resort sudionici koji su tamo smje\u0161teni mo\u0107i \u0107e se registrirati na registracijskom desku koji se nalazi na recepciji Resorta. Registracijski desk na toj lokaciji radit \u0107e samo u utorak 14. [&hellip;]<\/p>\n","protected":false},"author":1,"featured_media":0,"parent":0,"menu_order":0,"comment_status":"closed","ping_status":"closed","template":"","meta":{"footnotes":""},"class_list":["post-288","page","type-page","status-publish","hentry"],"_links":{"self":[{"href":"https:\/\/cuc.carnet.hr\/2026\/wp-json\/wp\/v2\/pages\/288","targetHints":{"allow":["GET"]}}],"collection":[{"href":"https:\/\/cuc.carnet.hr\/2026\/wp-json\/wp\/v2\/pages"}],"about":[{"href":"https:\/\/cuc.carnet.hr\/2026\/wp-json\/wp\/v2\/types\/page"}],"author":[{"embeddable":true,"href":"https:\/\/cuc.carnet.hr\/2026\/wp-json\/wp\/v2\/users\/1"}],"replies":[{"embeddable":true,"href":"https:\/\/cuc.carnet.hr\/2026\/wp-json\/wp\/v2\/comments?post=288"}],"version-history":[{"count":31,"href":"https:\/\/cuc.carnet.hr\/2026\/wp-json\/wp\/v2\/pages\/288\/revisions"}],"predecessor-version":[{"id":1499,"href":"https:\/\/cuc.carnet.hr\/2026\/wp-json\/wp\/v2\/pages\/288\/revisions\/1499"}],"wp:attachment":[{"href":"https:\/\/cuc.carnet.hr\/2026\/wp-json\/wp\/v2\/media?parent=288"}],"curies":[{"name":"wp","href":"https:\/\/api.w.org\/{rel}","templated":true}]}}