{"id":1072,"date":"2025-02-20T13:20:50","date_gmt":"2025-02-20T12:20:50","guid":{"rendered":"https:\/\/cuc.carnet.hr\/2025\/program-committee\/"},"modified":"2025-03-23T18:36:10","modified_gmt":"2025-03-23T17:36:10","slug":"program-committee","status":"publish","type":"page","link":"https:\/\/cuc.carnet.hr\/2026\/program-committee\/","title":{"rendered":"Program Committee"},"content":{"rendered":"\t\t<div data-elementor-type=\"wp-page\" data-elementor-id=\"1072\" class=\"elementor elementor-1072\" data-elementor-post-type=\"page\">\n\t\t\t\t<div class=\"elementor-element elementor-element-4925f0d4 e-flex e-con-boxed e-con e-parent\" data-id=\"4925f0d4\" data-element_type=\"container\">\n\t\t\t\t\t<div class=\"e-con-inner\">\n\t\t\t\t<div class=\"elementor-element elementor-element-21e52c69 elementor-widget elementor-widget-text-editor\" data-id=\"21e52c69\" data-element_type=\"widget\" data-widget_type=\"text-editor.default\">\n\t\t\t\t<div class=\"elementor-widget-container\">\n\t\t\t\t\t\t\t\t\t<p>Marijana Pezelj, CARNET<br> Juraj Bilic, CARNET<br> Aleksandra Mudrini\u0107 Ribi\u0107, CARNET<br> Lidija Jakov\u010di\u0107, CARNET<br> Luka Bulian, CARNET<br> Marin Re\u017ei\u0107, CARNET<br> Ljubomir Hrboka, CARNET<br> Goran \u0160kvar\u010d, CARNET<br> Jakov Ki\u0161, CARNET<br> Antonia Strunje, CARNET<br> Zdenko Kobe\u0161\u010dak, Stjepan Radi\u0107 Elementary School<br> Sa\u0161a Mladenovi\u0107, Faculty of Science, Split<br> Dalia Kager, Eugen Kvaternik Elementary School<br> Andrej Flogie, Institute of Anton Martin Slom\u0161ek in Maribor<br> Valentina \u0106ori\u0107, Ivan Ma\u017eurani\u0107 Elementary School, Zagreb<br> Luka Femec, COORD &#8220;Podravina Sun&#8221;<\/p>\t\t\t\t\t\t\t\t<\/div>\n\t\t\t\t<\/div>\n\t\t\t\t\t<\/div>\n\t\t\t\t<\/div>\n\t\t<div class=\"elementor-element elementor-element-fe0d2a8 e-flex e-con-boxed e-con e-parent\" data-id=\"fe0d2a8\" data-element_type=\"container\">\n\t\t\t\t\t<div class=\"e-con-inner\">\n\t\t\t\t<div class=\"elementor-element elementor-element-f427466 elementor-widget elementor-widget-spacer\" data-id=\"f427466\" data-element_type=\"widget\" data-widget_type=\"spacer.default\">\n\t\t\t\t<div class=\"elementor-widget-container\">\n\t\t\t\t\t\t\t<div class=\"elementor-spacer\">\n\t\t\t<div class=\"elementor-spacer-inner\"><\/div>\n\t\t<\/div>\n\t\t\t\t\t\t<\/div>\n\t\t\t\t<\/div>\n\t\t\t\t\t<\/div>\n\t\t\t\t<\/div>\n\t\t\t\t<\/div>\n\t\t","protected":false},"excerpt":{"rendered":"<p>Marijana Pezelj, CARNET Juraj Bilic, CARNET Aleksandra Mudrini\u0107 Ribi\u0107, CARNET Lidija Jakov\u010di\u0107, CARNET Luka Bulian, CARNET Marin Re\u017ei\u0107, CARNET Ljubomir Hrboka, CARNET Goran \u0160kvar\u010d, CARNET Jakov Ki\u0161, CARNET Antonia Strunje, CARNET Zdenko Kobe\u0161\u010dak, Stjepan Radi\u0107 Elementary School Sa\u0161a Mladenovi\u0107, Faculty of Science, Split Dalia Kager, Eugen Kvaternik Elementary School Andrej Flogie, Institute of Anton Martin [&hellip;]<\/p>\n","protected":false},"author":3,"featured_media":0,"parent":0,"menu_order":0,"comment_status":"closed","ping_status":"closed","template":"","meta":{"footnotes":""},"class_list":["post-1072","page","type-page","status-publish","hentry"],"_links":{"self":[{"href":"https:\/\/cuc.carnet.hr\/2026\/wp-json\/wp\/v2\/pages\/1072","targetHints":{"allow":["GET"]}}],"collection":[{"href":"https:\/\/cuc.carnet.hr\/2026\/wp-json\/wp\/v2\/pages"}],"about":[{"href":"https:\/\/cuc.carnet.hr\/2026\/wp-json\/wp\/v2\/types\/page"}],"author":[{"embeddable":true,"href":"https:\/\/cuc.carnet.hr\/2026\/wp-json\/wp\/v2\/users\/3"}],"replies":[{"embeddable":true,"href":"https:\/\/cuc.carnet.hr\/2026\/wp-json\/wp\/v2\/comments?post=1072"}],"version-history":[{"count":1,"href":"https:\/\/cuc.carnet.hr\/2026\/wp-json\/wp\/v2\/pages\/1072\/revisions"}],"predecessor-version":[{"id":1073,"href":"https:\/\/cuc.carnet.hr\/2026\/wp-json\/wp\/v2\/pages\/1072\/revisions\/1073"}],"wp:attachment":[{"href":"https:\/\/cuc.carnet.hr\/2026\/wp-json\/wp\/v2\/media?parent=1072"}],"curies":[{"name":"wp","href":"https:\/\/api.w.org\/{rel}","templated":true}]}}