{"id":592,"date":"2025-02-20T13:20:50","date_gmt":"2025-02-20T12:20:50","guid":{"rendered":"https:\/\/cuc.carnet.hr\/2025\/?page_id=592"},"modified":"2025-03-23T18:27:16","modified_gmt":"2025-03-23T17:27:16","slug":"programski-odbor","status":"publish","type":"page","link":"https:\/\/cuc.carnet.hr\/2025\/programski-odbor\/","title":{"rendered":"Programski odbor"},"content":{"rendered":"\t\t<div data-elementor-type=\"wp-page\" data-elementor-id=\"592\" class=\"elementor elementor-592\" data-elementor-post-type=\"page\">\n\t\t\t\t<div class=\"elementor-element elementor-element-4925f0d4 e-flex e-con-boxed e-con e-parent\" data-id=\"4925f0d4\" data-element_type=\"container\">\n\t\t\t\t\t<div class=\"e-con-inner\">\n\t\t\t\t<div class=\"elementor-element elementor-element-21e52c69 elementor-widget elementor-widget-text-editor\" data-id=\"21e52c69\" data-element_type=\"widget\" data-widget_type=\"text-editor.default\">\n\t\t\t\t<div class=\"elementor-widget-container\">\n\t\t\t\t\t\t\t\t\t<p>Marijana Pezelj, CARNET<br \/>Juraj Bili\u0107, CARNET<br \/>Aleksandra Mudrini\u0107 Ribi\u0107, CARNET<br \/>Lidija Jakov\u010di\u0107, CARNET<br \/>Luka Bulian, CARNET<br \/>Marin Re\u017ei\u0107, CARNET<br \/>Ljubomir Hrboka, CARNET<br \/>Goran \u0160kvar\u010d, CARNET<br \/>Jakov Ki\u0161, CARNET<br \/>Antonia Strunje, CARNET<br \/>Zdenko Kobe\u0161\u010dak, O\u0160 Stjepana Radi\u0107a<br \/>Sa\u0161a Mladenovi\u0107, PMF Split<br \/>Dalia Kager, Osnovna \u0161kola Eugena Kvaternika\u00a0<br \/>Andrej Flogie, Zavoda Antona Martina Slom\u0161ka u Mariboru<br \/>Valentina \u0106ori\u0107, Osnovna \u0161kola Ivana Ma\u017eurani\u0107a Zagreb<br \/>Luka Femec, COOR \u201ePodravsko sunce\u201c<\/p>\t\t\t\t\t\t\t\t<\/div>\n\t\t\t\t<\/div>\n\t\t\t\t\t<\/div>\n\t\t\t\t<\/div>\n\t\t<div class=\"elementor-element elementor-element-fe0d2a8 e-flex e-con-boxed e-con e-parent\" data-id=\"fe0d2a8\" data-element_type=\"container\">\n\t\t\t\t\t<div class=\"e-con-inner\">\n\t\t\t\t<div class=\"elementor-element elementor-element-f427466 elementor-widget elementor-widget-spacer\" data-id=\"f427466\" data-element_type=\"widget\" data-widget_type=\"spacer.default\">\n\t\t\t\t<div class=\"elementor-widget-container\">\n\t\t\t\t\t\t\t<div class=\"elementor-spacer\">\n\t\t\t<div class=\"elementor-spacer-inner\"><\/div>\n\t\t<\/div>\n\t\t\t\t\t\t<\/div>\n\t\t\t\t<\/div>\n\t\t\t\t\t<\/div>\n\t\t\t\t<\/div>\n\t\t\t\t<\/div>\n\t\t","protected":false},"excerpt":{"rendered":"<p>Marijana Pezelj, CARNETJuraj Bili\u0107, CARNETAleksandra Mudrini\u0107 Ribi\u0107, CARNETLidija Jakov\u010di\u0107, CARNETLuka Bulian, CARNETMarin Re\u017ei\u0107, CARNETLjubomir Hrboka, CARNETGoran \u0160kvar\u010d, CARNETJakov Ki\u0161, CARNETAntonia Strunje, CARNETZdenko Kobe\u0161\u010dak, O\u0160 Stjepana Radi\u0107aSa\u0161a Mladenovi\u0107, PMF SplitDalia Kager, Osnovna \u0161kola Eugena Kvaternika\u00a0Andrej Flogie, Zavoda Antona Martina Slom\u0161ka u MariboruValentina \u0106ori\u0107, Osnovna \u0161kola Ivana Ma\u017eurani\u0107a ZagrebLuka Femec, COOR \u201ePodravsko sunce\u201c<\/p>\n","protected":false},"author":3,"featured_media":0,"parent":0,"menu_order":0,"comment_status":"closed","ping_status":"closed","template":"","meta":{"footnotes":""},"class_list":["post-592","page","type-page","status-publish","hentry"],"_links":{"self":[{"href":"https:\/\/cuc.carnet.hr\/2025\/wp-json\/wp\/v2\/pages\/592","targetHints":{"allow":["GET"]}}],"collection":[{"href":"https:\/\/cuc.carnet.hr\/2025\/wp-json\/wp\/v2\/pages"}],"about":[{"href":"https:\/\/cuc.carnet.hr\/2025\/wp-json\/wp\/v2\/types\/page"}],"author":[{"embeddable":true,"href":"https:\/\/cuc.carnet.hr\/2025\/wp-json\/wp\/v2\/users\/3"}],"replies":[{"embeddable":true,"href":"https:\/\/cuc.carnet.hr\/2025\/wp-json\/wp\/v2\/comments?post=592"}],"version-history":[{"count":15,"href":"https:\/\/cuc.carnet.hr\/2025\/wp-json\/wp\/v2\/pages\/592\/revisions"}],"predecessor-version":[{"id":958,"href":"https:\/\/cuc.carnet.hr\/2025\/wp-json\/wp\/v2\/pages\/592\/revisions\/958"}],"wp:attachment":[{"href":"https:\/\/cuc.carnet.hr\/2025\/wp-json\/wp\/v2\/media?parent=592"}],"curies":[{"name":"wp","href":"https:\/\/api.w.org\/{rel}","templated":true}]}}