{"id":318,"date":"2024-12-13T13:26:57","date_gmt":"2024-12-13T12:26:57","guid":{"rendered":"https:\/\/cuc.carnet.hr\/2025\/?page_id=318"},"modified":"2025-03-17T18:26:50","modified_gmt":"2025-03-17T17:26:50","slug":"naslovna-2","status":"publish","type":"page","link":"https:\/\/cuc.carnet.hr\/2025\/","title":{"rendered":"Naslovna"},"content":{"rendered":"\t\t<div data-elementor-type=\"wp-page\" data-elementor-id=\"318\" class=\"elementor elementor-318\" data-elementor-post-type=\"page\">\n\t\t\t\t<div class=\"elementor-element elementor-element-2f904023 e-con-full e-flex e-con e-parent\" data-id=\"2f904023\" data-element_type=\"container\" data-settings=\"{&quot;background_background&quot;:&quot;classic&quot;}\">\n\t\t\t\t<div class=\"elementor-element elementor-element-2083fef8 elementor-widget elementor-widget-image\" data-id=\"2083fef8\" data-element_type=\"widget\" data-widget_type=\"image.default\">\n\t\t\t\t<div class=\"elementor-widget-container\">\n\t\t\t\t\t\t\t\t\t\t\t\t\t\t\t<img fetchpriority=\"high\" decoding=\"async\" width=\"800\" height=\"296\" src=\"https:\/\/cuc.carnet.hr\/2025\/wp-content\/uploads\/2025\/03\/CUC25-web-header-Facebook-Cover-1.png\" class=\"attachment-large size-large wp-image-987\" alt=\"\" srcset=\"https:\/\/cuc.carnet.hr\/2025\/wp-content\/uploads\/2025\/03\/CUC25-web-header-Facebook-Cover-1.png 851w, https:\/\/cuc.carnet.hr\/2025\/wp-content\/uploads\/2025\/03\/CUC25-web-header-Facebook-Cover-1-300x111.png 300w, https:\/\/cuc.carnet.hr\/2025\/wp-content\/uploads\/2025\/03\/CUC25-web-header-Facebook-Cover-1-768x284.png 768w\" sizes=\"(max-width: 800px) 100vw, 800px\" \/>\t\t\t\t\t\t\t\t\t\t\t\t\t\t\t<\/div>\n\t\t\t\t<\/div>\n\t\t\t\t<div class=\"elementor-element elementor-element-78776f8 elementor-widget elementor-widget-spacer\" data-id=\"78776f8\" data-element_type=\"widget\" data-widget_type=\"spacer.default\">\n\t\t\t\t<div class=\"elementor-widget-container\">\n\t\t\t\t\t\t\t<div class=\"elementor-spacer\">\n\t\t\t<div class=\"elementor-spacer-inner\"><\/div>\n\t\t<\/div>\n\t\t\t\t\t\t<\/div>\n\t\t\t\t<\/div>\n\t\t\t\t<\/div>\n\t\t<div class=\"elementor-element elementor-element-29a33736 e-flex e-con-boxed e-con e-parent\" data-id=\"29a33736\" data-element_type=\"container\" data-settings=\"{&quot;background_background&quot;:&quot;classic&quot;}\">\n\t\t\t\t\t<div class=\"e-con-inner\">\n\t\t\t\t<div class=\"elementor-element elementor-element-a502760 elementor-widget elementor-widget-spacer\" data-id=\"a502760\" data-element_type=\"widget\" data-widget_type=\"spacer.default\">\n\t\t\t\t<div class=\"elementor-widget-container\">\n\t\t\t\t\t\t\t<div class=\"elementor-spacer\">\n\t\t\t<div class=\"elementor-spacer-inner\"><\/div>\n\t\t<\/div>\n\t\t\t\t\t\t<\/div>\n\t\t\t\t<\/div>\n\t\t\t\t<div class=\"elementor-element elementor-element-6edf762 elementor-widget elementor-widget-heading\" data-id=\"6edf762\" data-element_type=\"widget\" data-widget_type=\"heading.default\">\n\t\t\t\t<div class=\"elementor-widget-container\">\n\t\t\t\t\t<h2 class=\"elementor-heading-title elementor-size-default\">Novosti<\/h2>\t\t\t\t<\/div>\n\t\t\t\t<\/div>\n\t\t\t\t<div class=\"elementor-element elementor-element-ed872b1 elementor-widget elementor-widget-spacer\" data-id=\"ed872b1\" data-element_type=\"widget\" data-widget_type=\"spacer.default\">\n\t\t\t\t<div class=\"elementor-widget-container\">\n\t\t\t\t\t\t\t<div class=\"elementor-spacer\">\n\t\t\t<div class=\"elementor-spacer-inner\"><\/div>\n\t\t<\/div>\n\t\t\t\t\t\t<\/div>\n\t\t\t\t<\/div>\n\t\t\t\t<div class=\"elementor-element elementor-element-6637dd50 elementor-grid-3 elementor-grid-tablet-2 elementor-grid-mobile-1 elementor-posts--thumbnail-top elementor-card-shadow-yes elementor-posts__hover-gradient load-more-align-center elementor-widget elementor-widget-posts\" data-id=\"6637dd50\" data-element_type=\"widget\" data-settings=\"{&quot;pagination_type&quot;:&quot;load_more_on_click&quot;,&quot;cards_columns&quot;:&quot;3&quot;,&quot;cards_columns_tablet&quot;:&quot;2&quot;,&quot;cards_columns_mobile&quot;:&quot;1&quot;,&quot;cards_row_gap&quot;:{&quot;unit&quot;:&quot;px&quot;,&quot;size&quot;:35,&quot;sizes&quot;:[]},&quot;cards_row_gap_tablet&quot;:{&quot;unit&quot;:&quot;px&quot;,&quot;size&quot;:&quot;&quot;,&quot;sizes&quot;:[]},&quot;cards_row_gap_mobile&quot;:{&quot;unit&quot;:&quot;px&quot;,&quot;size&quot;:&quot;&quot;,&quot;sizes&quot;:[]},&quot;load_more_spinner&quot;:{&quot;value&quot;:&quot;fas fa-spinner&quot;,&quot;library&quot;:&quot;fa-solid&quot;}}\" data-widget_type=\"posts.cards\">\n\t\t\t\t<div class=\"elementor-widget-container\">\n\t\t\t\t\t\t\t<div class=\"elementor-posts-container elementor-posts elementor-posts--skin-cards elementor-grid\">\n\t\t\t\t<article class=\"elementor-post elementor-grid-item post-1182 post type-post status-publish format-standard has-post-thumbnail hentry category-novosti\">\n\t\t\t<div class=\"elementor-post__card\">\n\t\t\t\t<a class=\"elementor-post__thumbnail__link\" href=\"https:\/\/cuc.carnet.hr\/2025\/cuc2025-u-rovinju-hrvatska-medu-prvima-u-svijetu-uvodi-umjetnu-inteligenciju-u-osnovne-i-srednje-skole\/\" tabindex=\"-1\" ><div class=\"elementor-post__thumbnail\"><img decoding=\"async\" width=\"300\" height=\"200\" src=\"https:\/\/cuc.carnet.hr\/2025\/wp-content\/uploads\/2025\/04\/IMG_6524-300x200.jpg\" class=\"attachment-medium size-medium wp-image-1183\" alt=\"\" srcset=\"https:\/\/cuc.carnet.hr\/2025\/wp-content\/uploads\/2025\/04\/IMG_6524-300x200.jpg 300w, https:\/\/cuc.carnet.hr\/2025\/wp-content\/uploads\/2025\/04\/IMG_6524-1024x683.jpg 1024w, https:\/\/cuc.carnet.hr\/2025\/wp-content\/uploads\/2025\/04\/IMG_6524-768x512.jpg 768w, https:\/\/cuc.carnet.hr\/2025\/wp-content\/uploads\/2025\/04\/IMG_6524-1536x1024.jpg 1536w, https:\/\/cuc.carnet.hr\/2025\/wp-content\/uploads\/2025\/04\/IMG_6524.jpg 1600w\" sizes=\"(max-width: 300px) 100vw, 300px\" \/><\/div><\/a>\n\t\t\t\t<div class=\"elementor-post__badge\">Novosti<\/div>\n\t\t\t\t<div class=\"elementor-post__text\">\n\t\t\t\t<h3 class=\"elementor-post__title\">\n\t\t\t<a href=\"https:\/\/cuc.carnet.hr\/2025\/cuc2025-u-rovinju-hrvatska-medu-prvima-u-svijetu-uvodi-umjetnu-inteligenciju-u-osnovne-i-srednje-skole\/\" >\n\t\t\t\tCUC2025 u Rovinju: Hrvatska me\u0111u prvima u svijetu uvodi umjetnu inteligenciju u osnovne i srednje \u0161kole\t\t\t<\/a>\n\t\t<\/h3>\n\t\t\t\t<div class=\"elementor-post__excerpt\">\n\t\t\t<p>Vi\u0161e od 800 nastavnika, ravnatelja, znanstvenika i edukacijskih stru\u010dnjaka okupilo se ovog tjedna u Rovinju na CARNET-ovoj konferenciji za korisnike<\/p>\n\t\t<\/div>\n\t\t\n\t\t<a class=\"elementor-post__read-more\" href=\"https:\/\/cuc.carnet.hr\/2025\/cuc2025-u-rovinju-hrvatska-medu-prvima-u-svijetu-uvodi-umjetnu-inteligenciju-u-osnovne-i-srednje-skole\/\" aria-label=\"Read more about CUC2025 u Rovinju: Hrvatska me\u0111u prvima u svijetu uvodi umjetnu inteligenciju u osnovne i srednje \u0161kole\" tabindex=\"-1\" >\n\t\t\tVi\u0161e \u00bb\t\t<\/a>\n\n\t\t\t\t<\/div>\n\t\t\t\t<div class=\"elementor-post__meta-data\">\n\t\t\t\t\t<span class=\"elementor-post-date\">\n\t\t\t11. travnja 2025.\t\t<\/span>\n\t\t\t\t<\/div>\n\t\t\t\t\t<\/div>\n\t\t<\/article>\n\t\t\t\t<article class=\"elementor-post elementor-grid-item post-1171 post type-post status-publish format-standard has-post-thumbnail hentry category-novosti\">\n\t\t\t<div class=\"elementor-post__card\">\n\t\t\t\t<a class=\"elementor-post__thumbnail__link\" href=\"https:\/\/cuc.carnet.hr\/2025\/prijave-za-kviz-s-moranom-zibar\/\" tabindex=\"-1\" ><div class=\"elementor-post__thumbnail\"><img decoding=\"async\" width=\"300\" height=\"200\" src=\"https:\/\/cuc.carnet.hr\/2025\/wp-content\/uploads\/2024\/04\/pub-kviz-768x511-1-300x200.jpg\" class=\"attachment-medium size-medium wp-image-373\" alt=\"\" srcset=\"https:\/\/cuc.carnet.hr\/2025\/wp-content\/uploads\/2024\/04\/pub-kviz-768x511-1-300x200.jpg 300w, https:\/\/cuc.carnet.hr\/2025\/wp-content\/uploads\/2024\/04\/pub-kviz-768x511-1.jpg 768w\" sizes=\"(max-width: 300px) 100vw, 300px\" \/><\/div><\/a>\n\t\t\t\t<div class=\"elementor-post__badge\">Novosti<\/div>\n\t\t\t\t<div class=\"elementor-post__text\">\n\t\t\t\t<h3 class=\"elementor-post__title\">\n\t\t\t<a href=\"https:\/\/cuc.carnet.hr\/2025\/prijave-za-kviz-s-moranom-zibar\/\" >\n\t\t\t\tPrijave za kviz s Moranom Zibar\t\t\t<\/a>\n\t\t<\/h3>\n\t\t\t\t<div class=\"elementor-post__excerpt\">\n\t\t\t<p>Svi ljubitelji kvizova do\u0107i \u0107e na svoje jer se i ove godine odr\u017eava kviz. S obzirom na veliki interes, kviz<\/p>\n\t\t<\/div>\n\t\t\n\t\t<a class=\"elementor-post__read-more\" href=\"https:\/\/cuc.carnet.hr\/2025\/prijave-za-kviz-s-moranom-zibar\/\" aria-label=\"Read more about Prijave za kviz s Moranom Zibar\" tabindex=\"-1\" >\n\t\t\tVi\u0161e \u00bb\t\t<\/a>\n\n\t\t\t\t<\/div>\n\t\t\t\t<div class=\"elementor-post__meta-data\">\n\t\t\t\t\t<span class=\"elementor-post-date\">\n\t\t\t9. travnja 2025.\t\t<\/span>\n\t\t\t\t<\/div>\n\t\t\t\t\t<\/div>\n\t\t<\/article>\n\t\t\t\t<article class=\"elementor-post elementor-grid-item post-1166 post type-post status-publish format-standard has-post-thumbnail hentry category-novosti\">\n\t\t\t<div class=\"elementor-post__card\">\n\t\t\t\t<a class=\"elementor-post__thumbnail__link\" href=\"https:\/\/cuc.carnet.hr\/2025\/dodite-u-carnet-ov-sator-i-preoblikujte-info-portal-te-otkrijte-kako-koristiti-umjetnu-inteligenciju\/\" tabindex=\"-1\" ><div class=\"elementor-post__thumbnail\"><img loading=\"lazy\" decoding=\"async\" width=\"300\" height=\"200\" src=\"https:\/\/cuc.carnet.hr\/2025\/wp-content\/uploads\/2025\/04\/s\u030cator-300x200.jpg\" class=\"attachment-medium size-medium wp-image-1167\" alt=\"\" srcset=\"https:\/\/cuc.carnet.hr\/2025\/wp-content\/uploads\/2025\/04\/s\u030cator-300x200.jpg 300w, https:\/\/cuc.carnet.hr\/2025\/wp-content\/uploads\/2025\/04\/s\u030cator-1024x683.jpg 1024w, https:\/\/cuc.carnet.hr\/2025\/wp-content\/uploads\/2025\/04\/s\u030cator-768x512.jpg 768w, https:\/\/cuc.carnet.hr\/2025\/wp-content\/uploads\/2025\/04\/s\u030cator-1536x1024.jpg 1536w, https:\/\/cuc.carnet.hr\/2025\/wp-content\/uploads\/2025\/04\/s\u030cator.jpg 1600w\" sizes=\"(max-width: 300px) 100vw, 300px\" \/><\/div><\/a>\n\t\t\t\t<div class=\"elementor-post__badge\">Novosti<\/div>\n\t\t\t\t<div class=\"elementor-post__text\">\n\t\t\t\t<h3 class=\"elementor-post__title\">\n\t\t\t<a href=\"https:\/\/cuc.carnet.hr\/2025\/dodite-u-carnet-ov-sator-i-preoblikujte-info-portal-te-otkrijte-kako-koristiti-umjetnu-inteligenciju\/\" >\n\t\t\t\tDo\u0111ite u CARNET-ov \u0161ator i preoblikujte Info portal te otkrijte kako koristiti umjetnu inteligenciju\t\t\t<\/a>\n\t\t<\/h3>\n\t\t\t\t<div class=\"elementor-post__excerpt\">\n\t\t\t<p>Redizajn Info portala \u2013 igraj se s karticama i (pre)oblikuj portal! Info portal dobiva novo lice!Ali\u2026 tko \u0107e odlu\u010diti kako<\/p>\n\t\t<\/div>\n\t\t\n\t\t<a class=\"elementor-post__read-more\" href=\"https:\/\/cuc.carnet.hr\/2025\/dodite-u-carnet-ov-sator-i-preoblikujte-info-portal-te-otkrijte-kako-koristiti-umjetnu-inteligenciju\/\" aria-label=\"Read more about Do\u0111ite u CARNET-ov \u0161ator i preoblikujte Info portal te otkrijte kako koristiti umjetnu inteligenciju\" tabindex=\"-1\" >\n\t\t\tVi\u0161e \u00bb\t\t<\/a>\n\n\t\t\t\t<\/div>\n\t\t\t\t<div class=\"elementor-post__meta-data\">\n\t\t\t\t\t<span class=\"elementor-post-date\">\n\t\t\t9. travnja 2025.\t\t<\/span>\n\t\t\t\t<\/div>\n\t\t\t\t\t<\/div>\n\t\t<\/article>\n\t\t\t\t<article class=\"elementor-post elementor-grid-item post-1158 post type-post status-publish format-standard has-post-thumbnail hentry category-novosti\">\n\t\t\t<div class=\"elementor-post__card\">\n\t\t\t\t<a class=\"elementor-post__thumbnail__link\" href=\"https:\/\/cuc.carnet.hr\/2025\/posjetite-cms-za-skole-stand-i-saznajte-korisne-trikove-za-rad-u-wordpressu\/\" tabindex=\"-1\" ><div class=\"elementor-post__thumbnail\"><img loading=\"lazy\" decoding=\"async\" width=\"300\" height=\"180\" src=\"https:\/\/cuc.carnet.hr\/2025\/wp-content\/uploads\/2024\/12\/job-5382501_640-300x180.jpg\" class=\"attachment-medium size-medium wp-image-71\" alt=\"\" srcset=\"https:\/\/cuc.carnet.hr\/2025\/wp-content\/uploads\/2024\/12\/job-5382501_640-300x180.jpg 300w, https:\/\/cuc.carnet.hr\/2025\/wp-content\/uploads\/2024\/12\/job-5382501_640.jpg 640w\" sizes=\"(max-width: 300px) 100vw, 300px\" \/><\/div><\/a>\n\t\t\t\t<div class=\"elementor-post__badge\">Novosti<\/div>\n\t\t\t\t<div class=\"elementor-post__text\">\n\t\t\t\t<h3 class=\"elementor-post__title\">\n\t\t\t<a href=\"https:\/\/cuc.carnet.hr\/2025\/posjetite-cms-za-skole-stand-i-saznajte-korisne-trikove-za-rad-u-wordpressu\/\" >\n\t\t\t\tPosjetite CMS za \u0161kole \u0161tand i saznajte korisne trikove za rad u WordPressu\t\t\t<\/a>\n\t\t<\/h3>\n\t\t\t\t<div class=\"elementor-post__excerpt\">\n\t\t\t<p>Posjetite CMS za \u0161kole \u0161tand na CUC-u i u samo 15 minuta savladajte korisne trikove za rad u WordPressu! Svaki<\/p>\n\t\t<\/div>\n\t\t\n\t\t<a class=\"elementor-post__read-more\" href=\"https:\/\/cuc.carnet.hr\/2025\/posjetite-cms-za-skole-stand-i-saznajte-korisne-trikove-za-rad-u-wordpressu\/\" aria-label=\"Read more about Posjetite CMS za \u0161kole \u0161tand i saznajte korisne trikove za rad u WordPressu\" tabindex=\"-1\" >\n\t\t\tVi\u0161e \u00bb\t\t<\/a>\n\n\t\t\t\t<\/div>\n\t\t\t\t<div class=\"elementor-post__meta-data\">\n\t\t\t\t\t<span class=\"elementor-post-date\">\n\t\t\t8. travnja 2025.\t\t<\/span>\n\t\t\t\t<\/div>\n\t\t\t\t\t<\/div>\n\t\t<\/article>\n\t\t\t\t<article class=\"elementor-post elementor-grid-item post-1151 post type-post status-publish format-standard has-post-thumbnail hentry category-novosti\">\n\t\t\t<div class=\"elementor-post__card\">\n\t\t\t\t<a class=\"elementor-post__thumbnail__link\" href=\"https:\/\/cuc.carnet.hr\/2025\/sportske-aktivnosti-na-cuc-u\/\" tabindex=\"-1\" ><div class=\"elementor-post__thumbnail\"><img loading=\"lazy\" decoding=\"async\" width=\"300\" height=\"157\" src=\"https:\/\/cuc.carnet.hr\/2025\/wp-content\/uploads\/2024\/04\/andrew-tanglao-3I2vzcmEpLU-unsplash-scaled-e1712967498100-300x157.jpg\" class=\"attachment-medium size-medium wp-image-369\" alt=\"\" srcset=\"https:\/\/cuc.carnet.hr\/2025\/wp-content\/uploads\/2024\/04\/andrew-tanglao-3I2vzcmEpLU-unsplash-scaled-e1712967498100-300x157.jpg 300w, https:\/\/cuc.carnet.hr\/2025\/wp-content\/uploads\/2024\/04\/andrew-tanglao-3I2vzcmEpLU-unsplash-scaled-e1712967498100-1024x537.jpg 1024w, https:\/\/cuc.carnet.hr\/2025\/wp-content\/uploads\/2024\/04\/andrew-tanglao-3I2vzcmEpLU-unsplash-scaled-e1712967498100-768x403.jpg 768w, https:\/\/cuc.carnet.hr\/2025\/wp-content\/uploads\/2024\/04\/andrew-tanglao-3I2vzcmEpLU-unsplash-scaled-e1712967498100.jpg 1200w\" sizes=\"(max-width: 300px) 100vw, 300px\" \/><\/div><\/a>\n\t\t\t\t<div class=\"elementor-post__badge\">Novosti<\/div>\n\t\t\t\t<div class=\"elementor-post__text\">\n\t\t\t\t<h3 class=\"elementor-post__title\">\n\t\t\t<a href=\"https:\/\/cuc.carnet.hr\/2025\/sportske-aktivnosti-na-cuc-u\/\" >\n\t\t\t\tSportske aktivnosti na CUC-u\t\t\t<\/a>\n\t\t<\/h3>\n\t\t\t\t<div class=\"elementor-post__excerpt\">\n\t\t\t<p>Jutarnja joga u hotelu Lone I ove godine na CUC-u svako jutro pozdravljamo sunce. Pozvani ste svi \u2013 napredni jogiji<\/p>\n\t\t<\/div>\n\t\t\n\t\t<a class=\"elementor-post__read-more\" href=\"https:\/\/cuc.carnet.hr\/2025\/sportske-aktivnosti-na-cuc-u\/\" aria-label=\"Read more about Sportske aktivnosti na CUC-u\" tabindex=\"-1\" >\n\t\t\tVi\u0161e \u00bb\t\t<\/a>\n\n\t\t\t\t<\/div>\n\t\t\t\t<div class=\"elementor-post__meta-data\">\n\t\t\t\t\t<span class=\"elementor-post-date\">\n\t\t\t8. travnja 2025.\t\t<\/span>\n\t\t\t\t<\/div>\n\t\t\t\t\t<\/div>\n\t\t<\/article>\n\t\t\t\t<article class=\"elementor-post elementor-grid-item post-1145 post type-post status-publish format-standard has-post-thumbnail hentry category-novosti\">\n\t\t\t<div class=\"elementor-post__card\">\n\t\t\t\t<a class=\"elementor-post__thumbnail__link\" href=\"https:\/\/cuc.carnet.hr\/2025\/donesite-stare-uredaje-na-cuc2025-i-pomozite-ocuvanju-okolisa\/\" tabindex=\"-1\" ><div class=\"elementor-post__thumbnail\"><img loading=\"lazy\" decoding=\"async\" width=\"300\" height=\"200\" src=\"https:\/\/cuc.carnet.hr\/2025\/wp-content\/uploads\/2025\/04\/richard-bell-iWMwLuu-094-unsplash-300x200.jpg\" class=\"attachment-medium size-medium wp-image-1146\" alt=\"Photo by Richard Bell on Unsplash\" srcset=\"https:\/\/cuc.carnet.hr\/2025\/wp-content\/uploads\/2025\/04\/richard-bell-iWMwLuu-094-unsplash-300x200.jpg 300w, https:\/\/cuc.carnet.hr\/2025\/wp-content\/uploads\/2025\/04\/richard-bell-iWMwLuu-094-unsplash-1024x683.jpg 1024w, https:\/\/cuc.carnet.hr\/2025\/wp-content\/uploads\/2025\/04\/richard-bell-iWMwLuu-094-unsplash-768x512.jpg 768w, https:\/\/cuc.carnet.hr\/2025\/wp-content\/uploads\/2025\/04\/richard-bell-iWMwLuu-094-unsplash-1536x1024.jpg 1536w, https:\/\/cuc.carnet.hr\/2025\/wp-content\/uploads\/2025\/04\/richard-bell-iWMwLuu-094-unsplash-2048x1365.jpg 2048w\" sizes=\"(max-width: 300px) 100vw, 300px\" \/><\/div><\/a>\n\t\t\t\t<div class=\"elementor-post__badge\">Novosti<\/div>\n\t\t\t\t<div class=\"elementor-post__text\">\n\t\t\t\t<h3 class=\"elementor-post__title\">\n\t\t\t<a href=\"https:\/\/cuc.carnet.hr\/2025\/donesite-stare-uredaje-na-cuc2025-i-pomozite-ocuvanju-okolisa\/\" >\n\t\t\t\tDonesite stare ure\u0111aje na CUC2025 i pomozite o\u010duvanju okoli\u0161a\t\t\t<\/a>\n\t\t<\/h3>\n\t\t\t\t<div class=\"elementor-post__excerpt\">\n\t\t\t<p>Dragi sudionici CUC2025 konferencije, pozivamo vas da se pridru\u017eite na\u0161oj inicijativi za o\u010duvanje okoli\u0161a u suradnji s Hrvatskim Telekomom. Pripremili<\/p>\n\t\t<\/div>\n\t\t\n\t\t<a class=\"elementor-post__read-more\" href=\"https:\/\/cuc.carnet.hr\/2025\/donesite-stare-uredaje-na-cuc2025-i-pomozite-ocuvanju-okolisa\/\" aria-label=\"Read more about Donesite stare ure\u0111aje na CUC2025 i pomozite o\u010duvanju okoli\u0161a\" tabindex=\"-1\" >\n\t\t\tVi\u0161e \u00bb\t\t<\/a>\n\n\t\t\t\t<\/div>\n\t\t\t\t<div class=\"elementor-post__meta-data\">\n\t\t\t\t\t<span class=\"elementor-post-date\">\n\t\t\t7. travnja 2025.\t\t<\/span>\n\t\t\t\t<\/div>\n\t\t\t\t\t<\/div>\n\t\t<\/article>\n\t\t\t\t<\/div>\n\t\t\t\t\t<span class=\"e-load-more-spinner\">\n\t\t\t\t<svg aria-hidden=\"true\" class=\"e-font-icon-svg e-fas-spinner\" viewBox=\"0 0 512 512\" xmlns=\"http:\/\/www.w3.org\/2000\/svg\"><path d=\"M304 48c0 26.51-21.49 48-48 48s-48-21.49-48-48 21.49-48 48-48 48 21.49 48 48zm-48 368c-26.51 0-48 21.49-48 48s21.49 48 48 48 48-21.49 48-48-21.49-48-48-48zm208-208c-26.51 0-48 21.49-48 48s21.49 48 48 48 48-21.49 48-48-21.49-48-48-48zM96 256c0-26.51-21.49-48-48-48S0 229.49 0 256s21.49 48 48 48 48-21.49 48-48zm12.922 99.078c-26.51 0-48 21.49-48 48s21.49 48 48 48 48-21.49 48-48c0-26.509-21.491-48-48-48zm294.156 0c-26.51 0-48 21.49-48 48s21.49 48 48 48 48-21.49 48-48c0-26.509-21.49-48-48-48zM108.922 60.922c-26.51 0-48 21.49-48 48s21.49 48 48 48 48-21.49 48-48-21.491-48-48-48z\"><\/path><\/svg>\t\t\t<\/span>\n\t\t\n\t\t\t\t<div class=\"e-load-more-anchor\" data-page=\"1\" data-max-page=\"4\" data-next-page=\"https:\/\/cuc.carnet.hr\/2025\/wp-json\/wp\/v2\/pages\/318\/page\/2\/\"><\/div>\n\t\t\t\t<div class=\"elementor-button-wrapper\">\n\t\t\t<a href=\"#\" class=\"elementor-button-link elementor-button\" role=\"button\">\n\t\t\t\t\t\t<span class=\"elementor-button-content-wrapper\">\n\t\t\t\t\t\t\t\t\t<span class=\"elementor-button-text\">Prika\u017ei vi\u0161e<\/span>\n\t\t\t\t\t<\/span>\n\t\t\t\t\t<\/a>\n\t\t<\/div>\n\t\t\t\t<div class=\"e-load-more-message\"><\/div>\n\t\t\t\t\t\t<\/div>\n\t\t\t\t<\/div>\n\t\t\t\t<div class=\"elementor-element elementor-element-752465fc elementor-widget elementor-widget-spacer\" data-id=\"752465fc\" data-element_type=\"widget\" data-widget_type=\"spacer.default\">\n\t\t\t\t<div class=\"elementor-widget-container\">\n\t\t\t\t\t\t\t<div class=\"elementor-spacer\">\n\t\t\t<div class=\"elementor-spacer-inner\"><\/div>\n\t\t<\/div>\n\t\t\t\t\t\t<\/div>\n\t\t\t\t<\/div>\n\t\t\t\t\t<\/div>\n\t\t\t\t<\/div>\n\t\t<div class=\"elementor-element elementor-element-de5c732 e-flex e-con-boxed e-con e-parent\" data-id=\"de5c732\" data-element_type=\"container\">\n\t\t\t\t\t<div class=\"e-con-inner\">\n\t\t\t\t<div class=\"elementor-element elementor-element-55e70ccb elementor-widget elementor-widget-spacer\" data-id=\"55e70ccb\" data-element_type=\"widget\" data-widget_type=\"spacer.default\">\n\t\t\t\t<div class=\"elementor-widget-container\">\n\t\t\t\t\t\t\t<div class=\"elementor-spacer\">\n\t\t\t<div class=\"elementor-spacer-inner\"><\/div>\n\t\t<\/div>\n\t\t\t\t\t\t<\/div>\n\t\t\t\t<\/div>\n\t\t\t\t\t<\/div>\n\t\t\t\t<\/div>\n\t\t<div class=\"elementor-element elementor-element-7d1e6018 e-flex e-con-boxed e-con e-parent\" data-id=\"7d1e6018\" data-element_type=\"container\">\n\t\t\t\t\t<div class=\"e-con-inner\">\n\t\t\t\t<div class=\"elementor-element elementor-element-7c5a9c7d elementor-shape-rounded elementor-grid-0 e-grid-align-center elementor-widget elementor-widget-social-icons\" data-id=\"7c5a9c7d\" data-element_type=\"widget\" data-widget_type=\"social-icons.default\">\n\t\t\t\t<div class=\"elementor-widget-container\">\n\t\t\t\t\t\t\t<div class=\"elementor-social-icons-wrapper elementor-grid\">\n\t\t\t\t\t\t\t<span class=\"elementor-grid-item\">\n\t\t\t\t\t<a class=\"elementor-icon elementor-social-icon elementor-social-icon-facebook elementor-repeater-item-9bad09d\" href=\"https:\/\/www.facebook.com\/CARNET.CUC\" target=\"_blank\">\n\t\t\t\t\t\t<span class=\"elementor-screen-only\">Facebook<\/span>\n\t\t\t\t\t\t<svg class=\"e-font-icon-svg e-fab-facebook\" viewBox=\"0 0 512 512\" xmlns=\"http:\/\/www.w3.org\/2000\/svg\"><path d=\"M504 256C504 119 393 8 256 8S8 119 8 256c0 123.78 90.69 226.38 209.25 245V327.69h-63V256h63v-54.64c0-62.15 37-96.48 93.67-96.48 27.14 0 55.52 4.84 55.52 4.84v61h-31.28c-30.8 0-40.41 19.12-40.41 38.73V256h68.78l-11 71.69h-57.78V501C413.31 482.38 504 379.78 504 256z\"><\/path><\/svg>\t\t\t\t\t<\/a>\n\t\t\t\t<\/span>\n\t\t\t\t\t\t\t<span class=\"elementor-grid-item\">\n\t\t\t\t\t<a class=\"elementor-icon elementor-social-icon elementor-social-icon-instagram elementor-repeater-item-c83811e\" href=\"http:\/\/instagram.com\/carnet.cuc\/\" target=\"_blank\">\n\t\t\t\t\t\t<span class=\"elementor-screen-only\">Instagram<\/span>\n\t\t\t\t\t\t<svg class=\"e-font-icon-svg e-fab-instagram\" viewBox=\"0 0 448 512\" xmlns=\"http:\/\/www.w3.org\/2000\/svg\"><path d=\"M224.1 141c-63.6 0-114.9 51.3-114.9 114.9s51.3 114.9 114.9 114.9S339 319.5 339 255.9 287.7 141 224.1 141zm0 189.6c-41.1 0-74.7-33.5-74.7-74.7s33.5-74.7 74.7-74.7 74.7 33.5 74.7 74.7-33.6 74.7-74.7 74.7zm146.4-194.3c0 14.9-12 26.8-26.8 26.8-14.9 0-26.8-12-26.8-26.8s12-26.8 26.8-26.8 26.8 12 26.8 26.8zm76.1 27.2c-1.7-35.9-9.9-67.7-36.2-93.9-26.2-26.2-58-34.4-93.9-36.2-37-2.1-147.9-2.1-184.9 0-35.8 1.7-67.6 9.9-93.9 36.1s-34.4 58-36.2 93.9c-2.1 37-2.1 147.9 0 184.9 1.7 35.9 9.9 67.7 36.2 93.9s58 34.4 93.9 36.2c37 2.1 147.9 2.1 184.9 0 35.9-1.7 67.7-9.9 93.9-36.2 26.2-26.2 34.4-58 36.2-93.9 2.1-37 2.1-147.8 0-184.8zM398.8 388c-7.8 19.6-22.9 34.7-42.6 42.6-29.5 11.7-99.5 9-132.1 9s-102.7 2.6-132.1-9c-19.6-7.8-34.7-22.9-42.6-42.6-11.7-29.5-9-99.5-9-132.1s-2.6-102.7 9-132.1c7.8-19.6 22.9-34.7 42.6-42.6 29.5-11.7 99.5-9 132.1-9s102.7-2.6 132.1 9c19.6 7.8 34.7 22.9 42.6 42.6 11.7 29.5 9 99.5 9 132.1s2.7 102.7-9 132.1z\"><\/path><\/svg>\t\t\t\t\t<\/a>\n\t\t\t\t<\/span>\n\t\t\t\t\t<\/div>\n\t\t\t\t\t\t<\/div>\n\t\t\t\t<\/div>\n\t\t\t\t<div class=\"elementor-element elementor-element-fce0841 elementor-widget elementor-widget-spacer\" data-id=\"fce0841\" data-element_type=\"widget\" data-widget_type=\"spacer.default\">\n\t\t\t\t<div class=\"elementor-widget-container\">\n\t\t\t\t\t\t\t<div class=\"elementor-spacer\">\n\t\t\t<div class=\"elementor-spacer-inner\"><\/div>\n\t\t<\/div>\n\t\t\t\t\t\t<\/div>\n\t\t\t\t<\/div>\n\t\t\t\t\t<\/div>\n\t\t\t\t<\/div>\n\t\t\t\t<\/div>\n\t\t","protected":false},"excerpt":{"rendered":"<p>Novosti Facebook Instagram<\/p>\n","protected":false},"author":1,"featured_media":493,"parent":0,"menu_order":0,"comment_status":"closed","ping_status":"closed","template":"elementor_header_footer","meta":{"footnotes":""},"class_list":["post-318","page","type-page","status-publish","has-post-thumbnail","hentry"],"_links":{"self":[{"href":"https:\/\/cuc.carnet.hr\/2025\/wp-json\/wp\/v2\/pages\/318","targetHints":{"allow":["GET"]}}],"collection":[{"href":"https:\/\/cuc.carnet.hr\/2025\/wp-json\/wp\/v2\/pages"}],"about":[{"href":"https:\/\/cuc.carnet.hr\/2025\/wp-json\/wp\/v2\/types\/page"}],"author":[{"embeddable":true,"href":"https:\/\/cuc.carnet.hr\/2025\/wp-json\/wp\/v2\/users\/1"}],"replies":[{"embeddable":true,"href":"https:\/\/cuc.carnet.hr\/2025\/wp-json\/wp\/v2\/comments?post=318"}],"version-history":[{"count":62,"href":"https:\/\/cuc.carnet.hr\/2025\/wp-json\/wp\/v2\/pages\/318\/revisions"}],"predecessor-version":[{"id":1016,"href":"https:\/\/cuc.carnet.hr\/2025\/wp-json\/wp\/v2\/pages\/318\/revisions\/1016"}],"wp:featuredmedia":[{"embeddable":true,"href":"https:\/\/cuc.carnet.hr\/2025\/wp-json\/wp\/v2\/media\/493"}],"wp:attachment":[{"href":"https:\/\/cuc.carnet.hr\/2025\/wp-json\/wp\/v2\/media?parent=318"}],"curies":[{"name":"wp","href":"https:\/\/api.w.org\/{rel}","templated":true}]}}