{"id":291,"date":"2024-12-13T13:26:56","date_gmt":"2024-12-13T12:26:56","guid":{"rendered":"https:\/\/cuc.carnet.hr\/2025\/?page_id=291"},"modified":"2025-03-26T13:44:08","modified_gmt":"2025-03-26T12:44:08","slug":"lokacija-i-smjestaj","status":"publish","type":"page","link":"https:\/\/cuc.carnet.hr\/2025\/lokacija-i-smjestaj\/","title":{"rendered":"Lokacija i smje\u0161taj"},"content":{"rendered":"\t\t<div data-elementor-type=\"wp-page\" data-elementor-id=\"291\" class=\"elementor elementor-291\" data-elementor-post-type=\"page\">\n\t\t\t\t<div class=\"elementor-element elementor-element-3500e35b e-flex e-con-boxed e-con e-parent\" data-id=\"3500e35b\" data-element_type=\"container\">\n\t\t\t\t\t<div class=\"e-con-inner\">\n\t\t\t\t<div class=\"elementor-element elementor-element-55cca4c6 elementor-widget elementor-widget-spacer\" data-id=\"55cca4c6\" data-element_type=\"widget\" data-widget_type=\"spacer.default\">\n\t\t\t\t<div class=\"elementor-widget-container\">\n\t\t\t\t\t\t\t<div class=\"elementor-spacer\">\n\t\t\t<div class=\"elementor-spacer-inner\"><\/div>\n\t\t<\/div>\n\t\t\t\t\t\t<\/div>\n\t\t\t\t<\/div>\n\t\t\t\t\t<\/div>\n\t\t\t\t<\/div>\n\t\t<div class=\"elementor-element elementor-element-4ee33964 e-flex e-con-boxed e-con e-parent\" data-id=\"4ee33964\" data-element_type=\"container\">\n\t\t\t\t\t<div class=\"e-con-inner\">\n\t\t<div class=\"elementor-element elementor-element-7950ed5f e-con-full e-flex e-con e-child\" data-id=\"7950ed5f\" data-element_type=\"container\">\n\t\t\t\t<div class=\"elementor-element elementor-element-64a90128 elementor-widget__width-inherit elementor-widget elementor-widget-image\" data-id=\"64a90128\" data-element_type=\"widget\" data-widget_type=\"image.default\">\n\t\t\t\t<div class=\"elementor-widget-container\">\n\t\t\t\t\t\t\t\t\t\t\t\t\t\t\t<img fetchpriority=\"high\" decoding=\"async\" width=\"800\" height=\"466\" src=\"https:\/\/cuc.carnet.hr\/2025\/wp-content\/uploads\/2024\/12\/M16_015_00028_pty6bu-e1709643566252-1024x596.webp\" class=\"attachment-large size-large wp-image-152\" alt=\"\" srcset=\"https:\/\/cuc.carnet.hr\/2025\/wp-content\/uploads\/2024\/12\/M16_015_00028_pty6bu-e1709643566252-1024x596.webp 1024w, https:\/\/cuc.carnet.hr\/2025\/wp-content\/uploads\/2024\/12\/M16_015_00028_pty6bu-e1709643566252-300x175.webp 300w, https:\/\/cuc.carnet.hr\/2025\/wp-content\/uploads\/2024\/12\/M16_015_00028_pty6bu-e1709643566252-768x447.webp 768w, https:\/\/cuc.carnet.hr\/2025\/wp-content\/uploads\/2024\/12\/M16_015_00028_pty6bu-e1709643566252.webp 1099w\" sizes=\"(max-width: 800px) 100vw, 800px\" \/>\t\t\t\t\t\t\t\t\t\t\t\t\t\t\t<\/div>\n\t\t\t\t<\/div>\n\t\t\t\t<\/div>\n\t\t<div class=\"elementor-element elementor-element-173441ff e-con-full e-flex e-con e-child\" data-id=\"173441ff\" data-element_type=\"container\">\n\t\t<div class=\"elementor-element elementor-element-75dfcd5f e-flex e-con-boxed e-con e-child\" data-id=\"75dfcd5f\" data-element_type=\"container\">\n\t\t\t\t\t<div class=\"e-con-inner\">\n\t\t<div class=\"elementor-element elementor-element-581d0a1b e-flex e-con-boxed e-con e-child\" data-id=\"581d0a1b\" data-element_type=\"container\">\n\t\t\t\t\t<div class=\"e-con-inner\">\n\t\t\t\t<div class=\"elementor-element elementor-element-450e1315 elementor-widget elementor-widget-heading\" data-id=\"450e1315\" data-element_type=\"widget\" data-widget_type=\"heading.default\">\n\t\t\t\t<div class=\"elementor-widget-container\">\n\t\t\t\t\t<h3 class=\"elementor-heading-title elementor-size-default\">Kongresni prostor<\/h3>\t\t\t\t<\/div>\n\t\t\t\t<\/div>\n\t\t\t\t\t<\/div>\n\t\t\t\t<\/div>\n\t\t\t\t\t<\/div>\n\t\t\t\t<\/div>\n\t\t<div class=\"elementor-element elementor-element-6fba4b34 e-flex e-con-boxed e-con e-child\" data-id=\"6fba4b34\" data-element_type=\"container\">\n\t\t\t\t\t<div class=\"e-con-inner\">\n\t\t\t\t<div class=\"elementor-element elementor-element-40e06f7f elementor-widget elementor-widget-text-editor\" data-id=\"40e06f7f\" data-element_type=\"widget\" data-widget_type=\"text-editor.default\">\n\t\t\t\t<div class=\"elementor-widget-container\">\n\t\t\t\t\t\t\t\t\t<p>Hotel Lone je dizajnerski hotel u kojem svaki detalj podsje\u0107a na muzej suvremene umjetnosti pa sudionike osvaja modernisti\u010dkim pristupom i suvremenom elegancijom.\u00a0<\/p><p>Hotel Eden jedinstveni je hotel sa \u0161armantnim ugo\u0111ajem, smje\u0161ten u uvali Lone i hladovini mirisne park-\u0161ume Zlatni rt.\u00a0<\/p><p>Opremljeni su velikim vi\u0161enamjenskim dvoranama uronjenim u harmoniju \u0161ume i mora.\u00a0<\/p>\t\t\t\t\t\t\t\t<\/div>\n\t\t\t\t<\/div>\n\t\t\t\t<div class=\"elementor-element elementor-element-ca88671 elementor-widget elementor-widget-spacer\" data-id=\"ca88671\" data-element_type=\"widget\" data-widget_type=\"spacer.default\">\n\t\t\t\t<div class=\"elementor-widget-container\">\n\t\t\t\t\t\t\t<div class=\"elementor-spacer\">\n\t\t\t<div class=\"elementor-spacer-inner\"><\/div>\n\t\t<\/div>\n\t\t\t\t\t\t<\/div>\n\t\t\t\t<\/div>\n\t\t\t\t\t<\/div>\n\t\t\t\t<\/div>\n\t\t\t\t<\/div>\n\t\t\t\t\t<\/div>\n\t\t\t\t<\/div>\n\t\t<div class=\"elementor-element elementor-element-0899813 e-flex e-con-boxed e-con e-parent\" data-id=\"0899813\" data-element_type=\"container\">\n\t\t\t\t\t<div class=\"e-con-inner\">\n\t\t<div class=\"elementor-element elementor-element-d0e92a9 e-con-full e-flex e-con e-child\" data-id=\"d0e92a9\" data-element_type=\"container\">\n\t\t\t\t<div class=\"elementor-element elementor-element-5add3c34 elementor-widget elementor-widget-image\" data-id=\"5add3c34\" data-element_type=\"widget\" data-widget_type=\"image.default\">\n\t\t\t\t<div class=\"elementor-widget-container\">\n\t\t\t\t\t\t\t\t\t\t\t\t\t\t\t<img decoding=\"async\" width=\"800\" height=\"421\" src=\"https:\/\/cuc.carnet.hr\/2025\/wp-content\/uploads\/2024\/12\/1-1-1024x539.png\" class=\"attachment-large size-large wp-image-205\" alt=\"\" srcset=\"https:\/\/cuc.carnet.hr\/2025\/wp-content\/uploads\/2024\/12\/1-1-1024x539.png 1024w, https:\/\/cuc.carnet.hr\/2025\/wp-content\/uploads\/2024\/12\/1-1-300x158.png 300w, https:\/\/cuc.carnet.hr\/2025\/wp-content\/uploads\/2024\/12\/1-1-768x404.png 768w, https:\/\/cuc.carnet.hr\/2025\/wp-content\/uploads\/2024\/12\/1-1-1536x808.png 1536w, https:\/\/cuc.carnet.hr\/2025\/wp-content\/uploads\/2024\/12\/1-1.png 1900w\" sizes=\"(max-width: 800px) 100vw, 800px\" \/>\t\t\t\t\t\t\t\t\t\t\t\t\t\t\t<\/div>\n\t\t\t\t<\/div>\n\t\t\t\t<div class=\"elementor-element elementor-element-7150b039 elementor-widget elementor-widget-heading\" data-id=\"7150b039\" data-element_type=\"widget\" data-widget_type=\"heading.default\">\n\t\t\t\t<div class=\"elementor-widget-container\">\n\t\t\t\t\t<h4 class=\"elementor-heading-title elementor-size-default\">Hotel Lone (POPUNJENO)<\/h4>\t\t\t\t<\/div>\n\t\t\t\t<\/div>\n\t\t\t\t<div class=\"elementor-element elementor-element-2397099c elementor-widget elementor-widget-text-editor\" data-id=\"2397099c\" data-element_type=\"widget\" data-widget_type=\"text-editor.default\">\n\t\t\t\t<div class=\"elementor-widget-container\">\n\t\t\t\t\t\t\t\t\t<p>Jednokrevetna soba (Cijena smje\u0161taja uklju\u010duje boravi\u0161nu pristojbu)<\/p><p>209,00 EUR<\/p><p>Dvokrevetna soba po osobi (Cijena smje\u0161taja uklju\u010duje boravi\u0161nu pristojbu)<\/p><p>125,00 EUR<\/p><p><strong>NAPOMENA<\/strong>:\u00a0<\/p><p>Samo za rezervacije od 8. 4. \u2013 11. 4. 2025. (minimalno 3 no\u0107enja)<\/p><p><span style=\"caret-color: #000000; color: #000000; font-family: 'Open Sans', system-ui, -apple-system, BlinkMacSystemFont, 'Segoe UI', Roboto, 'Helvetica Neue', Arial, 'Noto Sans', sans-serif, 'Apple Color Emoji', 'Segoe UI Emoji', 'Segoe UI Symbol', 'Noto Color Emoji'; font-size: medium; font-weight: bold;\">Cijena je izra\u017eena po osobi i danu na bazi polupansiona.<\/span><\/p>\t\t\t\t\t\t\t\t<\/div>\n\t\t\t\t<\/div>\n\t\t\t\t<\/div>\n\t\t<div class=\"elementor-element elementor-element-66c279d e-con-full e-flex e-con e-child\" data-id=\"66c279d\" data-element_type=\"container\">\n\t\t\t\t<div class=\"elementor-element elementor-element-3c396f83 elementor-widget elementor-widget-image\" data-id=\"3c396f83\" data-element_type=\"widget\" data-widget_type=\"image.default\">\n\t\t\t\t<div class=\"elementor-widget-container\">\n\t\t\t\t\t\t\t\t\t\t\t\t\t\t\t<img decoding=\"async\" width=\"800\" height=\"421\" src=\"https:\/\/cuc.carnet.hr\/2025\/wp-content\/uploads\/2024\/12\/2-1024x539.png\" class=\"attachment-large size-large wp-image-206\" alt=\"\" srcset=\"https:\/\/cuc.carnet.hr\/2025\/wp-content\/uploads\/2024\/12\/2-1024x539.png 1024w, https:\/\/cuc.carnet.hr\/2025\/wp-content\/uploads\/2024\/12\/2-300x158.png 300w, https:\/\/cuc.carnet.hr\/2025\/wp-content\/uploads\/2024\/12\/2-768x404.png 768w, https:\/\/cuc.carnet.hr\/2025\/wp-content\/uploads\/2024\/12\/2-1536x808.png 1536w, https:\/\/cuc.carnet.hr\/2025\/wp-content\/uploads\/2024\/12\/2.png 1900w\" sizes=\"(max-width: 800px) 100vw, 800px\" \/>\t\t\t\t\t\t\t\t\t\t\t\t\t\t\t<\/div>\n\t\t\t\t<\/div>\n\t\t\t\t<div class=\"elementor-element elementor-element-3fd074a9 elementor-widget elementor-widget-heading\" data-id=\"3fd074a9\" data-element_type=\"widget\" data-widget_type=\"heading.default\">\n\t\t\t\t<div class=\"elementor-widget-container\">\n\t\t\t\t\t<h4 class=\"elementor-heading-title elementor-size-default\">Hotel Eden (POPUNJENO)\n\n<\/h4>\t\t\t\t<\/div>\n\t\t\t\t<\/div>\n\t\t\t\t<div class=\"elementor-element elementor-element-288cd941 elementor-widget elementor-widget-text-editor\" data-id=\"288cd941\" data-element_type=\"widget\" data-widget_type=\"text-editor.default\">\n\t\t\t\t<div class=\"elementor-widget-container\">\n\t\t\t\t\t\t\t\t\t<p>Jednokrevetna soba (Cijena smje\u0161taja uklju\u010duje boravi\u0161nu pristojbu)<\/p><p>209,00 EUR<\/p><p>Dvokrevetna soba po osobi (Cijena smje\u0161taja uklju\u010duje boravi\u0161nu pristojbu)<\/p><p>125,00 EUR<\/p><p><span style=\"caret-color: #000000; color: #000000; font-family: 'Open Sans', system-ui, -apple-system, BlinkMacSystemFont, 'Segoe UI', Roboto, 'Helvetica Neue', Arial, 'Noto Sans', sans-serif, 'Apple Color Emoji', 'Segoe UI Emoji', 'Segoe UI Symbol', 'Noto Color Emoji'; font-size: medium; font-weight: bold;\">Cijena je izra\u017eena po osobi i danu na bazi polupansiona.<\/span><\/p>\t\t\t\t\t\t\t\t<\/div>\n\t\t\t\t<\/div>\n\t\t\t\t<\/div>\n\t\t<div class=\"elementor-element elementor-element-5bab801 e-con-full e-flex e-con e-child\" data-id=\"5bab801\" data-element_type=\"container\">\n\t\t\t\t<div class=\"elementor-element elementor-element-46b1d71e elementor-widget elementor-widget-image\" data-id=\"46b1d71e\" data-element_type=\"widget\" data-widget_type=\"image.default\">\n\t\t\t\t<div class=\"elementor-widget-container\">\n\t\t\t\t\t\t\t\t\t\t\t\t\t\t\t<img loading=\"lazy\" decoding=\"async\" width=\"800\" height=\"421\" src=\"https:\/\/cuc.carnet.hr\/2025\/wp-content\/uploads\/2024\/12\/4-1024x539.png\" class=\"attachment-large size-large wp-image-207\" alt=\"\" srcset=\"https:\/\/cuc.carnet.hr\/2025\/wp-content\/uploads\/2024\/12\/4-1024x539.png 1024w, https:\/\/cuc.carnet.hr\/2025\/wp-content\/uploads\/2024\/12\/4-300x158.png 300w, https:\/\/cuc.carnet.hr\/2025\/wp-content\/uploads\/2024\/12\/4-768x404.png 768w, https:\/\/cuc.carnet.hr\/2025\/wp-content\/uploads\/2024\/12\/4-1536x808.png 1536w, https:\/\/cuc.carnet.hr\/2025\/wp-content\/uploads\/2024\/12\/4.png 1900w\" sizes=\"(max-width: 800px) 100vw, 800px\" \/>\t\t\t\t\t\t\t\t\t\t\t\t\t\t\t<\/div>\n\t\t\t\t<\/div>\n\t\t\t\t<div class=\"elementor-element elementor-element-6cf83829 elementor-widget elementor-widget-heading\" data-id=\"6cf83829\" data-element_type=\"widget\" data-widget_type=\"heading.default\">\n\t\t\t\t<div class=\"elementor-widget-container\">\n\t\t\t\t\t<h4 class=\"elementor-heading-title elementor-size-default\">Resort Amarin<\/h4>\t\t\t\t<\/div>\n\t\t\t\t<\/div>\n\t\t\t\t<div class=\"elementor-element elementor-element-74545686 elementor-widget elementor-widget-text-editor\" data-id=\"74545686\" data-element_type=\"widget\" data-widget_type=\"text-editor.default\">\n\t\t\t\t<div class=\"elementor-widget-container\">\n\t\t\t\t\t\t\t\t\t<p>Jednokrevetni apartman &#8211; Premium apartman (Cijena smje\u0161taja uklju\u010duje boravi\u0161nu pristojbu)<\/p><p>110,00 EUR<\/p><p>Dvokrevetni apartman po osobi &#8211; Premium apartman (Cijena smje\u0161taja uklju\u010duje boravi\u0161nu pristojbu)<\/p><p>70,00 EUR<\/p><p><strong>NAPOMENA<\/strong>:\u00a0<\/p><p>Za sudionike konferencije smje\u0161tene u Resortu Amarin bit \u0107e osiguran transfer za vrijeme konferencije po objavljenom rasporedu vo\u017enje.<\/p><p>Ve\u010dera je organizirana u restoranu Resorta Amarin.<\/p><p><span style=\"caret-color: #000000; color: #000000; font-family: 'Open Sans', system-ui, -apple-system, BlinkMacSystemFont, 'Segoe UI', Roboto, 'Helvetica Neue', Arial, 'Noto Sans', sans-serif, 'Apple Color Emoji', 'Segoe UI Emoji', 'Segoe UI Symbol', 'Noto Color Emoji'; font-size: medium; font-weight: bold;\">Cijena je izra\u017eena po osobi i danu na bazi polupansiona.<\/span><\/p>\t\t\t\t\t\t\t\t<\/div>\n\t\t\t\t<\/div>\n\t\t\t\t<\/div>\n\t\t\t\t\t<\/div>\n\t\t\t\t<\/div>\n\t\t<div class=\"elementor-element elementor-element-bf0d068 e-flex e-con-boxed e-con e-parent\" data-id=\"bf0d068\" data-element_type=\"container\">\n\t\t\t\t\t<div class=\"e-con-inner\">\n\t\t\t\t\t<\/div>\n\t\t\t\t<\/div>\n\t\t\t\t<\/div>\n\t\t","protected":false},"excerpt":{"rendered":"<p>Kongresni prostor Hotel Lone je dizajnerski hotel u kojem svaki detalj podsje\u0107a na muzej suvremene umjetnosti pa sudionike osvaja modernisti\u010dkim pristupom i suvremenom elegancijom.\u00a0 Hotel Eden jedinstveni je hotel sa \u0161armantnim ugo\u0111ajem, smje\u0161ten u uvali Lone i hladovini mirisne park-\u0161ume Zlatni rt.\u00a0 Opremljeni su velikim vi\u0161enamjenskim dvoranama uronjenim u harmoniju \u0161ume i mora.\u00a0 Hotel Lone [&hellip;]<\/p>\n","protected":false},"author":1,"featured_media":0,"parent":0,"menu_order":0,"comment_status":"closed","ping_status":"closed","template":"","meta":{"footnotes":""},"class_list":["post-291","page","type-page","status-publish","hentry"],"_links":{"self":[{"href":"https:\/\/cuc.carnet.hr\/2025\/wp-json\/wp\/v2\/pages\/291","targetHints":{"allow":["GET"]}}],"collection":[{"href":"https:\/\/cuc.carnet.hr\/2025\/wp-json\/wp\/v2\/pages"}],"about":[{"href":"https:\/\/cuc.carnet.hr\/2025\/wp-json\/wp\/v2\/types\/page"}],"author":[{"embeddable":true,"href":"https:\/\/cuc.carnet.hr\/2025\/wp-json\/wp\/v2\/users\/1"}],"replies":[{"embeddable":true,"href":"https:\/\/cuc.carnet.hr\/2025\/wp-json\/wp\/v2\/comments?post=291"}],"version-history":[{"count":25,"href":"https:\/\/cuc.carnet.hr\/2025\/wp-json\/wp\/v2\/pages\/291\/revisions"}],"predecessor-version":[{"id":1080,"href":"https:\/\/cuc.carnet.hr\/2025\/wp-json\/wp\/v2\/pages\/291\/revisions\/1080"}],"wp:attachment":[{"href":"https:\/\/cuc.carnet.hr\/2025\/wp-json\/wp\/v2\/media?parent=291"}],"curies":[{"name":"wp","href":"https:\/\/api.w.org\/{rel}","templated":true}]}}