{"id":855,"date":"2024-02-27T17:12:20","date_gmt":"2024-02-27T16:12:20","guid":{"rendered":"https:\/\/cuc.carnet.hr\/2024\/?page_id=855"},"modified":"2024-02-27T17:12:21","modified_gmt":"2024-02-27T16:12:21","slug":"marijana-pezelj","status":"publish","type":"page","link":"https:\/\/cuc.carnet.hr\/2024\/programski-odbor\/marijana-pezelj\/","title":{"rendered":"Marijana Pezelj"},"content":{"rendered":"\n<p>Marijana Pezelj zaposlena je u CARNET-u na mjestu specijalista\u00a0 u odjelu podr\u0161ke obrazovanju i u 22 godine u CARNET-u pro\u0161la je poslove od koordinatora \u010dvori\u0161ta Split, voditelja\u00a0 edukacijskog centra, pomo\u0107nice ravnatelja do predsjednice Programskog odbora CUC-a. Iako primarno tehni\u010dke orijentacije (zavr\u0161ila je Fakultet elektrotehnike, strojarstva i brodogradnje, Odsjek elektronika, smjer ra\u010dunarska tehnika) prona\u0161la se u poslovima vezanima za edukaciju i primjenu novih tehnologija u edukaciji. <\/p>\n\n\n\n<p>Stru\u010dne edukacije koje je i sama pro\u0161la odvijale su se u online okru\u017eenju: Cisco akademija mre\u017enih tehnologija (2003.), E-learning akademija, smjer Course Design (2012. \u2013 2013.), a pored toga pro\u0161la\u00a0 je niz seminara i te\u010dajeva iz podru\u010dja upravljanja, timskog rada, komunikacijskih vje\u0161tina, poslovnih procesa, vo\u0111enja projekata. Sudjelovala je i vodila vi\u0161e projektata iz podru\u010dja e-learninga, posebno na razvoju online sadr\u017eaja i implementaciji alata i platformi za online u\u010denje. U pilot-projektu e-\u0160kole bila je anga\u017eirana na analizi i podizanju digitalne zrelosti \u0161kola.<\/p>\n","protected":false},"excerpt":{"rendered":"<p>Marijana Pezelj zaposlena je u CARNET-u na mjestu specijalista\u00a0 u odjelu podr\u0161ke obrazovanju i u 22 godine u CARNET-u pro\u0161la je poslove od koordinatora \u010dvori\u0161ta Split, voditelja\u00a0 edukacijskog centra, pomo\u0107nice ravnatelja do predsjednice Programskog odbora CUC-a. Iako primarno tehni\u010dke orijentacije (zavr\u0161ila je Fakultet elektrotehnike, strojarstva i brodogradnje, Odsjek elektronika, smjer ra\u010dunarska tehnika) prona\u0161la se u [&hellip;]<\/p>\n","protected":false},"author":3,"featured_media":0,"parent":556,"menu_order":0,"comment_status":"closed","ping_status":"closed","template":"","meta":{"footnotes":""},"class_list":["post-855","page","type-page","status-publish","hentry"],"_links":{"self":[{"href":"https:\/\/cuc.carnet.hr\/2024\/wp-json\/wp\/v2\/pages\/855","targetHints":{"allow":["GET"]}}],"collection":[{"href":"https:\/\/cuc.carnet.hr\/2024\/wp-json\/wp\/v2\/pages"}],"about":[{"href":"https:\/\/cuc.carnet.hr\/2024\/wp-json\/wp\/v2\/types\/page"}],"author":[{"embeddable":true,"href":"https:\/\/cuc.carnet.hr\/2024\/wp-json\/wp\/v2\/users\/3"}],"replies":[{"embeddable":true,"href":"https:\/\/cuc.carnet.hr\/2024\/wp-json\/wp\/v2\/comments?post=855"}],"version-history":[{"count":1,"href":"https:\/\/cuc.carnet.hr\/2024\/wp-json\/wp\/v2\/pages\/855\/revisions"}],"predecessor-version":[{"id":856,"href":"https:\/\/cuc.carnet.hr\/2024\/wp-json\/wp\/v2\/pages\/855\/revisions\/856"}],"up":[{"embeddable":true,"href":"https:\/\/cuc.carnet.hr\/2024\/wp-json\/wp\/v2\/pages\/556"}],"wp:attachment":[{"href":"https:\/\/cuc.carnet.hr\/2024\/wp-json\/wp\/v2\/media?parent=855"}],"curies":[{"name":"wp","href":"https:\/\/api.w.org\/{rel}","templated":true}]}}