{"id":851,"date":"2024-02-27T17:09:33","date_gmt":"2024-02-27T16:09:33","guid":{"rendered":"https:\/\/cuc.carnet.hr\/2024\/?page_id=851"},"modified":"2024-02-27T17:09:34","modified_gmt":"2024-02-27T16:09:34","slug":"sasa-mladenovic","status":"publish","type":"page","link":"https:\/\/cuc.carnet.hr\/2024\/programski-odbor\/sasa-mladenovic\/","title":{"rendered":"Sa\u0161a Mladenovi\u0107"},"content":{"rendered":"\n<p>Sa\u0161a Mladenovi\u0107 je redoviti profesor na Prirodoslovno-matemati\u010dkom fakultetu Sveu\u010dili\u0161ta u Splitu (Hrvatska). Voditelj je istra\u017eiva\u010dke grupe za umjetnu inteligenciju, nositelj je kolegija na vi\u0161e doktorskih, diplomskih i preddiplomskih studija na Odjelu za informatiku. Doktorirao je ra\u010dunarstvo na Fakultetu elektrotehnike, strojarstva i brodogradnje u Splitu (FESB). <\/p>\n\n\n\n<p>Od 1999. do 2006. obna\u0161ao je du\u017enost tehni\u010dkog voditelja odjela sustava naplate cestarine Ecsata, Hrvatska \u2013 tvrtke odgovorne za razvoj softvera u odjelu prometa CS grupe Dizajner, integrator i operater kriti\u010dnih sustava, Francuska. Njegovi istra\u017eiva\u010dki interesi uklju\u010duju: probleme u nastavi programiranja, interoperabilnost, inteligentne tehnologije poput ontologije i vi\u0161eagentnih sustava, posebno in\u017eenjerske primjene inteligentnih tehnologija. \u010clan je IEEE od 1996.<\/p>\n","protected":false},"excerpt":{"rendered":"<p>Sa\u0161a Mladenovi\u0107 je redoviti profesor na Prirodoslovno-matemati\u010dkom fakultetu Sveu\u010dili\u0161ta u Splitu (Hrvatska). Voditelj je istra\u017eiva\u010dke grupe za umjetnu inteligenciju, nositelj je kolegija na vi\u0161e doktorskih, diplomskih i preddiplomskih studija na Odjelu za informatiku. Doktorirao je ra\u010dunarstvo na Fakultetu elektrotehnike, strojarstva i brodogradnje u Splitu (FESB). Od 1999. do 2006. obna\u0161ao je du\u017enost tehni\u010dkog voditelja odjela [&hellip;]<\/p>\n","protected":false},"author":3,"featured_media":0,"parent":556,"menu_order":0,"comment_status":"closed","ping_status":"closed","template":"","meta":{"footnotes":""},"class_list":["post-851","page","type-page","status-publish","hentry"],"_links":{"self":[{"href":"https:\/\/cuc.carnet.hr\/2024\/wp-json\/wp\/v2\/pages\/851","targetHints":{"allow":["GET"]}}],"collection":[{"href":"https:\/\/cuc.carnet.hr\/2024\/wp-json\/wp\/v2\/pages"}],"about":[{"href":"https:\/\/cuc.carnet.hr\/2024\/wp-json\/wp\/v2\/types\/page"}],"author":[{"embeddable":true,"href":"https:\/\/cuc.carnet.hr\/2024\/wp-json\/wp\/v2\/users\/3"}],"replies":[{"embeddable":true,"href":"https:\/\/cuc.carnet.hr\/2024\/wp-json\/wp\/v2\/comments?post=851"}],"version-history":[{"count":1,"href":"https:\/\/cuc.carnet.hr\/2024\/wp-json\/wp\/v2\/pages\/851\/revisions"}],"predecessor-version":[{"id":852,"href":"https:\/\/cuc.carnet.hr\/2024\/wp-json\/wp\/v2\/pages\/851\/revisions\/852"}],"up":[{"embeddable":true,"href":"https:\/\/cuc.carnet.hr\/2024\/wp-json\/wp\/v2\/pages\/556"}],"wp:attachment":[{"href":"https:\/\/cuc.carnet.hr\/2024\/wp-json\/wp\/v2\/media?parent=851"}],"curies":[{"name":"wp","href":"https:\/\/api.w.org\/{rel}","templated":true}]}}