{"id":849,"date":"2024-02-27T17:08:10","date_gmt":"2024-02-27T16:08:10","guid":{"rendered":"https:\/\/cuc.carnet.hr\/2024\/?page_id=849"},"modified":"2024-02-27T17:08:11","modified_gmt":"2024-02-27T16:08:11","slug":"zdenko-kobescak","status":"publish","type":"page","link":"https:\/\/cuc.carnet.hr\/2024\/programski-odbor\/zdenko-kobescak\/","title":{"rendered":"Zdenko Kobe\u0161\u010dak"},"content":{"rendered":"\n<p>Ravnatelj je Osnovne \u0161kole Stjepana Radi\u0107a u Brestovcu Orehovi\u010dkom. Diplomirao je 1995. godine na Fakultetu organizacije i informatike u Vara\u017edinu, a 2001. godine na Katehetskom Institutu u Zagrebu. Tri godine kasnije postaje u\u010ditelj mentor, pa u\u010ditelj savjetnik, a 2011. godine stje\u010de zvanje Sveu\u010dili\u0161ni specijalist menad\u017ementa neprofitnih organizacija i socijalnog zagovaranja.&nbsp;<\/p>\n\n\n\n<p>Certificirani je Master trainer Bristish Council-a za stru\u010dno usavr\u0161avanje ravnatelja, ravnatelj mentor i dobitnik priznanja U\u010ditelj heroj (BUG Future Show).<\/p>\n\n\n\n<p>Kao ravnatelj osnovne \u0161kole bavi se implementacijom IKT resursa u sve segmente \u017eivota i rada \u0161kole povezuju\u0107i sve dionike \u0161kolskog \u017eivota: u\u010denike, u\u010ditelje, tehni\u010dko osoblje, roditelje i lokalnu zajednicu. Kao logi\u010dan nastavak tog procesa \u0161kola je u\u0161la u krug europskih poduzetni\u010dkih \u0161kola, a u tijeku je preobrazba \u0161kole kao nukleusa budu\u0107eg razvoja Pametnih sela (Smart Villages).<\/p>\n\n\n\n<p>U novije vrijeme bavi se promicanjem kvalitetnije implementacije IKT resursa, uklju\u010duju\u0107i i umjetnu inteligenciju, u obrazovanju, te pri tom koristi potencijale Regionalnog obrazovnog centra (ROC-a), koji je 2023. otvoren u srcu Zagorja.<\/p>\n","protected":false},"excerpt":{"rendered":"<p>Ravnatelj je Osnovne \u0161kole Stjepana Radi\u0107a u Brestovcu Orehovi\u010dkom. Diplomirao je 1995. godine na Fakultetu organizacije i informatike u Vara\u017edinu, a 2001. godine na Katehetskom Institutu u Zagrebu. Tri godine kasnije postaje u\u010ditelj mentor, pa u\u010ditelj savjetnik, a 2011. godine stje\u010de zvanje Sveu\u010dili\u0161ni specijalist menad\u017ementa neprofitnih organizacija i socijalnog zagovaranja.&nbsp; Certificirani je Master trainer Bristish [&hellip;]<\/p>\n","protected":false},"author":3,"featured_media":0,"parent":556,"menu_order":0,"comment_status":"closed","ping_status":"closed","template":"","meta":{"footnotes":""},"class_list":["post-849","page","type-page","status-publish","hentry"],"_links":{"self":[{"href":"https:\/\/cuc.carnet.hr\/2024\/wp-json\/wp\/v2\/pages\/849","targetHints":{"allow":["GET"]}}],"collection":[{"href":"https:\/\/cuc.carnet.hr\/2024\/wp-json\/wp\/v2\/pages"}],"about":[{"href":"https:\/\/cuc.carnet.hr\/2024\/wp-json\/wp\/v2\/types\/page"}],"author":[{"embeddable":true,"href":"https:\/\/cuc.carnet.hr\/2024\/wp-json\/wp\/v2\/users\/3"}],"replies":[{"embeddable":true,"href":"https:\/\/cuc.carnet.hr\/2024\/wp-json\/wp\/v2\/comments?post=849"}],"version-history":[{"count":1,"href":"https:\/\/cuc.carnet.hr\/2024\/wp-json\/wp\/v2\/pages\/849\/revisions"}],"predecessor-version":[{"id":850,"href":"https:\/\/cuc.carnet.hr\/2024\/wp-json\/wp\/v2\/pages\/849\/revisions\/850"}],"up":[{"embeddable":true,"href":"https:\/\/cuc.carnet.hr\/2024\/wp-json\/wp\/v2\/pages\/556"}],"wp:attachment":[{"href":"https:\/\/cuc.carnet.hr\/2024\/wp-json\/wp\/v2\/media?parent=849"}],"curies":[{"name":"wp","href":"https:\/\/api.w.org\/{rel}","templated":true}]}}