{"id":844,"date":"2024-02-27T17:04:57","date_gmt":"2024-02-27T16:04:57","guid":{"rendered":"https:\/\/cuc.carnet.hr\/2024\/?page_id=844"},"modified":"2024-02-27T17:06:37","modified_gmt":"2024-02-27T16:06:37","slug":"milka-fofonjka","status":"publish","type":"page","link":"https:\/\/cuc.carnet.hr\/2024\/programski-odbor\/milka-fofonjka\/","title":{"rendered":"Milka Fofonjka"},"content":{"rendered":"\t\t<div data-elementor-type=\"wp-page\" data-elementor-id=\"844\" class=\"elementor elementor-844\" data-elementor-post-type=\"page\">\n\t\t\t\t<div class=\"elementor-element elementor-element-e227383 e-flex e-con-boxed e-con e-parent\" data-id=\"e227383\" data-element_type=\"container\" data-core-v316-plus=\"true\">\n\t\t\t\t\t<div class=\"e-con-inner\">\n\t\t\t\t<div class=\"elementor-element elementor-element-fa4ade0 elementor-widget elementor-widget-text-editor\" data-id=\"fa4ade0\" data-element_type=\"widget\" data-widget_type=\"text-editor.default\">\n\t\t\t\t<div class=\"elementor-widget-container\">\n\t\t\t<style>\/*! elementor - v3.20.0 - 26-03-2024 *\/\n.elementor-widget-text-editor.elementor-drop-cap-view-stacked .elementor-drop-cap{background-color:#69727d;color:#fff}.elementor-widget-text-editor.elementor-drop-cap-view-framed .elementor-drop-cap{color:#69727d;border:3px solid;background-color:transparent}.elementor-widget-text-editor:not(.elementor-drop-cap-view-default) .elementor-drop-cap{margin-top:8px}.elementor-widget-text-editor:not(.elementor-drop-cap-view-default) .elementor-drop-cap-letter{width:1em;height:1em}.elementor-widget-text-editor .elementor-drop-cap{float:left;text-align:center;line-height:1;font-size:50px}.elementor-widget-text-editor .elementor-drop-cap-letter{display:inline-block}<\/style>\t\t\t\t<p>Milka Fofonjka je zaposlena u II. O\u0160 Bjelovar kao u\u010diteljica izvrsna savjetnica matematike. Intenzivno se bavi prou\u010davanjem novih tehnologija i metoda rada u obrazovanju. Voditeljica me\u0111unarodnih projekata i koordinatorica Erasmus akreditacije u period od 2021. do 2027. godine.<\/p><p>Bavi se pisanjem i provo\u0111enjem projekata, autorica je stru\u010dnih priru\u010dnika, e-te\u010dajeva, radnih bilje\u017enica iz matematike za darovite u\u010denike, obrazovnih digitalnih sadr\u017eaja za matematiku \u201eIZZI\u201c od petog do osmog razreda u izdanju Profil-Klett d.o.o.<\/p><p>U sklopu pilot projekta e-\u0160kole odr\u017eavala radionice za u\u010ditelje i stru\u010dne suradnike u svrhu provo\u0111enja programa obrazovanja za razvoj digitalnih kompetencija. \u010clanica je radne skupine za izradu kurikuluma izvannastavne aktivnosti i fakultativnog predmeta u sklopu projekta \u201eBrAIn\u201c. 2020. i 2022. godine je progla\u0161ena jednom od 513 najboljih u\u010ditelja RH. Dobila je Pe\u010dat grada Bjelovara za uspjehe na podru\u010dju odgoja i obrazovanja i nagradu za uspje\u0161an pedago\u0161ki rad Fonda &#8220;Bo\u017ea Tvrtkovi\u0107&#8221;.<\/p>\t\t\t\t\t\t<\/div>\n\t\t\t\t<\/div>\n\t\t\t\t\t<\/div>\n\t\t\t\t<\/div>\n\t\t\t\t<\/div>\n\t\t","protected":false},"excerpt":{"rendered":"<p>Milka Fofonjka je zaposlena u II. O\u0160 Bjelovar kao u\u010diteljica izvrsna savjetnica matematike. Intenzivno se bavi prou\u010davanjem novih tehnologija i metoda rada u obrazovanju. Voditeljica me\u0111unarodnih projekata i koordinatorica Erasmus akreditacije u period od 2021. do 2027. godine. Bavi se pisanjem i provo\u0111enjem projekata, autorica je stru\u010dnih priru\u010dnika, e-te\u010dajeva, radnih bilje\u017enica iz matematike za darovite [&hellip;]<\/p>\n","protected":false},"author":3,"featured_media":0,"parent":556,"menu_order":0,"comment_status":"closed","ping_status":"closed","template":"","meta":{"footnotes":""},"class_list":["post-844","page","type-page","status-publish","hentry"],"_links":{"self":[{"href":"https:\/\/cuc.carnet.hr\/2024\/wp-json\/wp\/v2\/pages\/844","targetHints":{"allow":["GET"]}}],"collection":[{"href":"https:\/\/cuc.carnet.hr\/2024\/wp-json\/wp\/v2\/pages"}],"about":[{"href":"https:\/\/cuc.carnet.hr\/2024\/wp-json\/wp\/v2\/types\/page"}],"author":[{"embeddable":true,"href":"https:\/\/cuc.carnet.hr\/2024\/wp-json\/wp\/v2\/users\/3"}],"replies":[{"embeddable":true,"href":"https:\/\/cuc.carnet.hr\/2024\/wp-json\/wp\/v2\/comments?post=844"}],"version-history":[{"count":4,"href":"https:\/\/cuc.carnet.hr\/2024\/wp-json\/wp\/v2\/pages\/844\/revisions"}],"predecessor-version":[{"id":848,"href":"https:\/\/cuc.carnet.hr\/2024\/wp-json\/wp\/v2\/pages\/844\/revisions\/848"}],"up":[{"embeddable":true,"href":"https:\/\/cuc.carnet.hr\/2024\/wp-json\/wp\/v2\/pages\/556"}],"wp:attachment":[{"href":"https:\/\/cuc.carnet.hr\/2024\/wp-json\/wp\/v2\/media?parent=844"}],"curies":[{"name":"wp","href":"https:\/\/api.w.org\/{rel}","templated":true}]}}