{"id":659,"date":"2024-01-26T10:38:11","date_gmt":"2024-01-26T09:38:11","guid":{"rendered":"https:\/\/cuc.carnet.hr\/2024\/?page_id=659"},"modified":"2024-01-26T10:48:51","modified_gmt":"2024-01-26T09:48:51","slug":"organizacijski-odbor","status":"publish","type":"page","link":"https:\/\/cuc.carnet.hr\/2024\/organizacijski-odbor\/","title":{"rendered":"Organizacijski odbor"},"content":{"rendered":"\t\t<div data-elementor-type=\"wp-page\" data-elementor-id=\"659\" class=\"elementor elementor-659\" data-elementor-post-type=\"page\">\n\t\t\t\t<div class=\"elementor-element elementor-element-2fceaf4a e-flex e-con-boxed e-con e-parent\" data-id=\"2fceaf4a\" data-element_type=\"container\" data-core-v316-plus=\"true\">\n\t\t\t\t\t<div class=\"e-con-inner\">\n\t\t\t\t<div class=\"elementor-element elementor-element-779db044 elementor-widget elementor-widget-text-editor\" data-id=\"779db044\" data-element_type=\"widget\" data-widget_type=\"text-editor.default\">\n\t\t\t\t<div class=\"elementor-widget-container\">\n\t\t\t<style>\/*! elementor - v3.20.0 - 26-03-2024 *\/\n.elementor-widget-text-editor.elementor-drop-cap-view-stacked .elementor-drop-cap{background-color:#69727d;color:#fff}.elementor-widget-text-editor.elementor-drop-cap-view-framed .elementor-drop-cap{color:#69727d;border:3px solid;background-color:transparent}.elementor-widget-text-editor:not(.elementor-drop-cap-view-default) .elementor-drop-cap{margin-top:8px}.elementor-widget-text-editor:not(.elementor-drop-cap-view-default) .elementor-drop-cap-letter{width:1em;height:1em}.elementor-widget-text-editor .elementor-drop-cap{float:left;text-align:center;line-height:1;font-size:50px}.elementor-widget-text-editor .elementor-drop-cap-letter{display:inline-block}<\/style>\t\t\t\t<h3><strong>Producent<\/strong><\/h3>\n<p>Nino \u0106osi\u0107<\/p>\n<h3><strong>Produkcijski tim<\/strong><\/h3>\n<p>Mateja Buri\u0161a<\/p>\n<p>Anja Korda<\/p>\n<p>Tomislav Neguli\u0107<\/p>\n<p>Maja Petrovi\u0107<\/p>\n<p>Ana Smoljo<\/p>\t\t\t\t\t\t<\/div>\n\t\t\t\t<\/div>\n\t\t\t\t\t<\/div>\n\t\t\t\t<\/div>\n\t\t\t\t<\/div>\n\t\t","protected":false},"excerpt":{"rendered":"<p>Producent Nino \u0106osi\u0107 Produkcijski tim Mateja Buri\u0161a Anja Korda Tomislav Neguli\u0107 Maja Petrovi\u0107 Ana Smoljo<\/p>\n","protected":false},"author":3,"featured_media":0,"parent":0,"menu_order":0,"comment_status":"closed","ping_status":"closed","template":"","meta":{"footnotes":""},"class_list":["post-659","page","type-page","status-publish","hentry"],"_links":{"self":[{"href":"https:\/\/cuc.carnet.hr\/2024\/wp-json\/wp\/v2\/pages\/659","targetHints":{"allow":["GET"]}}],"collection":[{"href":"https:\/\/cuc.carnet.hr\/2024\/wp-json\/wp\/v2\/pages"}],"about":[{"href":"https:\/\/cuc.carnet.hr\/2024\/wp-json\/wp\/v2\/types\/page"}],"author":[{"embeddable":true,"href":"https:\/\/cuc.carnet.hr\/2024\/wp-json\/wp\/v2\/users\/3"}],"replies":[{"embeddable":true,"href":"https:\/\/cuc.carnet.hr\/2024\/wp-json\/wp\/v2\/comments?post=659"}],"version-history":[{"count":5,"href":"https:\/\/cuc.carnet.hr\/2024\/wp-json\/wp\/v2\/pages\/659\/revisions"}],"predecessor-version":[{"id":664,"href":"https:\/\/cuc.carnet.hr\/2024\/wp-json\/wp\/v2\/pages\/659\/revisions\/664"}],"wp:attachment":[{"href":"https:\/\/cuc.carnet.hr\/2024\/wp-json\/wp\/v2\/media?parent=659"}],"curies":[{"name":"wp","href":"https:\/\/api.w.org\/{rel}","templated":true}]}}