{"id":654,"date":"2024-01-26T09:13:47","date_gmt":"2024-01-26T08:13:47","guid":{"rendered":"https:\/\/cuc.carnet.hr\/2024\/?page_id=654"},"modified":"2024-01-26T09:13:49","modified_gmt":"2024-01-26T08:13:49","slug":"tomislav-matic","status":"publish","type":"page","link":"https:\/\/cuc.carnet.hr\/2024\/programski-odbor\/tomislav-matic\/","title":{"rendered":"Tomislav Mati\u0107"},"content":{"rendered":"\n<p>Tomislav Mati\u0107 zaposlen je kao redoviti profesor na Zavodu za komunikacije Fakulteta elektrotehnike, ra\u010dunarstva i informacijskih tehnologija Osijek. Od 2017. do 2019. obna\u0161ao je du\u017enost prodekana za nastavu i studente, a od 2021. obna\u0161a du\u017enost dekana. <\/p>\n\n\n\n<p>Provodio je znanstvena istra\u017eivanja u podru\u010dju modulacijskih postupaka, analogno-digitalne pretvorbe, biomedicinskog in\u017eenjerstva te dizajna integriranih krugova. Rezultate znanstveno-istra\u017eiva\u010dkog rada objavio je u preko 30 znanstvenih radova u znanstvenim \u010dasopisima i na me\u0111unarodnim konferencijama. Kao voditelj i suradnik sudjelovao je u provedbi niza znanstvenih i stru\u010dnih projekata. Suizumitelj je na 18 patentnih prijava od kojih je 5 za\u0161ti\u0107eno me\u0111unarodnim patentom.<\/p>\n","protected":false},"excerpt":{"rendered":"<p>Tomislav Mati\u0107 zaposlen je kao redoviti profesor na Zavodu za komunikacije Fakulteta elektrotehnike, ra\u010dunarstva i informacijskih tehnologija Osijek. Od 2017. do 2019. obna\u0161ao je du\u017enost prodekana za nastavu i studente, a od 2021. obna\u0161a du\u017enost dekana. Provodio je znanstvena istra\u017eivanja u podru\u010dju modulacijskih postupaka, analogno-digitalne pretvorbe, biomedicinskog in\u017eenjerstva te dizajna integriranih krugova. Rezultate znanstveno-istra\u017eiva\u010dkog rada [&hellip;]<\/p>\n","protected":false},"author":3,"featured_media":0,"parent":556,"menu_order":0,"comment_status":"closed","ping_status":"closed","template":"","meta":{"footnotes":""},"class_list":["post-654","page","type-page","status-publish","hentry"],"_links":{"self":[{"href":"https:\/\/cuc.carnet.hr\/2024\/wp-json\/wp\/v2\/pages\/654","targetHints":{"allow":["GET"]}}],"collection":[{"href":"https:\/\/cuc.carnet.hr\/2024\/wp-json\/wp\/v2\/pages"}],"about":[{"href":"https:\/\/cuc.carnet.hr\/2024\/wp-json\/wp\/v2\/types\/page"}],"author":[{"embeddable":true,"href":"https:\/\/cuc.carnet.hr\/2024\/wp-json\/wp\/v2\/users\/3"}],"replies":[{"embeddable":true,"href":"https:\/\/cuc.carnet.hr\/2024\/wp-json\/wp\/v2\/comments?post=654"}],"version-history":[{"count":1,"href":"https:\/\/cuc.carnet.hr\/2024\/wp-json\/wp\/v2\/pages\/654\/revisions"}],"predecessor-version":[{"id":655,"href":"https:\/\/cuc.carnet.hr\/2024\/wp-json\/wp\/v2\/pages\/654\/revisions\/655"}],"up":[{"embeddable":true,"href":"https:\/\/cuc.carnet.hr\/2024\/wp-json\/wp\/v2\/pages\/556"}],"wp:attachment":[{"href":"https:\/\/cuc.carnet.hr\/2024\/wp-json\/wp\/v2\/media?parent=654"}],"curies":[{"name":"wp","href":"https:\/\/api.w.org\/{rel}","templated":true}]}}