{"id":647,"date":"2024-01-26T09:02:54","date_gmt":"2024-01-26T08:02:54","guid":{"rendered":"https:\/\/cuc.carnet.hr\/2024\/?page_id=647"},"modified":"2024-01-26T09:04:44","modified_gmt":"2024-01-26T08:04:44","slug":"ivan-rimac","status":"publish","type":"page","link":"https:\/\/cuc.carnet.hr\/2024\/programski-odbor\/ivan-rimac\/","title":{"rendered":"Ivan Rimac"},"content":{"rendered":"\n<p>Ivan Rimac, Glavni direktor informacijske tehnologije tvrtke Barrage, diplomirao je na Odjelu za Fiziku Sveu\u010dili\u0161ta J.J. Strossmayera u Osijeku. U ICT industriji zapo\u010deo je kao freelancer, a potom suosniva i vodi svoju prvu tvrtku Studio 33 u Osijeku. Ubrzo nakon toga, zbog rasta potra\u017enje na tr\u017ei\u0161tu, 2016. suosniva tvrtku Barrage koja se specijalizira za dizajn i razvoj aplikacija po mjeri korisnika. Barrage je zapo\u010deo s 15 zaposlenika, a sada uz zdravi rast broji ve\u0107 oko 100 zaposlenika.<\/p>\n\n\n\n<p>Ivanova domena je stvaranje poslovnih procesa, upravljanje timovima softverskog in\u017eenjeringa, projektiranje cloud rje\u0161enja te implementacija informacijske sigurnosti i sigurnosnih praksi u razvoju aplikacija. Uvijek je u potrazi za novim tehnologijama te pronalazi na\u010dine kako ih primijeniti u proizvodnom okru\u017eenju.<\/p>\n\n\n\n<p>S malo osobnije strane, Ivan je nekad bio predani sporta\u0161 \u0161to mu je izgradilo pravu mjeru discipline i natjecateljski duh. Ljubitelj je putovanja i veliki zaljubljenik u automobile. Brze automobile. Bez obzira na to bio u uredu ili ne, on nikada nije offline, te ne gubi svoj entuzijazam, zbog \u010dega tehni\u010dki razgovori s Ivanom rezultiraju novim iskustvom izvan uobi\u010dajenog.<\/p>\n","protected":false},"excerpt":{"rendered":"<p>Ivan Rimac, Glavni direktor informacijske tehnologije tvrtke Barrage, diplomirao je na Odjelu za Fiziku Sveu\u010dili\u0161ta J.J. Strossmayera u Osijeku. U ICT industriji zapo\u010deo je kao freelancer, a potom suosniva i vodi svoju prvu tvrtku Studio 33 u Osijeku. Ubrzo nakon toga, zbog rasta potra\u017enje na tr\u017ei\u0161tu, 2016. suosniva tvrtku Barrage koja se specijalizira za dizajn [&hellip;]<\/p>\n","protected":false},"author":3,"featured_media":0,"parent":556,"menu_order":0,"comment_status":"closed","ping_status":"closed","template":"","meta":{"footnotes":""},"class_list":["post-647","page","type-page","status-publish","hentry"],"_links":{"self":[{"href":"https:\/\/cuc.carnet.hr\/2024\/wp-json\/wp\/v2\/pages\/647","targetHints":{"allow":["GET"]}}],"collection":[{"href":"https:\/\/cuc.carnet.hr\/2024\/wp-json\/wp\/v2\/pages"}],"about":[{"href":"https:\/\/cuc.carnet.hr\/2024\/wp-json\/wp\/v2\/types\/page"}],"author":[{"embeddable":true,"href":"https:\/\/cuc.carnet.hr\/2024\/wp-json\/wp\/v2\/users\/3"}],"replies":[{"embeddable":true,"href":"https:\/\/cuc.carnet.hr\/2024\/wp-json\/wp\/v2\/comments?post=647"}],"version-history":[{"count":2,"href":"https:\/\/cuc.carnet.hr\/2024\/wp-json\/wp\/v2\/pages\/647\/revisions"}],"predecessor-version":[{"id":650,"href":"https:\/\/cuc.carnet.hr\/2024\/wp-json\/wp\/v2\/pages\/647\/revisions\/650"}],"up":[{"embeddable":true,"href":"https:\/\/cuc.carnet.hr\/2024\/wp-json\/wp\/v2\/pages\/556"}],"wp:attachment":[{"href":"https:\/\/cuc.carnet.hr\/2024\/wp-json\/wp\/v2\/media?parent=647"}],"curies":[{"name":"wp","href":"https:\/\/api.w.org\/{rel}","templated":true}]}}