{"id":628,"date":"2024-01-17T11:01:56","date_gmt":"2024-01-17T10:01:56","guid":{"rendered":"https:\/\/cuc.carnet.hr\/2024\/?page_id=628"},"modified":"2024-01-17T11:01:57","modified_gmt":"2024-01-17T10:01:57","slug":"tomislav-kotnik","status":"publish","type":"page","link":"https:\/\/cuc.carnet.hr\/2024\/programski-odbor\/tomislav-kotnik\/","title":{"rendered":"Tomislav Kotnik"},"content":{"rendered":"\n<p>Tomislav Kotnik, osniva\u010d i glavni urednik tehnolo\u0161ko medijske ku\u0107e VIDI koja ve\u0107 30 godina izdaje popularno-informati\u010dki \u010dasopis VIDI te mnoge popularno tehnolo\u0161ke web portale. Nakladnik je vi\u0161e od 50 stru\u010dnih informati\u010dkih knjiga. U ime tvrtke VIDI sa Institutom Ru\u0111er Bo\u0161kovi\u0107 osnovao je prvu hrvatsku nagradu isklju\u010divo za visoko tehnolo\u0161ke inovacije VIDI e-novation Award koja je u 15 godina postojanja nagradila preko 70-tak inovativnih projekata od kojih su neki poput Mate Rimca postale i svjetske prepoznate inovacije. Godine 2002. godine inicira utemeljenje Premijerove Web nagrade za najbolje web projekte. U srpnju 2003. godine inicira i organizira u sklopu doga\u0111aja VIDI Awards prvu virtualnu sjednicu Vlade RH odr\u017eanu putem Interneta koja je u tom obliku prvi puta realizirana u svijetu.<\/p>\n\n\n\n<p>2017. godine sudjeluje u timu na izradi Strate\u0161kog okvira za digitalno sazrijevanje \u0161kola i \u0161kolskog sustava u Republici Hrvatskog (2030). Krajem 2019. godine u suradnji s nekoliko tehnolo\u0161kih tvrtki i udruga predvodi projekt razvoja prvog hrvatskog razvojnog multifunkcionalnog mikrora\u010dunala VIDI X koji je danas dostupan za preko 40.000 u\u010denika u vi\u0161e od 160 \u0161kola i fakulteta \u0161irom Hrvatske, a slu\u017ei za prakti\u010dnu STEM edukaciju i razvoj malih te inovativnih projekata u podru\u010dju IoT-a i jednostavnijih robotskih sustava. VIDI X kao platformu za STEM edukaciju danas aktivno koriste \u010dak i \u0161kole u SAD-u.<\/p>\n\n\n\n<p>U ljeto 2023 je pozvan od strane poznatog ameri\u010dkog izdava\u010da tehnolo\u0161ke literature Manning Publications Co. da bude jedan od recenzenata knjige AI: Reality and illusion, ameri\u010dkog autora Dr. Akli Adjaoute, poznatog znanstvenika, profesora i poduzetnika te nositelja 28 tehnolo\u0161kih patenata.<strong><\/strong><\/p>\n","protected":false},"excerpt":{"rendered":"<p>Tomislav Kotnik, osniva\u010d i glavni urednik tehnolo\u0161ko medijske ku\u0107e VIDI koja ve\u0107 30 godina izdaje popularno-informati\u010dki \u010dasopis VIDI te mnoge popularno tehnolo\u0161ke web portale. Nakladnik je vi\u0161e od 50 stru\u010dnih informati\u010dkih knjiga. U ime tvrtke VIDI sa Institutom Ru\u0111er Bo\u0161kovi\u0107 osnovao je prvu hrvatsku nagradu isklju\u010divo za visoko tehnolo\u0161ke inovacije VIDI e-novation Award koja je [&hellip;]<\/p>\n","protected":false},"author":3,"featured_media":0,"parent":556,"menu_order":0,"comment_status":"closed","ping_status":"closed","template":"","meta":{"footnotes":""},"class_list":["post-628","page","type-page","status-publish","hentry"],"_links":{"self":[{"href":"https:\/\/cuc.carnet.hr\/2024\/wp-json\/wp\/v2\/pages\/628","targetHints":{"allow":["GET"]}}],"collection":[{"href":"https:\/\/cuc.carnet.hr\/2024\/wp-json\/wp\/v2\/pages"}],"about":[{"href":"https:\/\/cuc.carnet.hr\/2024\/wp-json\/wp\/v2\/types\/page"}],"author":[{"embeddable":true,"href":"https:\/\/cuc.carnet.hr\/2024\/wp-json\/wp\/v2\/users\/3"}],"replies":[{"embeddable":true,"href":"https:\/\/cuc.carnet.hr\/2024\/wp-json\/wp\/v2\/comments?post=628"}],"version-history":[{"count":1,"href":"https:\/\/cuc.carnet.hr\/2024\/wp-json\/wp\/v2\/pages\/628\/revisions"}],"predecessor-version":[{"id":629,"href":"https:\/\/cuc.carnet.hr\/2024\/wp-json\/wp\/v2\/pages\/628\/revisions\/629"}],"up":[{"embeddable":true,"href":"https:\/\/cuc.carnet.hr\/2024\/wp-json\/wp\/v2\/pages\/556"}],"wp:attachment":[{"href":"https:\/\/cuc.carnet.hr\/2024\/wp-json\/wp\/v2\/media?parent=628"}],"curies":[{"name":"wp","href":"https:\/\/api.w.org\/{rel}","templated":true}]}}