{"id":611,"date":"2024-01-10T15:16:08","date_gmt":"2024-01-10T14:16:08","guid":{"rendered":"https:\/\/cuc.carnet.hr\/2024\/?page_id=611"},"modified":"2024-01-10T15:16:09","modified_gmt":"2024-01-10T14:16:09","slug":"ana-smoljo","status":"publish","type":"page","link":"https:\/\/cuc.carnet.hr\/2024\/programski-odbor\/ana-smoljo\/","title":{"rendered":"Ana Smoljo\u00a0"},"content":{"rendered":"\n<p>Ana Smoljo voditeljica je Samostalnog&nbsp; za komunikacije u Hrvatskoj akademskoj i istra\u017eiva\u010dkoj mre\u017ei \u2013 CARNET. Diplomirala je Novinarstvo i zavr\u0161ila poslijediplomski studij Vanjske politike i diplomacije na Fakultetu politi\u010dkih znanosti Sveu\u010dili\u0161ta u Zagrebu.<\/p>\n\n\n\n<p>Vi\u0161e od 20 godina bavi se strate\u0161kim komunikacijama, s posebnim naglaskom na razvoj korporativnog identiteta i korporativne kulture, upravljanje reputacijom, razvoj strategija i komunikacijskih planova te strate\u0161ko savjetovanje. Tijekom konzultantske karijere savjetovala je klijente iz razli\u010ditih industrija, posebice IT i telekomunikacija, turizma, farmaceutske i prehrambene industrije te me\u0111unarodne organizacije.<\/p>\n\n\n\n<p>U CARNET-u je, kao voditeljica Samostalnog odjela za komunikacije, od 2018. godine zadu\u017eena za savjetovanje Izvr\u0161nog povjerenstva, upravljanje internom i eksternom komunikacijom, osmi\u0161ljavanje komunikacijskih strategija i kreativnih koncepata, organizaciju doga\u0111anja i komunikaciju branda CARNET.<\/p>\n\n\n\n<p>Kao \u010dlanica Upravnog odbora Hrvatske udruge za umjetnu inteligenciju uklju\u010dena je u promicanje prednosti umjetne inteligencije, osobito u segmentu obrazovanja, s naglaskom na njezinu odgovornu upotrebu i za\u0161titu privatnosti.<\/p>\n\n\n\n<p>Koautorica je dva stru\u010dna rada iz podru\u010dja upravljanja komunikacijama te \u010dlanica uredni\u0161tva knjige o projektu e-\u0160kole \u201ePut prema digitalnoj zrelosti\u201c.&nbsp;<\/p>\n","protected":false},"excerpt":{"rendered":"<p>Ana Smoljo voditeljica je Samostalnog&nbsp; za komunikacije u Hrvatskoj akademskoj i istra\u017eiva\u010dkoj mre\u017ei \u2013 CARNET. Diplomirala je Novinarstvo i zavr\u0161ila poslijediplomski studij Vanjske politike i diplomacije na Fakultetu politi\u010dkih znanosti Sveu\u010dili\u0161ta u Zagrebu. Vi\u0161e od 20 godina bavi se strate\u0161kim komunikacijama, s posebnim naglaskom na razvoj korporativnog identiteta i korporativne kulture, upravljanje reputacijom, razvoj strategija [&hellip;]<\/p>\n","protected":false},"author":3,"featured_media":0,"parent":556,"menu_order":0,"comment_status":"closed","ping_status":"closed","template":"","meta":{"footnotes":""},"class_list":["post-611","page","type-page","status-publish","hentry"],"_links":{"self":[{"href":"https:\/\/cuc.carnet.hr\/2024\/wp-json\/wp\/v2\/pages\/611","targetHints":{"allow":["GET"]}}],"collection":[{"href":"https:\/\/cuc.carnet.hr\/2024\/wp-json\/wp\/v2\/pages"}],"about":[{"href":"https:\/\/cuc.carnet.hr\/2024\/wp-json\/wp\/v2\/types\/page"}],"author":[{"embeddable":true,"href":"https:\/\/cuc.carnet.hr\/2024\/wp-json\/wp\/v2\/users\/3"}],"replies":[{"embeddable":true,"href":"https:\/\/cuc.carnet.hr\/2024\/wp-json\/wp\/v2\/comments?post=611"}],"version-history":[{"count":1,"href":"https:\/\/cuc.carnet.hr\/2024\/wp-json\/wp\/v2\/pages\/611\/revisions"}],"predecessor-version":[{"id":612,"href":"https:\/\/cuc.carnet.hr\/2024\/wp-json\/wp\/v2\/pages\/611\/revisions\/612"}],"up":[{"embeddable":true,"href":"https:\/\/cuc.carnet.hr\/2024\/wp-json\/wp\/v2\/pages\/556"}],"wp:attachment":[{"href":"https:\/\/cuc.carnet.hr\/2024\/wp-json\/wp\/v2\/media?parent=611"}],"curies":[{"name":"wp","href":"https:\/\/api.w.org\/{rel}","templated":true}]}}