{"id":609,"date":"2024-01-10T15:15:06","date_gmt":"2024-01-10T14:15:06","guid":{"rendered":"https:\/\/cuc.carnet.hr\/2024\/?page_id=609"},"modified":"2024-01-10T15:15:07","modified_gmt":"2024-01-10T14:15:07","slug":"renata-ivankovic","status":"publish","type":"page","link":"https:\/\/cuc.carnet.hr\/2024\/programski-odbor\/renata-ivankovic\/","title":{"rendered":"Renata Ivankovi\u0107"},"content":{"rendered":"\n<p>Renata Ivankovi\u0107 zaposlena je u CARNET-u kao voditeljica Odjela za razvoj koncepata e-u\u010denja, u sklopu kojega vodi timove za analitiku u\u010denja i analizu koncepata e-u\u010denja. Paralelno s razvojem koncepata i analitiku u\u010denja, s timom istra\u017euje i primjenjuje AI alate koji doprinose izradi digitalnih sadr\u017eaja za potrebe razvoja adaptivnog u\u010denja.<\/p>\n\n\n\n<p>Nakon stjecanja diplome profesorice matematike i informatike, vi\u0161e godina je radila kao nastavnica oba predmeta u srednjim \u0161kolama, a potom je dvije godine poticala primjenu IKT-a u nastavi kao vi\u0161a savjetnica za informatiku i ra\u010dunalstvo u Agenciji za odgoj i obrazovanje.<\/p>\n\n\n\n<p>U CARNET-u je vodila nacionalne projekte informatizacije cjelokupnog nastavnog i upravlja\u010dkog osoblja u \u0161kolama kao \u0161to su vi\u0161egodi\u0161nji, modularni projekt ICT Edu , Tesla u \u0161koli i Centar za sigurniji Internet, a sudjelovala je u planiranju i provedbi velikog broja europskih i nacionalnih projekata, kao \u0161to su Inspiring Science Education, e-\u0160kole, E-Sveu\u010dili\u0161ta i dr. Poseban naglasak u svom radu Renata stavlja na podru\u010dje analitike u\u010denja te primjerene i sigurne primjene IKT u odgoju i obrazovanju djece i mladih. Odr\u017eala je veliki broj predavanja i radionica za u\u010ditelje, nastavnike i ravnatelje \u0161kola, vi\u0161e savjetnike AZOO i donosioce odluka iz vi\u0161e ministarstava i Sabora RH, a sve s ciljem poticanja primjerene i sigurne primjene digitalne tehnologije u radu.<\/p>\n","protected":false},"excerpt":{"rendered":"<p>Renata Ivankovi\u0107 zaposlena je u CARNET-u kao voditeljica Odjela za razvoj koncepata e-u\u010denja, u sklopu kojega vodi timove za analitiku u\u010denja i analizu koncepata e-u\u010denja. Paralelno s razvojem koncepata i analitiku u\u010denja, s timom istra\u017euje i primjenjuje AI alate koji doprinose izradi digitalnih sadr\u017eaja za potrebe razvoja adaptivnog u\u010denja. Nakon stjecanja diplome profesorice matematike i [&hellip;]<\/p>\n","protected":false},"author":3,"featured_media":0,"parent":556,"menu_order":0,"comment_status":"closed","ping_status":"closed","template":"","meta":{"footnotes":""},"class_list":["post-609","page","type-page","status-publish","hentry"],"_links":{"self":[{"href":"https:\/\/cuc.carnet.hr\/2024\/wp-json\/wp\/v2\/pages\/609","targetHints":{"allow":["GET"]}}],"collection":[{"href":"https:\/\/cuc.carnet.hr\/2024\/wp-json\/wp\/v2\/pages"}],"about":[{"href":"https:\/\/cuc.carnet.hr\/2024\/wp-json\/wp\/v2\/types\/page"}],"author":[{"embeddable":true,"href":"https:\/\/cuc.carnet.hr\/2024\/wp-json\/wp\/v2\/users\/3"}],"replies":[{"embeddable":true,"href":"https:\/\/cuc.carnet.hr\/2024\/wp-json\/wp\/v2\/comments?post=609"}],"version-history":[{"count":1,"href":"https:\/\/cuc.carnet.hr\/2024\/wp-json\/wp\/v2\/pages\/609\/revisions"}],"predecessor-version":[{"id":610,"href":"https:\/\/cuc.carnet.hr\/2024\/wp-json\/wp\/v2\/pages\/609\/revisions\/610"}],"up":[{"embeddable":true,"href":"https:\/\/cuc.carnet.hr\/2024\/wp-json\/wp\/v2\/pages\/556"}],"wp:attachment":[{"href":"https:\/\/cuc.carnet.hr\/2024\/wp-json\/wp\/v2\/media?parent=609"}],"curies":[{"name":"wp","href":"https:\/\/api.w.org\/{rel}","templated":true}]}}