{"id":607,"date":"2024-01-10T15:14:06","date_gmt":"2024-01-10T14:14:06","guid":{"rendered":"https:\/\/cuc.carnet.hr\/2024\/?page_id=607"},"modified":"2024-01-10T15:14:07","modified_gmt":"2024-01-10T14:14:07","slug":"ivan-durcevic","status":"publish","type":"page","link":"https:\/\/cuc.carnet.hr\/2024\/programski-odbor\/ivan-durcevic\/","title":{"rendered":"Ivan \u0110ur\u010devi\u0107"},"content":{"rendered":"\n<p>Ivan \u0110ur\u010devi\u0107, ro\u0111en u Slavonskom Brodu, stje\u010de iskustvo rade\u0107i za tri Fortune 100 kompanije (3M, Mastercard, i sada, Microsoft). Iako je magistar ekonomije, svoju karijeru je zapo\u010deo u data science-u u kojem se zadr\u017eao skoro cijelo desetlje\u0107e. Trenutno je na poziciji Education Lead-a u Microsoftu, gdje sa stru\u010dnim partnerima i svim vrstama inteligencije (Human &amp; AI) sudjeluje na modernizaciji obrazovnog sektora u Hrvatskoj.<\/p>\n","protected":false},"excerpt":{"rendered":"<p>Ivan \u0110ur\u010devi\u0107, ro\u0111en u Slavonskom Brodu, stje\u010de iskustvo rade\u0107i za tri Fortune 100 kompanije (3M, Mastercard, i sada, Microsoft). Iako je magistar ekonomije, svoju karijeru je zapo\u010deo u data science-u u kojem se zadr\u017eao skoro cijelo desetlje\u0107e. Trenutno je na poziciji Education Lead-a u Microsoftu, gdje sa stru\u010dnim partnerima i svim vrstama inteligencije (Human &amp; [&hellip;]<\/p>\n","protected":false},"author":3,"featured_media":0,"parent":556,"menu_order":0,"comment_status":"closed","ping_status":"closed","template":"","meta":{"footnotes":""},"class_list":["post-607","page","type-page","status-publish","hentry"],"_links":{"self":[{"href":"https:\/\/cuc.carnet.hr\/2024\/wp-json\/wp\/v2\/pages\/607","targetHints":{"allow":["GET"]}}],"collection":[{"href":"https:\/\/cuc.carnet.hr\/2024\/wp-json\/wp\/v2\/pages"}],"about":[{"href":"https:\/\/cuc.carnet.hr\/2024\/wp-json\/wp\/v2\/types\/page"}],"author":[{"embeddable":true,"href":"https:\/\/cuc.carnet.hr\/2024\/wp-json\/wp\/v2\/users\/3"}],"replies":[{"embeddable":true,"href":"https:\/\/cuc.carnet.hr\/2024\/wp-json\/wp\/v2\/comments?post=607"}],"version-history":[{"count":1,"href":"https:\/\/cuc.carnet.hr\/2024\/wp-json\/wp\/v2\/pages\/607\/revisions"}],"predecessor-version":[{"id":608,"href":"https:\/\/cuc.carnet.hr\/2024\/wp-json\/wp\/v2\/pages\/607\/revisions\/608"}],"up":[{"embeddable":true,"href":"https:\/\/cuc.carnet.hr\/2024\/wp-json\/wp\/v2\/pages\/556"}],"wp:attachment":[{"href":"https:\/\/cuc.carnet.hr\/2024\/wp-json\/wp\/v2\/media?parent=607"}],"curies":[{"name":"wp","href":"https:\/\/api.w.org\/{rel}","templated":true}]}}