{"id":605,"date":"2024-01-10T15:13:09","date_gmt":"2024-01-10T14:13:09","guid":{"rendered":"https:\/\/cuc.carnet.hr\/2024\/?page_id=605"},"modified":"2024-01-10T15:13:09","modified_gmt":"2024-01-10T14:13:09","slug":"ena-kantor","status":"publish","type":"page","link":"https:\/\/cuc.carnet.hr\/2024\/programski-odbor\/ena-kantor\/","title":{"rendered":"Ena Kantor"},"content":{"rendered":"\n<p>Ena Kantor diplomirala je psihologiju na Filozofskom fakultetu Sveu\u010dili\u0161ta J. J. Strossmayera u Osijeku. Zaposlena je kao stru\u010dni suradnik psiholog u Osnovnoj \u0161koli Franje Kre\u017eme Osijek te kao vanjski suradnik u naslovnom suradni\u010dkom zvanju asistenta na Filozofskom fakultetu u Osijeku. Po zavr\u0161etku studija, upisuje poslijediplomski Doktorski studij psihologije na Filozofskom fakultetu u Zagrebu gdje se primarno bavi temama mentalnog zdravlja mladih odraslih osoba na \u010demu temelji svoj znanstveno-istra\u017eiva\u010dki rad.&nbsp;<\/p>\n\n\n\n<p>Dodatno se educira o temama vezanim za identifikaciju i pru\u017eanje podr\u0161ke u\u010denicima s posebno odgojno-obrazovnim potrebama te o temama vezanim za prevenciju nasilja me\u0111u djecom osnovno \u0161kolske dobi.<\/p>\n\n\n\n<p>Aktivno sudjeluje u edukaciji mladih odraslih o temama vezanim za mentalno zdravlje o kojima je odr\u017eala niz predavanja i radionica za nepsihologe.<\/p>\n\n\n\n<p>Sudjelovala je na ve\u0107em broju me\u0111unarodnih i doma\u0107ih konferencija i stru\u010dnih skupova. Sudjelovala je u organizaciji nekoliko me\u0111unarodnih i doma\u0107ih projekata me\u0111u kojima je i organizacija nekoliko znanstveno-stru\u010dnih skupova.&nbsp;<\/p>\n","protected":false},"excerpt":{"rendered":"<p>Ena Kantor diplomirala je psihologiju na Filozofskom fakultetu Sveu\u010dili\u0161ta J. J. Strossmayera u Osijeku. Zaposlena je kao stru\u010dni suradnik psiholog u Osnovnoj \u0161koli Franje Kre\u017eme Osijek te kao vanjski suradnik u naslovnom suradni\u010dkom zvanju asistenta na Filozofskom fakultetu u Osijeku. Po zavr\u0161etku studija, upisuje poslijediplomski Doktorski studij psihologije na Filozofskom fakultetu u Zagrebu gdje se [&hellip;]<\/p>\n","protected":false},"author":3,"featured_media":0,"parent":556,"menu_order":0,"comment_status":"closed","ping_status":"closed","template":"","meta":{"footnotes":""},"class_list":["post-605","page","type-page","status-publish","hentry"],"_links":{"self":[{"href":"https:\/\/cuc.carnet.hr\/2024\/wp-json\/wp\/v2\/pages\/605","targetHints":{"allow":["GET"]}}],"collection":[{"href":"https:\/\/cuc.carnet.hr\/2024\/wp-json\/wp\/v2\/pages"}],"about":[{"href":"https:\/\/cuc.carnet.hr\/2024\/wp-json\/wp\/v2\/types\/page"}],"author":[{"embeddable":true,"href":"https:\/\/cuc.carnet.hr\/2024\/wp-json\/wp\/v2\/users\/3"}],"replies":[{"embeddable":true,"href":"https:\/\/cuc.carnet.hr\/2024\/wp-json\/wp\/v2\/comments?post=605"}],"version-history":[{"count":1,"href":"https:\/\/cuc.carnet.hr\/2024\/wp-json\/wp\/v2\/pages\/605\/revisions"}],"predecessor-version":[{"id":606,"href":"https:\/\/cuc.carnet.hr\/2024\/wp-json\/wp\/v2\/pages\/605\/revisions\/606"}],"up":[{"embeddable":true,"href":"https:\/\/cuc.carnet.hr\/2024\/wp-json\/wp\/v2\/pages\/556"}],"wp:attachment":[{"href":"https:\/\/cuc.carnet.hr\/2024\/wp-json\/wp\/v2\/media?parent=605"}],"curies":[{"name":"wp","href":"https:\/\/api.w.org\/{rel}","templated":true}]}}