{"id":603,"date":"2024-01-10T15:12:06","date_gmt":"2024-01-10T14:12:06","guid":{"rendered":"https:\/\/cuc.carnet.hr\/2024\/?page_id=603"},"modified":"2024-03-19T10:52:11","modified_gmt":"2024-03-19T09:52:11","slug":"juraj-bilic","status":"publish","type":"page","link":"https:\/\/cuc.carnet.hr\/2024\/programski-odbor\/juraj-bilic\/","title":{"rendered":"Juraj Bili\u0107"},"content":{"rendered":"\n<p>Juraj Bili\u0107 magistrirao je ekonomiju na Sveu\u010dili\u0161tu Josipa Juraja Strossmayera u Osijeku. Karijeru zapo\u010dinje 2001. godine, kao prevoditelj za Ujedinjene narode. Ubrzo postaje koordinator obrazovnih projekata u nevladinom sektoru, gdje je izme\u0111u ostalog vodio i projekt \u201eNova \u0161kola \u2013 integrirana \u0161kola Vukovar\u201c s ciljem osnivanja prve integrirane i interkulturalne osnovne \u0161kole u Vukovaru.<\/p>\n\n\n\n<p>Tijekom rada u nevladinom sektoru stekao je ekstenzivno iskustvo u razvoju, apliciranju i provedbi obrazovnih projekata financiranih od Europske komisije, Svjetske banke, Kraljevine Norve\u0161ke, Republike Hrvatske i drugih velikih donatora.&nbsp;&nbsp;&nbsp;<\/p>\n\n\n\n<p>Dolaskom u CARNET preuzima poziciju eksperta za EU projekte te sudjeluje u operativnom programiranju u obrazovanju za operativne programe \u201eKonkurentnost i kohezija\u201c i \u201eU\u010dinkoviti ljudski potencijali\u201c u&nbsp; Republici Hrvatskoj.<\/p>\n\n\n\n<p>Inicirao je i vodio razvoj projekta e-\u0160kole, najve\u0107eg projekta informatizacije financiranog od Europske unije, kojim se digitalno transformiraju nastavni i poslovni procesi osnovnih i srednjih \u0161kola te podi\u017ee razina njihove digitalne zrelosti.<\/p>\n\n\n\n<p>Vodio je i suradnju s Europskom investicijskom bankom u svrhu razvoja projekta e-\u0160kole u skladu s EU regulativom, digitalnim i edukacijskim agendama i strategijama, te nacionalnim pokazateljima.<\/p>\n\n\n\n<p><\/p>\n\n\n\n<p><\/p>\n","protected":false},"excerpt":{"rendered":"<p>Juraj Bili\u0107 magistrirao je ekonomiju na Sveu\u010dili\u0161tu Josipa Juraja Strossmayera u Osijeku. Karijeru zapo\u010dinje 2001. godine, kao prevoditelj za Ujedinjene narode. Ubrzo postaje koordinator obrazovnih projekata u nevladinom sektoru, gdje je izme\u0111u ostalog vodio i projekt \u201eNova \u0161kola \u2013 integrirana \u0161kola Vukovar\u201c s ciljem osnivanja prve integrirane i interkulturalne osnovne \u0161kole u Vukovaru. Tijekom rada [&hellip;]<\/p>\n","protected":false},"author":3,"featured_media":0,"parent":556,"menu_order":0,"comment_status":"closed","ping_status":"closed","template":"","meta":{"footnotes":""},"class_list":["post-603","page","type-page","status-publish","hentry"],"_links":{"self":[{"href":"https:\/\/cuc.carnet.hr\/2024\/wp-json\/wp\/v2\/pages\/603","targetHints":{"allow":["GET"]}}],"collection":[{"href":"https:\/\/cuc.carnet.hr\/2024\/wp-json\/wp\/v2\/pages"}],"about":[{"href":"https:\/\/cuc.carnet.hr\/2024\/wp-json\/wp\/v2\/types\/page"}],"author":[{"embeddable":true,"href":"https:\/\/cuc.carnet.hr\/2024\/wp-json\/wp\/v2\/users\/3"}],"replies":[{"embeddable":true,"href":"https:\/\/cuc.carnet.hr\/2024\/wp-json\/wp\/v2\/comments?post=603"}],"version-history":[{"count":2,"href":"https:\/\/cuc.carnet.hr\/2024\/wp-json\/wp\/v2\/pages\/603\/revisions"}],"predecessor-version":[{"id":1105,"href":"https:\/\/cuc.carnet.hr\/2024\/wp-json\/wp\/v2\/pages\/603\/revisions\/1105"}],"up":[{"embeddable":true,"href":"https:\/\/cuc.carnet.hr\/2024\/wp-json\/wp\/v2\/pages\/556"}],"wp:attachment":[{"href":"https:\/\/cuc.carnet.hr\/2024\/wp-json\/wp\/v2\/media?parent=603"}],"curies":[{"name":"wp","href":"https:\/\/api.w.org\/{rel}","templated":true}]}}