{"id":601,"date":"2024-01-10T15:11:02","date_gmt":"2024-01-10T14:11:02","guid":{"rendered":"https:\/\/cuc.carnet.hr\/2024\/?page_id=601"},"modified":"2024-01-10T15:11:03","modified_gmt":"2024-01-10T14:11:03","slug":"sanda-staresina","status":"publish","type":"page","link":"https:\/\/cuc.carnet.hr\/2024\/programski-odbor\/sanda-staresina\/","title":{"rendered":"Sanda Stare\u0161ina"},"content":{"rendered":"\n<p>Sanda Stare\u0161ina, prof. def., voditeljica je Odsjeka za analizu koncepata e-u\u010denja u CARNET-u. Oblikuje i koordinira razvoj CARNET-ovog koncepta adaptivnog u\u010denja.<\/p>\n\n\n\n<p>Stru\u010dnjakinja je u podru\u010dju digitalne pristupa\u010dnosti, odgovorna za provedbu mjera kojima se osigurava pristupa\u010dnost mre\u017enih stranica, programskih rje\u0161enja i digitalnih obrazovnih sadr\u017eaja.&nbsp;<\/p>\n\n\n\n<p>U projektu Podr\u0161ka ostvarenju jednakih mogu\u0107nosti u obrazovanju za u\u010denike s te\u0161ko\u0107ama u razvoju &#8211; ATTEND vodi element Vidljivost u okviru kojeg provodi kampanju podizanja svijesti javnosti o va\u017enosti inkluzivnog obrazovanja djece s te\u0161ko\u0107ama u razvoju i u\u010dinkovitoj primjeni asistivne tehnologije u tom procesu.<\/p>\n","protected":false},"excerpt":{"rendered":"<p>Sanda Stare\u0161ina, prof. def., voditeljica je Odsjeka za analizu koncepata e-u\u010denja u CARNET-u. Oblikuje i koordinira razvoj CARNET-ovog koncepta adaptivnog u\u010denja. Stru\u010dnjakinja je u podru\u010dju digitalne pristupa\u010dnosti, odgovorna za provedbu mjera kojima se osigurava pristupa\u010dnost mre\u017enih stranica, programskih rje\u0161enja i digitalnih obrazovnih sadr\u017eaja.&nbsp; U projektu Podr\u0161ka ostvarenju jednakih mogu\u0107nosti u obrazovanju za u\u010denike s te\u0161ko\u0107ama [&hellip;]<\/p>\n","protected":false},"author":3,"featured_media":0,"parent":556,"menu_order":0,"comment_status":"closed","ping_status":"closed","template":"","meta":{"footnotes":""},"class_list":["post-601","page","type-page","status-publish","hentry"],"_links":{"self":[{"href":"https:\/\/cuc.carnet.hr\/2024\/wp-json\/wp\/v2\/pages\/601","targetHints":{"allow":["GET"]}}],"collection":[{"href":"https:\/\/cuc.carnet.hr\/2024\/wp-json\/wp\/v2\/pages"}],"about":[{"href":"https:\/\/cuc.carnet.hr\/2024\/wp-json\/wp\/v2\/types\/page"}],"author":[{"embeddable":true,"href":"https:\/\/cuc.carnet.hr\/2024\/wp-json\/wp\/v2\/users\/3"}],"replies":[{"embeddable":true,"href":"https:\/\/cuc.carnet.hr\/2024\/wp-json\/wp\/v2\/comments?post=601"}],"version-history":[{"count":1,"href":"https:\/\/cuc.carnet.hr\/2024\/wp-json\/wp\/v2\/pages\/601\/revisions"}],"predecessor-version":[{"id":602,"href":"https:\/\/cuc.carnet.hr\/2024\/wp-json\/wp\/v2\/pages\/601\/revisions\/602"}],"up":[{"embeddable":true,"href":"https:\/\/cuc.carnet.hr\/2024\/wp-json\/wp\/v2\/pages\/556"}],"wp:attachment":[{"href":"https:\/\/cuc.carnet.hr\/2024\/wp-json\/wp\/v2\/media?parent=601"}],"curies":[{"name":"wp","href":"https:\/\/api.w.org\/{rel}","templated":true}]}}