{"id":599,"date":"2024-01-10T15:10:06","date_gmt":"2024-01-10T14:10:06","guid":{"rendered":"https:\/\/cuc.carnet.hr\/2024\/?page_id=599"},"modified":"2024-01-10T15:10:07","modified_gmt":"2024-01-10T14:10:07","slug":"mirna-ljubic-tustonjic","status":"publish","type":"page","link":"https:\/\/cuc.carnet.hr\/2024\/programski-odbor\/mirna-ljubic-tustonjic\/","title":{"rendered":"Mirna Ljubi\u0107 Tustonji\u0107"},"content":{"rendered":"\n<p>Mirna Ljubi\u0107 Tustonji\u0107 djelatnica je CARNET-a od 2016. godine. Voditeljica je Odjela za nadzorno-upravlja\u010dke sustave u Sektoru mre\u017ene infrastrukture. Zavr\u0161ila je studij Informacijske i komunikacijske tehnologije na Fakultetu elektrotehnike i ra\u010dunarstva u Zagrebu. Aktivno je sudjelovala na provedbi projekta e-\u0160kole kao koordinator projektnih aktivnosti Sektora mre\u017ene infrastrukture te voditeljica projekta razvoja aplikacije CARNET ctrl. Trenutno radi na projektima e-Sveu\u010dili\u0161ta i BrAIn.<\/p>\n","protected":false},"excerpt":{"rendered":"<p>Mirna Ljubi\u0107 Tustonji\u0107 djelatnica je CARNET-a od 2016. godine. Voditeljica je Odjela za nadzorno-upravlja\u010dke sustave u Sektoru mre\u017ene infrastrukture. Zavr\u0161ila je studij Informacijske i komunikacijske tehnologije na Fakultetu elektrotehnike i ra\u010dunarstva u Zagrebu. Aktivno je sudjelovala na provedbi projekta e-\u0160kole kao koordinator projektnih aktivnosti Sektora mre\u017ene infrastrukture te voditeljica projekta razvoja aplikacije CARNET ctrl. Trenutno [&hellip;]<\/p>\n","protected":false},"author":3,"featured_media":0,"parent":556,"menu_order":0,"comment_status":"closed","ping_status":"closed","template":"","meta":{"footnotes":""},"class_list":["post-599","page","type-page","status-publish","hentry"],"_links":{"self":[{"href":"https:\/\/cuc.carnet.hr\/2024\/wp-json\/wp\/v2\/pages\/599","targetHints":{"allow":["GET"]}}],"collection":[{"href":"https:\/\/cuc.carnet.hr\/2024\/wp-json\/wp\/v2\/pages"}],"about":[{"href":"https:\/\/cuc.carnet.hr\/2024\/wp-json\/wp\/v2\/types\/page"}],"author":[{"embeddable":true,"href":"https:\/\/cuc.carnet.hr\/2024\/wp-json\/wp\/v2\/users\/3"}],"replies":[{"embeddable":true,"href":"https:\/\/cuc.carnet.hr\/2024\/wp-json\/wp\/v2\/comments?post=599"}],"version-history":[{"count":1,"href":"https:\/\/cuc.carnet.hr\/2024\/wp-json\/wp\/v2\/pages\/599\/revisions"}],"predecessor-version":[{"id":600,"href":"https:\/\/cuc.carnet.hr\/2024\/wp-json\/wp\/v2\/pages\/599\/revisions\/600"}],"up":[{"embeddable":true,"href":"https:\/\/cuc.carnet.hr\/2024\/wp-json\/wp\/v2\/pages\/556"}],"wp:attachment":[{"href":"https:\/\/cuc.carnet.hr\/2024\/wp-json\/wp\/v2\/media?parent=599"}],"curies":[{"name":"wp","href":"https:\/\/api.w.org\/{rel}","templated":true}]}}