{"id":594,"date":"2024-01-10T15:07:46","date_gmt":"2024-01-10T14:07:46","guid":{"rendered":"https:\/\/cuc.carnet.hr\/2024\/?page_id=594"},"modified":"2024-01-10T15:07:47","modified_gmt":"2024-01-10T14:07:47","slug":"vesna-tomic","status":"publish","type":"page","link":"https:\/\/cuc.carnet.hr\/2024\/programski-odbor\/vesna-tomic\/","title":{"rendered":"Vesna Tomi\u0107"},"content":{"rendered":"\n<p>Vesna je profesorica informatike u Gimnaziji A. G. Mato\u0161a u \u0110akovu. Autorica je nekoliko srednjo\u0161kolskih ud\u017ebenika, e-te\u010dajeva te priru\u010dnika i radionica, najvi\u0161e u sklopu projekta e-\u0161kole. Svoju ljubav prema istra\u017eivanju novih tehnologija usmjerava na njihovu prakti\u010dnu primjenu u u\u010dionici. Stoga je pokrenula i blog<a href=\"https:\/\/razred-na-mrezi.com.hr\/\"> Razred na mre\u017ei<\/a> u kojem, kroz primjere primjene u razredu nastavnicima poku\u0161ava pokazati kako sustavi za udaljeno u\u010denje i nove tehnologije nisu samo riznice za kolekciju sadr\u017eaja za udaljeno u\u010denje, ve\u0107 se njihova kvaliteta temelji na razli\u010ditim aktivnostima koje se mogu iskoristiti kako u u\u010dionici tako i izvan nje. Kroz svoj\u00a0 rad, Vesna te\u017ei potaknuti inspiraciju me\u0111u kolegama i u\u010denicima, uvjerena da se inovacije u obrazovanju temelje na stalnom istra\u017eivanju, dijalogu i zajedni\u010dkom u\u010denju.<\/p>\n","protected":false},"excerpt":{"rendered":"<p>Vesna je profesorica informatike u Gimnaziji A. G. Mato\u0161a u \u0110akovu. Autorica je nekoliko srednjo\u0161kolskih ud\u017ebenika, e-te\u010dajeva te priru\u010dnika i radionica, najvi\u0161e u sklopu projekta e-\u0161kole. Svoju ljubav prema istra\u017eivanju novih tehnologija usmjerava na njihovu prakti\u010dnu primjenu u u\u010dionici. Stoga je pokrenula i blog Razred na mre\u017ei u kojem, kroz primjere primjene u razredu nastavnicima [&hellip;]<\/p>\n","protected":false},"author":3,"featured_media":0,"parent":556,"menu_order":0,"comment_status":"closed","ping_status":"closed","template":"","meta":{"footnotes":""},"class_list":["post-594","page","type-page","status-publish","hentry"],"_links":{"self":[{"href":"https:\/\/cuc.carnet.hr\/2024\/wp-json\/wp\/v2\/pages\/594","targetHints":{"allow":["GET"]}}],"collection":[{"href":"https:\/\/cuc.carnet.hr\/2024\/wp-json\/wp\/v2\/pages"}],"about":[{"href":"https:\/\/cuc.carnet.hr\/2024\/wp-json\/wp\/v2\/types\/page"}],"author":[{"embeddable":true,"href":"https:\/\/cuc.carnet.hr\/2024\/wp-json\/wp\/v2\/users\/3"}],"replies":[{"embeddable":true,"href":"https:\/\/cuc.carnet.hr\/2024\/wp-json\/wp\/v2\/comments?post=594"}],"version-history":[{"count":1,"href":"https:\/\/cuc.carnet.hr\/2024\/wp-json\/wp\/v2\/pages\/594\/revisions"}],"predecessor-version":[{"id":596,"href":"https:\/\/cuc.carnet.hr\/2024\/wp-json\/wp\/v2\/pages\/594\/revisions\/596"}],"up":[{"embeddable":true,"href":"https:\/\/cuc.carnet.hr\/2024\/wp-json\/wp\/v2\/pages\/556"}],"wp:attachment":[{"href":"https:\/\/cuc.carnet.hr\/2024\/wp-json\/wp\/v2\/media?parent=594"}],"curies":[{"name":"wp","href":"https:\/\/api.w.org\/{rel}","templated":true}]}}