{"id":242,"date":"2023-12-04T18:00:50","date_gmt":"2023-12-04T17:00:50","guid":{"rendered":"https:\/\/cuc.carnet.hr\/2024\/?page_id=242"},"modified":"2024-03-06T11:02:23","modified_gmt":"2024-03-06T10:02:23","slug":"izlagaci","status":"publish","type":"page","link":"https:\/\/cuc.carnet.hr\/2024\/izlagaci\/","title":{"rendered":"Izlaga\u010di"},"content":{"rendered":"\t\t<div data-elementor-type=\"wp-page\" data-elementor-id=\"242\" class=\"elementor elementor-242\" data-elementor-post-type=\"page\">\n\t\t\t\t<div class=\"elementor-element elementor-element-d04e0ce e-flex e-con-boxed e-con e-parent\" data-id=\"d04e0ce\" data-element_type=\"container\" data-core-v316-plus=\"true\">\n\t\t\t\t\t<div class=\"e-con-inner\">\n\t\t\t\t<div class=\"elementor-element elementor-element-6d93ddd elementor-widget elementor-widget-spacer\" data-id=\"6d93ddd\" data-element_type=\"widget\" data-widget_type=\"spacer.default\">\n\t\t\t\t<div class=\"elementor-widget-container\">\n\t\t\t<style>\/*! elementor - v3.20.0 - 26-03-2024 *\/\n.elementor-column .elementor-spacer-inner{height:var(--spacer-size)}.e-con{--container-widget-width:100%}.e-con-inner>.elementor-widget-spacer,.e-con>.elementor-widget-spacer{width:var(--container-widget-width,var(--spacer-size));--align-self:var(--container-widget-align-self,initial);--flex-shrink:0}.e-con-inner>.elementor-widget-spacer>.elementor-widget-container,.e-con>.elementor-widget-spacer>.elementor-widget-container{height:100%;width:100%}.e-con-inner>.elementor-widget-spacer>.elementor-widget-container>.elementor-spacer,.e-con>.elementor-widget-spacer>.elementor-widget-container>.elementor-spacer{height:100%}.e-con-inner>.elementor-widget-spacer>.elementor-widget-container>.elementor-spacer>.elementor-spacer-inner,.e-con>.elementor-widget-spacer>.elementor-widget-container>.elementor-spacer>.elementor-spacer-inner{height:var(--container-widget-height,var(--spacer-size))}.e-con-inner>.elementor-widget-spacer.elementor-widget-empty,.e-con>.elementor-widget-spacer.elementor-widget-empty{position:relative;min-height:22px;min-width:22px}.e-con-inner>.elementor-widget-spacer.elementor-widget-empty .elementor-widget-empty-icon,.e-con>.elementor-widget-spacer.elementor-widget-empty .elementor-widget-empty-icon{position:absolute;top:0;bottom:0;left:0;right:0;margin:auto;padding:0;width:22px;height:22px}<\/style>\t\t<div class=\"elementor-spacer\">\n\t\t\t<div class=\"elementor-spacer-inner\"><\/div>\n\t\t<\/div>\n\t\t\t\t<\/div>\n\t\t\t\t<\/div>\n\t\t\t\t<div class=\"elementor-element elementor-element-0c96c8c elementor-widget elementor-widget-text-editor\" data-id=\"0c96c8c\" data-element_type=\"widget\" data-widget_type=\"text-editor.default\">\n\t\t\t\t<div class=\"elementor-widget-container\">\n\t\t\t<style>\/*! elementor - v3.20.0 - 26-03-2024 *\/\n.elementor-widget-text-editor.elementor-drop-cap-view-stacked .elementor-drop-cap{background-color:#69727d;color:#fff}.elementor-widget-text-editor.elementor-drop-cap-view-framed .elementor-drop-cap{color:#69727d;border:3px solid;background-color:transparent}.elementor-widget-text-editor:not(.elementor-drop-cap-view-default) .elementor-drop-cap{margin-top:8px}.elementor-widget-text-editor:not(.elementor-drop-cap-view-default) .elementor-drop-cap-letter{width:1em;height:1em}.elementor-widget-text-editor .elementor-drop-cap{float:left;text-align:center;line-height:1;font-size:50px}.elementor-widget-text-editor .elementor-drop-cap-letter{display:inline-block}<\/style>\t\t\t\t<p>Svi zainteresirani izlaga\u010di imaju opciju izbora izme\u0111u ponu\u0111enih kotizacija, a prema odabranim kotizacijama ostvaruju prava iz Izlaga\u010dkih paketa. Kao i prethodnih godina, organizacija kongresa povjerena je agenciji sukladno zakonskoj obvezi, koja \u0107e Vam poslati predra\u010dun za kotizacije na temelju podataka koje unesete u obrazac u nastavku.<\/p><p><br \/>Sadr\u017eaj i popis paketa uklju\u010denih u kotizaciju prona\u0111ite u ovom dokumentu:<\/p>\t\t\t\t\t\t<\/div>\n\t\t\t\t<\/div>\n\t\t\t\t<div class=\"elementor-element elementor-element-1e6f827 elementor-widget elementor-widget-spacer\" data-id=\"1e6f827\" data-element_type=\"widget\" data-widget_type=\"spacer.default\">\n\t\t\t\t<div class=\"elementor-widget-container\">\n\t\t\t\t\t<div class=\"elementor-spacer\">\n\t\t\t<div class=\"elementor-spacer-inner\"><\/div>\n\t\t<\/div>\n\t\t\t\t<\/div>\n\t\t\t\t<\/div>\n\t\t\t\t<div class=\"elementor-element elementor-element-7a8fa8b elementor-widget elementor-widget-button\" data-id=\"7a8fa8b\" data-element_type=\"widget\" data-widget_type=\"button.default\">\n\t\t\t\t<div class=\"elementor-widget-container\">\n\t\t\t\t\t<div class=\"elementor-button-wrapper\">\n\t\t\t<a class=\"elementor-button elementor-button-link elementor-size-sm\" href=\"https:\/\/cuc.carnet.hr\/2024\/wp-content\/uploads\/2023\/12\/CUC_2024_izlagacke_kotizacije.pdf\" target=\"_blank\">\n\t\t\t\t\t\t<span class=\"elementor-button-content-wrapper\">\n\t\t\t\t\t\t<span class=\"elementor-button-icon elementor-align-icon-right\">\n\t\t\t\t<i aria-hidden=\"true\" class=\"far fa-arrow-alt-circle-down\"><\/i>\t\t\t<\/span>\n\t\t\t\t\t\t<span class=\"elementor-button-text\">PREUZMI DOKUMENT<\/span>\n\t\t<\/span>\n\t\t\t\t\t<\/a>\n\t\t<\/div>\n\t\t\t\t<\/div>\n\t\t\t\t<\/div>\n\t\t\t\t\t<\/div>\n\t\t\t\t<\/div>\n\t\t<div class=\"elementor-element elementor-element-ed3a9ca e-flex e-con-boxed e-con e-parent\" data-id=\"ed3a9ca\" data-element_type=\"container\" data-core-v316-plus=\"true\">\n\t\t\t\t\t<div class=\"e-con-inner\">\n\t\t\t\t<div class=\"elementor-element elementor-element-71aee78 elementor-widget elementor-widget-spacer\" data-id=\"71aee78\" data-element_type=\"widget\" data-widget_type=\"spacer.default\">\n\t\t\t\t<div class=\"elementor-widget-container\">\n\t\t\t\t\t<div class=\"elementor-spacer\">\n\t\t\t<div class=\"elementor-spacer-inner\"><\/div>\n\t\t<\/div>\n\t\t\t\t<\/div>\n\t\t\t\t<\/div>\n\t\t\t\t<div class=\"elementor-element elementor-element-b5787d5 elementor-widget elementor-widget-shortcode\" data-id=\"b5787d5\" data-element_type=\"widget\" data-widget_type=\"shortcode.default\">\n\t\t\t\t<div class=\"elementor-widget-container\">\n\t\t\t\t\t<div class=\"elementor-shortcode\">\n<div class=\"wpcf7 no-js\" id=\"wpcf7-f84-o1\" lang=\"hr\" dir=\"ltr\">\n<div class=\"screen-reader-response\"><p role=\"status\" aria-live=\"polite\" aria-atomic=\"true\"><\/p> <ul><\/ul><\/div>\n<form action=\"\/2024\/wp-json\/wp\/v2\/pages\/242#wpcf7-f84-o1\" method=\"post\" class=\"wpcf7-form init\" aria-label=\"Kontakt obrazac\" novalidate=\"novalidate\" data-status=\"init\">\n<div style=\"display: none;\">\n<input type=\"hidden\" name=\"_wpcf7\" value=\"84\" \/>\n<input type=\"hidden\" name=\"_wpcf7_version\" value=\"5.9.3\" \/>\n<input type=\"hidden\" name=\"_wpcf7_locale\" value=\"hr\" \/>\n<input type=\"hidden\" name=\"_wpcf7_unit_tag\" value=\"wpcf7-f84-o1\" \/>\n<input type=\"hidden\" name=\"_wpcf7_container_post\" value=\"0\" \/>\n<input type=\"hidden\" name=\"_wpcf7_posted_data_hash\" value=\"\" \/>\n<\/div>\n<p><label> Va\u0161e ime<br \/>\n<span class=\"wpcf7-form-control-wrap\" data-name=\"your-name\"><input size=\"40\" class=\"wpcf7-form-control wpcf7-text wpcf7-validates-as-required\" aria-required=\"true\" aria-invalid=\"false\" value=\"\" type=\"text\" name=\"your-name\" \/><\/span> <\/label>\n<\/p>\n<p><label> Va\u0161a e-po\u0161ta<br \/>\n<span class=\"wpcf7-form-control-wrap\" data-name=\"your-email\"><input size=\"40\" class=\"wpcf7-form-control wpcf7-email wpcf7-validates-as-required wpcf7-text wpcf7-validates-as-email\" aria-required=\"true\" aria-invalid=\"false\" value=\"\" type=\"email\" name=\"your-email\" \/><\/span> <\/label>\n<\/p>\n<p><label> Kontakt telefon \/ mobitel<br \/>\n<span class=\"wpcf7-form-control-wrap\" data-name=\"your-tel\"><input size=\"40\" class=\"wpcf7-form-control wpcf7-text wpcf7-validates-as-required\" aria-required=\"true\" aria-invalid=\"false\" value=\"\" type=\"text\" name=\"your-tel\" \/><\/span> <\/label>\n<\/p>\n<p><label> Naziv dru\u0161tva<br \/>\n<span class=\"wpcf7-form-control-wrap\" data-name=\"naziv-drustva\"><input size=\"40\" class=\"wpcf7-form-control wpcf7-text wpcf7-validates-as-required\" aria-required=\"true\" aria-invalid=\"false\" value=\"\" type=\"text\" name=\"naziv-drustva\" \/><\/span> <\/label>\n<\/p>\n<p><label> Adresa sjedi\u0161ta dru\u0161tva<br \/>\n<span class=\"wpcf7-form-control-wrap\" data-name=\"adresa-drustva\"><input size=\"40\" class=\"wpcf7-form-control wpcf7-text wpcf7-validates-as-required\" aria-required=\"true\" aria-invalid=\"false\" value=\"\" type=\"text\" name=\"adresa-drustva\" \/><\/span> <\/label>\n<\/p>\n<p><label> OIB dru\u0161tva<br \/>\n<span class=\"wpcf7-form-control-wrap\" data-name=\"oib-drustva\"><input size=\"40\" class=\"wpcf7-form-control wpcf7-text wpcf7-validates-as-required\" aria-required=\"true\" aria-invalid=\"false\" value=\"\" type=\"text\" name=\"oib-drustva\" \/><\/span> <\/label>\n<\/p>\n<p><label> Izaberite kotizaciju<br \/>\n<span class=\"wpcf7-form-control-wrap\" data-name=\"kotizacija-osnovna\"><select class=\"wpcf7-form-control wpcf7-select wpcf7-validates-as-required\" aria-required=\"true\" aria-invalid=\"false\" name=\"kotizacija-osnovna\"><option value=\"\">&#8212;Molimo odaberite jednu opciju&#8212;<\/option><option value=\"Izlaga\u010dka kotizacija - A 1000,00 \u20ac\">Izlaga\u010dka kotizacija - A 1000,00 \u20ac<\/option><option value=\"Izlaga\u010dka kotizacija - B 1.500,00 \u20ac\">Izlaga\u010dka kotizacija - B 1.500,00 \u20ac<\/option><option value=\"Izlaga\u010dka kotizacija - C 2.000,00 \u20ac\">Izlaga\u010dka kotizacija - C 2.000,00 \u20ac<\/option><option value=\"Izlaga\u010dka kotizacija - D 3.000,00 \u20ac\">Izlaga\u010dka kotizacija - D 3.000,00 \u20ac<\/option><option value=\"Izlaga\u010dka kotizacija - E 4.000,00 \u20ac\">Izlaga\u010dka kotizacija - E 4.000,00 \u20ac<\/option><option value=\"Izlaga\u010dka kotizacija - F 5.000,00 \u20ac\">Izlaga\u010dka kotizacija - F 5.000,00 \u20ac<\/option><option value=\"Izlaga\u010dka kotizacija - G 6.000,00 \u20ac\">Izlaga\u010dka kotizacija - G 6.000,00 \u20ac<\/option><option value=\"Izlaga\u010dka kotizacija - H 7.000,00 \u20ac\">Izlaga\u010dka kotizacija - H 7.000,00 \u20ac<\/option><option value=\"Izlaga\u010dka kotizacija - I 8.000,00 \u20ac\">Izlaga\u010dka kotizacija - I 8.000,00 \u20ac<\/option><option value=\"Izlaga\u010dka kotizacija - J 9.000,00 \u20ac\">Izlaga\u010dka kotizacija - J 9.000,00 \u20ac<\/option><option value=\"Izlaga\u010dka kotizacija - K 10.000,00 \u20ac\">Izlaga\u010dka kotizacija - K 10.000,00 \u20ac<\/option><option value=\"Izlaga\u010dka kotizacija - L 11.000,00 \u20ac\">Izlaga\u010dka kotizacija - L 11.000,00 \u20ac<\/option><option value=\"Izlaga\u010dka kotizacija - M 12.000,00 \u20ac\">Izlaga\u010dka kotizacija - M 12.000,00 \u20ac<\/option><option value=\"Izlaga\u010dka kotizacija - N 13.000,00 \u20ac\">Izlaga\u010dka kotizacija - N 13.000,00 \u20ac<\/option><option value=\"Izlaga\u010dka kotizacija - O 14.000,00 \u20ac\">Izlaga\u010dka kotizacija - O 14.000,00 \u20ac<\/option><option value=\"Izlaga\u010dka kotizacija - P 15.000,00 \u20ac\">Izlaga\u010dka kotizacija - P 15.000,00 \u20ac<\/option><option value=\"Izlaga\u010dka kotizacija - R 16.000,00 \u20ac\">Izlaga\u010dka kotizacija - R 16.000,00 \u20ac<\/option><\/select><\/span> <\/label>\n<\/p>\n<p><label> Va\u0161a poruka (opcionalno)<br \/>\n<span class=\"wpcf7-form-control-wrap\" data-name=\"your-message\"><textarea cols=\"40\" rows=\"10\" class=\"wpcf7-form-control wpcf7-textarea\" aria-invalid=\"false\" name=\"your-message\"><\/textarea><\/span> <\/label>\n<\/p>\n<p><input class=\"wpcf7-form-control wpcf7-submit has-spinner\" type=\"submit\" value=\"Po\u0161alji\" \/>\n<\/p><div class=\"wpcf7-response-output\" aria-hidden=\"true\"><\/div>\n<\/form>\n<\/div>\n<\/div>\n\t\t\t\t<\/div>\n\t\t\t\t<\/div>\n\t\t\t\t\t<\/div>\n\t\t\t\t<\/div>\n\t\t\t\t<\/div>\n\t\t","protected":false},"excerpt":{"rendered":"<p>Svi zainteresirani izlaga\u010di imaju opciju izbora izme\u0111u ponu\u0111enih kotizacija, a prema odabranim kotizacijama ostvaruju prava iz Izlaga\u010dkih paketa. Kao i prethodnih godina, organizacija kongresa povjerena je agenciji sukladno zakonskoj obvezi, koja \u0107e Vam poslati predra\u010dun za kotizacije na temelju podataka koje unesete u obrazac u nastavku. Sadr\u017eaj i popis paketa uklju\u010denih u kotizaciju prona\u0111ite u [&hellip;]<\/p>\n","protected":false},"author":1,"featured_media":0,"parent":0,"menu_order":0,"comment_status":"closed","ping_status":"closed","template":"","meta":{"footnotes":""},"class_list":["post-242","page","type-page","status-publish","hentry"],"_links":{"self":[{"href":"https:\/\/cuc.carnet.hr\/2024\/wp-json\/wp\/v2\/pages\/242","targetHints":{"allow":["GET"]}}],"collection":[{"href":"https:\/\/cuc.carnet.hr\/2024\/wp-json\/wp\/v2\/pages"}],"about":[{"href":"https:\/\/cuc.carnet.hr\/2024\/wp-json\/wp\/v2\/types\/page"}],"author":[{"embeddable":true,"href":"https:\/\/cuc.carnet.hr\/2024\/wp-json\/wp\/v2\/users\/1"}],"replies":[{"embeddable":true,"href":"https:\/\/cuc.carnet.hr\/2024\/wp-json\/wp\/v2\/comments?post=242"}],"version-history":[{"count":19,"href":"https:\/\/cuc.carnet.hr\/2024\/wp-json\/wp\/v2\/pages\/242\/revisions"}],"predecessor-version":[{"id":1082,"href":"https:\/\/cuc.carnet.hr\/2024\/wp-json\/wp\/v2\/pages\/242\/revisions\/1082"}],"wp:attachment":[{"href":"https:\/\/cuc.carnet.hr\/2024\/wp-json\/wp\/v2\/media?parent=242"}],"curies":[{"name":"wp","href":"https:\/\/api.w.org\/{rel}","templated":true}]}}