{"id":1282,"date":"2024-04-12T23:26:29","date_gmt":"2024-04-12T21:26:29","guid":{"rendered":"https:\/\/cuc.carnet.hr\/2024\/?page_id=1282"},"modified":"2024-04-15T11:50:51","modified_gmt":"2024-04-15T09:50:51","slug":"korisne-informacije","status":"publish","type":"page","link":"https:\/\/cuc.carnet.hr\/2024\/korisne-informacije\/","title":{"rendered":"Korisne informacije"},"content":{"rendered":"\t\t<div data-elementor-type=\"wp-page\" data-elementor-id=\"1282\" class=\"elementor elementor-1282\" data-elementor-post-type=\"page\">\n\t\t\t\t<div class=\"elementor-element elementor-element-360dfe59 e-flex e-con-boxed e-con e-parent\" data-id=\"360dfe59\" data-element_type=\"container\" data-core-v316-plus=\"true\">\n\t\t\t\t\t<div class=\"e-con-inner\">\n\t\t\t\t<div class=\"elementor-element elementor-element-7c57472 elementor-widget elementor-widget-accordion\" data-id=\"7c57472\" data-element_type=\"widget\" data-widget_type=\"accordion.default\">\n\t\t\t\t<div class=\"elementor-widget-container\">\n\t\t\t<style>\/*! elementor - v3.20.0 - 26-03-2024 *\/\n.elementor-accordion{text-align:left}.elementor-accordion .elementor-accordion-item{border:1px solid #d5d8dc}.elementor-accordion .elementor-accordion-item+.elementor-accordion-item{border-top:none}.elementor-accordion .elementor-tab-title{margin:0;padding:15px 20px;font-weight:700;line-height:1;cursor:pointer;outline:none}.elementor-accordion .elementor-tab-title .elementor-accordion-icon{display:inline-block;width:1.5em}.elementor-accordion .elementor-tab-title .elementor-accordion-icon svg{width:1em;height:1em}.elementor-accordion .elementor-tab-title .elementor-accordion-icon.elementor-accordion-icon-right{float:right;text-align:right}.elementor-accordion .elementor-tab-title .elementor-accordion-icon.elementor-accordion-icon-left{float:left;text-align:left}.elementor-accordion .elementor-tab-title .elementor-accordion-icon .elementor-accordion-icon-closed{display:block}.elementor-accordion .elementor-tab-title .elementor-accordion-icon .elementor-accordion-icon-opened,.elementor-accordion .elementor-tab-title.elementor-active .elementor-accordion-icon-closed{display:none}.elementor-accordion .elementor-tab-title.elementor-active .elementor-accordion-icon-opened{display:block}.elementor-accordion .elementor-tab-content{display:none;padding:15px 20px;border-top:1px solid #d5d8dc}@media (max-width:767px){.elementor-accordion .elementor-tab-title{padding:12px 15px}.elementor-accordion .elementor-tab-title .elementor-accordion-icon{width:1.2em}.elementor-accordion .elementor-tab-content{padding:7px 15px}}.e-con-inner>.elementor-widget-accordion,.e-con>.elementor-widget-accordion{width:var(--container-widget-width);--flex-grow:var(--container-widget-flex-grow)}<\/style>\t\t<div class=\"elementor-accordion\">\n\t\t\t\t\t\t\t<div class=\"elementor-accordion-item\">\n\t\t\t\t\t<div id=\"elementor-tab-title-1301\" class=\"elementor-tab-title\" data-tab=\"1\" role=\"button\" aria-controls=\"elementor-tab-content-1301\" aria-expanded=\"false\">\n\t\t\t\t\t\t\t\t\t\t\t\t\t<span class=\"elementor-accordion-icon elementor-accordion-icon-left\" aria-hidden=\"true\">\n\t\t\t\t\t\t\t\t\t\t\t\t\t\t\t<span class=\"elementor-accordion-icon-closed\"><i class=\"fas fa-plus\"><\/i><\/span>\n\t\t\t\t\t\t\t\t<span class=\"elementor-accordion-icon-opened\"><i class=\"fas fa-minus\"><\/i><\/span>\n\t\t\t\t\t\t\t\t\t\t\t\t\t\t<\/span>\n\t\t\t\t\t\t\t\t\t\t\t\t<a class=\"elementor-accordion-title\" tabindex=\"0\">Registracijski desk<\/a>\n\t\t\t\t\t<\/div>\n\t\t\t\t\t<div id=\"elementor-tab-content-1301\" class=\"elementor-tab-content elementor-clearfix\" data-tab=\"1\" role=\"region\" aria-labelledby=\"elementor-tab-title-1301\"><p>Registracija sudionika u hotelu Lone po\u010dinje ve\u0107 u utorak, 16. travnja u 17 sati i traje do 20 sati.<\/p>\n<p>Po dolasku u Amarin Resort sudionici koji su tamo smje\u0161teni mo\u0107i \u0107e se registrirati na registracijskom desku koji se nalazi na recepciji Resorta. Registracijski desk na toj lokaciji radit \u0107e samo 17. travnja izme\u0111u 16:00 i 19:00 sati.<\/p>\n<p>Drugi registracijski desk nalazi se u hotelu Lone na razini 2 (kod recepcije).<\/p>\n<p>Radno vrijeme registracijskog deska u hotelu Lone:<\/p>\n<ul>\n<li>utorak od 17:00 do 20:00<\/li>\n<li>srijeda od 9:00 do 18.00<\/li>\n<li>\u010detvrtak od 9:00 do 18:00<\/li>\n<li>petak od 9:00 do 11:00<\/li>\n<\/ul>\n<div><br><\/div>\n<p><strong>Prilikom preuzimanja akreditacije na registracijskom desku, obavezno se potpisati na potpisnu listu.<\/strong><\/p><\/div>\n\t\t\t\t<\/div>\n\t\t\t\t\t\t\t<div class=\"elementor-accordion-item\">\n\t\t\t\t\t<div id=\"elementor-tab-title-1302\" class=\"elementor-tab-title\" data-tab=\"2\" role=\"button\" aria-controls=\"elementor-tab-content-1302\" aria-expanded=\"false\">\n\t\t\t\t\t\t\t\t\t\t\t\t\t<span class=\"elementor-accordion-icon elementor-accordion-icon-left\" aria-hidden=\"true\">\n\t\t\t\t\t\t\t\t\t\t\t\t\t\t\t<span class=\"elementor-accordion-icon-closed\"><i class=\"fas fa-plus\"><\/i><\/span>\n\t\t\t\t\t\t\t\t<span class=\"elementor-accordion-icon-opened\"><i class=\"fas fa-minus\"><\/i><\/span>\n\t\t\t\t\t\t\t\t\t\t\t\t\t\t<\/span>\n\t\t\t\t\t\t\t\t\t\t\t\t<a class=\"elementor-accordion-title\" tabindex=\"0\">Akreditacije<\/a>\n\t\t\t\t\t<\/div>\n\t\t\t\t\t<div id=\"elementor-tab-content-1302\" class=\"elementor-tab-content elementor-clearfix\" data-tab=\"2\" role=\"region\" aria-labelledby=\"elementor-tab-title-1302\"><p>Konferencijske akreditacije sadr\u017ee QR kod. QR kod se nalazi i u CUC mobilnoj aplikaciji te se u\u010ditava prilikom ulaska na sva doga\u0111anja tijekom konferencije. Kod ulaza u pojedinu dvoranu hostovi \u0107e o\u010ditavati QR kodove koji slu\u017ee za evidenciju prisustva na predavanju.\u00a0<\/p>\n<p>Pristup svim konferencijskim doga\u0111anjima (predavanjima, radionicama, dru\u0161tvenim doga\u0111anjima), ve\u010derama te osvje\u017eenjima na stankama za kavu imaju isklju\u010divo akreditirani sudionici, dok \u0107e sudionici bez vidljive akreditacije biti zamoljeni od organizatora da istu predo\u010de.<\/p>\n<p><strong>Ulazak u restorane mogu\u0107 je isklju\u010divo uz predo\u010denje akreditacije.<\/strong><\/p><\/div>\n\t\t\t\t<\/div>\n\t\t\t\t\t\t\t<div class=\"elementor-accordion-item\">\n\t\t\t\t\t<div id=\"elementor-tab-title-1303\" class=\"elementor-tab-title\" data-tab=\"3\" role=\"button\" aria-controls=\"elementor-tab-content-1303\" aria-expanded=\"false\">\n\t\t\t\t\t\t\t\t\t\t\t\t\t<span class=\"elementor-accordion-icon elementor-accordion-icon-left\" aria-hidden=\"true\">\n\t\t\t\t\t\t\t\t\t\t\t\t\t\t\t<span class=\"elementor-accordion-icon-closed\"><i class=\"fas fa-plus\"><\/i><\/span>\n\t\t\t\t\t\t\t\t<span class=\"elementor-accordion-icon-opened\"><i class=\"fas fa-minus\"><\/i><\/span>\n\t\t\t\t\t\t\t\t\t\t\t\t\t\t<\/span>\n\t\t\t\t\t\t\t\t\t\t\t\t<a class=\"elementor-accordion-title\" tabindex=\"0\">Prijave i odjave u hotelima<\/a>\n\t\t\t\t\t<\/div>\n\t\t\t\t\t<div id=\"elementor-tab-content-1303\" class=\"elementor-tab-content elementor-clearfix\" data-tab=\"3\" role=\"region\" aria-labelledby=\"elementor-tab-title-1303\"><p><strong>PRIJAVA (CHECK-IN)<\/strong><\/p><p>Prijava u hotel mogu\u0107a je od 15:00 sati na dan dolaska.\u00a0<\/p><p><strong>ODJAVA (CHECK-OUT)<\/strong><\/p><p>Molimo da se iz svojih soba odjavite na dan odlaska najkasnije do 11:00 sati. Kasnija odjava mo\u017ee rezultirati dodatnom naknadom. Na dan odjave mo\u017eete koristiti uslugu odlaganja prtljage na recepciji hotela.<\/p><p>Molimo da odjavu iz Resorta Amarin obavite najkasnije do 9:15 kako bi na vrijeme ukrcali prtljagu.\u00a0<\/p><\/div>\n\t\t\t\t<\/div>\n\t\t\t\t\t\t\t<div class=\"elementor-accordion-item\">\n\t\t\t\t\t<div id=\"elementor-tab-title-1304\" class=\"elementor-tab-title\" data-tab=\"4\" role=\"button\" aria-controls=\"elementor-tab-content-1304\" aria-expanded=\"false\">\n\t\t\t\t\t\t\t\t\t\t\t\t\t<span class=\"elementor-accordion-icon elementor-accordion-icon-left\" aria-hidden=\"true\">\n\t\t\t\t\t\t\t\t\t\t\t\t\t\t\t<span class=\"elementor-accordion-icon-closed\"><i class=\"fas fa-plus\"><\/i><\/span>\n\t\t\t\t\t\t\t\t<span class=\"elementor-accordion-icon-opened\"><i class=\"fas fa-minus\"><\/i><\/span>\n\t\t\t\t\t\t\t\t\t\t\t\t\t\t<\/span>\n\t\t\t\t\t\t\t\t\t\t\t\t<a class=\"elementor-accordion-title\" tabindex=\"0\">Lokalni prijevoz (Shuttle BUS)<\/a>\n\t\t\t\t\t<\/div>\n\t\t\t\t\t<div id=\"elementor-tab-content-1304\" class=\"elementor-tab-content elementor-clearfix\" data-tab=\"4\" role=\"region\" aria-labelledby=\"elementor-tab-title-1304\"><p><strong>Linija Resort Amarin \u2013 hotel Lone<\/strong><\/p><p><span style=\"font-weight: 400;\">18. 4. 2024. vozit \u0107e shuttle autobusi na relaciji Resort Amarin \u2013 hotel Lone. Raspored vo\u017enji:\u00a0<\/span><\/p><table class=\"ea-advanced-data-table ea-advanced-data-table-static ea-advanced-data-table-a4e9a78\" data-id=\"a4e9a78\"><tbody><tr><th><p>Resort Amarin &#8211; Hotel Lone<\/p><\/th><th><p>Hotel Lone &#8211; Resort Amarin<\/p><\/th><\/tr><tr><td><p>9:00<\/p><\/td><td><p>10:00<\/p><\/td><\/tr><tr><td><p>9:30<\/p><\/td><td><p>11:00<\/p><\/td><\/tr><tr><td><p>10:30<\/p><\/td><td><p>12:00<\/p><\/td><\/tr><tr><td><p>11:30<\/p><\/td><td><p>13:00<\/p><\/td><\/tr><tr><td><p>12:30<\/p><\/td><td><p>14:00<\/p><\/td><\/tr><tr><td><p>13:30<\/p><\/td><td><p>15:00<\/p><\/td><\/tr><tr><td><p>14:30<\/p><\/td><td><p>16:00<\/p><\/td><\/tr><tr><td><p>15:30<\/p><\/td><td><p>17:00<\/p><\/td><\/tr><tr><td><p>16:30<\/p><\/td><td><p>18:00<\/p><\/td><\/tr><tr><td><p>17:30<\/p><\/td><td><p>19:00<\/p><\/td><\/tr><tr><td><p>18:30<\/p><\/td><td><p>20:00<\/p><\/td><\/tr><tr><td><p>19:30<\/p><\/td><td><p>21:00<\/p><\/td><\/tr><tr><td><p>20:30<\/p><\/td><td><p>22:00<\/p><\/td><\/tr><tr><td><p>21:30<\/p><\/td><td><p>23:00<\/p><\/td><\/tr><tr><td><p>22:30<\/p><\/td><td><p>00:00<\/p><\/td><\/tr><tr><td><p>23:30<\/p><\/td><td><p>1:00<\/p><\/td><\/tr><tr><td><p>00:30<\/p><\/td><td><p>2:00<\/p><\/td><\/tr><tr><td><p>1:30<\/p><\/td><\/tr><\/tbody><\/table><p><strong>Linija hotel Lone &#8211; O\u0160 Juraj Dobrila Rovinj<\/strong><\/p><p><span style=\"font-weight: 400;\">17. 4. 2024. iz hotela Lone do Osnovne \u0161kole Jurja Dobrile Rovinj vozit \u0107e autobus s polaskom ispred hotela Lone u 11:00 i 14:00 sati<\/span><\/p><\/div>\n\t\t\t\t<\/div>\n\t\t\t\t\t\t\t<div class=\"elementor-accordion-item\">\n\t\t\t\t\t<div id=\"elementor-tab-title-1305\" class=\"elementor-tab-title\" data-tab=\"5\" role=\"button\" aria-controls=\"elementor-tab-content-1305\" aria-expanded=\"false\">\n\t\t\t\t\t\t\t\t\t\t\t\t\t<span class=\"elementor-accordion-icon elementor-accordion-icon-left\" aria-hidden=\"true\">\n\t\t\t\t\t\t\t\t\t\t\t\t\t\t\t<span class=\"elementor-accordion-icon-closed\"><i class=\"fas fa-plus\"><\/i><\/span>\n\t\t\t\t\t\t\t\t<span class=\"elementor-accordion-icon-opened\"><i class=\"fas fa-minus\"><\/i><\/span>\n\t\t\t\t\t\t\t\t\t\t\t\t\t\t<\/span>\n\t\t\t\t\t\t\t\t\t\t\t\t<a class=\"elementor-accordion-title\" tabindex=\"0\">Prehrana na konferenciji<\/a>\n\t\t\t\t\t<\/div>\n\t\t\t\t\t<div id=\"elementor-tab-content-1305\" class=\"elementor-tab-content elementor-clearfix\" data-tab=\"5\" role=\"region\" aria-labelledby=\"elementor-tab-title-1305\"><p>Ru\u010dkovi nisu organizirani, ali su za vrijeme trajanja konferencije organizirani coffee break-ovi i ve\u010dere za akreditirane sudionike, a konzumacija je mogu\u0107a isklju\u010divo uz akreditaciju koja se preuzima na registracijskom desku.<\/p><p>U suradnji s Maistra grupacijom osigurani su posebni cjenici za odre\u0111ena pi\u0107a u hotelu Lone za vrijeme trajanja konferencije<\/p><p><strong>VA\u017dNO:<\/strong><\/p><p><span style=\"font-weight: 400;\">Osobe smje\u0161tene u hotelu Lone, doru\u010dak i ve\u010deru imaju u restoranu hotela Lone.<\/span><\/p><p><span style=\"font-weight: 400;\">Osobe smje\u0161tene u hotelu Eden, doru\u010dak i ve\u010deru imaju u restoranu hotela Eden.<\/span><\/p><p><span style=\"font-weight: 400;\">Osobe smje\u0161tene u apartmanima Resorta Amarin, doru\u010dak i ve\u010deru imaju u restoranu Resorta Amarin.<\/span><\/p><p><span style=\"font-weight: 400;\">Osobe smje\u0161tene u hotelu Monte Mulini, doru\u010dak imaju u restoranu hotela Monte Mulini, a ve\u010deru u restoranu hotela Lone.<\/span><\/p><p><span style=\"font-weight: 400;\">Osobe smje\u0161tene u Grand hotelu Park, doru\u010dak imaju u restoranu hotela Park, a ve\u010deru u restoranu hotela Lone<\/span><\/p><p><span style=\"font-weight: 400;\">Za sve osobe koji su smje\u0161taj rezervirali kod registracije i smje\u0161teni su u Maistra hotelima ili resortu <\/span><b>prva usluga je ve\u010dera, a zadnja usluga doru\u010dak na dan odlaska<\/b><span style=\"font-weight: 400;\">.<\/span><\/p><p><span style=\"font-weight: 400;\">Osobe na kotizaciji \u201eRedovna kotizacija bez rezervacije smje\u0161taja\u201c ve\u010deru imaju u hotelu Eden.<\/span><\/p><p><span style=\"font-weight: 400;\">Ru\u010dak <\/span><b>nije osiguran<\/b><span style=\"font-weight: 400;\"> za sudionike konferencije.<\/span><\/p><p><span style=\"font-weight: 400;\">Osobe na Light kotizaciji bez rezervacije smje\u0161taja <\/span><b>nemaju osigurane obroke<\/b><span style=\"font-weight: 400;\">.<\/span><\/p><p>\u00a0<\/p><p><strong>RASPORED:<\/strong><\/p><p><strong>Utorak, 16. travnja<\/strong><\/p><p>Ve\u010dera &#8211; 18:00 do 21:00<\/p><p><strong>Srijeda, 17. travnja<\/strong><\/p><p>Doru\u010dak &#8211; 7:00 do 11:00<br \/>Veliki odmor za coffee break &#8211; 13:15 do 14:15<br \/>Ve\u010dera &#8211; 18:00 do 21:00<\/p><p><strong>\u010cetvrtak, 18. travnja<\/strong><\/p><p>Doru\u010dak &#8211; 7:00 do 10:00<br \/>Veliki odmor za coffee break &#8211; 13:15 do 14:15<br \/>Ve\u010dera &#8211; 18:00 do 21:00<\/p><p><strong>Petak, 19. travnja<\/strong><\/p><p>Doru\u010dak &#8211; 7:00 do 10:00<\/p><\/div>\n\t\t\t\t<\/div>\n\t\t\t\t\t\t\t<div class=\"elementor-accordion-item\">\n\t\t\t\t\t<div id=\"elementor-tab-title-1306\" class=\"elementor-tab-title\" data-tab=\"6\" role=\"button\" aria-controls=\"elementor-tab-content-1306\" aria-expanded=\"false\">\n\t\t\t\t\t\t\t\t\t\t\t\t\t<span class=\"elementor-accordion-icon elementor-accordion-icon-left\" aria-hidden=\"true\">\n\t\t\t\t\t\t\t\t\t\t\t\t\t\t\t<span class=\"elementor-accordion-icon-closed\"><i class=\"fas fa-plus\"><\/i><\/span>\n\t\t\t\t\t\t\t\t<span class=\"elementor-accordion-icon-opened\"><i class=\"fas fa-minus\"><\/i><\/span>\n\t\t\t\t\t\t\t\t\t\t\t\t\t\t<\/span>\n\t\t\t\t\t\t\t\t\t\t\t\t<a class=\"elementor-accordion-title\" tabindex=\"0\">Autobusni prijevoz<\/a>\n\t\t\t\t\t<\/div>\n\t\t\t\t\t<div id=\"elementor-tab-content-1306\" class=\"elementor-tab-content elementor-clearfix\" data-tab=\"6\" role=\"region\" aria-labelledby=\"elementor-tab-title-1306\"><p>Autobusi za Rovinj polaze 16. i 17. travnja . <strong>Polasci se razlikuju po danima pa molimo da detaljno provjerite vrijeme polaska.\u00a0<\/strong><\/p><p>Raspored polazaka prema Rovinju dostupan je na poveznici: <a href=\"https:\/\/cuc.carnet.hr\/2024\/prijevoz\/\">https:\/\/cuc.carnet.hr\/2024\/prijevoz\/<\/a><\/p><p><strong>Povratak s konferencije je u petak, 19. travnja.<\/strong><\/p><p>Polazak autobusa iz Resorta Amarin do hotela Lone u 9:30 sati.<\/p><p>Molimo da odjavu iz Resorta Amarin obavite najkasnije do 9:15 kako bi na vrijeme ukrcali prtljagu.\u00a0<\/p><p>Sudionici smje\u0161teni u Resortu Amarin prtljagu ostavljaju u autobusu s kojim su do\u0161li u Rovinj.<\/p><p>Sudionici smje\u0161teni u hotelu Lone, prtljagu ostavljaju na recepciji hotela Lone.<\/p><p>Sudionici smje\u0161teni u hotelu Eden, prtljagu ostavljaju na recepciji hotela Eden.<\/p><p><strong>Polazak autobusa iz Rovinja za sva odredi\u0161ta \u00a0\u2013 \u00a014:30 s parkirali\u0161ta hotela Eden i Lone.<\/strong><\/p><\/div>\n\t\t\t\t<\/div>\n\t\t\t\t\t\t\t<div class=\"elementor-accordion-item\">\n\t\t\t\t\t<div id=\"elementor-tab-title-1307\" class=\"elementor-tab-title\" data-tab=\"7\" role=\"button\" aria-controls=\"elementor-tab-content-1307\" aria-expanded=\"false\">\n\t\t\t\t\t\t\t\t\t\t\t\t\t<span class=\"elementor-accordion-icon elementor-accordion-icon-left\" aria-hidden=\"true\">\n\t\t\t\t\t\t\t\t\t\t\t\t\t\t\t<span class=\"elementor-accordion-icon-closed\"><i class=\"fas fa-plus\"><\/i><\/span>\n\t\t\t\t\t\t\t\t<span class=\"elementor-accordion-icon-opened\"><i class=\"fas fa-minus\"><\/i><\/span>\n\t\t\t\t\t\t\t\t\t\t\t\t\t\t<\/span>\n\t\t\t\t\t\t\t\t\t\t\t\t<a class=\"elementor-accordion-title\" tabindex=\"0\">Parking<\/a>\n\t\t\t\t\t<\/div>\n\t\t\t\t\t<div id=\"elementor-tab-content-1307\" class=\"elementor-tab-content elementor-clearfix\" data-tab=\"7\" role=\"region\" aria-labelledby=\"elementor-tab-title-1307\"><p>Parking je besplatan za sve sudionike smje\u0161tene u Maistrinim hotelima i resortima.<\/p>\n<p>Za sudionike koji nemaju smje\u0161taj, molimo koristiti parkinge u blizini hotela koji su dostupni za javnost.<\/p><\/div>\n\t\t\t\t<\/div>\n\t\t\t\t\t\t\t<div class=\"elementor-accordion-item\">\n\t\t\t\t\t<div id=\"elementor-tab-title-1308\" class=\"elementor-tab-title\" data-tab=\"8\" role=\"button\" aria-controls=\"elementor-tab-content-1308\" aria-expanded=\"false\">\n\t\t\t\t\t\t\t\t\t\t\t\t\t<span class=\"elementor-accordion-icon elementor-accordion-icon-left\" aria-hidden=\"true\">\n\t\t\t\t\t\t\t\t\t\t\t\t\t\t\t<span class=\"elementor-accordion-icon-closed\"><i class=\"fas fa-plus\"><\/i><\/span>\n\t\t\t\t\t\t\t\t<span class=\"elementor-accordion-icon-opened\"><i class=\"fas fa-minus\"><\/i><\/span>\n\t\t\t\t\t\t\t\t\t\t\t\t\t\t<\/span>\n\t\t\t\t\t\t\t\t\t\t\t\t<a class=\"elementor-accordion-title\" tabindex=\"0\">Potvrde <\/a>\n\t\t\t\t\t<\/div>\n\t\t\t\t\t<div id=\"elementor-tab-content-1308\" class=\"elementor-tab-content elementor-clearfix\" data-tab=\"8\" role=\"region\" aria-labelledby=\"elementor-tab-title-1308\"><p><strong>POTVRDE O SUDJELOVANJU<\/strong><\/p><p><span style=\"color: var( --e-global-color-text ); font-family: var( --e-global-typography-text-font-family ), Sans-serif; font-size: var( --e-global-typography-text-font-size ); font-style: var( --e-global-typography-text-font-style ); font-weight: var( --e-global-typography-text-font-weight ); letter-spacing: var( --e-global-typography-text-letter-spacing ); text-transform: var( --e-global-typography-text-text-transform ); text-align: var(--text-align); background-color: var( --e-global-color-c696dce );\">Potvrde o sudjelovanju \u0107e se dodjeljivati isklju\u010divo sudionicima koji sudjeluju na konferenciji u Rovinju u trajanju od dva dana (16 sati) i dodatnih 8 sati za sudjelovanje dva dana online, ako sudjeluju. <\/span><\/p><p><strong style=\"color: var( --e-global-color-text ); font-family: var( --e-global-typography-text-font-family ), Sans-serif; font-size: var( --e-global-typography-text-font-size ); font-style: var( --e-global-typography-text-font-style ); letter-spacing: var( --e-global-typography-text-letter-spacing ); text-transform: var( --e-global-typography-text-text-transform ); text-align: var(--text-align); background-color: var( --e-global-color-c696dce );\">Za samo online sudjelovanje ne\u0107e se izdavati potvrda.<\/strong><\/p><p>Prilikom preuzimanja akreditacije na registracijskom desku, obavezno se potpisati na potpisnu listu.<\/p><p>Potvrde \u0107e biti izdane u roku od 60 dana od zavr\u0161etka konferencije na e-adresu upisanu u prijavni obrazac. Ako u tom roku ne dobijete potvrde na svoje e-adrese, obavezno se javite na adresu cuc@carnet.hr. Ako se ne javite, smatrat \u0107emo da ste dobili potvrdu o sudjelovanju, a naknadno izdavanje potvrda ne\u0107e biti mogu\u0107e.<\/p><p><strong>POTVRDE O DOPRINOSU KVALITETI KONFERENCIJE<\/strong><\/p><p>Svi autori radova dobit \u0107e potvrdu o doprinosu kvaliteti konferencije. Uvjeti za dobivanje potvrda za autore:<\/p><p>Prilikom preuzimanja akreditacije na registracijskom desku, obavezno se potpisati na potpisnu listu.<\/p><p>Potvrde \u0107e biti izdane u roku od 60 dana od zavr\u0161etka konferencije na e-adresu upisanu u prijavni obrazac. Ako u tom roku ne dobijete potvrde na svoje e-adrese, obavezno se javite na adresu cuc@carnet.hr. Ako se ne javite, smatrat \u0107emo da ste dobili potvrdu, a naknadno izdavanje potvrda ne\u0107e biti mogu\u0107e.<\/p><\/div>\n\t\t\t\t<\/div>\n\t\t\t\t\t\t\t\t<\/div>\n\t\t\t\t<\/div>\n\t\t\t\t<\/div>\n\t\t\t\t\t<\/div>\n\t\t\t\t<\/div>\n\t\t\t\t<\/div>\n\t\t","protected":false},"excerpt":{"rendered":"<p>Registracijski desk Registracija sudionika u hotelu Lone po\u010dinje ve\u0107 u utorak, 16. travnja u 17 sati i traje do 20 sati. Po dolasku u Amarin Resort sudionici koji su tamo smje\u0161teni mo\u0107i \u0107e se registrirati na registracijskom desku koji se nalazi na recepciji Resorta. Registracijski desk na toj lokaciji radit \u0107e samo 17. travnja izme\u0111u [&hellip;]<\/p>\n","protected":false},"author":1,"featured_media":0,"parent":0,"menu_order":0,"comment_status":"closed","ping_status":"closed","template":"","meta":{"footnotes":""},"class_list":["post-1282","page","type-page","status-publish","hentry"],"_links":{"self":[{"href":"https:\/\/cuc.carnet.hr\/2024\/wp-json\/wp\/v2\/pages\/1282","targetHints":{"allow":["GET"]}}],"collection":[{"href":"https:\/\/cuc.carnet.hr\/2024\/wp-json\/wp\/v2\/pages"}],"about":[{"href":"https:\/\/cuc.carnet.hr\/2024\/wp-json\/wp\/v2\/types\/page"}],"author":[{"embeddable":true,"href":"https:\/\/cuc.carnet.hr\/2024\/wp-json\/wp\/v2\/users\/1"}],"replies":[{"embeddable":true,"href":"https:\/\/cuc.carnet.hr\/2024\/wp-json\/wp\/v2\/comments?post=1282"}],"version-history":[{"count":31,"href":"https:\/\/cuc.carnet.hr\/2024\/wp-json\/wp\/v2\/pages\/1282\/revisions"}],"predecessor-version":[{"id":1345,"href":"https:\/\/cuc.carnet.hr\/2024\/wp-json\/wp\/v2\/pages\/1282\/revisions\/1345"}],"wp:attachment":[{"href":"https:\/\/cuc.carnet.hr\/2024\/wp-json\/wp\/v2\/media?parent=1282"}],"curies":[{"name":"wp","href":"https:\/\/api.w.org\/{rel}","templated":true}]}}