{"id":726,"date":"2024-01-10T15:14:06","date_gmt":"2024-01-10T14:14:06","guid":{"rendered":"https:\/\/cuc.carnet.hr\/2024\/program-committee\/ivan-durcevic\/"},"modified":"2024-01-30T12:50:41","modified_gmt":"2024-01-30T11:50:41","slug":"ivan-durcevic","status":"publish","type":"page","link":"https:\/\/cuc.carnet.hr\/2024\/en\/program-committee\/ivan-durcevic\/","title":{"rendered":"Ivan \u0110ur\u010devi\u0107"},"content":{"rendered":"\n<p>Ivan \u0110ur\u010devi\u0107, born in Slavonski Brod, gained experience working for three Fortune 100 companies (3M, Mastercard, and now, Microsoft). Although he has a master&#8217;s degree in economics, he started his career in data science, where he stayed for almost a decade. He is currently in the position of Education Lead at Microsoft, where he participates with expert partners and all types of intelligence (Human &amp; AI) in the modernization of the education sector in Croatia.<\/p>\n","protected":false},"excerpt":{"rendered":"<p>Ivan \u0110ur\u010devi\u0107, born in Slavonski Brod, gained experience working for three Fortune 100 companies (3M, Mastercard, and now, Microsoft). Although he has a master&#8217;s degree in economics, he started his career in data science, where he stayed for almost a decade. He is currently in the position of Education Lead at Microsoft, where he participates [&hellip;]<\/p>\n","protected":false},"author":3,"featured_media":0,"parent":681,"menu_order":0,"comment_status":"closed","ping_status":"closed","template":"","meta":{"footnotes":""},"class_list":["post-726","page","type-page","status-publish","hentry"],"_links":{"self":[{"href":"https:\/\/cuc.carnet.hr\/2024\/en\/wp-json\/wp\/v2\/pages\/726","targetHints":{"allow":["GET"]}}],"collection":[{"href":"https:\/\/cuc.carnet.hr\/2024\/en\/wp-json\/wp\/v2\/pages"}],"about":[{"href":"https:\/\/cuc.carnet.hr\/2024\/en\/wp-json\/wp\/v2\/types\/page"}],"author":[{"embeddable":true,"href":"https:\/\/cuc.carnet.hr\/2024\/en\/wp-json\/wp\/v2\/users\/3"}],"replies":[{"embeddable":true,"href":"https:\/\/cuc.carnet.hr\/2024\/en\/wp-json\/wp\/v2\/comments?post=726"}],"version-history":[{"count":1,"href":"https:\/\/cuc.carnet.hr\/2024\/en\/wp-json\/wp\/v2\/pages\/726\/revisions"}],"predecessor-version":[{"id":727,"href":"https:\/\/cuc.carnet.hr\/2024\/en\/wp-json\/wp\/v2\/pages\/726\/revisions\/727"}],"up":[{"embeddable":true,"href":"https:\/\/cuc.carnet.hr\/2024\/en\/wp-json\/wp\/v2\/pages\/681"}],"wp:attachment":[{"href":"https:\/\/cuc.carnet.hr\/2024\/en\/wp-json\/wp\/v2\/media?parent=726"}],"curies":[{"name":"wp","href":"https:\/\/api.w.org\/{rel}","templated":true}]}}