{"id":666,"date":"2024-01-26T10:38:11","date_gmt":"2024-01-26T09:38:11","guid":{"rendered":"https:\/\/cuc.carnet.hr\/2024\/organizing-committee\/"},"modified":"2024-01-26T10:48:52","modified_gmt":"2024-01-26T09:48:52","slug":"organizing-committee","status":"publish","type":"page","link":"https:\/\/cuc.carnet.hr\/2024\/en\/organizing-committee\/","title":{"rendered":"Organizing Committee"},"content":{"rendered":"\t\t<div data-elementor-type=\"wp-page\" data-elementor-id=\"666\" class=\"elementor elementor-666 elementor-659\" data-elementor-post-type=\"page\">\n\t\t\t\t<div class=\"elementor-element elementor-element-2fceaf4a e-flex e-con-boxed e-con e-parent\" data-id=\"2fceaf4a\" data-element_type=\"container\" data-core-v316-plus=\"true\">\n\t\t\t\t\t<div class=\"e-con-inner\">\n\t\t\t\t<div class=\"elementor-element elementor-element-779db044 elementor-widget elementor-widget-text-editor\" data-id=\"779db044\" data-element_type=\"widget\" data-widget_type=\"text-editor.default\">\n\t\t\t\t<div class=\"elementor-widget-container\">\n\t\t\t<style>\/*! elementor - v3.20.0 - 26-03-2024 *\/\n.elementor-widget-text-editor.elementor-drop-cap-view-stacked .elementor-drop-cap{background-color:#69727d;color:#fff}.elementor-widget-text-editor.elementor-drop-cap-view-framed .elementor-drop-cap{color:#69727d;border:3px solid;background-color:transparent}.elementor-widget-text-editor:not(.elementor-drop-cap-view-default) .elementor-drop-cap{margin-top:8px}.elementor-widget-text-editor:not(.elementor-drop-cap-view-default) .elementor-drop-cap-letter{width:1em;height:1em}.elementor-widget-text-editor .elementor-drop-cap{float:left;text-align:center;line-height:1;font-size:50px}.elementor-widget-text-editor .elementor-drop-cap-letter{display:inline-block}<\/style>\t\t\t\t<h3><strong>Producer<\/strong><\/h3>\n<p>Nino \u0106osi\u0107<\/p>\n<h3><strong>Production team<\/strong><\/h3>\n<p>Mateja Buri\u0161a<\/p>\n<p>Anja Korda<\/p>\n<p>Tomislav Neguli\u0107<\/p>\n<p>Maja Petrovi\u0107<\/p>\n<p>Ana Smoljo<\/p>\t\t\t\t\t\t<\/div>\n\t\t\t\t<\/div>\n\t\t\t\t\t<\/div>\n\t\t\t\t<\/div>\n\t\t\t\t<\/div>\n\t\t","protected":false},"excerpt":{"rendered":"<p>Producer Nino \u0106osi\u0107 Production team Mateja Buri\u0161a Anja Korda Tomislav Neguli\u0107 Maja Petrovi\u0107 Ana Smoljo<\/p>\n","protected":false},"author":3,"featured_media":0,"parent":0,"menu_order":0,"comment_status":"closed","ping_status":"closed","template":"","meta":{"footnotes":""},"class_list":["post-666","page","type-page","status-publish","hentry"],"_links":{"self":[{"href":"https:\/\/cuc.carnet.hr\/2024\/en\/wp-json\/wp\/v2\/pages\/666","targetHints":{"allow":["GET"]}}],"collection":[{"href":"https:\/\/cuc.carnet.hr\/2024\/en\/wp-json\/wp\/v2\/pages"}],"about":[{"href":"https:\/\/cuc.carnet.hr\/2024\/en\/wp-json\/wp\/v2\/types\/page"}],"author":[{"embeddable":true,"href":"https:\/\/cuc.carnet.hr\/2024\/en\/wp-json\/wp\/v2\/users\/3"}],"replies":[{"embeddable":true,"href":"https:\/\/cuc.carnet.hr\/2024\/en\/wp-json\/wp\/v2\/comments?post=666"}],"version-history":[{"count":3,"href":"https:\/\/cuc.carnet.hr\/2024\/en\/wp-json\/wp\/v2\/pages\/666\/revisions"}],"predecessor-version":[{"id":669,"href":"https:\/\/cuc.carnet.hr\/2024\/en\/wp-json\/wp\/v2\/pages\/666\/revisions\/669"}],"wp:attachment":[{"href":"https:\/\/cuc.carnet.hr\/2024\/en\/wp-json\/wp\/v2\/media?parent=666"}],"curies":[{"name":"wp","href":"https:\/\/api.w.org\/{rel}","templated":true}]}}