{"id":987,"date":"2023-04-19T14:10:03","date_gmt":"2023-04-19T12:10:03","guid":{"rendered":"https:\/\/cuc.carnet.hr\/2023\/?page_id=987"},"modified":"2023-04-20T11:55:38","modified_gmt":"2023-04-20T09:55:38","slug":"ivana-juraga","status":"publish","type":"page","link":"https:\/\/cuc.carnet.hr\/2023\/ivana-juraga\/","title":{"rendered":"Ivana Juraga"},"content":{"rendered":"\t\t<div data-elementor-type=\"wp-page\" data-elementor-id=\"987\" class=\"elementor elementor-987\">\n\t\t\t\t\t\t\t\t\t<section class=\"elementor-section elementor-top-section elementor-element elementor-element-fa960f8 elementor-section-boxed elementor-section-height-default elementor-section-height-default\" data-id=\"fa960f8\" data-element_type=\"section\">\n\t\t\t\t\t\t<div class=\"elementor-container elementor-column-gap-default\">\n\t\t\t\t\t<div class=\"elementor-column elementor-col-100 elementor-top-column elementor-element elementor-element-5af170b\" data-id=\"5af170b\" data-element_type=\"column\">\n\t\t\t<div class=\"elementor-widget-wrap elementor-element-populated\">\n\t\t\t\t\t\t\t\t<div class=\"elementor-element elementor-element-6d71a0d elementor-widget elementor-widget-heading\" data-id=\"6d71a0d\" data-element_type=\"widget\" data-widget_type=\"heading.default\">\n\t\t\t\t<div class=\"elementor-widget-container\">\n\t\t\t<style>\/*! elementor - v3.12.0 - 29-03-2023 *\/\n.elementor-heading-title{padding:0;margin:0;line-height:1}.elementor-widget-heading .elementor-heading-title[class*=elementor-size-]>a{color:inherit;font-size:inherit;line-height:inherit}.elementor-widget-heading .elementor-heading-title.elementor-size-small{font-size:15px}.elementor-widget-heading .elementor-heading-title.elementor-size-medium{font-size:19px}.elementor-widget-heading .elementor-heading-title.elementor-size-large{font-size:29px}.elementor-widget-heading .elementor-heading-title.elementor-size-xl{font-size:39px}.elementor-widget-heading .elementor-heading-title.elementor-size-xxl{font-size:59px}<\/style><h2 class=\"elementor-heading-title elementor-size-default\">Ivana Juraga<\/h2>\t\t<\/div>\n\t\t\t\t<\/div>\n\t\t\t\t\t<\/div>\n\t\t<\/div>\n\t\t\t\t\t\t\t<\/div>\n\t\t<\/section>\n\t\t\t\t<section class=\"elementor-section elementor-top-section elementor-element elementor-element-1528a3b3 elementor-section-boxed elementor-section-height-default elementor-section-height-default\" data-id=\"1528a3b3\" data-element_type=\"section\">\n\t\t\t\t\t\t<div class=\"elementor-container elementor-column-gap-default\">\n\t\t\t\t\t<div class=\"elementor-column elementor-col-100 elementor-top-column elementor-element elementor-element-3b7e377f\" data-id=\"3b7e377f\" data-element_type=\"column\">\n\t\t\t<div class=\"elementor-widget-wrap elementor-element-populated\">\n\t\t\t\t\t\t\t\t<div class=\"elementor-element elementor-element-4b1544df elementor-widget elementor-widget-text-editor\" data-id=\"4b1544df\" data-element_type=\"widget\" data-widget_type=\"text-editor.default\">\n\t\t\t\t<div class=\"elementor-widget-container\">\n\t\t\t<style>\/*! elementor - v3.12.0 - 29-03-2023 *\/\n.elementor-widget-text-editor.elementor-drop-cap-view-stacked .elementor-drop-cap{background-color:#69727d;color:#fff}.elementor-widget-text-editor.elementor-drop-cap-view-framed .elementor-drop-cap{color:#69727d;border:3px solid;background-color:transparent}.elementor-widget-text-editor:not(.elementor-drop-cap-view-default) .elementor-drop-cap{margin-top:8px}.elementor-widget-text-editor:not(.elementor-drop-cap-view-default) .elementor-drop-cap-letter{width:1em;height:1em}.elementor-widget-text-editor .elementor-drop-cap{float:left;text-align:center;line-height:1;font-size:50px}.elementor-widget-text-editor .elementor-drop-cap-letter{display:inline-block}<\/style>\t\t\t\t<p><!-- wp:paragraph --><\/p>\n<p>Ivana Juraga radi u Odjelu za digitalno obrazovanje Glavne uprave za obrazovanje, mlade, sport i kulturu Europske komisije. Odgovorna je za teme vezane za \u010dimbenike koji omogu\u0107uju uspje\u0161no digitalno obrazovanje, sto uklju\u010duje rad na strukturiranom dijalogu s dr\u017eavama \u010dlanicama o digitalnom obrazovanju i vje\u0161tinama te na prijedlogu preporuke Vije\u0107a o \u010dimbenicima koji omogu\u0107uju uspje\u0161no digitalno obrazovanje. Ivana je diplomirala na Sveu\u010dili\u0161tu u Zagrebu te magistrirala na London School of Economics and Political Science. Prethodno je radila u Agenciji za obrazovanje odraslih, Ministarstvu znanosti, obrazovanja i sporta Republike Hrvatske te u Europskom udru\u017eenju sveu\u010dili\u0161ta.<\/p>\n<p>\u00a0<\/p>\n<p><!-- \/wp:paragraph --><\/p>\t\t\t\t\t\t<\/div>\n\t\t\t\t<\/div>\n\t\t\t\t\t<\/div>\n\t\t<\/div>\n\t\t\t\t\t\t\t<\/div>\n\t\t<\/section>\n\t\t\t\t<section class=\"elementor-section elementor-top-section elementor-element elementor-element-d5a3051 elementor-section-boxed elementor-section-height-default elementor-section-height-default\" data-id=\"d5a3051\" data-element_type=\"section\">\n\t\t\t\t\t\t<div class=\"elementor-container elementor-column-gap-default\">\n\t\t\t\t\t<div class=\"elementor-column elementor-col-100 elementor-top-column elementor-element elementor-element-448418d\" data-id=\"448418d\" data-element_type=\"column\">\n\t\t\t<div class=\"elementor-widget-wrap elementor-element-populated\">\n\t\t\t\t\t\t\t\t<div class=\"elementor-element elementor-element-d818272 elementor-widget elementor-widget-heading\" data-id=\"d818272\" data-element_type=\"widget\" data-widget_type=\"heading.default\">\n\t\t\t\t<div class=\"elementor-widget-container\">\n\t\t\t<h4 class=\"elementor-heading-title elementor-size-large\">Online predavanje: Pregled aktivnost Europske komisije<\/h4>\t\t<\/div>\n\t\t\t\t<\/div>\n\t\t\t\t\t<\/div>\n\t\t<\/div>\n\t\t\t\t\t\t\t<\/div>\n\t\t<\/section>\n\t\t\t\t<section class=\"elementor-section elementor-top-section elementor-element elementor-element-d7c5a70 elementor-section-boxed elementor-section-height-default elementor-section-height-default\" data-id=\"d7c5a70\" data-element_type=\"section\">\n\t\t\t\t\t\t<div class=\"elementor-container elementor-column-gap-default\">\n\t\t\t\t\t<div class=\"elementor-column elementor-col-100 elementor-top-column elementor-element elementor-element-c844758\" data-id=\"c844758\" data-element_type=\"column\">\n\t\t\t<div class=\"elementor-widget-wrap elementor-element-populated\">\n\t\t\t\t\t\t\t\t<div class=\"elementor-element elementor-element-dd4317b elementor-widget elementor-widget-text-editor\" data-id=\"dd4317b\" data-element_type=\"widget\" data-widget_type=\"text-editor.default\">\n\t\t\t\t<div class=\"elementor-widget-container\">\n\t\t\t\t\t\t\t<p>Pandemija bolesti COVID-19 istaknula je potrebu za pobolj\u0161anjem digitalne spremnosti sustava obrazovanja u pogledu otpornosti, kvalitete, uklju\u010divosti, pristupa\u010dnosti i sigurnosti. U Akcijskom planu Europske komisije za digitalno obrazovanje 2021. \u2013 2027. utvr\u0111ena su dva strate\u0161ka prioriteta za postizanje toga cilja: poticanje razvoja uspje\u0161nog ekosustava digitalnog obrazovanja i pobolj\u0161anje digitalnih vje\u0161tina i kompetencija za digitalnu transformaciju. Ovo predavanje pru\u017eit \u0107e pregled aktivnosti Europske komisije kojima je cilj poduprijeti dr\u017eave \u010dlanice u postizanju tih ciljeva. Poseban naglasak stavit \u0107e se na prijedloge dviju preporuka Vije\u0107a o digitalnom obrazovanju i vje\u0161tinama donesene u travnju 2023.<\/p>\t\t\t\t\t\t<\/div>\n\t\t\t\t<\/div>\n\t\t\t\t\t<\/div>\n\t\t<\/div>\n\t\t\t\t\t\t\t<\/div>\n\t\t<\/section>\n\t\t\t\t\t\t\t<\/div>\n\t\t","protected":false},"excerpt":{"rendered":"<p>Ivana Juraga Ivana Juraga radi u Odjelu za digitalno obrazovanje Glavne uprave za obrazovanje, mlade, sport i kulturu Europske komisije. Odgovorna je za teme vezane za \u010dimbenike koji omogu\u0107uju uspje\u0161no digitalno obrazovanje, sto uklju\u010duje rad na strukturiranom dijalogu s dr\u017eavama \u010dlanicama o digitalnom obrazovanju i vje\u0161tinama te na prijedlogu preporuke Vije\u0107a o \u010dimbenicima koji omogu\u0107uju [&hellip;]<\/p>\n","protected":false},"author":2,"featured_media":0,"parent":0,"menu_order":0,"comment_status":"closed","ping_status":"closed","template":"","meta":{"footnotes":""},"class_list":["post-987","page","type-page","status-publish","hentry"],"_links":{"self":[{"href":"https:\/\/cuc.carnet.hr\/2023\/wp-json\/wp\/v2\/pages\/987","targetHints":{"allow":["GET"]}}],"collection":[{"href":"https:\/\/cuc.carnet.hr\/2023\/wp-json\/wp\/v2\/pages"}],"about":[{"href":"https:\/\/cuc.carnet.hr\/2023\/wp-json\/wp\/v2\/types\/page"}],"author":[{"embeddable":true,"href":"https:\/\/cuc.carnet.hr\/2023\/wp-json\/wp\/v2\/users\/2"}],"replies":[{"embeddable":true,"href":"https:\/\/cuc.carnet.hr\/2023\/wp-json\/wp\/v2\/comments?post=987"}],"version-history":[{"count":7,"href":"https:\/\/cuc.carnet.hr\/2023\/wp-json\/wp\/v2\/pages\/987\/revisions"}],"predecessor-version":[{"id":1046,"href":"https:\/\/cuc.carnet.hr\/2023\/wp-json\/wp\/v2\/pages\/987\/revisions\/1046"}],"wp:attachment":[{"href":"https:\/\/cuc.carnet.hr\/2023\/wp-json\/wp\/v2\/media?parent=987"}],"curies":[{"name":"wp","href":"https:\/\/api.w.org\/{rel}","templated":true}]}}