{"id":949,"date":"2023-04-19T13:48:40","date_gmt":"2023-04-19T11:48:40","guid":{"rendered":"https:\/\/cuc.carnet.hr\/2023\/?page_id=949"},"modified":"2023-04-21T09:18:23","modified_gmt":"2023-04-21T07:18:23","slug":"pozvani-predavaci-i-predavacice","status":"publish","type":"page","link":"https:\/\/cuc.carnet.hr\/2023\/pozvani-predavaci-i-predavacice\/","title":{"rendered":"Pozvani predava\u010di i predava\u010dice"},"content":{"rendered":"\t\t<div data-elementor-type=\"wp-page\" data-elementor-id=\"949\" class=\"elementor elementor-949\">\n\t\t\t\t\t\t\t\t\t<section class=\"elementor-section elementor-top-section elementor-element elementor-element-61722c7b elementor-section-boxed elementor-section-height-default elementor-section-height-default\" data-id=\"61722c7b\" data-element_type=\"section\">\n\t\t\t\t\t\t<div class=\"elementor-container elementor-column-gap-default\">\n\t\t\t\t\t<div class=\"elementor-column elementor-col-100 elementor-top-column elementor-element elementor-element-4b09685e\" data-id=\"4b09685e\" data-element_type=\"column\">\n\t\t\t<div class=\"elementor-widget-wrap elementor-element-populated\">\n\t\t\t\t\t\t\t\t<div class=\"elementor-element elementor-element-0941539 elementor-widget elementor-widget-spacer\" data-id=\"0941539\" data-element_type=\"widget\" data-widget_type=\"spacer.default\">\n\t\t\t\t<div class=\"elementor-widget-container\">\n\t\t\t<style>\/*! elementor - v3.12.0 - 29-03-2023 *\/\n.elementor-column .elementor-spacer-inner{height:var(--spacer-size)}.e-con{--container-widget-width:100%}.e-con-inner>.elementor-widget-spacer,.e-con>.elementor-widget-spacer{width:var(--container-widget-width,var(--spacer-size));--align-self:var(--container-widget-align-self,initial);--flex-shrink:0}.e-con-inner>.elementor-widget-spacer>.elementor-widget-container,.e-con-inner>.elementor-widget-spacer>.elementor-widget-container>.elementor-spacer,.e-con>.elementor-widget-spacer>.elementor-widget-container,.e-con>.elementor-widget-spacer>.elementor-widget-container>.elementor-spacer{height:100%}.e-con-inner>.elementor-widget-spacer>.elementor-widget-container>.elementor-spacer>.elementor-spacer-inner,.e-con>.elementor-widget-spacer>.elementor-widget-container>.elementor-spacer>.elementor-spacer-inner{height:var(--container-widget-height,var(--spacer-size))}<\/style>\t\t<div class=\"elementor-spacer\">\n\t\t\t<div class=\"elementor-spacer-inner\"><\/div>\n\t\t<\/div>\n\t\t\t\t<\/div>\n\t\t\t\t<\/div>\n\t\t\t\t<div class=\"elementor-element elementor-element-111de00 elementor-widget elementor-widget-heading\" data-id=\"111de00\" data-element_type=\"widget\" data-widget_type=\"heading.default\">\n\t\t\t\t<div class=\"elementor-widget-container\">\n\t\t\t<style>\/*! elementor - v3.12.0 - 29-03-2023 *\/\n.elementor-heading-title{padding:0;margin:0;line-height:1}.elementor-widget-heading .elementor-heading-title[class*=elementor-size-]>a{color:inherit;font-size:inherit;line-height:inherit}.elementor-widget-heading .elementor-heading-title.elementor-size-small{font-size:15px}.elementor-widget-heading .elementor-heading-title.elementor-size-medium{font-size:19px}.elementor-widget-heading .elementor-heading-title.elementor-size-large{font-size:29px}.elementor-widget-heading .elementor-heading-title.elementor-size-xl{font-size:39px}.elementor-widget-heading .elementor-heading-title.elementor-size-xxl{font-size:59px}<\/style><h2 class=\"elementor-heading-title elementor-size-default\">Pozvani predava\u010di i predava\u010dice<\/h2>\t\t<\/div>\n\t\t\t\t<\/div>\n\t\t\t\t<div class=\"elementor-element elementor-element-5967d3f elementor-widget elementor-widget-premium-addon-person\" data-id=\"5967d3f\" data-element_type=\"widget\" data-settings=\"{&quot;persons_per_row&quot;:&quot;33.33%&quot;,&quot;persons_per_row_tablet&quot;:&quot;100%&quot;,&quot;persons_per_row_mobile&quot;:&quot;100%&quot;}\" data-widget_type=\"premium-addon-person.default\">\n\t\t\t\t<div class=\"elementor-widget-container\">\n\t\t\t\t\t<div class=\"premium-persons-container premium-person-style1 multiple-persons\" data-persons-equal=\"\">\n\t\t\t\t\t\t\t\t<div class=\"premium-person-container premium-person-grayscale-effect\">\n\t\t\t\t\t\t<div class=\"premium-person-image-container\">\n\t\t\t\t\t\t\t<img decoding=\"async\" src=\"https:\/\/cuc.carnet.hr\/2023\/wp-content\/uploads\/elementor\/thumbs\/M.Prensky-1-q58pcxnjwfxu1caycjauacqpdwzlbh0klv1b55wf3k.jpg\" title=\"M.Prensky\" alt=\"M.Prensky\" loading=\"lazy\" \/>\t\t\t\t\t\t\t\t\t\t\t\t\t<\/div>\n\t\t\t\t\t\t<div class=\"premium-person-info\">\n\t\t\t\t\t\t\t\t\t\t<div class=\"premium-person-info-container\">\n\t\t\t\t\t\t\t\t\t<h3 class=\"premium-person-name\">\n\t\t\t\t\t\tMarc Prensky\t\t\t\t\t<\/h3>\n\t\t\t\t\t\t\t\t\t\t\t<h4 class=\"premium-person-title\">\n\t\t\t\t\t\t\t<span>Autor<\/span>\n\t\t\t\t\t\t<\/h4>\n\t\t\t\t\t\t\t\t\t\t\t<div class=\"premium-person-content\">\n\t\t\t\t\t\t\t<p><a href=\"https:\/\/cuc.carnet.hr\/2023\/marc-prensky\/\">Vi\u0161e&#8230;<\/a><\/p>\t\t\t\t\t\t<\/div>\n\t\t\t\t\t\t\t\t<\/div>\n\t\t\t\t\t\t\t\t\t<\/div>\n\t\t\t\t\t<\/div>\n\t\t\t\t\t\t\t\t\t\t<div class=\"premium-person-container premium-person-grayscale-effect\">\n\t\t\t\t\t\t<div class=\"premium-person-image-container\">\n\t\t\t\t\t\t\t<img decoding=\"async\" src=\"https:\/\/cuc.carnet.hr\/2023\/wp-content\/uploads\/elementor\/thumbs\/M.-Berry-1-q58pdso85z4aoh1wbepj2mwwzmqpdhfpq4kbzamfe8.jpg\" title=\"M. Berry\" alt=\"M. Berry\" loading=\"lazy\" \/>\t\t\t\t\t\t\t\t\t\t\t\t\t<\/div>\n\t\t\t\t\t\t<div class=\"premium-person-info\">\n\t\t\t\t\t\t\t\t\t\t<div class=\"premium-person-info-container\">\n\t\t\t\t\t\t\t\t\t<h3 class=\"premium-person-name\">\n\t\t\t\t\t\tMiles Berry\t\t\t\t\t<\/h3>\n\t\t\t\t\t\t\t\t\t\t\t<h4 class=\"premium-person-title\">\n\t\t\t\t\t\t\t<span>University of Roehampton<\/span>\n\t\t\t\t\t\t<\/h4>\n\t\t\t\t\t\t\t\t\t\t\t<div class=\"premium-person-content\">\n\t\t\t\t\t\t\t<p><a href=\"https:\/\/cuc.carnet.hr\/2023\/miles-berry\/\">Vi\u0161e&#8230;<\/a><\/p>\t\t\t\t\t\t<\/div>\n\t\t\t\t\t\t\t\t<\/div>\n\t\t\t\t\t\t\t\t\t<\/div>\n\t\t\t\t\t<\/div>\n\t\t\t\t\t\t\t\t\t\t<div class=\"premium-person-container premium-person-grayscale-effect\">\n\t\t\t\t\t\t<div class=\"premium-person-image-container\">\n\t\t\t\t\t\t\t<img decoding=\"async\" src=\"https:\/\/cuc.carnet.hr\/2023\/wp-content\/uploads\/elementor\/thumbs\/Ivana-Juraga-q58pdrqdz530cv39gwawi55ge8vc5sbzdzwui0ntkg.jpg\" title=\"Ivana Juraga\" alt=\"Ivana Juraga\" loading=\"lazy\" \/>\t\t\t\t\t\t\t\t\t\t\t\t\t<\/div>\n\t\t\t\t\t\t<div class=\"premium-person-info\">\n\t\t\t\t\t\t\t\t\t\t<div class=\"premium-person-info-container\">\n\t\t\t\t\t\t\t\t\t<h3 class=\"premium-person-name\">\n\t\t\t\t\t\tIvana Juraga\t\t\t\t\t<\/h3>\n\t\t\t\t\t\t\t\t\t\t\t<h4 class=\"premium-person-title\">\n\t\t\t\t\t\t\t<span>Europska komisija<\/span>\n\t\t\t\t\t\t<\/h4>\n\t\t\t\t\t\t\t\t\t\t\t<div class=\"premium-person-content\">\n\t\t\t\t\t\t\t<p><a href=\"https:\/\/cuc.carnet.hr\/2023\/ivana-juraga\/\">Vi\u0161e&#8230;<\/a><\/p>\t\t\t\t\t\t<\/div>\n\t\t\t\t\t\t\t\t<\/div>\n\t\t\t\t\t\t\t\t\t<\/div>\n\t\t\t\t\t<\/div>\n\t\t\t\t\t\t\t\t\t\t<div class=\"premium-person-container premium-person-grayscale-effect\">\n\t\t\t\t\t\t<div class=\"premium-person-image-container\">\n\t\t\t\t\t\t\t<img decoding=\"async\" src=\"https:\/\/cuc.carnet.hr\/2023\/wp-content\/uploads\/elementor\/thumbs\/Ines-Delzzoto-q58phdg46a0kv1uufgdf28f2df3zo0mxvtxuq7bhps.jpg\" title=\"Ines Delzzoto\" alt=\"Ines Delzzoto\" loading=\"lazy\" \/>\t\t\t\t\t\t\t\t\t\t\t\t\t<\/div>\n\t\t\t\t\t\t<div class=\"premium-person-info\">\n\t\t\t\t\t\t\t\t\t\t<div class=\"premium-person-info-container\">\n\t\t\t\t\t\t\t\t\t<h3 class=\"premium-person-name\">\n\t\t\t\t\t\tInes Delzotto\t\t\t\t\t<\/h3>\n\t\t\t\t\t\t\t\t\t\t\t<h4 class=\"premium-person-title\">\n\t\t\t\t\t\t\t<span>Dnevni centar za rehabilitaciju Veruda Pula<\/span>\n\t\t\t\t\t\t<\/h4>\n\t\t\t\t\t\t\t\t\t\t\t<div class=\"premium-person-content\">\n\t\t\t\t\t\t\t<p><a href=\"https:\/\/cuc.carnet.hr\/2023\/ines-delzotto\/\">Vi\u0161e&#8230;<\/a><\/p>\t\t\t\t\t\t<\/div>\n\t\t\t\t\t\t\t\t<\/div>\n\t\t\t\t\t\t\t\t\t<\/div>\n\t\t\t\t\t<\/div>\n\t\t\t\t\t\t\t\t\t\t<div class=\"premium-person-container premium-person-grayscale-effect\">\n\t\t\t\t\t\t<div class=\"premium-person-image-container\">\n\t\t\t\t\t\t\t<img decoding=\"async\" src=\"https:\/\/cuc.carnet.hr\/2023\/wp-content\/uploads\/elementor\/thumbs\/Bart-1-q58pd71xssap9fxatnd3zadbbrp9gg1vz5k5xxihdc.jpg\" title=\"Bart\" alt=\"Bart\" loading=\"lazy\" \/>\t\t\t\t\t\t\t\t\t\t\t\t\t<\/div>\n\t\t\t\t\t\t<div class=\"premium-person-info\">\n\t\t\t\t\t\t\t\t\t\t<div class=\"premium-person-info-container\">\n\t\t\t\t\t\t\t\t\t<h3 class=\"premium-person-name\">\n\t\t\t\t\t\tBart Verswijvel\t\t\t\t\t<\/h3>\n\t\t\t\t\t\t\t\t\t\t\t<h4 class=\"premium-person-title\">\n\t\t\t\t\t\t\t<span>European Schoolnet<\/span>\n\t\t\t\t\t\t<\/h4>\n\t\t\t\t\t\t\t\t\t\t\t<div class=\"premium-person-content\">\n\t\t\t\t\t\t\t<p><a href=\"https:\/\/cuc.carnet.hr\/2023\/bart-verswijvel\/\">Vi\u0161e&#8230;<\/a><\/p>\t\t\t\t\t\t<\/div>\n\t\t\t\t\t\t\t\t<\/div>\n\t\t\t\t\t\t\t\t\t<\/div>\n\t\t\t\t\t<\/div>\n\t\t\t\t\t\t\t\t\t\t<div class=\"premium-person-container premium-person-grayscale-effect\">\n\t\t\t\t\t\t<div class=\"premium-person-image-container\">\n\t\t\t\t\t\t\t<img decoding=\"async\" src=\"https:\/\/cuc.carnet.hr\/2023\/wp-content\/uploads\/elementor\/thumbs\/Conor-za-web-q5bvi2vsx11sozjhtqivifbdnvj90w1cw8qo6189yo.png\" title=\"Conor za web\" alt=\"Conor za web\" loading=\"lazy\" \/>\t\t\t\t\t\t\t\t\t\t\t\t\t<\/div>\n\t\t\t\t\t\t<div class=\"premium-person-info\">\n\t\t\t\t\t\t\t\t\t\t<div class=\"premium-person-info-container\">\n\t\t\t\t\t\t\t\t\t<h3 class=\"premium-person-name\">\n\t\t\t\t\t\tConor Galvin\t\t\t\t\t<\/h3>\n\t\t\t\t\t\t\t\t\t\t\t<h4 class=\"premium-person-title\">\n\t\t\t\t\t\t\t<span>University College Dublin<\/span>\n\t\t\t\t\t\t<\/h4>\n\t\t\t\t\t\t\t\t\t\t\t<div class=\"premium-person-content\">\n\t\t\t\t\t\t\t<p><a href=\"https:\/\/cuc.carnet.hr\/2023\/conor-galvin\/\" rel=\"noopener\">Vi\u0161e&#8230;<\/a><\/p>\t\t\t\t\t\t<\/div>\n\t\t\t\t\t\t\t\t<\/div>\n\t\t\t\t\t\t\t\t\t<\/div>\n\t\t\t\t\t<\/div>\n\t\t\t\t\t\t\t<\/div>\n\t\t\t\t<\/div>\n\t\t\t\t<\/div>\n\t\t\t\t<div class=\"elementor-element elementor-element-7367e98 elementor-widget elementor-widget-spacer\" data-id=\"7367e98\" data-element_type=\"widget\" data-widget_type=\"spacer.default\">\n\t\t\t\t<div class=\"elementor-widget-container\">\n\t\t\t\t\t<div class=\"elementor-spacer\">\n\t\t\t<div class=\"elementor-spacer-inner\"><\/div>\n\t\t<\/div>\n\t\t\t\t<\/div>\n\t\t\t\t<\/div>\n\t\t\t\t\t<\/div>\n\t\t<\/div>\n\t\t\t\t\t\t\t<\/div>\n\t\t<\/section>\n\t\t\t\t\t\t\t<\/div>\n\t\t","protected":false},"excerpt":{"rendered":"<p>Pozvani predava\u010di i predava\u010dice Marc Prensky Autor Vi\u0161e&#8230; Miles Berry University of Roehampton Vi\u0161e&#8230; Ivana Juraga Europska komisija Vi\u0161e&#8230; Ines Delzotto Dnevni centar za rehabilitaciju Veruda Pula Vi\u0161e&#8230; Bart Verswijvel European Schoolnet Vi\u0161e&#8230; Conor Galvin University College Dublin Vi\u0161e&#8230;<\/p>\n","protected":false},"author":2,"featured_media":0,"parent":0,"menu_order":0,"comment_status":"closed","ping_status":"closed","template":"","meta":{"footnotes":""},"class_list":["post-949","page","type-page","status-publish","hentry"],"_links":{"self":[{"href":"https:\/\/cuc.carnet.hr\/2023\/wp-json\/wp\/v2\/pages\/949","targetHints":{"allow":["GET"]}}],"collection":[{"href":"https:\/\/cuc.carnet.hr\/2023\/wp-json\/wp\/v2\/pages"}],"about":[{"href":"https:\/\/cuc.carnet.hr\/2023\/wp-json\/wp\/v2\/types\/page"}],"author":[{"embeddable":true,"href":"https:\/\/cuc.carnet.hr\/2023\/wp-json\/wp\/v2\/users\/2"}],"replies":[{"embeddable":true,"href":"https:\/\/cuc.carnet.hr\/2023\/wp-json\/wp\/v2\/comments?post=949"}],"version-history":[{"count":36,"href":"https:\/\/cuc.carnet.hr\/2023\/wp-json\/wp\/v2\/pages\/949\/revisions"}],"predecessor-version":[{"id":1106,"href":"https:\/\/cuc.carnet.hr\/2023\/wp-json\/wp\/v2\/pages\/949\/revisions\/1106"}],"wp:attachment":[{"href":"https:\/\/cuc.carnet.hr\/2023\/wp-json\/wp\/v2\/media?parent=949"}],"curies":[{"name":"wp","href":"https:\/\/api.w.org\/{rel}","templated":true}]}}