{"id":93,"date":"2022-12-19T14:35:34","date_gmt":"2022-12-19T13:35:34","guid":{"rendered":"https:\/\/cuc.carnet.hr\/2023\/?page_id=93"},"modified":"2022-12-19T14:35:34","modified_gmt":"2022-12-19T13:35:34","slug":"aleksandra-mudrinic-ribic","status":"publish","type":"page","link":"https:\/\/cuc.carnet.hr\/2023\/aleksandra-mudrinic-ribic\/","title":{"rendered":"Aleksandra Mudrini\u0107 Ribi\u0107"},"content":{"rendered":"\n<p>Aleksandra se intenzivno bavi aktivnostima i projektima kojima je cilj sveobuhvatna podr\u0161ka u primjeni tehnologije u obrazovanju. Promovira cjelo\u017eivotno u\u010denje i va\u017enost razvoja osobnih kompetencija pojedinca nu\u017enih za razvoj kolektiva u cjelini.&nbsp;&nbsp;<\/p>\n\n\n\n<p>Veliko iskustvo stekla je usavr\u0161avanjem i na konferencijama u podru\u010dju primjene tehnologije u obrazovanju \u2013 tehnologija kao podr\u0161ka promjeni paradigme u\u010denja i pou\u010davanja. Sustavno se bavi razvojem obrazovnih programa i digitalnih obrazovnih sadr\u017eaja imaju\u0107i u vidu potrebe i kompetencije CARNET-ovih korisnika i njihov razvojni put. <\/p>\n\n\n\n<p>Veliko iskustvo ima u planiranju i vo\u0111enju transformacijskih europskih i nacionalnih projekata kao \u0161to su \u0160kole 2.0, Inspiring Science Education, te\u00a0programa edukacija za razvoj digitalnih kompetencija i dr. Odr\u017eala je na desetke radionica i predavanja vezanih za specifi\u010dne izazove i na\u010dine primjene digitalnih tehnologija u procesu u\u010denja i pou\u010davanja.\u00a0<\/p>\n","protected":false},"excerpt":{"rendered":"<p>Aleksandra se intenzivno bavi aktivnostima i projektima kojima je cilj sveobuhvatna podr\u0161ka u primjeni tehnologije u obrazovanju. Promovira cjelo\u017eivotno u\u010denje i va\u017enost razvoja osobnih kompetencija pojedinca nu\u017enih za razvoj kolektiva u cjelini.&nbsp;&nbsp; Veliko iskustvo stekla je usavr\u0161avanjem i na konferencijama u podru\u010dju primjene tehnologije u obrazovanju \u2013 tehnologija kao podr\u0161ka promjeni paradigme u\u010denja i pou\u010davanja. [&hellip;]<\/p>\n","protected":false},"author":2,"featured_media":0,"parent":0,"menu_order":0,"comment_status":"closed","ping_status":"closed","template":"","meta":{"footnotes":""},"class_list":["post-93","page","type-page","status-publish","hentry"],"_links":{"self":[{"href":"https:\/\/cuc.carnet.hr\/2023\/wp-json\/wp\/v2\/pages\/93","targetHints":{"allow":["GET"]}}],"collection":[{"href":"https:\/\/cuc.carnet.hr\/2023\/wp-json\/wp\/v2\/pages"}],"about":[{"href":"https:\/\/cuc.carnet.hr\/2023\/wp-json\/wp\/v2\/types\/page"}],"author":[{"embeddable":true,"href":"https:\/\/cuc.carnet.hr\/2023\/wp-json\/wp\/v2\/users\/2"}],"replies":[{"embeddable":true,"href":"https:\/\/cuc.carnet.hr\/2023\/wp-json\/wp\/v2\/comments?post=93"}],"version-history":[{"count":1,"href":"https:\/\/cuc.carnet.hr\/2023\/wp-json\/wp\/v2\/pages\/93\/revisions"}],"predecessor-version":[{"id":94,"href":"https:\/\/cuc.carnet.hr\/2023\/wp-json\/wp\/v2\/pages\/93\/revisions\/94"}],"wp:attachment":[{"href":"https:\/\/cuc.carnet.hr\/2023\/wp-json\/wp\/v2\/media?parent=93"}],"curies":[{"name":"wp","href":"https:\/\/api.w.org\/{rel}","templated":true}]}}