{"id":860,"date":"2023-04-20T16:33:41","date_gmt":"2023-04-20T14:33:41","guid":{"rendered":"https:\/\/cuc.carnet.hr\/2023\/?page_id=860"},"modified":"2023-04-20T16:48:54","modified_gmt":"2023-04-20T14:48:54","slug":"prijevoz-amarin-lone","status":"publish","type":"page","link":"https:\/\/cuc.carnet.hr\/2023\/prijevoz-amarin-lone\/","title":{"rendered":"Prijevoz Amarin &#8211; Lone"},"content":{"rendered":"\t\t<div data-elementor-type=\"wp-page\" data-elementor-id=\"860\" class=\"elementor elementor-860\">\n\t\t\t\t\t\t\t\t\t<section class=\"elementor-section elementor-top-section elementor-element elementor-element-bd022fe elementor-section-boxed elementor-section-height-default elementor-section-height-default\" data-id=\"bd022fe\" data-element_type=\"section\">\n\t\t\t\t\t\t<div class=\"elementor-container elementor-column-gap-default\">\n\t\t\t\t\t<div class=\"elementor-column elementor-col-100 elementor-top-column elementor-element elementor-element-a63cb95\" data-id=\"a63cb95\" data-element_type=\"column\">\n\t\t\t<div class=\"elementor-widget-wrap elementor-element-populated\">\n\t\t\t\t\t\t\t\t<div class=\"elementor-element elementor-element-cf00db8 elementor-widget elementor-widget-heading\" data-id=\"cf00db8\" data-element_type=\"widget\" data-widget_type=\"heading.default\">\n\t\t\t\t<div class=\"elementor-widget-container\">\n\t\t\t<style>\/*! elementor - v3.12.0 - 29-03-2023 *\/\n.elementor-heading-title{padding:0;margin:0;line-height:1}.elementor-widget-heading .elementor-heading-title[class*=elementor-size-]>a{color:inherit;font-size:inherit;line-height:inherit}.elementor-widget-heading .elementor-heading-title.elementor-size-small{font-size:15px}.elementor-widget-heading .elementor-heading-title.elementor-size-medium{font-size:19px}.elementor-widget-heading .elementor-heading-title.elementor-size-large{font-size:29px}.elementor-widget-heading .elementor-heading-title.elementor-size-xl{font-size:39px}.elementor-widget-heading .elementor-heading-title.elementor-size-xxl{font-size:59px}<\/style><h2 class=\"elementor-heading-title elementor-size-default\">Prijevoz Amarin - Lone<\/h2>\t\t<\/div>\n\t\t\t\t<\/div>\n\t\t\t\t\t<\/div>\n\t\t<\/div>\n\t\t\t\t\t\t\t<\/div>\n\t\t<\/section>\n\t\t\t\t<section class=\"elementor-section elementor-top-section elementor-element elementor-element-5c19005 elementor-section-boxed elementor-section-height-default elementor-section-height-default\" data-id=\"5c19005\" data-element_type=\"section\">\n\t\t\t\t\t\t<div class=\"elementor-container elementor-column-gap-default\">\n\t\t\t\t\t<div class=\"elementor-column elementor-col-100 elementor-top-column elementor-element elementor-element-62780f9f\" data-id=\"62780f9f\" data-element_type=\"column\">\n\t\t\t<div class=\"elementor-widget-wrap elementor-element-populated\">\n\t\t\t\t\t\t\t\t<div class=\"elementor-element elementor-element-6e9cffa7 elementor-widget elementor-widget-text-editor\" data-id=\"6e9cffa7\" data-element_type=\"widget\" data-widget_type=\"text-editor.default\">\n\t\t\t\t<div class=\"elementor-widget-container\">\n\t\t\t<style>\/*! elementor - v3.12.0 - 29-03-2023 *\/\n.elementor-widget-text-editor.elementor-drop-cap-view-stacked .elementor-drop-cap{background-color:#69727d;color:#fff}.elementor-widget-text-editor.elementor-drop-cap-view-framed .elementor-drop-cap{color:#69727d;border:3px solid;background-color:transparent}.elementor-widget-text-editor:not(.elementor-drop-cap-view-default) .elementor-drop-cap{margin-top:8px}.elementor-widget-text-editor:not(.elementor-drop-cap-view-default) .elementor-drop-cap-letter{width:1em;height:1em}.elementor-widget-text-editor .elementor-drop-cap{float:left;text-align:center;line-height:1;font-size:50px}.elementor-widget-text-editor .elementor-drop-cap-letter{display:inline-block}<\/style>\t\t\t\t<p><!-- wp:paragraph --><\/p>\n<p>Za vrijeme konferencije osigurali smo transfer od Resorta Amarin do Hotela Lone po ni\u017ee navedenom rasporedu vo\u017enje.\u00a0<\/p>\n<p><!-- \/wp:paragraph --><\/p>\n<p><!-- wp:paragraph --><\/p>\n<p>Za sve one koji su smje\u0161teni u Resortu Amarin ru\u010dak je organiziran u hotelu Eden, a doru\u010dak i ve\u010dera organizirani su u restoranu Resorta Amarin.<\/p>\n<p><!-- \/wp:paragraph --><\/p>\n<p><!-- wp:paragraph --><\/p>\n<p><!-- \/wp:paragraph --><\/p>\t\t\t\t\t\t<\/div>\n\t\t\t\t<\/div>\n\t\t\t\t\t<\/div>\n\t\t<\/div>\n\t\t\t\t\t\t\t<\/div>\n\t\t<\/section>\n\t\t\t\t<section class=\"elementor-section elementor-top-section elementor-element elementor-element-3dceb07 elementor-section-boxed elementor-section-height-default elementor-section-height-default\" data-id=\"3dceb07\" data-element_type=\"section\">\n\t\t\t\t\t\t<div class=\"elementor-container elementor-column-gap-default\">\n\t\t\t\t\t<div class=\"elementor-column elementor-col-100 elementor-top-column elementor-element elementor-element-7f4d429\" data-id=\"7f4d429\" data-element_type=\"column\">\n\t\t\t<div class=\"elementor-widget-wrap elementor-element-populated\">\n\t\t\t\t\t\t\t\t<div class=\"elementor-element elementor-element-ade42fc elementor-widget elementor-widget-heading\" data-id=\"ade42fc\" data-element_type=\"widget\" data-widget_type=\"heading.default\">\n\t\t\t\t<div class=\"elementor-widget-container\">\n\t\t\t<h2 class=\"elementor-heading-title elementor-size-large\">Raspored vo\u017enje za 26.4.<\/h2>\t\t<\/div>\n\t\t\t\t<\/div>\n\t\t\t\t\t<\/div>\n\t\t<\/div>\n\t\t\t\t\t\t\t<\/div>\n\t\t<\/section>\n\t\t\t\t<section class=\"elementor-section elementor-top-section elementor-element elementor-element-a874b91 elementor-section-boxed elementor-section-height-default elementor-section-height-default\" data-id=\"a874b91\" data-element_type=\"section\">\n\t\t\t\t\t\t<div class=\"elementor-container elementor-column-gap-default\">\n\t\t\t\t\t<div class=\"elementor-column elementor-col-100 elementor-top-column elementor-element elementor-element-bfd4292\" data-id=\"bfd4292\" data-element_type=\"column\">\n\t\t\t<div class=\"elementor-widget-wrap elementor-element-populated\">\n\t\t\t\t\t\t\t\t<div class=\"elementor-element elementor-element-f0c2562 elementor-widget elementor-widget-eael-advanced-data-table\" data-id=\"f0c2562\" data-element_type=\"widget\" data-widget_type=\"eael-advanced-data-table.default\">\n\t\t\t\t<div class=\"elementor-widget-container\">\n\t\t\t<div class=\"ea-advanced-data-table-wrap\" data-id=\"f0c2562\"><div class=\"ea-advanced-data-table-wrap-inner\">\n                <table class=\"ea-advanced-data-table ea-advanced-data-table-static ea-advanced-data-table-f0c2562\" data-id=\"f0c2562\"><thead><tr><th><p>Resort Amarin - Hotel Lone<\/p><\/th><th><p>Hotel Lone - Resort Amarin<\/p><\/th><\/tr><\/thead><tbody><tr><td><p>8:50<\/p><\/td><td><p>10:00<\/p><\/td><\/tr><tr><td><p>9:00<\/p><\/td><td><p>11:00<\/p><\/td><\/tr><tr><td><p>10:30<\/p><\/td><td><p>12:00<\/p><\/td><\/tr><tr><td><p>11:30<\/p><\/td><td><p>13:00<\/p><\/td><\/tr><tr><td><p>12:30<\/p><\/td><td><p>14:00<\/p><\/td><\/tr><tr><td><p>13:30<\/p><\/td><td><p>15:00<\/p><\/td><\/tr><tr><td><p>14:30<\/p><\/td><td><p>16:00<\/p><\/td><\/tr><tr><td><p>15:30<\/p><\/td><td><p>17:00<\/p><\/td><\/tr><tr><td><p>16:30<\/p><\/td><td><p>18:00<\/p><\/td><\/tr><tr><td><p>17:30<\/p><\/td><td><p>19:00<\/p><\/td><\/tr><tr><td><p>18:30<\/p><\/td><td><p>20:00<\/p><\/td><\/tr><tr><td><p>19:30<\/p><\/td><td><p>21:00<\/p><\/td><\/tr><tr><td><p>20:30<\/p><\/td><td><p>22:00<\/p><\/td><\/tr><tr><td><p>21:30<\/p><\/td><td><p>23:00<\/p><\/td><\/tr><tr><td><p>22:30<\/p><\/td><td><p>00:00<\/p><\/td><\/tr><tr><td><p>23:30<\/p><\/td><td><p>1:00<\/p><\/td><\/tr><tr><td><p>00:30<\/p><\/td><td><\/td><\/tr><\/tbody><\/table>\n            <\/div><\/div>\t\t<\/div>\n\t\t\t\t<\/div>\n\t\t\t\t\t<\/div>\n\t\t<\/div>\n\t\t\t\t\t\t\t<\/div>\n\t\t<\/section>\n\t\t\t\t<section class=\"elementor-section elementor-top-section elementor-element elementor-element-3225601 elementor-section-boxed elementor-section-height-default elementor-section-height-default\" data-id=\"3225601\" data-element_type=\"section\">\n\t\t\t\t\t\t<div class=\"elementor-container elementor-column-gap-default\">\n\t\t\t\t\t<div class=\"elementor-column elementor-col-100 elementor-top-column elementor-element elementor-element-88336b7\" data-id=\"88336b7\" data-element_type=\"column\">\n\t\t\t<div class=\"elementor-widget-wrap elementor-element-populated\">\n\t\t\t\t\t\t\t\t<div class=\"elementor-element elementor-element-f495eac elementor-widget elementor-widget-heading\" data-id=\"f495eac\" data-element_type=\"widget\" data-widget_type=\"heading.default\">\n\t\t\t\t<div class=\"elementor-widget-container\">\n\t\t\t<h2 class=\"elementor-heading-title elementor-size-large\">Raspored vo\u017enje za 27.4.<\/h2>\t\t<\/div>\n\t\t\t\t<\/div>\n\t\t\t\t\t<\/div>\n\t\t<\/div>\n\t\t\t\t\t\t\t<\/div>\n\t\t<\/section>\n\t\t\t\t<section class=\"elementor-section elementor-top-section elementor-element elementor-element-ee697ea elementor-section-boxed elementor-section-height-default elementor-section-height-default\" data-id=\"ee697ea\" data-element_type=\"section\">\n\t\t\t\t\t\t<div class=\"elementor-container elementor-column-gap-default\">\n\t\t\t\t\t<div class=\"elementor-column elementor-col-100 elementor-top-column elementor-element elementor-element-2b50429\" data-id=\"2b50429\" data-element_type=\"column\">\n\t\t\t<div class=\"elementor-widget-wrap elementor-element-populated\">\n\t\t\t\t\t\t\t\t<div class=\"elementor-element elementor-element-a4e9a78 elementor-widget elementor-widget-eael-advanced-data-table\" data-id=\"a4e9a78\" data-element_type=\"widget\" data-widget_type=\"eael-advanced-data-table.default\">\n\t\t\t\t<div class=\"elementor-widget-container\">\n\t\t\t<div class=\"ea-advanced-data-table-wrap\" data-id=\"a4e9a78\"><div class=\"ea-advanced-data-table-wrap-inner\">\n                <table class=\"ea-advanced-data-table ea-advanced-data-table-static ea-advanced-data-table-a4e9a78\" data-id=\"a4e9a78\"><thead><tr><th><p>Resort Amarin - Hotel Lone<\/p><\/th><th><p>Hotel Lone - Resort Amarin<\/p><\/th><\/tr><\/thead><tbody><tr><td><p>8:50<\/p><\/td><td><p>10:00<\/p><\/td><\/tr><tr><td><p>9:00<\/p><\/td><td><p>11:00<\/p><\/td><\/tr><tr><td><p>10:30<\/p><\/td><td><p>12:00<\/p><\/td><\/tr><tr><td><p>11:30<\/p><\/td><td><p>13:00<\/p><\/td><\/tr><tr><td><p>12:30<\/p><\/td><td><p>14:00<\/p><\/td><\/tr><tr><td><p>13:30<\/p><\/td><td><p>15:00<\/p><\/td><\/tr><tr><td><p>14:30<\/p><\/td><td><p>16:00<\/p><\/td><\/tr><tr><td><p>15:30<\/p><\/td><td><p>17:00<\/p><\/td><\/tr><tr><td><p>16:30<\/p><\/td><td><p>18:00<\/p><\/td><\/tr><tr><td><p>17:30<\/p><\/td><td><p>19:00<\/p><\/td><\/tr><tr><td><p>18:30<\/p><\/td><td><p>20:00<\/p><\/td><\/tr><tr><td><p>19:30<\/p><\/td><td><p>21:00<\/p><\/td><\/tr><tr><td><p>20:30<\/p><\/td><td><p>22:00<\/p><\/td><\/tr><tr><td><p>21:30<\/p><\/td><td><p>23:00<\/p><\/td><\/tr><tr><td><p>22:30<\/p><\/td><td><p>00:00<\/p><\/td><\/tr><tr><td><p>23:30<\/p><\/td><td><p>1:00<\/p><\/td><\/tr><tr><td><p>00:30<\/p><\/td><td><p>2:00<\/p><\/td><\/tr><tr><td><p>1:30<\/p><\/td><td><\/td><\/tr><\/tbody><\/table>\n            <\/div><\/div>\t\t<\/div>\n\t\t\t\t<\/div>\n\t\t\t\t\t<\/div>\n\t\t<\/div>\n\t\t\t\t\t\t\t<\/div>\n\t\t<\/section>\n\t\t\t\t\t\t\t<\/div>\n\t\t","protected":false},"excerpt":{"rendered":"<p>Prijevoz Amarin &#8211; Lone Za vrijeme konferencije osigurali smo transfer od Resorta Amarin do Hotela Lone po ni\u017ee navedenom rasporedu vo\u017enje.\u00a0 Za sve one koji su smje\u0161teni u Resortu Amarin ru\u010dak je organiziran u hotelu Eden, a doru\u010dak i ve\u010dera organizirani su u restoranu Resorta Amarin. Raspored vo\u017enje za 26.4. Resort Amarin &#8211; Hotel Lone [&hellip;]<\/p>\n","protected":false},"author":2,"featured_media":0,"parent":0,"menu_order":0,"comment_status":"closed","ping_status":"closed","template":"","meta":{"footnotes":""},"class_list":["post-860","page","type-page","status-publish","hentry"],"_links":{"self":[{"href":"https:\/\/cuc.carnet.hr\/2023\/wp-json\/wp\/v2\/pages\/860","targetHints":{"allow":["GET"]}}],"collection":[{"href":"https:\/\/cuc.carnet.hr\/2023\/wp-json\/wp\/v2\/pages"}],"about":[{"href":"https:\/\/cuc.carnet.hr\/2023\/wp-json\/wp\/v2\/types\/page"}],"author":[{"embeddable":true,"href":"https:\/\/cuc.carnet.hr\/2023\/wp-json\/wp\/v2\/users\/2"}],"replies":[{"embeddable":true,"href":"https:\/\/cuc.carnet.hr\/2023\/wp-json\/wp\/v2\/comments?post=860"}],"version-history":[{"count":13,"href":"https:\/\/cuc.carnet.hr\/2023\/wp-json\/wp\/v2\/pages\/860\/revisions"}],"predecessor-version":[{"id":1091,"href":"https:\/\/cuc.carnet.hr\/2023\/wp-json\/wp\/v2\/pages\/860\/revisions\/1091"}],"wp:attachment":[{"href":"https:\/\/cuc.carnet.hr\/2023\/wp-json\/wp\/v2\/media?parent=860"}],"curies":[{"name":"wp","href":"https:\/\/api.w.org\/{rel}","templated":true}]}}