{"id":815,"date":"2023-04-17T10:54:59","date_gmt":"2023-04-17T08:54:59","guid":{"rendered":"https:\/\/cuc.carnet.hr\/2023\/?page_id=815"},"modified":"2023-04-17T11:18:31","modified_gmt":"2023-04-17T09:18:31","slug":"prijevoz","status":"publish","type":"page","link":"https:\/\/cuc.carnet.hr\/2023\/prijevoz\/","title":{"rendered":"Prijevoz"},"content":{"rendered":"\t\t<div data-elementor-type=\"wp-page\" data-elementor-id=\"815\" class=\"elementor elementor-815\">\n\t\t\t\t\t\t\t\t\t<section class=\"elementor-section elementor-top-section elementor-element elementor-element-c2feec9 elementor-section-boxed elementor-section-height-default elementor-section-height-default\" data-id=\"c2feec9\" data-element_type=\"section\">\n\t\t\t\t\t\t<div class=\"elementor-container elementor-column-gap-default\">\n\t\t\t\t\t<div class=\"elementor-column elementor-col-100 elementor-top-column elementor-element elementor-element-cf93db6\" data-id=\"cf93db6\" data-element_type=\"column\">\n\t\t\t<div class=\"elementor-widget-wrap elementor-element-populated\">\n\t\t\t\t\t\t\t\t<div class=\"elementor-element elementor-element-c47a06c elementor-widget elementor-widget-heading\" data-id=\"c47a06c\" data-element_type=\"widget\" data-widget_type=\"heading.default\">\n\t\t\t\t<div class=\"elementor-widget-container\">\n\t\t\t<style>\/*! elementor - v3.12.0 - 29-03-2023 *\/\n.elementor-heading-title{padding:0;margin:0;line-height:1}.elementor-widget-heading .elementor-heading-title[class*=elementor-size-]>a{color:inherit;font-size:inherit;line-height:inherit}.elementor-widget-heading .elementor-heading-title.elementor-size-small{font-size:15px}.elementor-widget-heading .elementor-heading-title.elementor-size-medium{font-size:19px}.elementor-widget-heading .elementor-heading-title.elementor-size-large{font-size:29px}.elementor-widget-heading .elementor-heading-title.elementor-size-xl{font-size:39px}.elementor-widget-heading .elementor-heading-title.elementor-size-xxl{font-size:59px}<\/style><h2 class=\"elementor-heading-title elementor-size-default\">Prijevoz<\/h2>\t\t<\/div>\n\t\t\t\t<\/div>\n\t\t\t\t\t<\/div>\n\t\t<\/div>\n\t\t\t\t\t\t\t<\/div>\n\t\t<\/section>\n\t\t\t\t<section class=\"elementor-section elementor-top-section elementor-element elementor-element-63f6e35 elementor-section-boxed elementor-section-height-default elementor-section-height-default\" data-id=\"63f6e35\" data-element_type=\"section\">\n\t\t\t\t\t\t<div class=\"elementor-container elementor-column-gap-default\">\n\t\t\t\t\t<div class=\"elementor-column elementor-col-100 elementor-top-column elementor-element elementor-element-3626263\" data-id=\"3626263\" data-element_type=\"column\">\n\t\t\t<div class=\"elementor-widget-wrap\">\n\t\t\t\t\t\t\t\t\t<\/div>\n\t\t<\/div>\n\t\t\t\t\t\t\t<\/div>\n\t\t<\/section>\n\t\t\t\t<section class=\"elementor-section elementor-top-section elementor-element elementor-element-3af7ec3f elementor-section-boxed elementor-section-height-default elementor-section-height-default\" data-id=\"3af7ec3f\" data-element_type=\"section\">\n\t\t\t\t\t\t<div class=\"elementor-container elementor-column-gap-default\">\n\t\t\t\t\t<div class=\"elementor-column elementor-col-100 elementor-top-column elementor-element elementor-element-4095a20c\" data-id=\"4095a20c\" data-element_type=\"column\">\n\t\t\t<div class=\"elementor-widget-wrap elementor-element-populated\">\n\t\t\t\t\t\t\t\t<div class=\"elementor-element elementor-element-1ada8477 elementor-widget__width-initial elementor-widget elementor-widget-text-editor\" data-id=\"1ada8477\" data-element_type=\"widget\" data-widget_type=\"text-editor.default\">\n\t\t\t\t<div class=\"elementor-widget-container\">\n\t\t\t<style>\/*! elementor - v3.12.0 - 29-03-2023 *\/\n.elementor-widget-text-editor.elementor-drop-cap-view-stacked .elementor-drop-cap{background-color:#69727d;color:#fff}.elementor-widget-text-editor.elementor-drop-cap-view-framed .elementor-drop-cap{color:#69727d;border:3px solid;background-color:transparent}.elementor-widget-text-editor:not(.elementor-drop-cap-view-default) .elementor-drop-cap{margin-top:8px}.elementor-widget-text-editor:not(.elementor-drop-cap-view-default) .elementor-drop-cap-letter{width:1em;height:1em}.elementor-widget-text-editor .elementor-drop-cap{float:left;text-align:center;line-height:1;font-size:50px}.elementor-widget-text-editor .elementor-drop-cap-letter{display:inline-block}<\/style>\t\t\t\t<p><!-- wp:paragraph --><\/p>\n<p>Autobusi za Rovinj polaze <b>25. travnja<\/b> po sljede\u0107em rasporedu:<\/p>\n<p><!-- \/wp:paragraph --><\/p>\n<p><!-- wp:table --><\/p>\n<figure class=\"wp-block-table\">\n<table>\n<tbody>\n<tr>\n<td><strong>Osijek &#8211; Autobusni kolodvor<\/strong><\/td>\n<td>9:00 h<\/td>\n<\/tr>\n<tr>\n<td>\u0110akovo &#8211; Lukoil benzinska stanica<\/td>\n<td>9:45 h<\/td>\n<\/tr>\n<tr>\n<td>Slavonski Brod &#8211; odmori\u0161te Marsonija<\/td>\n<td>10:30 h<\/td>\n<\/tr>\n<tr>\n<td>Nova Gradi\u0161ka &#8211; odmori\u0161te Staro Petrovo Selo<\/td>\n<td>11:00 h<\/td>\n<\/tr>\n<tr>\n<td>Lipovljani &#8211; odmori\u0161te Lipovljani<\/td>\n<td>11:45 h<\/td>\n<\/tr>\n<tr>\n<td>Kri\u017e &#8211; odmori\u0161te Kri\u017e<\/td>\n<td>12:15 h<\/td>\n<\/tr>\n<tr>\n<td>&nbsp;<\/td>\n<td>&nbsp;<\/td>\n<\/tr>\n<tr>\n<td><strong>Split &#8211; Autobusni kolodvor<br><\/strong><\/td>\n<td>9:00 h<\/td>\n<\/tr>\n<tr>\n<td><strong>\u0160ibenik &#8211; Autobusni kolodvor<\/strong><\/td>\n<td>10:30 h<\/td>\n<\/tr>\n<tr>\n<td><strong>Zadar &#8211; Autobusni kolodvor<\/strong><\/td>\n<td>11:15 h<\/td>\n<\/tr>\n<tr>\n<td>&nbsp;<\/td>\n<td>&nbsp;<\/td>\n<\/tr>\n<tr>\n<td><strong>Vara\u017edin \u2013 Autobusni kolodvor<\/strong><\/td>\n<td>12:30 h<\/td>\n<\/tr>\n<tr>\n<td><strong>Rijeka \u2013 Jela\u010di\u0107ev trg<\/strong><\/td>\n<td>16:00 h<\/td>\n<\/tr>\n<tr>\n<td>&nbsp;<\/td><td><\/td><\/tr><tr><td><br><\/td><td><br><\/td>\n<\/tr>\n<tr>\n<td><strong>Zagreb \u2013 Autobusni kolodvor<\/strong><\/td>\n<td>13:00 h<\/td>\n<\/tr>\n<tr>\n<td>Karlovac \u2013 odmori\u0161te Dragani\u0107<\/td>\n<td>13:45 h<\/td>\n<\/tr>\n<tr>\n<td>&nbsp;<\/td>\n<td>&nbsp;<\/td>\n<\/tr>\n<\/tbody>\n<\/table>\n<\/figure>\n<p><!-- \/wp:table --><\/p>\n<p><!-- wp:paragraph --><\/p>\n<p><\/p>\n<p><!-- \/wp:list-item --><\/p>\n<p><!-- \/wp:list --><\/p>\t\t\t\t\t\t<\/div>\n\t\t\t\t<\/div>\n\t\t\t\t\t<\/div>\n\t\t<\/div>\n\t\t\t\t\t\t\t<\/div>\n\t\t<\/section>\n\t\t\t\t\t\t\t<\/div>\n\t\t","protected":false},"excerpt":{"rendered":"<p>Prijevoz Autobusi za Rovinj polaze 25. travnja po sljede\u0107em rasporedu: Osijek &#8211; Autobusni kolodvor 9:00 h \u0110akovo &#8211; Lukoil benzinska stanica 9:45 h Slavonski Brod &#8211; odmori\u0161te Marsonija 10:30 h Nova Gradi\u0161ka &#8211; odmori\u0161te Staro Petrovo Selo 11:00 h Lipovljani &#8211; odmori\u0161te Lipovljani 11:45 h Kri\u017e &#8211; odmori\u0161te Kri\u017e 12:15 h &nbsp; &nbsp; Split &#8211; [&hellip;]<\/p>\n","protected":false},"author":2,"featured_media":0,"parent":0,"menu_order":0,"comment_status":"closed","ping_status":"closed","template":"","meta":{"footnotes":""},"class_list":["post-815","page","type-page","status-publish","hentry"],"_links":{"self":[{"href":"https:\/\/cuc.carnet.hr\/2023\/wp-json\/wp\/v2\/pages\/815","targetHints":{"allow":["GET"]}}],"collection":[{"href":"https:\/\/cuc.carnet.hr\/2023\/wp-json\/wp\/v2\/pages"}],"about":[{"href":"https:\/\/cuc.carnet.hr\/2023\/wp-json\/wp\/v2\/types\/page"}],"author":[{"embeddable":true,"href":"https:\/\/cuc.carnet.hr\/2023\/wp-json\/wp\/v2\/users\/2"}],"replies":[{"embeddable":true,"href":"https:\/\/cuc.carnet.hr\/2023\/wp-json\/wp\/v2\/comments?post=815"}],"version-history":[{"count":17,"href":"https:\/\/cuc.carnet.hr\/2023\/wp-json\/wp\/v2\/pages\/815\/revisions"}],"predecessor-version":[{"id":836,"href":"https:\/\/cuc.carnet.hr\/2023\/wp-json\/wp\/v2\/pages\/815\/revisions\/836"}],"wp:attachment":[{"href":"https:\/\/cuc.carnet.hr\/2023\/wp-json\/wp\/v2\/media?parent=815"}],"curies":[{"name":"wp","href":"https:\/\/api.w.org\/{rel}","templated":true}]}}