{"id":577,"date":"2023-02-28T14:05:04","date_gmt":"2023-02-28T13:05:04","guid":{"rendered":"https:\/\/cuc.carnet.hr\/2023\/?page_id=577"},"modified":"2023-03-30T09:35:42","modified_gmt":"2023-03-30T07:35:42","slug":"upute-za-pripremu-i-odrzavanje-prezentacija","status":"publish","type":"page","link":"https:\/\/cuc.carnet.hr\/2023\/upute-za-pripremu-i-odrzavanje-prezentacija\/","title":{"rendered":"Upute za pripremu i odr\u017eavanje prezentacija"},"content":{"rendered":"\t\t<div data-elementor-type=\"wp-page\" data-elementor-id=\"577\" class=\"elementor elementor-577\">\n\t\t\t\t\t\t\t\t\t<section class=\"elementor-section elementor-top-section elementor-element elementor-element-38699fe8 elementor-section-boxed elementor-section-height-default elementor-section-height-default\" data-id=\"38699fe8\" data-element_type=\"section\">\n\t\t\t\t\t\t<div class=\"elementor-container elementor-column-gap-default\">\n\t\t\t\t\t<div class=\"elementor-column elementor-col-100 elementor-top-column elementor-element elementor-element-a395a26\" data-id=\"a395a26\" data-element_type=\"column\">\n\t\t\t<div class=\"elementor-widget-wrap elementor-element-populated\">\n\t\t\t\t\t\t\t\t<div class=\"elementor-element elementor-element-52c1f30c elementor-widget elementor-widget-text-editor\" data-id=\"52c1f30c\" data-element_type=\"widget\" data-widget_type=\"text-editor.default\">\n\t\t\t\t<div class=\"elementor-widget-container\">\n\t\t\t<style>\/*! elementor - v3.12.0 - 29-03-2023 *\/\n.elementor-widget-text-editor.elementor-drop-cap-view-stacked .elementor-drop-cap{background-color:#69727d;color:#fff}.elementor-widget-text-editor.elementor-drop-cap-view-framed .elementor-drop-cap{color:#69727d;border:3px solid;background-color:transparent}.elementor-widget-text-editor:not(.elementor-drop-cap-view-default) .elementor-drop-cap{margin-top:8px}.elementor-widget-text-editor:not(.elementor-drop-cap-view-default) .elementor-drop-cap-letter{width:1em;height:1em}.elementor-widget-text-editor .elementor-drop-cap{float:left;text-align:center;line-height:1;font-size:50px}.elementor-widget-text-editor .elementor-drop-cap-letter{display:inline-block}<\/style>\t\t\t\t\t\t\t\t\t\t<\/div>\n\t\t\t\t<\/div>\n\t\t\t\t<div class=\"elementor-element elementor-element-de1437d elementor-widget elementor-widget-spacer\" data-id=\"de1437d\" data-element_type=\"widget\" data-widget_type=\"spacer.default\">\n\t\t\t\t<div class=\"elementor-widget-container\">\n\t\t\t<style>\/*! elementor - v3.12.0 - 29-03-2023 *\/\n.elementor-column .elementor-spacer-inner{height:var(--spacer-size)}.e-con{--container-widget-width:100%}.e-con-inner>.elementor-widget-spacer,.e-con>.elementor-widget-spacer{width:var(--container-widget-width,var(--spacer-size));--align-self:var(--container-widget-align-self,initial);--flex-shrink:0}.e-con-inner>.elementor-widget-spacer>.elementor-widget-container,.e-con-inner>.elementor-widget-spacer>.elementor-widget-container>.elementor-spacer,.e-con>.elementor-widget-spacer>.elementor-widget-container,.e-con>.elementor-widget-spacer>.elementor-widget-container>.elementor-spacer{height:100%}.e-con-inner>.elementor-widget-spacer>.elementor-widget-container>.elementor-spacer>.elementor-spacer-inner,.e-con>.elementor-widget-spacer>.elementor-widget-container>.elementor-spacer>.elementor-spacer-inner{height:var(--container-widget-height,var(--spacer-size))}<\/style>\t\t<div class=\"elementor-spacer\">\n\t\t\t<div class=\"elementor-spacer-inner\"><\/div>\n\t\t<\/div>\n\t\t\t\t<\/div>\n\t\t\t\t<\/div>\n\t\t\t\t<div class=\"elementor-element elementor-element-55f264b elementor-widget elementor-widget-heading\" data-id=\"55f264b\" data-element_type=\"widget\" data-widget_type=\"heading.default\">\n\t\t\t\t<div class=\"elementor-widget-container\">\n\t\t\t<style>\/*! elementor - v3.12.0 - 29-03-2023 *\/\n.elementor-heading-title{padding:0;margin:0;line-height:1}.elementor-widget-heading .elementor-heading-title[class*=elementor-size-]>a{color:inherit;font-size:inherit;line-height:inherit}.elementor-widget-heading .elementor-heading-title.elementor-size-small{font-size:15px}.elementor-widget-heading .elementor-heading-title.elementor-size-medium{font-size:19px}.elementor-widget-heading .elementor-heading-title.elementor-size-large{font-size:29px}.elementor-widget-heading .elementor-heading-title.elementor-size-xl{font-size:39px}.elementor-widget-heading .elementor-heading-title.elementor-size-xxl{font-size:59px}<\/style><h2 class=\"elementor-heading-title elementor-size-default\">Upute za u\u010ditavanje prezentacija i konferencijskih radova te pripremu i odr\u017eavanje prezentacija<\/h2>\t\t<\/div>\n\t\t\t\t<\/div>\n\t\t\t\t<div class=\"elementor-element elementor-element-dd5c27f elementor-widget elementor-widget-spacer\" data-id=\"dd5c27f\" data-element_type=\"widget\" data-widget_type=\"spacer.default\">\n\t\t\t\t<div class=\"elementor-widget-container\">\n\t\t\t\t\t<div class=\"elementor-spacer\">\n\t\t\t<div class=\"elementor-spacer-inner\"><\/div>\n\t\t<\/div>\n\t\t\t\t<\/div>\n\t\t\t\t<\/div>\n\t\t\t\t<div class=\"elementor-element elementor-element-6802e95 elementor-widget elementor-widget-text-editor\" data-id=\"6802e95\" data-element_type=\"widget\" data-widget_type=\"text-editor.default\">\n\t\t\t\t<div class=\"elementor-widget-container\">\n\t\t\t\t\t\t\t<p><span style=\"font-weight: 400;\">Prezentacije i konferencijske radove potrebno je u\u010ditati u sustav <\/span><a href=\"https:\/\/radovi2022.cuc.carnet.hr\/author\/upload.php\"><span style=\"font-weight: 400;\">OpenConf <\/span><\/a><span style=\"font-weight: 400;\">do petka, 31. o\u017eujka 2023. godine do 23:59 sati.<\/span><\/p><p><span style=\"font-weight: 400;\">Standardni formati za prezentacije su PowerPoint, OpenOffice ili PDF te su takve prezentacije kompatibilne s ra\u010dunalnom opremom koja \u0107e biti na raspolaganju.<\/span><\/p><p><span style=\"font-weight: 400;\">Za konferencijske radove obavezno je u\u010ditavanje u PDF formatu. Maksimalna dozvoljena veli\u010dina datoteke je 25 MB. Predlo\u017eak za tekst konferencijskog rada mo\u017eete preuzeti s: <\/span><a href=\"https:\/\/docs.google.com\/document\/d\/1baq86zeUytTQoIQfmesdlVZ6cnJMrMBltGJJ0e_G1VE\/\"><span style=\"font-weight: 400;\">https:\/\/docs.google.com\/document\/d\/1baq86zeUytTQoIQfmesdlVZ6cnJMrMBltGJJ0e_G1VE\/<\/span><\/a><span style=\"font-weight: 400;\">\u00a0<\/span><\/p><p><span style=\"font-weight: 400;\">Planirate li koristiti alat Prezi, u\u010ditajte ga kao datoteku i naknadno s organizatorom provjerite prezentiranje online verzije. Ako planirate koristiti neki drugi alat, prije izrade prezentacije javite se organizatoru i provjerite ho\u0107e li prikazivanje biti mogu\u0107e.\u00a0<\/span><\/p><p><span style=\"font-weight: 400;\">Ograni\u010denje veli\u010dine datoteke je 100 MB. S obzirom na ovo ograni\u010denje, videa u\u010ditajte u oblak (npr. Google Drive, OneDrive, YouTube) i u prezentaciju dodajte poveznicu na video.\u00a0<\/span><\/p><p><span style=\"font-weight: 400;\">\u017delite li tijekom prezentacije pokazati neki sadr\u017eaj s interneta, naro\u010dito ako je rije\u010d o multimedijalnim materijalima, provjerite s organizatorom mogu li se osigurati dodatni programski alati ili oprema koja bi za to mogla biti potrebna.\u00a0<\/span><\/p><p><span style=\"font-weight: 400;\">Standardna ra\u010dunalna oprema uklju\u010duje: predava\u010dko ra\u010dunalo spojeno na internet, projektor, platno ili druga povr\u0161ina za projekciju, mi\u0161\/daljinski upravlja\u010d s pokaziva\u010dem.\u00a0<\/span><\/p><p><span style=\"font-weight: 400;\">Prezentacije na konferenciji CUC se snimaju i prenose putem interneta.<\/span><\/p><p><span style=\"font-weight: 400;\">Isti\u010demo kako je preduvjet za uvr\u0161tavanje rada u program prijava na konferenciju barem jednog od autora\/ica.<\/span><\/p>\t\t\t\t\t\t<\/div>\n\t\t\t\t<\/div>\n\t\t\t\t<div class=\"elementor-element elementor-element-da0c42c elementor-widget elementor-widget-heading\" data-id=\"da0c42c\" data-element_type=\"widget\" data-widget_type=\"heading.default\">\n\t\t\t\t<div class=\"elementor-widget-container\">\n\t\t\t<h2 class=\"elementor-heading-title elementor-size-default\">Dodatne informacije<\/h2>\t\t<\/div>\n\t\t\t\t<\/div>\n\t\t\t\t<div class=\"elementor-element elementor-element-f748946 elementor-widget elementor-widget-accordion\" data-id=\"f748946\" data-element_type=\"widget\" data-widget_type=\"accordion.default\">\n\t\t\t\t<div class=\"elementor-widget-container\">\n\t\t\t<style>\/*! elementor - v3.12.0 - 29-03-2023 *\/\n.elementor-accordion{text-align:left}.elementor-accordion .elementor-accordion-item{border:1px solid #d5d8dc}.elementor-accordion .elementor-accordion-item+.elementor-accordion-item{border-top:none}.elementor-accordion .elementor-tab-title{margin:0;padding:15px 20px;font-weight:700;line-height:1;cursor:pointer;outline:none}.elementor-accordion .elementor-tab-title .elementor-accordion-icon{display:inline-block;width:1.5em}.elementor-accordion .elementor-tab-title .elementor-accordion-icon svg{width:1em;height:1em}.elementor-accordion .elementor-tab-title .elementor-accordion-icon.elementor-accordion-icon-right{float:right;text-align:right}.elementor-accordion .elementor-tab-title .elementor-accordion-icon.elementor-accordion-icon-left{float:left;text-align:left}.elementor-accordion .elementor-tab-title .elementor-accordion-icon .elementor-accordion-icon-closed{display:block}.elementor-accordion .elementor-tab-title .elementor-accordion-icon .elementor-accordion-icon-opened,.elementor-accordion .elementor-tab-title.elementor-active .elementor-accordion-icon-closed{display:none}.elementor-accordion .elementor-tab-title.elementor-active .elementor-accordion-icon-opened{display:block}.elementor-accordion .elementor-tab-content{display:none;padding:15px 20px;border-top:1px solid #d5d8dc}@media (max-width:767px){.elementor-accordion .elementor-tab-title{padding:12px 15px}.elementor-accordion .elementor-tab-title .elementor-accordion-icon{width:1.2em}.elementor-accordion .elementor-tab-content{padding:7px 15px}}.e-con-inner>.elementor-widget-accordion,.e-con>.elementor-widget-accordion{width:var(--container-widget-width);--flex-grow:var(--container-widget-flex-grow)}<\/style>\t\t<div class=\"elementor-accordion\" role=\"tablist\">\n\t\t\t\t\t\t\t<div class=\"elementor-accordion-item\">\n\t\t\t\t\t<div id=\"elementor-tab-title-2591\" class=\"elementor-tab-title\" data-tab=\"1\" role=\"tab\" aria-controls=\"elementor-tab-content-2591\" aria-expanded=\"false\">\n\t\t\t\t\t\t\t\t\t\t\t\t\t<span class=\"elementor-accordion-icon elementor-accordion-icon-left\" aria-hidden=\"true\">\n\t\t\t\t\t\t\t\t\t\t\t\t\t\t\t<span class=\"elementor-accordion-icon-closed\"><i class=\"fas fa-plus\"><\/i><\/span>\n\t\t\t\t\t\t\t\t<span class=\"elementor-accordion-icon-opened\"><i class=\"fas fa-minus\"><\/i><\/span>\n\t\t\t\t\t\t\t\t\t\t\t\t\t\t<\/span>\n\t\t\t\t\t\t\t\t\t\t\t\t<a class=\"elementor-accordion-title\" href=\"\">Vrijeme predvi\u0111eno za prezentiranje<\/a>\n\t\t\t\t\t<\/div>\n\t\t\t\t\t<div id=\"elementor-tab-content-2591\" class=\"elementor-tab-content elementor-clearfix\" data-tab=\"1\" role=\"tabpanel\" aria-labelledby=\"elementor-tab-title-2591\"><p>Blok prezentacija traje 90 minuta. To \u0107e vrijeme biti ravnomjerno raspore\u0111eno na sve prezentacije u tom bloku.<\/p><p>Stoga molimo sve autore radova da pripreme prezentacije i BoF diskusije odgovaraju\u0107e du\u017eine, u skladu s vremenom predvi\u0111enim za odre\u0111eni format:\u00a0<\/p><ul><li aria-level=\"1\">za prezentaciju\u00a0<i>konferencijskog rada<\/i>\u00a0predvi\u0111eno je 15 minuta<\/li><li aria-level=\"1\">za\u00a0<i>interaktivno izlaganje<\/i>\u00a0vrijeme predvi\u0111eno za prezentaciju je 15 minuta u formi razmjene ideja i interakcije sa sudionicima koji prisustvuju izlaganju<\/li><li aria-level=\"1\">vrijeme predvi\u0111eno za\u00a0<i>radionicu<\/i>\u00a0je do 90 minuta.<\/li><li aria-level=\"1\">vrijeme predvi\u0111eno za\u00a0<i>BoF<\/i>\u00a0je 45 ili 90 minuta<\/li><\/ul><\/div>\n\t\t\t\t<\/div>\n\t\t\t\t\t\t\t<div class=\"elementor-accordion-item\">\n\t\t\t\t\t<div id=\"elementor-tab-title-2592\" class=\"elementor-tab-title\" data-tab=\"2\" role=\"tab\" aria-controls=\"elementor-tab-content-2592\" aria-expanded=\"false\">\n\t\t\t\t\t\t\t\t\t\t\t\t\t<span class=\"elementor-accordion-icon elementor-accordion-icon-left\" aria-hidden=\"true\">\n\t\t\t\t\t\t\t\t\t\t\t\t\t\t\t<span class=\"elementor-accordion-icon-closed\"><i class=\"fas fa-plus\"><\/i><\/span>\n\t\t\t\t\t\t\t\t<span class=\"elementor-accordion-icon-opened\"><i class=\"fas fa-minus\"><\/i><\/span>\n\t\t\t\t\t\t\t\t\t\t\t\t\t\t<\/span>\n\t\t\t\t\t\t\t\t\t\t\t\t<a class=\"elementor-accordion-title\" href=\"\">Planiranje sadr\u017eaja prezentacije<\/a>\n\t\t\t\t\t<\/div>\n\t\t\t\t\t<div id=\"elementor-tab-content-2592\" class=\"elementor-tab-content elementor-clearfix\" data-tab=\"2\" role=\"tabpanel\" aria-labelledby=\"elementor-tab-title-2592\"><div class=\"eael-accordion-list\"><div id=\"elementor-tab-content-4662\" class=\"eael-accordion-content clearfix\" role=\"tabpanel\" data-tab=\"2\" aria-labelledby=\"planiranje-sadraja-prezentacije\"><p>Imajte na umu kako slu\u0161atelje umara nizanje sirovih podataka i kako \u017eele \u010duti pri\u010du, \u017eele biti uklju\u010deni u avanturu.<\/p><p>Na po\u010detku, odgovorite sami sebi na pitanje: Koja je svrha moje prezentacije? Osim \u0161to \u017eelite prezentirati svoj rad, \u0161to je ono glavno \u0161to publici \u017eelite poru\u010diti? \u0160to bi publiku moglo zanimati? \u0160to je u Va\u0161em radu za publiku novo?\u00a0<\/p><p>Procijenite je li mogu\u0107e u predvi\u0111enom vremenu izlo\u017eiti sve \u0161to se Vama \u010dini va\u017enim. Ako je potrebno, odustanite od nekih dijelova sadr\u017eaja i usredoto\u010dite se na ono \u0161to je zaista va\u017eno i novo.\u00a0<\/p><p>Razvijte pri\u010du kako bi ju mogla pratiti publika koja je mo\u017eda tek op\u0107enito informirana o u\u017eem podru\u010dju kojim se bavite i koja ne poznaje sredinu u kojoj radite ili u kojoj ste proveli projekt ili istra\u017eivanje. Prema toj pri\u010di strukturirajte prezentaciju.\u00a0<\/p><p>Jedan od mogu\u0107ih redoslijeda izlaganja je onaj u kojem najprije opisujete okru\u017eenje u kojem ste proveli svoje istra\u017eivanje ili projekt, zatim prelazite na opis rezultata i na kraju prezentirate zaklju\u010dak. Poku\u0161ajte pri\u010du preslo\u017eiti na vi\u0161e razli\u010ditih na\u010dina i odaberite onaj koji smatrate naju\u010dinkovitijim.\u00a0<\/p><p>Bez obzira na redoslijed, pripazite da uvod ne bude preduga\u010dak, a da previ\u0161e va\u017enih napomena ne ostane za kraj.\u00a0<\/p><p>Odr\u017eite probnu prezentaciju za nekog dobronamjernog kriti\u010dara i provjerite njenu u\u010dinkovitost i trajanje.<\/p><\/div><\/div><\/div>\n\t\t\t\t<\/div>\n\t\t\t\t\t\t\t<div class=\"elementor-accordion-item\">\n\t\t\t\t\t<div id=\"elementor-tab-title-2593\" class=\"elementor-tab-title\" data-tab=\"3\" role=\"tab\" aria-controls=\"elementor-tab-content-2593\" aria-expanded=\"false\">\n\t\t\t\t\t\t\t\t\t\t\t\t\t<span class=\"elementor-accordion-icon elementor-accordion-icon-left\" aria-hidden=\"true\">\n\t\t\t\t\t\t\t\t\t\t\t\t\t\t\t<span class=\"elementor-accordion-icon-closed\"><i class=\"fas fa-plus\"><\/i><\/span>\n\t\t\t\t\t\t\t\t<span class=\"elementor-accordion-icon-opened\"><i class=\"fas fa-minus\"><\/i><\/span>\n\t\t\t\t\t\t\t\t\t\t\t\t\t\t<\/span>\n\t\t\t\t\t\t\t\t\t\t\t\t<a class=\"elementor-accordion-title\" href=\"\"> Koraci za u\u010ditavanje prezentacije i konferencijskog rada<\/a>\n\t\t\t\t\t<\/div>\n\t\t\t\t\t<div id=\"elementor-tab-content-2593\" class=\"elementor-tab-content elementor-clearfix\" data-tab=\"3\" role=\"tabpanel\" aria-labelledby=\"elementor-tab-title-2593\"><p><b>Poveznica za u\u010ditavanje prezentacija i konferencijskih radova u sustav OpenConf:<\/b>\u00a0<a href=\"https:\/\/radovi2023.cuc.carnet.hr\/author\/upload.php\">https:\/\/radovi2023.cuc.carnet.hr\/author\/upload.php\u00a0<\/a><\/p><ol><li aria-level=\"1\">Ovisno o tome u\u010ditavate li prezentaciju (&#8220;Prezentacija&#8221;) ili konferencijski rad (&#8220;Puni tekst rada&#8221;) datoteku \u0107ete u\u010ditati i format odabrati u odgovaraju\u0107em retku\u00a0<\/li><li aria-level=\"1\">Format prezentacije odaberite iz padaju\u0107eg izbornika \u201cFormatiraj\u201d<ul><li aria-level=\"2\">dostupni formati su: .ppt, .pptx, .pdf, GZIP. Napominjemo da je za konferencijske radove obavezno u\u010ditavanje u PDF formatu. Maksimalna dozvoljena veli\u010dina datoteke je 25 MB.<\/li><li aria-level=\"2\">obavezno vodite ra\u010duna da je format prezentacije koju \u017eelite u\u010ditati jednak onom koji ste odabrali u padaju\u0107em izborniku \u201eFormatiraj\u201c<\/li><\/ul><\/li><li aria-level=\"1\">Odaberite opciju \u201eChoose File\u201c<\/li><li aria-level=\"1\">Odaberite \u201eUpload Files\u201c<\/li><\/ol><\/div>\n\t\t\t\t<\/div>\n\t\t\t\t\t\t\t<div class=\"elementor-accordion-item\">\n\t\t\t\t\t<div id=\"elementor-tab-title-2594\" class=\"elementor-tab-title\" data-tab=\"4\" role=\"tab\" aria-controls=\"elementor-tab-content-2594\" aria-expanded=\"false\">\n\t\t\t\t\t\t\t\t\t\t\t\t\t<span class=\"elementor-accordion-icon elementor-accordion-icon-left\" aria-hidden=\"true\">\n\t\t\t\t\t\t\t\t\t\t\t\t\t\t\t<span class=\"elementor-accordion-icon-closed\"><i class=\"fas fa-plus\"><\/i><\/span>\n\t\t\t\t\t\t\t\t<span class=\"elementor-accordion-icon-opened\"><i class=\"fas fa-minus\"><\/i><\/span>\n\t\t\t\t\t\t\t\t\t\t\t\t\t\t<\/span>\n\t\t\t\t\t\t\t\t\t\t\t\t<a class=\"elementor-accordion-title\" href=\"\">Ako se prezentacija nije u\u010ditala<\/a>\n\t\t\t\t\t<\/div>\n\t\t\t\t\t<div id=\"elementor-tab-content-2594\" class=\"elementor-tab-content elementor-clearfix\" data-tab=\"4\" role=\"tabpanel\" aria-labelledby=\"elementor-tab-title-2594\"><p>Dva su naj\u010de\u0161\u0107a razloga zbog kojih se prezentacija ne u\u010ditava:<\/p><ol><li aria-level=\"1\">format prezentacije ili rada koji \u017eelite u\u010ditati nije jednak formatu iz izbornika \u201eFormatiraj\u201c<br \/>(primjerice, ako u\u010ditavate format .pdf iz padaju\u0107eg izbornika \u201cFormatiraj\u201d birajte isklju\u010divo .pdf.)<\/li><li aria-level=\"1\">prezentacija prekora\u010duje dopu\u0161tenu veli\u010dinu datoteke od 100MB (u ovom slu\u010daju, komprimirajte medijske zapise u prezentaciji).<\/li><\/ol><p>Ako i nakon ovih intervencija ne mo\u017eete u\u010ditati prezentaciju, poku\u0161ajte otvoriti poveznicu za u\u010ditavanje prezentacije u nekom drugom izborniku. Ako je i dalje ne mo\u017eete u\u010ditati, po\u0161aljite ju na e-adresu\u00a0<b>cuc@carnet.hr<\/b>\u00a0putem usluge FileSender dostupne na adresi\u00a0<a href=\"https:\/\/filesender.srce.hr\/\">https:\/\/filesender.srce.hr\/<\/a>.<\/p><\/div>\n\t\t\t\t<\/div>\n\t\t\t\t\t\t\t<div class=\"elementor-accordion-item\">\n\t\t\t\t\t<div id=\"elementor-tab-title-2595\" class=\"elementor-tab-title\" data-tab=\"5\" role=\"tab\" aria-controls=\"elementor-tab-content-2595\" aria-expanded=\"false\">\n\t\t\t\t\t\t\t\t\t\t\t\t\t<span class=\"elementor-accordion-icon elementor-accordion-icon-left\" aria-hidden=\"true\">\n\t\t\t\t\t\t\t\t\t\t\t\t\t\t\t<span class=\"elementor-accordion-icon-closed\"><i class=\"fas fa-plus\"><\/i><\/span>\n\t\t\t\t\t\t\t\t<span class=\"elementor-accordion-icon-opened\"><i class=\"fas fa-minus\"><\/i><\/span>\n\t\t\t\t\t\t\t\t\t\t\t\t\t\t<\/span>\n\t\t\t\t\t\t\t\t\t\t\t\t<a class=\"elementor-accordion-title\" href=\"\">Smjernice za osiguravanje pristupa\u010dnosti<\/a>\n\t\t\t\t\t<\/div>\n\t\t\t\t\t<div id=\"elementor-tab-content-2595\" class=\"elementor-tab-content elementor-clearfix\" data-tab=\"5\" role=\"tabpanel\" aria-labelledby=\"elementor-tab-title-2595\"><p>Molimo sve izlaga\u010de\/ice da slijede sljede\u0107e smjernice u pripremi i izlaganju prezentacija za CUC konferenciju:<\/p><ul><li aria-level=\"1\">Molimo Vas da govorite polako i razgovijetno.<\/li><li aria-level=\"1\">Koristite jasne i jednostavne slike i grafi\u010dke prikaze, izbjegavajte sjene, tekstualne efekte, dinami\u010dne pozadine na slajdovima, pretrpane slajdove, niske kontraste boja u odnosu na pozadinu ili animacije.<\/li><li aria-level=\"1\">Pobrinite se da brojke budu vidljive osobama s nemogu\u0107no\u0161\u0107u raspoznavanja boja (na primjer kori\u0161tenjem besplatnih online simulatora).<\/li><li aria-level=\"1\">Koristite velike sans-serif fontove (ne manje od 30 pt) i ograni\u010dite tekst na 6 redaka po slajdu.<\/li><li aria-level=\"1\">Skre\u0107ite pozornost na va\u017ene elemente na prikazima verbalnim poja\u0161njenjima.<\/li><li aria-level=\"1\">Provjerite jesu li hiperveze jasne i nedvosmislene.<\/li><li aria-level=\"1\">Provjerite pravopis i gramatiku u prezentaciji.<\/li><\/ul><p>\u00a0<\/p><p>Prilikom vo\u0111enja rasprava, Q&amp;A rasprava, otvorenih izlaganja\/diskusija ili BoF sesija:<\/p><ul><li aria-level=\"1\">Molimo Vas osigurajte da svi imaju priliku podijeliti svoje ideje.<\/li><li aria-level=\"1\">Vodite ra\u010duna da se ljudi izmjenjuju kada govore i da ne govore istovremeno.<\/li><\/ul><p>\u00a0<\/p><p>Za vi\u0161e informacija pogledajte sljede\u0107e izvore koji su poslu\u017eili pri izradi gore navedenih smjernica:\u00a0<\/p><ul><li><a href=\"https:\/\/sparcopen.org\/wp-content\/uploads\/2017\/07\/Diversity-Equity-and-Inclusion-Report-July-10-V1-Release.pdf\">https:\/\/sparcopen.org\/wp-content\/uploads\/2017\/07\/Diversity-Equity-and-Inclusion-Report-July-10-V1-Release.pdf<\/a><\/li><li><a href=\"https:\/\/www.colemaninstitute.org\/inclusive-conference-presentation-guidelines\/\">https:\/\/www.colemaninstitute.org\/inclusive-conference-presentation-guidelines\/<\/a><\/li><li><a href=\"https:\/\/www.w3.org\/WAI\/teach-advocate\/accessible-presentations\/\">https:\/\/www.w3.org\/WAI\/teach-advocate\/accessible-presentations\/<\/a><\/li><li><a href=\"https:\/\/www.cscce.org\/2021\/02\/26\/prioritizing-accessibility-in-organizing-online-events\/\">https:\/\/www.cscce.org\/2021\/02\/26\/prioritizing-accessibility-in-organizing-online-events\/<\/a><\/li><li><a href=\"https:\/\/www.nevadaddcouncil.org\/wp-content\/uploads\/2013\/10\/Accessible-Meetings-Presentations-and-Materials1.pdf\">https:\/\/www.nevadaddcouncil.org\/wp-content\/uploads\/2013\/10\/Accessible-Meetings-Presentations-and-Materials1.pdf<\/a><\/li><li><a href=\"https:\/\/support.microsoft.com\/en-us\/office\/make-your-powerpoint-presentations-accessible-to-people-with-disabilities-6f7772b2-2f33-4bd2-8ca7-dae3b2b3ef25?ui=en-us&amp;rs=en-us&amp;ad=us\">https:\/\/support.microsoft.com\/en-us\/office\/make-your-powerpoint-presentations-accessible-to-people-with-disabilities-6f7772b2-2f33-4bd2-8ca7-dae3b2b3ef25?ui=en-us&amp;rs=en-us&amp;ad=us<\/a><\/li><\/ul><\/div>\n\t\t\t\t<\/div>\n\t\t\t\t\t\t\t\t<\/div>\n\t\t\t\t<\/div>\n\t\t\t\t<\/div>\n\t\t\t\t<div class=\"elementor-element elementor-element-35a9ac9 elementor-widget elementor-widget-spacer\" data-id=\"35a9ac9\" data-element_type=\"widget\" data-widget_type=\"spacer.default\">\n\t\t\t\t<div class=\"elementor-widget-container\">\n\t\t\t\t\t<div class=\"elementor-spacer\">\n\t\t\t<div class=\"elementor-spacer-inner\"><\/div>\n\t\t<\/div>\n\t\t\t\t<\/div>\n\t\t\t\t<\/div>\n\t\t\t\t<div class=\"elementor-element elementor-element-4cdebb1 elementor-widget elementor-widget-spacer\" data-id=\"4cdebb1\" data-element_type=\"widget\" data-widget_type=\"spacer.default\">\n\t\t\t\t<div class=\"elementor-widget-container\">\n\t\t\t\t\t<div class=\"elementor-spacer\">\n\t\t\t<div class=\"elementor-spacer-inner\"><\/div>\n\t\t<\/div>\n\t\t\t\t<\/div>\n\t\t\t\t<\/div>\n\t\t\t\t<div class=\"elementor-element elementor-element-f37b992 elementor-widget elementor-widget-spacer\" data-id=\"f37b992\" data-element_type=\"widget\" data-widget_type=\"spacer.default\">\n\t\t\t\t<div class=\"elementor-widget-container\">\n\t\t\t\t\t<div class=\"elementor-spacer\">\n\t\t\t<div class=\"elementor-spacer-inner\"><\/div>\n\t\t<\/div>\n\t\t\t\t<\/div>\n\t\t\t\t<\/div>\n\t\t\t\t\t<\/div>\n\t\t<\/div>\n\t\t\t\t\t\t\t<\/div>\n\t\t<\/section>\n\t\t\t\t<section class=\"elementor-section elementor-top-section elementor-element elementor-element-abf338b elementor-section-boxed elementor-section-height-default elementor-section-height-default\" data-id=\"abf338b\" data-element_type=\"section\">\n\t\t\t\t\t\t<div class=\"elementor-container elementor-column-gap-default\">\n\t\t\t\t\t<div class=\"elementor-column elementor-col-100 elementor-top-column elementor-element elementor-element-7eea6e5\" data-id=\"7eea6e5\" data-element_type=\"column\">\n\t\t\t<div class=\"elementor-widget-wrap elementor-element-populated\">\n\t\t\t\t\t\t\t\t<div class=\"elementor-element elementor-element-a57d50d elementor-widget elementor-widget-spacer\" data-id=\"a57d50d\" data-element_type=\"widget\" data-widget_type=\"spacer.default\">\n\t\t\t\t<div class=\"elementor-widget-container\">\n\t\t\t\t\t<div class=\"elementor-spacer\">\n\t\t\t<div class=\"elementor-spacer-inner\"><\/div>\n\t\t<\/div>\n\t\t\t\t<\/div>\n\t\t\t\t<\/div>\n\t\t\t\t\t<\/div>\n\t\t<\/div>\n\t\t\t\t\t\t\t<\/div>\n\t\t<\/section>\n\t\t\t\t\t\t\t<\/div>\n\t\t","protected":false},"excerpt":{"rendered":"<p>Upute za u\u010ditavanje prezentacija i konferencijskih radova te pripremu i odr\u017eavanje prezentacija Prezentacije i konferencijske radove potrebno je u\u010ditati u sustav OpenConf do petka, 31. o\u017eujka 2023. godine do 23:59 sati. Standardni formati za prezentacije su PowerPoint, OpenOffice ili PDF te su takve prezentacije kompatibilne s ra\u010dunalnom opremom koja \u0107e biti na raspolaganju. Za konferencijske [&hellip;]<\/p>\n","protected":false},"author":1,"featured_media":0,"parent":0,"menu_order":0,"comment_status":"closed","ping_status":"closed","template":"","meta":{"footnotes":""},"class_list":["post-577","page","type-page","status-publish","hentry"],"_links":{"self":[{"href":"https:\/\/cuc.carnet.hr\/2023\/wp-json\/wp\/v2\/pages\/577","targetHints":{"allow":["GET"]}}],"collection":[{"href":"https:\/\/cuc.carnet.hr\/2023\/wp-json\/wp\/v2\/pages"}],"about":[{"href":"https:\/\/cuc.carnet.hr\/2023\/wp-json\/wp\/v2\/types\/page"}],"author":[{"embeddable":true,"href":"https:\/\/cuc.carnet.hr\/2023\/wp-json\/wp\/v2\/users\/1"}],"replies":[{"embeddable":true,"href":"https:\/\/cuc.carnet.hr\/2023\/wp-json\/wp\/v2\/comments?post=577"}],"version-history":[{"count":12,"href":"https:\/\/cuc.carnet.hr\/2023\/wp-json\/wp\/v2\/pages\/577\/revisions"}],"predecessor-version":[{"id":738,"href":"https:\/\/cuc.carnet.hr\/2023\/wp-json\/wp\/v2\/pages\/577\/revisions\/738"}],"wp:attachment":[{"href":"https:\/\/cuc.carnet.hr\/2023\/wp-json\/wp\/v2\/media?parent=577"}],"curies":[{"name":"wp","href":"https:\/\/api.w.org\/{rel}","templated":true}]}}