{"id":135,"date":"2022-12-19T16:03:59","date_gmt":"2022-12-19T15:03:59","guid":{"rendered":"https:\/\/cuc.carnet.hr\/2023\/?page_id=135"},"modified":"2023-02-08T14:07:34","modified_gmt":"2023-02-08T13:07:34","slug":"o-konferenciji","status":"publish","type":"page","link":"https:\/\/cuc.carnet.hr\/2023\/o-konferenciji\/","title":{"rendered":"O konferenciji"},"content":{"rendered":"\t\t<div data-elementor-type=\"wp-page\" data-elementor-id=\"135\" class=\"elementor elementor-135\">\n\t\t\t\t\t\t\t\t\t<section class=\"elementor-section elementor-top-section elementor-element elementor-element-cabb364 elementor-section-boxed elementor-section-height-default elementor-section-height-default\" data-id=\"cabb364\" data-element_type=\"section\">\n\t\t\t\t\t\t<div class=\"elementor-container elementor-column-gap-default\">\n\t\t\t\t\t<div class=\"elementor-column elementor-col-100 elementor-top-column elementor-element elementor-element-4b71964\" data-id=\"4b71964\" data-element_type=\"column\">\n\t\t\t<div class=\"elementor-widget-wrap elementor-element-populated\">\n\t\t\t\t\t\t\t\t<div class=\"elementor-element elementor-element-23eca58 elementor-widget elementor-widget-heading\" data-id=\"23eca58\" data-element_type=\"widget\" data-widget_type=\"heading.default\">\n\t\t\t\t<div class=\"elementor-widget-container\">\n\t\t\t<style>\/*! elementor - v3.12.0 - 29-03-2023 *\/\n.elementor-heading-title{padding:0;margin:0;line-height:1}.elementor-widget-heading .elementor-heading-title[class*=elementor-size-]>a{color:inherit;font-size:inherit;line-height:inherit}.elementor-widget-heading .elementor-heading-title.elementor-size-small{font-size:15px}.elementor-widget-heading .elementor-heading-title.elementor-size-medium{font-size:19px}.elementor-widget-heading .elementor-heading-title.elementor-size-large{font-size:29px}.elementor-widget-heading .elementor-heading-title.elementor-size-xl{font-size:39px}.elementor-widget-heading .elementor-heading-title.elementor-size-xxl{font-size:59px}<\/style><h2 class=\"elementor-heading-title elementor-size-default\">O konferenciji<\/h2>\t\t<\/div>\n\t\t\t\t<\/div>\n\t\t\t\t\t<\/div>\n\t\t<\/div>\n\t\t\t\t\t\t\t<\/div>\n\t\t<\/section>\n\t\t\t\t<section class=\"elementor-section elementor-top-section elementor-element elementor-element-13c145da elementor-section-boxed elementor-section-height-default elementor-section-height-default\" data-id=\"13c145da\" data-element_type=\"section\">\n\t\t\t\t\t\t<div class=\"elementor-container elementor-column-gap-default\">\n\t\t\t\t\t<div class=\"elementor-column elementor-col-100 elementor-top-column elementor-element elementor-element-1c4d899a\" data-id=\"1c4d899a\" data-element_type=\"column\">\n\t\t\t<div class=\"elementor-widget-wrap elementor-element-populated\">\n\t\t\t\t\t\t\t\t<div class=\"elementor-element elementor-element-6343402e elementor-widget elementor-widget-text-editor\" data-id=\"6343402e\" data-element_type=\"widget\" data-widget_type=\"text-editor.default\">\n\t\t\t\t<div class=\"elementor-widget-container\">\n\t\t\t<style>\/*! elementor - v3.12.0 - 29-03-2023 *\/\n.elementor-widget-text-editor.elementor-drop-cap-view-stacked .elementor-drop-cap{background-color:#69727d;color:#fff}.elementor-widget-text-editor.elementor-drop-cap-view-framed .elementor-drop-cap{color:#69727d;border:3px solid;background-color:transparent}.elementor-widget-text-editor:not(.elementor-drop-cap-view-default) .elementor-drop-cap{margin-top:8px}.elementor-widget-text-editor:not(.elementor-drop-cap-view-default) .elementor-drop-cap-letter{width:1em;height:1em}.elementor-widget-text-editor .elementor-drop-cap{float:left;text-align:center;line-height:1;font-size:50px}.elementor-widget-text-editor .elementor-drop-cap-letter{display:inline-block}<\/style>\t\t\t\t<!-- wp:paragraph -->\n<p>CARNET-ova konferencija za korisnike \u2013 CUC\u00a0godi\u0161nje je okupljanje CARNET-ovih korisnika i suradnika, uklju\u010duju\u0107i u\u010ditelje, nastavnike i ravnatelje u osnovnim i srednjim \u0161kolama, profesore na fakultetima, CARNET sistem in\u017eenjere i koordinatore, \u010dlanove znanstveno-istra\u017eiva\u010dke zajednice, kao i informati\u010dke stru\u010dnjake i gospodarstvenike iz podru\u010dja digitalne tehnologije.<\/p>\n<!-- \/wp:paragraph -->\n\n<!-- wp:paragraph -->\n<p>To je platforma za razmjenu informacija, znanja i iskustava te razvoj suradnje osoba koje imaju dodir s digitalnom tehnologijom, ponajprije internetom te s njim povezanim naprednim oblicima kori\u0161tenja, primarno u edukaciji, koriste\u0107i se modernim pedago\u0161kim pristupima.<\/p>\n<!-- \/wp:paragraph -->\n\n<!-- wp:paragraph -->\n<p>Konferencija se kontinuirano organizira od 1999. godine te je od skromnih po\u010detaka tijekom godina postala va\u017eno doga\u0111anje koje danas okuplja vi\u0161e od 1000 sudionika iz svih podru\u010dja primjene digitalne tehnologije.<\/p>\n<!-- \/wp:paragraph -->\n\n<!-- wp:paragraph -->\n<p>Tradicionalno se odr\u017eava pod pokroviteljstvom Ministarstva znanosti i obrazovanja, koji tako iskazuje potporu djelovanju Hrvatske akademske i istra\u017eiva\u010dke mre\u017ee \u2013 CARNET u poticanju primjene digitalnih tehnologija u hrvatskome dru\u0161tvu.<\/p>\n<!-- \/wp:paragraph -->\t\t\t\t\t\t<\/div>\n\t\t\t\t<\/div>\n\t\t\t\t\t<\/div>\n\t\t<\/div>\n\t\t\t\t\t\t\t<\/div>\n\t\t<\/section>\n\t\t\t\t\t\t\t<\/div>\n\t\t","protected":false},"excerpt":{"rendered":"<p>O konferenciji CARNET-ova konferencija za korisnike \u2013 CUC\u00a0godi\u0161nje je okupljanje CARNET-ovih korisnika i suradnika, uklju\u010duju\u0107i u\u010ditelje, nastavnike i ravnatelje u osnovnim i srednjim \u0161kolama, profesore na fakultetima, CARNET sistem in\u017eenjere i koordinatore, \u010dlanove znanstveno-istra\u017eiva\u010dke zajednice, kao i informati\u010dke stru\u010dnjake i gospodarstvenike iz podru\u010dja digitalne tehnologije. To je platforma za razmjenu informacija, znanja i iskustava te [&hellip;]<\/p>\n","protected":false},"author":2,"featured_media":0,"parent":0,"menu_order":0,"comment_status":"closed","ping_status":"closed","template":"","meta":{"footnotes":""},"class_list":["post-135","page","type-page","status-publish","hentry"],"_links":{"self":[{"href":"https:\/\/cuc.carnet.hr\/2023\/wp-json\/wp\/v2\/pages\/135","targetHints":{"allow":["GET"]}}],"collection":[{"href":"https:\/\/cuc.carnet.hr\/2023\/wp-json\/wp\/v2\/pages"}],"about":[{"href":"https:\/\/cuc.carnet.hr\/2023\/wp-json\/wp\/v2\/types\/page"}],"author":[{"embeddable":true,"href":"https:\/\/cuc.carnet.hr\/2023\/wp-json\/wp\/v2\/users\/2"}],"replies":[{"embeddable":true,"href":"https:\/\/cuc.carnet.hr\/2023\/wp-json\/wp\/v2\/comments?post=135"}],"version-history":[{"count":8,"href":"https:\/\/cuc.carnet.hr\/2023\/wp-json\/wp\/v2\/pages\/135\/revisions"}],"predecessor-version":[{"id":360,"href":"https:\/\/cuc.carnet.hr\/2023\/wp-json\/wp\/v2\/pages\/135\/revisions\/360"}],"wp:attachment":[{"href":"https:\/\/cuc.carnet.hr\/2023\/wp-json\/wp\/v2\/media?parent=135"}],"curies":[{"name":"wp","href":"https:\/\/api.w.org\/{rel}","templated":true}]}}