{"id":127,"date":"2022-12-19T15:35:10","date_gmt":"2022-12-19T14:35:10","guid":{"rendered":"https:\/\/cuc.carnet.hr\/2023\/?page_id=127"},"modified":"2022-12-19T15:35:10","modified_gmt":"2022-12-19T14:35:10","slug":"zdenko-kobescak","status":"publish","type":"page","link":"https:\/\/cuc.carnet.hr\/2023\/zdenko-kobescak\/","title":{"rendered":"Zdenko Kobe\u0161\u010dak"},"content":{"rendered":"\n<p>Ravnatelj je Osnovne \u0161kole Stjepana Radi\u0107a u Brestovcu Orehovi\u010dkom. Diplomirao je 1995. godine na Fakultetu organizacije i informatike u Vara\u017edinu, a 2001. godine na Katehetskom Institutu u Zagrebu. Tri godine kasnije postaje u\u010ditelj mentor, pa u\u010ditelj savjetnik, a 2011. godine stje\u010de zvanje Sveu\u010dili\u0161ni specijalist menad\u017ementa neprofitnih organizacija i socijalnog zagovaranja.\u00a0\u00a0<\/p>\n\n\n\n<p>Certificirani je <em>Master trainer Bristish Council<\/em>-a za stru\u010dno usavr\u0161avanje ravnatelja, ravnatelj mentor i dobitnik priznanja U\u010ditelj heroj (BUG Future Show).&nbsp;<\/p>\n\n\n\n<p>Kao ravnatelj osnovne \u0161kole bavi se implementacijom IKT resursa u sve segmente \u017eivota i rada \u0161kole povezuju\u0107i sve dionike \u0161kolskog \u017eivota: u\u010denike, u\u010ditelje, tehni\u010dko osoblje, roditelje i lokalnu zajednicu. Kao logi\u010dan nastavak tog procesa \u0161kola je u\u0161la u krug europskih poduzetni\u010dkih \u0161kola, a u tijeku je preobrazba \u0161kole kao nukleusa budu\u0107eg razvoja Pametnih sela (<em>Smart Villages<\/em>).<\/p>\n","protected":false},"excerpt":{"rendered":"<p>Ravnatelj je Osnovne \u0161kole Stjepana Radi\u0107a u Brestovcu Orehovi\u010dkom. Diplomirao je 1995. godine na Fakultetu organizacije i informatike u Vara\u017edinu, a 2001. godine na Katehetskom Institutu u Zagrebu. Tri godine kasnije postaje u\u010ditelj mentor, pa u\u010ditelj savjetnik, a 2011. godine stje\u010de zvanje Sveu\u010dili\u0161ni specijalist menad\u017ementa neprofitnih organizacija i socijalnog zagovaranja.\u00a0\u00a0 Certificirani je Master trainer Bristish [&hellip;]<\/p>\n","protected":false},"author":2,"featured_media":0,"parent":0,"menu_order":0,"comment_status":"closed","ping_status":"closed","template":"","meta":{"footnotes":""},"class_list":["post-127","page","type-page","status-publish","hentry"],"_links":{"self":[{"href":"https:\/\/cuc.carnet.hr\/2023\/wp-json\/wp\/v2\/pages\/127","targetHints":{"allow":["GET"]}}],"collection":[{"href":"https:\/\/cuc.carnet.hr\/2023\/wp-json\/wp\/v2\/pages"}],"about":[{"href":"https:\/\/cuc.carnet.hr\/2023\/wp-json\/wp\/v2\/types\/page"}],"author":[{"embeddable":true,"href":"https:\/\/cuc.carnet.hr\/2023\/wp-json\/wp\/v2\/users\/2"}],"replies":[{"embeddable":true,"href":"https:\/\/cuc.carnet.hr\/2023\/wp-json\/wp\/v2\/comments?post=127"}],"version-history":[{"count":1,"href":"https:\/\/cuc.carnet.hr\/2023\/wp-json\/wp\/v2\/pages\/127\/revisions"}],"predecessor-version":[{"id":128,"href":"https:\/\/cuc.carnet.hr\/2023\/wp-json\/wp\/v2\/pages\/127\/revisions\/128"}],"wp:attachment":[{"href":"https:\/\/cuc.carnet.hr\/2023\/wp-json\/wp\/v2\/media?parent=127"}],"curies":[{"name":"wp","href":"https:\/\/api.w.org\/{rel}","templated":true}]}}