{"id":125,"date":"2022-12-19T15:33:47","date_gmt":"2022-12-19T14:33:47","guid":{"rendered":"https:\/\/cuc.carnet.hr\/2023\/?page_id=125"},"modified":"2022-12-19T15:33:47","modified_gmt":"2022-12-19T14:33:47","slug":"una-pale","status":"publish","type":"page","link":"https:\/\/cuc.carnet.hr\/2023\/una-pale\/","title":{"rendered":"Una Pale"},"content":{"rendered":"\n<p>Una Pale doktorandica je na Federalnom institutu u Lausanni u \u0160vicarskoj gdje se bavi obradom biomedicinskih signala s ciljem primjene na nosivim ure\u0111ajima sa primjenama u zdravstvu te razvojem nove metode strojnog u\u010denja nazvanog \u201ehyperdimensional computing\u201c. Najve\u0107i projekt na kojem trenutno radi fokusiran je na razvoj algoritama i ure\u0111aja za detekciju epilepti\u010dkih napadaja iz EEG signala.\u00a0\u00a0<\/p>\n\n\n\n<p>Ve\u0107 niz godina vodi Udrugu Penkala kojoj je cilj povezivati mlade hrvatske istra\u017eiva\u010de i tehnologe, iz industrije i akademije, iz Hrvatske i inozemstva. Kroz organizaciju raznih evenata, podcasta, blogova te nekoliko projekata, cilj je prenositi znanja me\u0111u generacijama i poticati suradnje kako bi se ja\u010dala hrvatska znanstvena zajednica.<\/p>\n","protected":false},"excerpt":{"rendered":"<p>Una Pale doktorandica je na Federalnom institutu u Lausanni u \u0160vicarskoj gdje se bavi obradom biomedicinskih signala s ciljem primjene na nosivim ure\u0111ajima sa primjenama u zdravstvu te razvojem nove metode strojnog u\u010denja nazvanog \u201ehyperdimensional computing\u201c. Najve\u0107i projekt na kojem trenutno radi fokusiran je na razvoj algoritama i ure\u0111aja za detekciju epilepti\u010dkih napadaja iz EEG [&hellip;]<\/p>\n","protected":false},"author":2,"featured_media":0,"parent":0,"menu_order":0,"comment_status":"closed","ping_status":"closed","template":"","meta":{"footnotes":""},"class_list":["post-125","page","type-page","status-publish","hentry"],"_links":{"self":[{"href":"https:\/\/cuc.carnet.hr\/2023\/wp-json\/wp\/v2\/pages\/125","targetHints":{"allow":["GET"]}}],"collection":[{"href":"https:\/\/cuc.carnet.hr\/2023\/wp-json\/wp\/v2\/pages"}],"about":[{"href":"https:\/\/cuc.carnet.hr\/2023\/wp-json\/wp\/v2\/types\/page"}],"author":[{"embeddable":true,"href":"https:\/\/cuc.carnet.hr\/2023\/wp-json\/wp\/v2\/users\/2"}],"replies":[{"embeddable":true,"href":"https:\/\/cuc.carnet.hr\/2023\/wp-json\/wp\/v2\/comments?post=125"}],"version-history":[{"count":1,"href":"https:\/\/cuc.carnet.hr\/2023\/wp-json\/wp\/v2\/pages\/125\/revisions"}],"predecessor-version":[{"id":126,"href":"https:\/\/cuc.carnet.hr\/2023\/wp-json\/wp\/v2\/pages\/125\/revisions\/126"}],"wp:attachment":[{"href":"https:\/\/cuc.carnet.hr\/2023\/wp-json\/wp\/v2\/media?parent=125"}],"curies":[{"name":"wp","href":"https:\/\/api.w.org\/{rel}","templated":true}]}}