{"id":123,"date":"2022-12-19T15:32:44","date_gmt":"2022-12-19T14:32:44","guid":{"rendered":"https:\/\/cuc.carnet.hr\/2023\/?page_id=123"},"modified":"2022-12-19T15:32:44","modified_gmt":"2022-12-19T14:32:44","slug":"suzana-delic","status":"publish","type":"page","link":"https:\/\/cuc.carnet.hr\/2023\/suzana-delic\/","title":{"rendered":"Suzana Deli\u0107"},"content":{"rendered":"\n<p>Suzana Deli\u0107, izvrsna savjetnica, magistra je primarnog obrazovanja s poja\u010danim predmetom informatike. Radi u Osnovnoj \u0161koli Horvati u Zagrebu gdje je i voditeljica me\u0111unarodnih projekata i koordinatorica Erasmus+ projekata. ETwinning je ambasadorica imenovana od strane Agencije za mobilnost i programe Europske unije. Ambasadorica je This is our time projekta za podru\u010dje Europe te jedna od osniva\u010da Global VC Education Group. <\/p>\n\n\n\n<p>Ve\u0107 15 godina koristi videokonferencije kao metodu u\u010denja te radi na promociji iste na primjeni u nastavi u Hrvatskoj i svijetu. Do sada ih je provela preko 500. Voditeljica je niza radionica te mre\u017enih edukacija za u\u010ditelje u Hrvatskoj i Europi. Autorica je ud\u017ebenika za Hrvatski jezik kao i digitalnih sadr\u017eaja za Hrvatski jezik i Matematiku.\u00a0<\/p>\n","protected":false},"excerpt":{"rendered":"<p>Suzana Deli\u0107, izvrsna savjetnica, magistra je primarnog obrazovanja s poja\u010danim predmetom informatike. Radi u Osnovnoj \u0161koli Horvati u Zagrebu gdje je i voditeljica me\u0111unarodnih projekata i koordinatorica Erasmus+ projekata. ETwinning je ambasadorica imenovana od strane Agencije za mobilnost i programe Europske unije. Ambasadorica je This is our time projekta za podru\u010dje Europe te jedna od [&hellip;]<\/p>\n","protected":false},"author":2,"featured_media":0,"parent":0,"menu_order":0,"comment_status":"closed","ping_status":"closed","template":"","meta":{"footnotes":""},"class_list":["post-123","page","type-page","status-publish","hentry"],"_links":{"self":[{"href":"https:\/\/cuc.carnet.hr\/2023\/wp-json\/wp\/v2\/pages\/123","targetHints":{"allow":["GET"]}}],"collection":[{"href":"https:\/\/cuc.carnet.hr\/2023\/wp-json\/wp\/v2\/pages"}],"about":[{"href":"https:\/\/cuc.carnet.hr\/2023\/wp-json\/wp\/v2\/types\/page"}],"author":[{"embeddable":true,"href":"https:\/\/cuc.carnet.hr\/2023\/wp-json\/wp\/v2\/users\/2"}],"replies":[{"embeddable":true,"href":"https:\/\/cuc.carnet.hr\/2023\/wp-json\/wp\/v2\/comments?post=123"}],"version-history":[{"count":1,"href":"https:\/\/cuc.carnet.hr\/2023\/wp-json\/wp\/v2\/pages\/123\/revisions"}],"predecessor-version":[{"id":124,"href":"https:\/\/cuc.carnet.hr\/2023\/wp-json\/wp\/v2\/pages\/123\/revisions\/124"}],"wp:attachment":[{"href":"https:\/\/cuc.carnet.hr\/2023\/wp-json\/wp\/v2\/media?parent=123"}],"curies":[{"name":"wp","href":"https:\/\/api.w.org\/{rel}","templated":true}]}}