{"id":121,"date":"2022-12-19T15:31:22","date_gmt":"2022-12-19T14:31:22","guid":{"rendered":"https:\/\/cuc.carnet.hr\/2023\/?page_id=121"},"modified":"2022-12-19T15:31:22","modified_gmt":"2022-12-19T14:31:22","slug":"sonja-lusic-radosevic","status":"publish","type":"page","link":"https:\/\/cuc.carnet.hr\/2023\/sonja-lusic-radosevic\/","title":{"rendered":"Sonja Lu\u0161i\u0107 Rado\u0161evi\u0107"},"content":{"rendered":"\n<p>Ravnateljica je IX. gimnazije u Zagrebu. Zavr\u0161ila je Prirodoslovno-matemati\u010dki fakultet u Zagrebu te je dugi niz godina radila kao nastavnica matematike i informatike u IX. gimnaziji.\u00a0<\/p>\n\n\n\n<p>I kao nastavnica i kao ravnateljica radi na implementaciji IKT-a, kako u nastavu tako i u organizaciju poslovanja \u0161kole. Jedna je od koordinatorica zahvaljuju\u0107i kojoj je ve\u0107 2013. godine IX. gimnazija imala prvu srednjo\u0161kolsku U\u010dionicu budu\u0107nosti u Hrvatskoj. Dugogodi\u0161nja je CARNET-ova suradnica na brojnim projektima kao \u0161to su \u0160kole 2.0, U\u010dionice budu\u0107nosti, e\u0160kole\u2026 Naglasak uvijek stavlja na svrsishodno i racionalno kori\u0161tenje tehnologije.<\/p>\n","protected":false},"excerpt":{"rendered":"<p>Ravnateljica je IX. gimnazije u Zagrebu. Zavr\u0161ila je Prirodoslovno-matemati\u010dki fakultet u Zagrebu te je dugi niz godina radila kao nastavnica matematike i informatike u IX. gimnaziji.\u00a0 I kao nastavnica i kao ravnateljica radi na implementaciji IKT-a, kako u nastavu tako i u organizaciju poslovanja \u0161kole. Jedna je od koordinatorica zahvaljuju\u0107i kojoj je ve\u0107 2013. godine [&hellip;]<\/p>\n","protected":false},"author":2,"featured_media":0,"parent":0,"menu_order":0,"comment_status":"closed","ping_status":"closed","template":"","meta":{"footnotes":""},"class_list":["post-121","page","type-page","status-publish","hentry"],"_links":{"self":[{"href":"https:\/\/cuc.carnet.hr\/2023\/wp-json\/wp\/v2\/pages\/121","targetHints":{"allow":["GET"]}}],"collection":[{"href":"https:\/\/cuc.carnet.hr\/2023\/wp-json\/wp\/v2\/pages"}],"about":[{"href":"https:\/\/cuc.carnet.hr\/2023\/wp-json\/wp\/v2\/types\/page"}],"author":[{"embeddable":true,"href":"https:\/\/cuc.carnet.hr\/2023\/wp-json\/wp\/v2\/users\/2"}],"replies":[{"embeddable":true,"href":"https:\/\/cuc.carnet.hr\/2023\/wp-json\/wp\/v2\/comments?post=121"}],"version-history":[{"count":1,"href":"https:\/\/cuc.carnet.hr\/2023\/wp-json\/wp\/v2\/pages\/121\/revisions"}],"predecessor-version":[{"id":122,"href":"https:\/\/cuc.carnet.hr\/2023\/wp-json\/wp\/v2\/pages\/121\/revisions\/122"}],"wp:attachment":[{"href":"https:\/\/cuc.carnet.hr\/2023\/wp-json\/wp\/v2\/media?parent=121"}],"curies":[{"name":"wp","href":"https:\/\/api.w.org\/{rel}","templated":true}]}}