{"id":117,"date":"2022-12-19T15:26:25","date_gmt":"2022-12-19T14:26:25","guid":{"rendered":"https:\/\/cuc.carnet.hr\/2023\/?page_id=117"},"modified":"2022-12-19T15:26:25","modified_gmt":"2022-12-19T14:26:25","slug":"mislav-major","status":"publish","type":"page","link":"https:\/\/cuc.carnet.hr\/2023\/mislav-major\/","title":{"rendered":"Mislav Major"},"content":{"rendered":"\n<p>Mislav je zaposlen kao in\u017eenjer za ra\u010dunalnu sigurnost u CARNET-ovom odjelu za Nacionalni CERT, na poslovima koji obuhva\u0107aju sigurnost CARNET-ovih usluga i infrastrukture. Radi na raznim aktivnostima projekata kao \u0161to su e-\u0160kole i e-Sveu\u010dili\u0161ta te sudjeluje u kiberneti\u010dkom vje\u017ebama NATO Cyber Coalition i Cyber Europe.<\/p>\n\n\n\n<p>Povremeno sudjeluje u Capture The Flag natjecanjima iz podru\u010dja ra\u010dunalne sigunrosti te koristi igrifikaciju kao jednu od glavnih metoda edukacije iz podru\u010dja ra\u010dunalne sigurnosti. Osim rada na sigurnosti aplikacija i sustava, interesira se za ne-ra\u010dunalni dio ra\u010dunalne sigurnosti kao \u0161to je socijalni in\u017eenjering i ono \u0161to stoji iza njega, ali i forenziku ra\u010dunalnih sustava i programa, analizu malvera, reverzi in\u017eenjering te razna podru\u010dja ofenzivne i defenzivne kiberneti\u010dke sigurnosti.<\/p>\n","protected":false},"excerpt":{"rendered":"<p>Mislav je zaposlen kao in\u017eenjer za ra\u010dunalnu sigurnost u CARNET-ovom odjelu za Nacionalni CERT, na poslovima koji obuhva\u0107aju sigurnost CARNET-ovih usluga i infrastrukture. Radi na raznim aktivnostima projekata kao \u0161to su e-\u0160kole i e-Sveu\u010dili\u0161ta te sudjeluje u kiberneti\u010dkom vje\u017ebama NATO Cyber Coalition i Cyber Europe. Povremeno sudjeluje u Capture The Flag natjecanjima iz podru\u010dja ra\u010dunalne [&hellip;]<\/p>\n","protected":false},"author":2,"featured_media":0,"parent":0,"menu_order":0,"comment_status":"closed","ping_status":"closed","template":"","meta":{"footnotes":""},"class_list":["post-117","page","type-page","status-publish","hentry"],"_links":{"self":[{"href":"https:\/\/cuc.carnet.hr\/2023\/wp-json\/wp\/v2\/pages\/117","targetHints":{"allow":["GET"]}}],"collection":[{"href":"https:\/\/cuc.carnet.hr\/2023\/wp-json\/wp\/v2\/pages"}],"about":[{"href":"https:\/\/cuc.carnet.hr\/2023\/wp-json\/wp\/v2\/types\/page"}],"author":[{"embeddable":true,"href":"https:\/\/cuc.carnet.hr\/2023\/wp-json\/wp\/v2\/users\/2"}],"replies":[{"embeddable":true,"href":"https:\/\/cuc.carnet.hr\/2023\/wp-json\/wp\/v2\/comments?post=117"}],"version-history":[{"count":1,"href":"https:\/\/cuc.carnet.hr\/2023\/wp-json\/wp\/v2\/pages\/117\/revisions"}],"predecessor-version":[{"id":118,"href":"https:\/\/cuc.carnet.hr\/2023\/wp-json\/wp\/v2\/pages\/117\/revisions\/118"}],"wp:attachment":[{"href":"https:\/\/cuc.carnet.hr\/2023\/wp-json\/wp\/v2\/media?parent=117"}],"curies":[{"name":"wp","href":"https:\/\/api.w.org\/{rel}","templated":true}]}}