{"id":111,"date":"2022-12-19T15:07:34","date_gmt":"2022-12-19T14:07:34","guid":{"rendered":"https:\/\/cuc.carnet.hr\/2023\/?page_id=111"},"modified":"2022-12-19T15:07:34","modified_gmt":"2022-12-19T14:07:34","slug":"marina-skrapic","status":"publish","type":"page","link":"https:\/\/cuc.carnet.hr\/2023\/marina-skrapic\/","title":{"rendered":"Marina \u0160krapi\u0107"},"content":{"rendered":"\n<p>Diplomirala je 2002. na Prirodoslovno-matemati\u010dkom fakultetu u Splitu, smjer prof. matematike i informatike. Radi u Tehni\u010dkoj \u0161koli \u0160ibenik gdje predaje matematiku i ra\u010dunalstvo, a od 2020. promovirana je u zvanje profesor savjetnik.\u00a0\u00a0<\/p>\n\n\n\n<p>Dodatno obrazovanje stje\u010de kroz mno\u0161tvo edukacija &#8211; a neke od njih su E-learning Course design, E-learning Management te ve\u0107i broj radionica na temu programiranja i robotike.\u00a0<\/p>\n\n\n\n<p>Kriti\u010dna je prema pretjeranoj i nekontroliranoj upotrebi tehnologije smatraju\u0107i kako to uzrokuje slabljenje intelektualnih i fizi\u010dkih funkcija i koristi svaku prigodnu situaciju da na to uka\u017ee mladoj populaciji.\u00a0\u00a0<\/p>\n\n\n\n<p>Van zidova \u0161kole je planinarski vodi\u010d A stupnja i poti\u010de djecu, mlade te osobe s invaliditetom na ve\u0107i boravak u prirodi.<\/p>\n","protected":false},"excerpt":{"rendered":"<p>Diplomirala je 2002. na Prirodoslovno-matemati\u010dkom fakultetu u Splitu, smjer prof. matematike i informatike. Radi u Tehni\u010dkoj \u0161koli \u0160ibenik gdje predaje matematiku i ra\u010dunalstvo, a od 2020. promovirana je u zvanje profesor savjetnik.\u00a0\u00a0 Dodatno obrazovanje stje\u010de kroz mno\u0161tvo edukacija &#8211; a neke od njih su E-learning Course design, E-learning Management te ve\u0107i broj radionica na temu [&hellip;]<\/p>\n","protected":false},"author":2,"featured_media":0,"parent":0,"menu_order":0,"comment_status":"closed","ping_status":"closed","template":"","meta":{"footnotes":""},"class_list":["post-111","page","type-page","status-publish","hentry"],"_links":{"self":[{"href":"https:\/\/cuc.carnet.hr\/2023\/wp-json\/wp\/v2\/pages\/111","targetHints":{"allow":["GET"]}}],"collection":[{"href":"https:\/\/cuc.carnet.hr\/2023\/wp-json\/wp\/v2\/pages"}],"about":[{"href":"https:\/\/cuc.carnet.hr\/2023\/wp-json\/wp\/v2\/types\/page"}],"author":[{"embeddable":true,"href":"https:\/\/cuc.carnet.hr\/2023\/wp-json\/wp\/v2\/users\/2"}],"replies":[{"embeddable":true,"href":"https:\/\/cuc.carnet.hr\/2023\/wp-json\/wp\/v2\/comments?post=111"}],"version-history":[{"count":1,"href":"https:\/\/cuc.carnet.hr\/2023\/wp-json\/wp\/v2\/pages\/111\/revisions"}],"predecessor-version":[{"id":112,"href":"https:\/\/cuc.carnet.hr\/2023\/wp-json\/wp\/v2\/pages\/111\/revisions\/112"}],"wp:attachment":[{"href":"https:\/\/cuc.carnet.hr\/2023\/wp-json\/wp\/v2\/media?parent=111"}],"curies":[{"name":"wp","href":"https:\/\/api.w.org\/{rel}","templated":true}]}}