{"id":109,"date":"2022-12-19T15:05:03","date_gmt":"2022-12-19T14:05:03","guid":{"rendered":"https:\/\/cuc.carnet.hr\/2023\/?page_id=109"},"modified":"2022-12-19T15:05:03","modified_gmt":"2022-12-19T14:05:03","slug":"maja-quien","status":"publish","type":"page","link":"https:\/\/cuc.carnet.hr\/2023\/maja-quien\/","title":{"rendered":"Maja Quien"},"content":{"rendered":"\n<p>Maja Quien radi u Hrvatskoj akademskoj i istra\u017eiva\u010dkoj mre\u017ei \u2013 CARNET kao specijalistica u Slu\u017ebi za podr\u0161ku e-obrazovanju.\u00a0Zavr\u0161ila je preddiplomski i diplomski studij sociologije na Filozofskom fakultetu u Splitu te je doktorirala sociologiju na Filozofskom fakultetu Sveu\u010dili\u0161ta u Zagrebu.\u00a0<\/p>\n\n\n\n<p>Usmjerena je na primjenu digitalne tehnologije u obrazovnom sustavu, osobito u \u0161kolama. U CARNET-ovom projektu e-\u0160kole radi na obrazovanju \u0161kolskih djelatnika&nbsp; i razvoju raznih digitalnih sadr\u017eaja koji su podr\u0161ka primjeni tehnologije u \u0161koli.&nbsp;&nbsp;<\/p>\n\n\n\n<p>Prethodno je bila nastavnica u dvije srednje strukovne \u0161kole u Splitu i u Zagrebu te asistent u visoko\u0161kolskoj ustanovi u Zagrebu. Ima vi\u0161egodi\u0161nje iskustvo rada na EU projektima u podru\u010dju obrazovanja, od kojih se isti\u010de CARNET-ov projekt Inspiring Science Education (ISE) koji je uklju\u010dio vi\u0161e od 450 \u0161kola iz RH.&nbsp;&nbsp;<\/p>\n\n\n\n<p>Dr\u017eala je niz radionica i webinara o primjeni tehnologije u obrazovanju te je urednica nekoliko online te\u010daja. Objavila je u koautorstvu \u010detiri istra\u017eiva\u010dke studije kao i desetak radova za razli\u010dite znanstveno-stru\u010dne skupove.<\/p>\n","protected":false},"excerpt":{"rendered":"<p>Maja Quien radi u Hrvatskoj akademskoj i istra\u017eiva\u010dkoj mre\u017ei \u2013 CARNET kao specijalistica u Slu\u017ebi za podr\u0161ku e-obrazovanju.\u00a0Zavr\u0161ila je preddiplomski i diplomski studij sociologije na Filozofskom fakultetu u Splitu te je doktorirala sociologiju na Filozofskom fakultetu Sveu\u010dili\u0161ta u Zagrebu.\u00a0 Usmjerena je na primjenu digitalne tehnologije u obrazovnom sustavu, osobito u \u0161kolama. U CARNET-ovom projektu e-\u0160kole [&hellip;]<\/p>\n","protected":false},"author":2,"featured_media":0,"parent":0,"menu_order":0,"comment_status":"closed","ping_status":"closed","template":"","meta":{"footnotes":""},"class_list":["post-109","page","type-page","status-publish","hentry"],"_links":{"self":[{"href":"https:\/\/cuc.carnet.hr\/2023\/wp-json\/wp\/v2\/pages\/109","targetHints":{"allow":["GET"]}}],"collection":[{"href":"https:\/\/cuc.carnet.hr\/2023\/wp-json\/wp\/v2\/pages"}],"about":[{"href":"https:\/\/cuc.carnet.hr\/2023\/wp-json\/wp\/v2\/types\/page"}],"author":[{"embeddable":true,"href":"https:\/\/cuc.carnet.hr\/2023\/wp-json\/wp\/v2\/users\/2"}],"replies":[{"embeddable":true,"href":"https:\/\/cuc.carnet.hr\/2023\/wp-json\/wp\/v2\/comments?post=109"}],"version-history":[{"count":1,"href":"https:\/\/cuc.carnet.hr\/2023\/wp-json\/wp\/v2\/pages\/109\/revisions"}],"predecessor-version":[{"id":110,"href":"https:\/\/cuc.carnet.hr\/2023\/wp-json\/wp\/v2\/pages\/109\/revisions\/110"}],"wp:attachment":[{"href":"https:\/\/cuc.carnet.hr\/2023\/wp-json\/wp\/v2\/media?parent=109"}],"curies":[{"name":"wp","href":"https:\/\/api.w.org\/{rel}","templated":true}]}}