{"id":107,"date":"2022-12-19T15:03:35","date_gmt":"2022-12-19T14:03:35","guid":{"rendered":"https:\/\/cuc.carnet.hr\/2023\/?page_id=107"},"modified":"2022-12-19T15:03:35","modified_gmt":"2022-12-19T14:03:35","slug":"jelena-nakic","status":"publish","type":"page","link":"https:\/\/cuc.carnet.hr\/2023\/jelena-nakic\/","title":{"rendered":"Jelena Naki\u0107"},"content":{"rendered":"\n<p>Jelena Naki\u0107 je docentica ra\u010dunarstva na Prirodoslovno-matemati\u010dkom fakultetu u Splitu. Magistrirala je i doktorirala je na Fakultetu elektrotehnike i ra\u010dunarstva u Zagrebu. Izvodi nastavu na kolegijima iz podru\u010dja interakcije \u010dovjeka i ra\u010dunala, programiranja, arhitekture ra\u010dunala i operacijskih sustava. Znanstveni interes pronalazi u podru\u010dju interakcije \u010dovjeka i ra\u010dunala s primjenom na obrazovne tehnologije. Posebno se bavi pitanjima korisniku usmjerenog dizajna i korisni\u010dkih su\u010delja namijenjenih u\u010denju i pou\u010davanju kao \u0161to su sustavi e-u\u010denja i 3D virtualni svjetovi.<\/p>\n\n\n\n<p>Strastvena je popularizatorica znanosti i novih tehnologija u obrazovanju. Od 2016. je \u010dlanica Organizacijskog odbora natjecanja Dabar. U prolje\u0107e 2018. pokre\u0107e \u0161kolu programiranja Code Club PMF u kojoj odr\u017eava radionice po\u010detnog programiranja i educira studente za rad s djecom mla\u0111e \u0161kolske dobi. Dobitnica je nagrade Prirodoslovno-matemati\u010dkog fakulteta u Splitu za popularizaciju znanosti i fakulteta u 2017. godini.<\/p>\n","protected":false},"excerpt":{"rendered":"<p>Jelena Naki\u0107 je docentica ra\u010dunarstva na Prirodoslovno-matemati\u010dkom fakultetu u Splitu. Magistrirala je i doktorirala je na Fakultetu elektrotehnike i ra\u010dunarstva u Zagrebu. Izvodi nastavu na kolegijima iz podru\u010dja interakcije \u010dovjeka i ra\u010dunala, programiranja, arhitekture ra\u010dunala i operacijskih sustava. Znanstveni interes pronalazi u podru\u010dju interakcije \u010dovjeka i ra\u010dunala s primjenom na obrazovne tehnologije. Posebno se bavi [&hellip;]<\/p>\n","protected":false},"author":2,"featured_media":0,"parent":0,"menu_order":0,"comment_status":"closed","ping_status":"closed","template":"","meta":{"footnotes":""},"class_list":["post-107","page","type-page","status-publish","hentry"],"_links":{"self":[{"href":"https:\/\/cuc.carnet.hr\/2023\/wp-json\/wp\/v2\/pages\/107","targetHints":{"allow":["GET"]}}],"collection":[{"href":"https:\/\/cuc.carnet.hr\/2023\/wp-json\/wp\/v2\/pages"}],"about":[{"href":"https:\/\/cuc.carnet.hr\/2023\/wp-json\/wp\/v2\/types\/page"}],"author":[{"embeddable":true,"href":"https:\/\/cuc.carnet.hr\/2023\/wp-json\/wp\/v2\/users\/2"}],"replies":[{"embeddable":true,"href":"https:\/\/cuc.carnet.hr\/2023\/wp-json\/wp\/v2\/comments?post=107"}],"version-history":[{"count":1,"href":"https:\/\/cuc.carnet.hr\/2023\/wp-json\/wp\/v2\/pages\/107\/revisions"}],"predecessor-version":[{"id":108,"href":"https:\/\/cuc.carnet.hr\/2023\/wp-json\/wp\/v2\/pages\/107\/revisions\/108"}],"wp:attachment":[{"href":"https:\/\/cuc.carnet.hr\/2023\/wp-json\/wp\/v2\/media?parent=107"}],"curies":[{"name":"wp","href":"https:\/\/api.w.org\/{rel}","templated":true}]}}