{"id":105,"date":"2022-12-19T15:02:09","date_gmt":"2022-12-19T14:02:09","guid":{"rendered":"https:\/\/cuc.carnet.hr\/2023\/?page_id=105"},"modified":"2022-12-19T15:02:09","modified_gmt":"2022-12-19T14:02:09","slug":"hrvoje-bakic","status":"publish","type":"page","link":"https:\/\/cuc.carnet.hr\/2023\/hrvoje-bakic\/","title":{"rendered":"Hrvoje Baki\u0107"},"content":{"rendered":"\n<p>Od 2007. zaposlen je u Ministarstvu znanosti i obrazovanja na poslovima pripreme i provedbe operativnih programa financiranih sredstvima strukturnih fondova EU. <\/p>\n\n\n\n<p>Od 2012. do 2018. voditelj Slu\u017ebe za programe i projekte EU koja funkcionira kao akreditirana jedinica zadu\u017eena za poslove pripreme i provedbe operativnog programa financiranog sredstvima Europskog socijalnog fonda, od 2018.-2021. u Slu\u017ebi za strukovno obrazovanje uklju\u010den u poslove uspostave regionalnih centara kompetentnosti u strukovnom obrazovanju, a od 2021. do danas na mjestu na\u010delnika Sektora za unapre\u0111enje sustava odgoja i obrazovanja.\u00a0\u00a0<\/p>\n","protected":false},"excerpt":{"rendered":"<p>Od 2007. zaposlen je u Ministarstvu znanosti i obrazovanja na poslovima pripreme i provedbe operativnih programa financiranih sredstvima strukturnih fondova EU. Od 2012. do 2018. voditelj Slu\u017ebe za programe i projekte EU koja funkcionira kao akreditirana jedinica zadu\u017eena za poslove pripreme i provedbe operativnog programa financiranog sredstvima Europskog socijalnog fonda, od 2018.-2021. u Slu\u017ebi za [&hellip;]<\/p>\n","protected":false},"author":2,"featured_media":0,"parent":0,"menu_order":0,"comment_status":"closed","ping_status":"closed","template":"","meta":{"footnotes":""},"class_list":["post-105","page","type-page","status-publish","hentry"],"_links":{"self":[{"href":"https:\/\/cuc.carnet.hr\/2023\/wp-json\/wp\/v2\/pages\/105","targetHints":{"allow":["GET"]}}],"collection":[{"href":"https:\/\/cuc.carnet.hr\/2023\/wp-json\/wp\/v2\/pages"}],"about":[{"href":"https:\/\/cuc.carnet.hr\/2023\/wp-json\/wp\/v2\/types\/page"}],"author":[{"embeddable":true,"href":"https:\/\/cuc.carnet.hr\/2023\/wp-json\/wp\/v2\/users\/2"}],"replies":[{"embeddable":true,"href":"https:\/\/cuc.carnet.hr\/2023\/wp-json\/wp\/v2\/comments?post=105"}],"version-history":[{"count":1,"href":"https:\/\/cuc.carnet.hr\/2023\/wp-json\/wp\/v2\/pages\/105\/revisions"}],"predecessor-version":[{"id":106,"href":"https:\/\/cuc.carnet.hr\/2023\/wp-json\/wp\/v2\/pages\/105\/revisions\/106"}],"wp:attachment":[{"href":"https:\/\/cuc.carnet.hr\/2023\/wp-json\/wp\/v2\/media?parent=105"}],"curies":[{"name":"wp","href":"https:\/\/api.w.org\/{rel}","templated":true}]}}